{"id":1008,"date":"2024-11-08T13:43:21","date_gmt":"2024-11-08T13:43:21","guid":{"rendered":"https:\/\/staging.hoteltoledo.it\/kueche-aromen\/ristorante\/"},"modified":"2025-03-31T09:45:00","modified_gmt":"2025-03-31T09:45:00","slug":"das-restaurant","status":"publish","type":"page","link":"https:\/\/hoteltoledo.it\/de\/kueche-aromen\/das-restaurant\/","title":{"rendered":"Das Restaurant"},"content":{"rendered":"\n<p>Hier im Hotel Toledo k\u00f6nnen Sie neben dem ausgezeichneten Fr\u00fchst\u00fcck auch bequem am Tisch <strong>zu Mittag<\/strong> und <strong>zu Abend<\/strong> essen.<\/p>\n\n\n\n<p>Wenn Sie Halbpension oder Vollpension bevorzugen, erwartet Sie jeden Tag ein anderes Men\u00fc mit einer Auswahl zwischen 4 oder 5 ersten G\u00e4ngen und 4 zweiten G\u00e4ngen mit einer gro\u00dfen Auswahl an Fleisch- und Fischgerichten (hier finden Sie einige Beispielmen\u00fcs).<\/p>\n\n\n\n<p>Wenn Sie mit Halbpension oder Vollpension buchen, k\u00f6nnen Sie zu einem sehr g\u00fcnstigen Preis essen. Wenn Sie jedoch nur gelegentlich essen m\u00f6chten, k\u00f6nnen Sie an der Rezeption die Verf\u00fcgbarkeit f\u00fcr den jeweiligen Tag zum vollen Preis erfragen.<\/p>\n\n\n\n<p>Neben den Hauptgerichten finden Sie unser Gem\u00fcse-\/Vorspeisenbuffet und eine sch\u00f6ne Auswahl an Desserts.<\/p>\n","protected":false},"excerpt":{"rendered":"<p>Hier im Hotel Toledo k\u00f6nnen Sie neben dem ausgezeichneten Fr\u00fchst\u00fcck auch bequem am Tisch zu Mittag und zu Abend essen. Wenn Sie Halbpension oder Vollpension bevorzugen, erwartet Sie jeden Tag ein anderes Men\u00fc mit einer Auswahl zwischen 4 oder 5 ersten G\u00e4ngen und 4 zweiten G\u00e4ngen mit einer gro\u00dfen Auswahl an Fleisch- und Fischgerichten (hier [&hellip;]<\/p>\n","protected":false},"author":1,"featured_media":643,"parent":995,"menu_order":0,"comment_status":"closed","ping_status":"closed","template":"templates\/lista-figlio.php","meta":{"_acf_changed":false,"footnotes":""},"class_list":["post-1008","page","type-page","status-publish","has-post-thumbnail","hentry"],"acf":[],"yoast_head":"<!-- This site is optimized with the Yoast SEO plugin v26.3 - https:\/\/yoast.com\/wordpress\/plugins\/seo\/ -->\n<title>Das Restaurant - Hotel Toledo Jesolo<\/title>\n<meta name=\"description\" content=\"Genie\u00dfen Sie im Hotel Toledo t\u00e4glich wechselnde Men\u00fcs mit Fleisch, Fisch, Buffet und Desserts \u2013 w\u00e4hlbar mit Halb- oder Vollpension.\" \/>\n<meta name=\"robots\" content=\"index, follow, max-snippet:-1, max-image-preview:large, max-video-preview:-1\" \/>\n<link rel=\"canonical\" href=\"https:\/\/hoteltoledo.it\/de\/kueche-aromen\/das-restaurant\/\" \/>\n<meta property=\"og:locale\" content=\"de_DE\" \/>\n<meta property=\"og:type\" content=\"article\" \/>\n<meta property=\"og:title\" content=\"Das Restaurant - Hotel Toledo Jesolo\" \/>\n<meta property=\"og:description\" content=\"Genie\u00dfen Sie im Hotel Toledo t\u00e4glich wechselnde Men\u00fcs mit Fleisch, Fisch, Buffet und Desserts \u2013 w\u00e4hlbar mit Halb- oder Vollpension.\" \/>\n<meta property=\"og:url\" content=\"https:\/\/hoteltoledo.it\/de\/kueche-aromen\/das-restaurant\/\" \/>\n<meta property=\"og:site_name\" content=\"Hotel Toledo Jesolo\" \/>\n<meta property=\"article:modified_time\" content=\"2025-03-31T09:45:00+00:00\" \/>\n<meta property=\"og:image\" content=\"https:\/\/hoteltoledo.it\/wp-content\/uploads\/2024\/12\/Sala-da-Pranzo-e1734601638796.jpg\" \/>\n\t<meta property=\"og:image:width\" content=\"2560\" \/>\n\t<meta property=\"og:image:height\" content=\"1422\" \/>\n\t<meta property=\"og:image:type\" content=\"image\/jpeg\" \/>\n<meta name=\"twitter:card\" content=\"summary_large_image\" \/>\n<meta name=\"twitter:label1\" content=\"Gesch\u00e4tzte Lesezeit\" \/>\n\t<meta name=\"twitter:data1\" content=\"1\u00a0Minute\" \/>\n<script type=\"application\/ld+json\" class=\"yoast-schema-graph\">{\"@context\":\"https:\/\/schema.org\",\"@graph\":[{\"@type\":\"WebPage\",\"@id\":\"https:\/\/hoteltoledo.it\/de\/kueche-aromen\/das-restaurant\/\",\"url\":\"https:\/\/hoteltoledo.it\/de\/kueche-aromen\/das-restaurant\/\",\"name\":\"Das Restaurant - Hotel Toledo Jesolo\",\"isPartOf\":{\"@id\":\"https:\/\/hoteltoledo.it\/de\/#website\"},\"primaryImageOfPage\":{\"@id\":\"https:\/\/hoteltoledo.it\/de\/kueche-aromen\/das-restaurant\/#primaryimage\"},\"image\":{\"@id\":\"https:\/\/hoteltoledo.it\/de\/kueche-aromen\/das-restaurant\/#primaryimage\"},\"thumbnailUrl\":\"https:\/\/hoteltoledo.it\/wp-content\/uploads\/2024\/12\/Sala-da-Pranzo-e1734601638796.jpg\",\"datePublished\":\"2024-11-08T13:43:21+00:00\",\"dateModified\":\"2025-03-31T09:45:00+00:00\",\"description\":\"Genie\u00dfen Sie im Hotel Toledo t\u00e4glich wechselnde Men\u00fcs mit Fleisch, Fisch, Buffet und Desserts \u2013 w\u00e4hlbar mit Halb- oder Vollpension.\",\"breadcrumb\":{\"@id\":\"https:\/\/hoteltoledo.it\/de\/kueche-aromen\/das-restaurant\/#breadcrumb\"},\"inLanguage\":\"de\",\"potentialAction\":[{\"@type\":\"ReadAction\",\"target\":[\"https:\/\/hoteltoledo.it\/de\/kueche-aromen\/das-restaurant\/\"]}]},{\"@type\":\"ImageObject\",\"inLanguage\":\"de\",\"@id\":\"https:\/\/hoteltoledo.it\/de\/kueche-aromen\/das-restaurant\/#primaryimage\",\"url\":\"https:\/\/hoteltoledo.it\/wp-content\/uploads\/2024\/12\/Sala-da-Pranzo-e1734601638796.jpg\",\"contentUrl\":\"https:\/\/hoteltoledo.it\/wp-content\/uploads\/2024\/12\/Sala-da-Pranzo-e1734601638796.jpg\",\"width\":2560,\"height\":1422},{\"@type\":\"BreadcrumbList\",\"@id\":\"https:\/\/hoteltoledo.it\/de\/kueche-aromen\/das-restaurant\/#breadcrumb\",\"itemListElement\":[{\"@type\":\"ListItem\",\"position\":1,\"name\":\"Home\",\"item\":\"https:\/\/hoteltoledo.it\/de\/\"},{\"@type\":\"ListItem\",\"position\":2,\"name\":\"K\u00fcche &amp; Aromen\",\"item\":\"https:\/\/hoteltoledo.it\/de\/kueche-aromen\/\"},{\"@type\":\"ListItem\",\"position\":3,\"name\":\"Das Restaurant\"}]},{\"@type\":\"WebSite\",\"@id\":\"https:\/\/hoteltoledo.it\/de\/#website\",\"url\":\"https:\/\/hoteltoledo.it\/de\/\",\"name\":\"Hotel Toledo Jesolo\",\"description\":\"\",\"publisher\":{\"@id\":\"https:\/\/hoteltoledo.it\/de\/#organization\"},\"potentialAction\":[{\"@type\":\"SearchAction\",\"target\":{\"@type\":\"EntryPoint\",\"urlTemplate\":\"https:\/\/hoteltoledo.it\/de\/?s={search_term_string}\"},\"query-input\":{\"@type\":\"PropertyValueSpecification\",\"valueRequired\":true,\"valueName\":\"search_term_string\"}}],\"inLanguage\":\"de\"},{\"@type\":\"Organization\",\"@id\":\"https:\/\/hoteltoledo.it\/de\/#organization\",\"name\":\"Hotel Toledo Jesolo\",\"url\":\"https:\/\/hoteltoledo.it\/de\/\",\"logo\":{\"@type\":\"ImageObject\",\"inLanguage\":\"de\",\"@id\":\"https:\/\/hoteltoledo.it\/de\/#\/schema\/logo\/image\/\",\"url\":\"https:\/\/hoteltoledo.it\/wp-content\/uploads\/2024\/11\/Hotel_Toledo_Jesolo-e1732787787582.png\",\"contentUrl\":\"https:\/\/hoteltoledo.it\/wp-content\/uploads\/2024\/11\/Hotel_Toledo_Jesolo-e1732787787582.png\",\"width\":250,\"height\":77,\"caption\":\"Hotel Toledo Jesolo\"},\"image\":{\"@id\":\"https:\/\/hoteltoledo.it\/de\/#\/schema\/logo\/image\/\"}}]}<\/script>\n<!-- \/ Yoast SEO plugin. -->","yoast_head_json":{"title":"Das Restaurant - Hotel Toledo Jesolo","description":"Genie\u00dfen Sie im Hotel Toledo t\u00e4glich wechselnde Men\u00fcs mit Fleisch, Fisch, Buffet und Desserts \u2013 w\u00e4hlbar mit Halb- oder Vollpension.","robots":{"index":"index","follow":"follow","max-snippet":"max-snippet:-1","max-image-preview":"max-image-preview:large","max-video-preview":"max-video-preview:-1"},"canonical":"https:\/\/hoteltoledo.it\/de\/kueche-aromen\/das-restaurant\/","og_locale":"de_DE","og_type":"article","og_title":"Das Restaurant - Hotel Toledo Jesolo","og_description":"Genie\u00dfen Sie im Hotel Toledo t\u00e4glich wechselnde Men\u00fcs mit Fleisch, Fisch, Buffet und Desserts \u2013 w\u00e4hlbar mit Halb- oder Vollpension.","og_url":"https:\/\/hoteltoledo.it\/de\/kueche-aromen\/das-restaurant\/","og_site_name":"Hotel Toledo Jesolo","article_modified_time":"2025-03-31T09:45:00+00:00","og_image":[{"width":2560,"height":1422,"url":"https:\/\/hoteltoledo.it\/wp-content\/uploads\/2024\/12\/Sala-da-Pranzo-e1734601638796.jpg","type":"image\/jpeg"}],"twitter_card":"summary_large_image","twitter_misc":{"Gesch\u00e4tzte Lesezeit":"1\u00a0Minute"},"schema":{"@context":"https:\/\/schema.org","@graph":[{"@type":"WebPage","@id":"https:\/\/hoteltoledo.it\/de\/kueche-aromen\/das-restaurant\/","url":"https:\/\/hoteltoledo.it\/de\/kueche-aromen\/das-restaurant\/","name":"Das Restaurant - Hotel Toledo Jesolo","isPartOf":{"@id":"https:\/\/hoteltoledo.it\/de\/#website"},"primaryImageOfPage":{"@id":"https:\/\/hoteltoledo.it\/de\/kueche-aromen\/das-restaurant\/#primaryimage"},"image":{"@id":"https:\/\/hoteltoledo.it\/de\/kueche-aromen\/das-restaurant\/#primaryimage"},"thumbnailUrl":"https:\/\/hoteltoledo.it\/wp-content\/uploads\/2024\/12\/Sala-da-Pranzo-e1734601638796.jpg","datePublished":"2024-11-08T13:43:21+00:00","dateModified":"2025-03-31T09:45:00+00:00","description":"Genie\u00dfen Sie im Hotel Toledo t\u00e4glich wechselnde Men\u00fcs mit Fleisch, Fisch, Buffet und Desserts \u2013 w\u00e4hlbar mit Halb- oder Vollpension.","breadcrumb":{"@id":"https:\/\/hoteltoledo.it\/de\/kueche-aromen\/das-restaurant\/#breadcrumb"},"inLanguage":"de","potentialAction":[{"@type":"ReadAction","target":["https:\/\/hoteltoledo.it\/de\/kueche-aromen\/das-restaurant\/"]}]},{"@type":"ImageObject","inLanguage":"de","@id":"https:\/\/hoteltoledo.it\/de\/kueche-aromen\/das-restaurant\/#primaryimage","url":"https:\/\/hoteltoledo.it\/wp-content\/uploads\/2024\/12\/Sala-da-Pranzo-e1734601638796.jpg","contentUrl":"https:\/\/hoteltoledo.it\/wp-content\/uploads\/2024\/12\/Sala-da-Pranzo-e1734601638796.jpg","width":2560,"height":1422},{"@type":"BreadcrumbList","@id":"https:\/\/hoteltoledo.it\/de\/kueche-aromen\/das-restaurant\/#breadcrumb","itemListElement":[{"@type":"ListItem","position":1,"name":"Home","item":"https:\/\/hoteltoledo.it\/de\/"},{"@type":"ListItem","position":2,"name":"K\u00fcche &amp; Aromen","item":"https:\/\/hoteltoledo.it\/de\/kueche-aromen\/"},{"@type":"ListItem","position":3,"name":"Das Restaurant"}]},{"@type":"WebSite","@id":"https:\/\/hoteltoledo.it\/de\/#website","url":"https:\/\/hoteltoledo.it\/de\/","name":"Hotel Toledo Jesolo","description":"","publisher":{"@id":"https:\/\/hoteltoledo.it\/de\/#organization"},"potentialAction":[{"@type":"SearchAction","target":{"@type":"EntryPoint","urlTemplate":"https:\/\/hoteltoledo.it\/de\/?s={search_term_string}"},"query-input":{"@type":"PropertyValueSpecification","valueRequired":true,"valueName":"search_term_string"}}],"inLanguage":"de"},{"@type":"Organization","@id":"https:\/\/hoteltoledo.it\/de\/#organization","name":"Hotel Toledo Jesolo","url":"https:\/\/hoteltoledo.it\/de\/","logo":{"@type":"ImageObject","inLanguage":"de","@id":"https:\/\/hoteltoledo.it\/de\/#\/schema\/logo\/image\/","url":"https:\/\/hoteltoledo.it\/wp-content\/uploads\/2024\/11\/Hotel_Toledo_Jesolo-e1732787787582.png","contentUrl":"https:\/\/hoteltoledo.it\/wp-content\/uploads\/2024\/11\/Hotel_Toledo_Jesolo-e1732787787582.png","width":250,"height":77,"caption":"Hotel Toledo Jesolo"},"image":{"@id":"https:\/\/hoteltoledo.it\/de\/#\/schema\/logo\/image\/"}}]}},"_links":{"self":[{"href":"https:\/\/hoteltoledo.it\/de\/wp-json\/wp\/v2\/pages\/1008","targetHints":{"allow":["GET"]}}],"collection":[{"href":"https:\/\/hoteltoledo.it\/de\/wp-json\/wp\/v2\/pages"}],"about":[{"href":"https:\/\/hoteltoledo.it\/de\/wp-json\/wp\/v2\/types\/page"}],"author":[{"embeddable":true,"href":"https:\/\/hoteltoledo.it\/de\/wp-json\/wp\/v2\/users\/1"}],"replies":[{"embeddable":true,"href":"https:\/\/hoteltoledo.it\/de\/wp-json\/wp\/v2\/comments?post=1008"}],"version-history":[{"count":8,"href":"https:\/\/hoteltoledo.it\/de\/wp-json\/wp\/v2\/pages\/1008\/revisions"}],"predecessor-version":[{"id":1483,"href":"https:\/\/hoteltoledo.it\/de\/wp-json\/wp\/v2\/pages\/1008\/revisions\/1483"}],"up":[{"embeddable":true,"href":"https:\/\/hoteltoledo.it\/de\/wp-json\/wp\/v2\/pages\/995"}],"wp:featuredmedia":[{"embeddable":true,"href":"https:\/\/hoteltoledo.it\/de\/wp-json\/wp\/v2\/media\/643"}],"wp:attachment":[{"href":"https:\/\/hoteltoledo.it\/de\/wp-json\/wp\/v2\/media?parent=1008"}],"curies":[{"name":"wp","href":"https:\/\/api.w.org\/{rel}","templated":true}]}}