{"id":1042,"date":"2025-01-22T16:59:19","date_gmt":"2025-01-22T16:59:19","guid":{"rendered":"https:\/\/staging.hoteltoledo.it\/kueche-aromen\/la-colazione\/"},"modified":"2025-03-25T13:01:20","modified_gmt":"2025-03-25T13:01:20","slug":"das-fruehstueck","status":"publish","type":"page","link":"https:\/\/hoteltoledo.it\/de\/kueche-aromen\/das-fruehstueck\/","title":{"rendered":"Das Fr\u00fchst\u00fcck"},"content":{"rendered":"\n<p>Das <strong>Fr\u00fchst\u00fcck<\/strong> ist der wichtigste Moment des Tages, deshalb haben wir mit Eingang des Jahres 2025 das Buffet erweitert. Sie werden stets sowohl s\u00fc\u00dfe als auch herzhafte frische Produkte finden. Sie erwarten Croissants und hausgemachte Kuchen und frisches Obst und Gem\u00fcse. Wir bieten R\u00fchrei, aber auch frische Wurstwaren. Es gibt mageren oder Fruchtjoghurt und viele andere ausgezeichnete Produkte.<\/p>\n\n\n\n<p>Wenn Sie an einer Unvertr\u00e4glichkeit leiden, teilen Sie uns dies bitte vor Ihrer Ankunft im Hotel mit.<\/p>\n\n\n\n<p><\/p>\n\n\n\n<p><\/p>\n","protected":false},"excerpt":{"rendered":"<p>Das Fr\u00fchst\u00fcck ist der wichtigste Moment des Tages, deshalb haben wir mit Eingang des Jahres 2025 das Buffet erweitert. Sie werden stets sowohl s\u00fc\u00dfe als auch herzhafte frische Produkte finden. Sie erwarten Croissants und hausgemachte Kuchen und frisches Obst und Gem\u00fcse. Wir bieten R\u00fchrei, aber auch frische Wurstwaren. Es gibt mageren oder Fruchtjoghurt und viele [&hellip;]<\/p>\n","protected":false},"author":1,"featured_media":698,"parent":995,"menu_order":0,"comment_status":"closed","ping_status":"closed","template":"templates\/lista-figlio.php","meta":{"_acf_changed":false,"footnotes":""},"class_list":["post-1042","page","type-page","status-publish","has-post-thumbnail","hentry"],"acf":[],"yoast_head":"<!-- This site is optimized with the Yoast SEO plugin v26.3 - https:\/\/yoast.com\/wordpress\/plugins\/seo\/ -->\n<title>Das Fr\u00fchst\u00fcck - Hotel Toledo Jesolo<\/title>\n<meta name=\"description\" content=\"Ab 2025 erwartet Sie im Hotel Toledo ein noch gr\u00f6\u00dferes Fr\u00fchst\u00fccksbuffet mit s\u00fc\u00dfen, herzhaften und frischen Produkten f\u00fcr jeden Geschmack.\" \/>\n<meta name=\"robots\" content=\"index, follow, max-snippet:-1, max-image-preview:large, max-video-preview:-1\" \/>\n<link rel=\"canonical\" href=\"https:\/\/hoteltoledo.it\/de\/kueche-aromen\/das-fruehstueck\/\" \/>\n<meta property=\"og:locale\" content=\"de_DE\" \/>\n<meta property=\"og:type\" content=\"article\" \/>\n<meta property=\"og:title\" content=\"Das Fr\u00fchst\u00fcck - Hotel Toledo Jesolo\" \/>\n<meta property=\"og:description\" content=\"Ab 2025 erwartet Sie im Hotel Toledo ein noch gr\u00f6\u00dferes Fr\u00fchst\u00fccksbuffet mit s\u00fc\u00dfen, herzhaften und frischen Produkten f\u00fcr jeden Geschmack.\" \/>\n<meta property=\"og:url\" content=\"https:\/\/hoteltoledo.it\/de\/kueche-aromen\/das-fruehstueck\/\" \/>\n<meta property=\"og:site_name\" content=\"Hotel Toledo Jesolo\" \/>\n<meta property=\"article:modified_time\" content=\"2025-03-25T13:01:20+00:00\" \/>\n<meta property=\"og:image\" content=\"https:\/\/hoteltoledo.it\/wp-content\/uploads\/2025\/01\/Il-buffet-della-colazione-Hotel-Toledo.jpg\" \/>\n\t<meta property=\"og:image:width\" content=\"2560\" \/>\n\t<meta property=\"og:image:height\" content=\"1422\" \/>\n\t<meta property=\"og:image:type\" content=\"image\/jpeg\" \/>\n<meta name=\"twitter:card\" content=\"summary_large_image\" \/>\n<meta name=\"twitter:label1\" content=\"Gesch\u00e4tzte Lesezeit\" \/>\n\t<meta name=\"twitter:data1\" content=\"1\u00a0Minute\" \/>\n<script type=\"application\/ld+json\" class=\"yoast-schema-graph\">{\"@context\":\"https:\/\/schema.org\",\"@graph\":[{\"@type\":\"WebPage\",\"@id\":\"https:\/\/hoteltoledo.it\/de\/kueche-aromen\/das-fruehstueck\/\",\"url\":\"https:\/\/hoteltoledo.it\/de\/kueche-aromen\/das-fruehstueck\/\",\"name\":\"Das Fr\u00fchst\u00fcck - Hotel Toledo Jesolo\",\"isPartOf\":{\"@id\":\"https:\/\/hoteltoledo.it\/de\/#website\"},\"primaryImageOfPage\":{\"@id\":\"https:\/\/hoteltoledo.it\/de\/kueche-aromen\/das-fruehstueck\/#primaryimage\"},\"image\":{\"@id\":\"https:\/\/hoteltoledo.it\/de\/kueche-aromen\/das-fruehstueck\/#primaryimage\"},\"thumbnailUrl\":\"https:\/\/hoteltoledo.it\/wp-content\/uploads\/2025\/01\/Il-buffet-della-colazione-Hotel-Toledo.jpg\",\"datePublished\":\"2025-01-22T16:59:19+00:00\",\"dateModified\":\"2025-03-25T13:01:20+00:00\",\"description\":\"Ab 2025 erwartet Sie im Hotel Toledo ein noch gr\u00f6\u00dferes Fr\u00fchst\u00fccksbuffet mit s\u00fc\u00dfen, herzhaften und frischen Produkten f\u00fcr jeden Geschmack.\",\"breadcrumb\":{\"@id\":\"https:\/\/hoteltoledo.it\/de\/kueche-aromen\/das-fruehstueck\/#breadcrumb\"},\"inLanguage\":\"de\",\"potentialAction\":[{\"@type\":\"ReadAction\",\"target\":[\"https:\/\/hoteltoledo.it\/de\/kueche-aromen\/das-fruehstueck\/\"]}]},{\"@type\":\"ImageObject\",\"inLanguage\":\"de\",\"@id\":\"https:\/\/hoteltoledo.it\/de\/kueche-aromen\/das-fruehstueck\/#primaryimage\",\"url\":\"https:\/\/hoteltoledo.it\/wp-content\/uploads\/2025\/01\/Il-buffet-della-colazione-Hotel-Toledo.jpg\",\"contentUrl\":\"https:\/\/hoteltoledo.it\/wp-content\/uploads\/2025\/01\/Il-buffet-della-colazione-Hotel-Toledo.jpg\",\"width\":2560,\"height\":1422},{\"@type\":\"BreadcrumbList\",\"@id\":\"https:\/\/hoteltoledo.it\/de\/kueche-aromen\/das-fruehstueck\/#breadcrumb\",\"itemListElement\":[{\"@type\":\"ListItem\",\"position\":1,\"name\":\"Home\",\"item\":\"https:\/\/hoteltoledo.it\/de\/\"},{\"@type\":\"ListItem\",\"position\":2,\"name\":\"K\u00fcche &amp; Aromen\",\"item\":\"https:\/\/hoteltoledo.it\/de\/kueche-aromen\/\"},{\"@type\":\"ListItem\",\"position\":3,\"name\":\"Das Fr\u00fchst\u00fcck\"}]},{\"@type\":\"WebSite\",\"@id\":\"https:\/\/hoteltoledo.it\/de\/#website\",\"url\":\"https:\/\/hoteltoledo.it\/de\/\",\"name\":\"Hotel Toledo Jesolo\",\"description\":\"\",\"publisher\":{\"@id\":\"https:\/\/hoteltoledo.it\/de\/#organization\"},\"potentialAction\":[{\"@type\":\"SearchAction\",\"target\":{\"@type\":\"EntryPoint\",\"urlTemplate\":\"https:\/\/hoteltoledo.it\/de\/?s={search_term_string}\"},\"query-input\":{\"@type\":\"PropertyValueSpecification\",\"valueRequired\":true,\"valueName\":\"search_term_string\"}}],\"inLanguage\":\"de\"},{\"@type\":\"Organization\",\"@id\":\"https:\/\/hoteltoledo.it\/de\/#organization\",\"name\":\"Hotel Toledo Jesolo\",\"url\":\"https:\/\/hoteltoledo.it\/de\/\",\"logo\":{\"@type\":\"ImageObject\",\"inLanguage\":\"de\",\"@id\":\"https:\/\/hoteltoledo.it\/de\/#\/schema\/logo\/image\/\",\"url\":\"https:\/\/hoteltoledo.it\/wp-content\/uploads\/2024\/11\/Hotel_Toledo_Jesolo-e1732787787582.png\",\"contentUrl\":\"https:\/\/hoteltoledo.it\/wp-content\/uploads\/2024\/11\/Hotel_Toledo_Jesolo-e1732787787582.png\",\"width\":250,\"height\":77,\"caption\":\"Hotel Toledo Jesolo\"},\"image\":{\"@id\":\"https:\/\/hoteltoledo.it\/de\/#\/schema\/logo\/image\/\"}}]}<\/script>\n<!-- \/ Yoast SEO plugin. -->","yoast_head_json":{"title":"Das Fr\u00fchst\u00fcck - Hotel Toledo Jesolo","description":"Ab 2025 erwartet Sie im Hotel Toledo ein noch gr\u00f6\u00dferes Fr\u00fchst\u00fccksbuffet mit s\u00fc\u00dfen, herzhaften und frischen Produkten f\u00fcr jeden Geschmack.","robots":{"index":"index","follow":"follow","max-snippet":"max-snippet:-1","max-image-preview":"max-image-preview:large","max-video-preview":"max-video-preview:-1"},"canonical":"https:\/\/hoteltoledo.it\/de\/kueche-aromen\/das-fruehstueck\/","og_locale":"de_DE","og_type":"article","og_title":"Das Fr\u00fchst\u00fcck - Hotel Toledo Jesolo","og_description":"Ab 2025 erwartet Sie im Hotel Toledo ein noch gr\u00f6\u00dferes Fr\u00fchst\u00fccksbuffet mit s\u00fc\u00dfen, herzhaften und frischen Produkten f\u00fcr jeden Geschmack.","og_url":"https:\/\/hoteltoledo.it\/de\/kueche-aromen\/das-fruehstueck\/","og_site_name":"Hotel Toledo Jesolo","article_modified_time":"2025-03-25T13:01:20+00:00","og_image":[{"width":2560,"height":1422,"url":"https:\/\/hoteltoledo.it\/wp-content\/uploads\/2025\/01\/Il-buffet-della-colazione-Hotel-Toledo.jpg","type":"image\/jpeg"}],"twitter_card":"summary_large_image","twitter_misc":{"Gesch\u00e4tzte Lesezeit":"1\u00a0Minute"},"schema":{"@context":"https:\/\/schema.org","@graph":[{"@type":"WebPage","@id":"https:\/\/hoteltoledo.it\/de\/kueche-aromen\/das-fruehstueck\/","url":"https:\/\/hoteltoledo.it\/de\/kueche-aromen\/das-fruehstueck\/","name":"Das Fr\u00fchst\u00fcck - Hotel Toledo Jesolo","isPartOf":{"@id":"https:\/\/hoteltoledo.it\/de\/#website"},"primaryImageOfPage":{"@id":"https:\/\/hoteltoledo.it\/de\/kueche-aromen\/das-fruehstueck\/#primaryimage"},"image":{"@id":"https:\/\/hoteltoledo.it\/de\/kueche-aromen\/das-fruehstueck\/#primaryimage"},"thumbnailUrl":"https:\/\/hoteltoledo.it\/wp-content\/uploads\/2025\/01\/Il-buffet-della-colazione-Hotel-Toledo.jpg","datePublished":"2025-01-22T16:59:19+00:00","dateModified":"2025-03-25T13:01:20+00:00","description":"Ab 2025 erwartet Sie im Hotel Toledo ein noch gr\u00f6\u00dferes Fr\u00fchst\u00fccksbuffet mit s\u00fc\u00dfen, herzhaften und frischen Produkten f\u00fcr jeden Geschmack.","breadcrumb":{"@id":"https:\/\/hoteltoledo.it\/de\/kueche-aromen\/das-fruehstueck\/#breadcrumb"},"inLanguage":"de","potentialAction":[{"@type":"ReadAction","target":["https:\/\/hoteltoledo.it\/de\/kueche-aromen\/das-fruehstueck\/"]}]},{"@type":"ImageObject","inLanguage":"de","@id":"https:\/\/hoteltoledo.it\/de\/kueche-aromen\/das-fruehstueck\/#primaryimage","url":"https:\/\/hoteltoledo.it\/wp-content\/uploads\/2025\/01\/Il-buffet-della-colazione-Hotel-Toledo.jpg","contentUrl":"https:\/\/hoteltoledo.it\/wp-content\/uploads\/2025\/01\/Il-buffet-della-colazione-Hotel-Toledo.jpg","width":2560,"height":1422},{"@type":"BreadcrumbList","@id":"https:\/\/hoteltoledo.it\/de\/kueche-aromen\/das-fruehstueck\/#breadcrumb","itemListElement":[{"@type":"ListItem","position":1,"name":"Home","item":"https:\/\/hoteltoledo.it\/de\/"},{"@type":"ListItem","position":2,"name":"K\u00fcche &amp; Aromen","item":"https:\/\/hoteltoledo.it\/de\/kueche-aromen\/"},{"@type":"ListItem","position":3,"name":"Das Fr\u00fchst\u00fcck"}]},{"@type":"WebSite","@id":"https:\/\/hoteltoledo.it\/de\/#website","url":"https:\/\/hoteltoledo.it\/de\/","name":"Hotel Toledo Jesolo","description":"","publisher":{"@id":"https:\/\/hoteltoledo.it\/de\/#organization"},"potentialAction":[{"@type":"SearchAction","target":{"@type":"EntryPoint","urlTemplate":"https:\/\/hoteltoledo.it\/de\/?s={search_term_string}"},"query-input":{"@type":"PropertyValueSpecification","valueRequired":true,"valueName":"search_term_string"}}],"inLanguage":"de"},{"@type":"Organization","@id":"https:\/\/hoteltoledo.it\/de\/#organization","name":"Hotel Toledo Jesolo","url":"https:\/\/hoteltoledo.it\/de\/","logo":{"@type":"ImageObject","inLanguage":"de","@id":"https:\/\/hoteltoledo.it\/de\/#\/schema\/logo\/image\/","url":"https:\/\/hoteltoledo.it\/wp-content\/uploads\/2024\/11\/Hotel_Toledo_Jesolo-e1732787787582.png","contentUrl":"https:\/\/hoteltoledo.it\/wp-content\/uploads\/2024\/11\/Hotel_Toledo_Jesolo-e1732787787582.png","width":250,"height":77,"caption":"Hotel Toledo Jesolo"},"image":{"@id":"https:\/\/hoteltoledo.it\/de\/#\/schema\/logo\/image\/"}}]}},"_links":{"self":[{"href":"https:\/\/hoteltoledo.it\/de\/wp-json\/wp\/v2\/pages\/1042","targetHints":{"allow":["GET"]}}],"collection":[{"href":"https:\/\/hoteltoledo.it\/de\/wp-json\/wp\/v2\/pages"}],"about":[{"href":"https:\/\/hoteltoledo.it\/de\/wp-json\/wp\/v2\/types\/page"}],"author":[{"embeddable":true,"href":"https:\/\/hoteltoledo.it\/de\/wp-json\/wp\/v2\/users\/1"}],"replies":[{"embeddable":true,"href":"https:\/\/hoteltoledo.it\/de\/wp-json\/wp\/v2\/comments?post=1042"}],"version-history":[{"count":5,"href":"https:\/\/hoteltoledo.it\/de\/wp-json\/wp\/v2\/pages\/1042\/revisions"}],"predecessor-version":[{"id":1049,"href":"https:\/\/hoteltoledo.it\/de\/wp-json\/wp\/v2\/pages\/1042\/revisions\/1049"}],"up":[{"embeddable":true,"href":"https:\/\/hoteltoledo.it\/de\/wp-json\/wp\/v2\/pages\/995"}],"wp:featuredmedia":[{"embeddable":true,"href":"https:\/\/hoteltoledo.it\/de\/wp-json\/wp\/v2\/media\/698"}],"wp:attachment":[{"href":"https:\/\/hoteltoledo.it\/de\/wp-json\/wp\/v2\/media?parent=1042"}],"curies":[{"name":"wp","href":"https:\/\/api.w.org\/{rel}","templated":true}]}}