{"id":1076,"date":"2024-11-28T13:54:20","date_gmt":"2024-11-28T13:54:20","guid":{"rendered":"https:\/\/staging.hoteltoledo.it\/faq\/"},"modified":"2025-09-11T11:58:24","modified_gmt":"2025-09-11T11:58:24","slug":"faq","status":"publish","type":"page","link":"https:\/\/hoteltoledo.it\/de\/faq\/","title":{"rendered":"FAQ"},"content":{"rendered":"\n<h2 class=\"wp-block-heading\" style=\"font-size:38px;line-height:1.4\">Hier finden Sie Antworten auf die FAQ unserer G\u00e4ste<\/h2>\n\n\n\n<div class=\"wp-block-columns is-layout-flex wp-container-core-columns-is-layout-1 wp-block-columns-is-layout-flex\">\n<div class=\"wp-block-column is-layout-flow wp-block-column-is-layout-flow\">\n<div class=\"wp-block-group\"><div class=\"wp-block-group__inner-container is-layout-constrained wp-block-group-is-layout-constrained\">\n<details class=\"wp-block-details padding-list-block has-background is-layout-flow wp-block-details-is-layout-flow\" style=\"background-color:#d6ac7e75\" open><summary><strong>Wann sind die Zeiten f\u00fcr Check-in und Check-out?<\/strong><\/summary>\n<p>Der Check-in ist ab 12:30 Uhr m\u00f6glich. Sollten Sie erst sp\u00e4t in der Nacht anreisen, bitten wir Sie, uns im Voraus zu informieren.<br>Der Check-out ist bis 10:00 Uhr m\u00f6glich.<\/p>\n<\/details>\n<\/div><\/div>\n\n\n\n<details class=\"wp-block-details padding-list-block has-background is-layout-flow wp-block-details-is-layout-flow\" style=\"background-color:#d6ac7e6e\"><summary><em><strong><strong>Wie weit ist der n\u00e4chste Strand entfernt?<\/strong><\/strong><\/em><\/summary>\n<p>Das Hotel Toledo befindet sich in idealer Lage an der Promenade von Jesolo, nur 70 m vom Privatstrand entfernt.<\/p>\n<\/details>\n\n\n\n<details class=\"wp-block-details padding-list-block has-background is-layout-flow wp-block-details-is-layout-flow\" style=\"background-color:#d6ac7e6e\"><summary><em><strong><em><strong>Bietet das Hotel Internetzugang an?<\/strong><\/em><\/strong><\/em><\/summary>\n<p>Ja, ein drahtloses Netzwerk ist in den Hotelzimmern und in den \u00f6ffentlichen Bereichen KOSTENLOS verf\u00fcgbar.<\/p>\n<\/details>\n\n\n\n<details class=\"wp-block-details padding-list-block has-background is-layout-flow wp-block-details-is-layout-flow\" style=\"background-color:#d6ac7e6e\"><summary><em><strong>Anzahlung<\/strong><\/em><\/summary>\n<p>Alla conferma della prenotazione verr\u00e0 chiesta una caparra confirmatoria o una garanzia tramite carta di credito.<\/p>\n<\/details>\n\n\n\n<details class=\"wp-block-details padding-list-block has-background is-layout-flow wp-block-details-is-layout-flow\" style=\"background-color:#d6ac7e75\"><summary><em><strong><strong><em><strong><em>Mein Mann reist fr\u00fcher ab, was wird f\u00fcr mein Kind berechnet?<\/em><\/strong><\/em><\/strong><\/strong><\/em><\/summary>\n<p>F\u00fcr den Zeitraum, in dem sich beide Ehepartner im Hotel aufhalten, erhalten Sie einen Rabatt f\u00fcr das Kind, je nach Alter. F\u00fcr den Rest des Aufenthaltes gilt der volle Tarif f\u00fcr zwei Personen.<br>In der Nebensaison k\u00f6nnen die Preise variieren.<\/p>\n<\/details>\n\n\n\n<details class=\"wp-block-details padding-list-block has-background is-layout-flow wp-block-details-is-layout-flow\" style=\"background-color:#d6ac7e75\"><summary><em><strong><strong><em><strong><em><strong><em>Ist es m\u00f6glich, sp\u00e4t in der Nacht ins Hotel zur\u00fcckzukehren?<\/em><\/strong><\/em><\/strong><\/em><\/strong><\/strong><\/em><\/summary>\n<p>Nat\u00fcrlich ist das m\u00f6glich: Die Rezeption ist rund um die Uhr besetzt.<\/p>\n<\/details>\n\n\n\n<details class=\"wp-block-details padding-list-block has-background is-layout-flow wp-block-details-is-layout-flow\" style=\"background-color:#d6ac7e75\"><summary><em><strong><strong><em><strong><em><strong><em><strong>Hat das Hotel einen Privatstrand? Ist dieser kostenpflichtig?<\/strong><\/em><\/strong><\/em><\/strong><\/em><\/strong><\/strong><\/em><\/summary>\n<p>Ab 2024 wurde die Verwaltung des Strandes an eine externe und von den Hotels unabh\u00e4ngige Stelle \u00fcbertragen.<\/p>\n\n\n\n<p>Es ist uns gelungen, einen Anteil an Sonnenschirmpl\u00e4tzen zu garantieren, um Ihnen stets maximale Entspannung zu bieten, aber wir empfehlen Ihnen, diesen bei der Best\u00e4tigung des Zimmers zu buchen.<\/p>\n\n\n\n<p>In der Vergangenheit wurden die Kosten f\u00fcr den Zugang zum Strand stets von uns \u00fcbernommen. Leider sind die Kosten jetzt deutlich gestiegen und deshalb <strong>bitten wir um einen Beitrag von 13,00&nbsp;\u20ac f\u00fcr einen Sonnenschirm und zwei Sonnenliegen (f\u00fcr das Jahr 2025) pro Zimmer und Nacht, vorausgesetzt, dass der Check-in und der Check-out mit dem des Zimmers \u00fcbereinstimmen. Die regul\u00e4ren Kosten f\u00fcr einen t\u00e4glichen Sonnenschirm betragen 20,00&nbsp;\u20ac.<\/strong><\/p>\n\n\n\n<p>Die gute Nachricht ist, dass die Sonnenschirme alle neu sind und weit voneinander entfernt positioniert sind, um Ihnen den gr\u00f6\u00dftm\u00f6glichen Komfort zu bieten. Die neuen Verwalter haben der Gemeinde Jesolo ein Projekt zur radikalen Erneuerung der Dienstleistungen vorgelegt, das in den n\u00e4chsten zwei Jahren umgesetzt werden soll.<\/p>\n\n\n\n<p>Gem\u00e4\u00df der Gemeindeverordnung d\u00fcrfen Hunde am Strand an der Promenade angeleint spazieren gehen. Sie haben keinen Zugang zum Sandbereich und k\u00f6nnen nicht ans Meer. F\u00fcr alle, die ihre Fellnasen mit an den Strand nehmen m\u00f6chten, empfehlen wir den BauBauBeach etwa 2,5 km vom Toledo entfernt.<\/p>\n<\/details>\n<\/div>\n\n\n\n<div class=\"wp-block-column is-layout-flow wp-block-column-is-layout-flow\">\n<details class=\"wp-block-details padding-list-block has-background is-layout-flow wp-block-details-is-layout-flow\" style=\"background-color:#d6ac7e75\"><summary><em><strong><strong><em>Hat das Hotel eine Garage und\/oder einen Parkplatz?<\/em><\/strong><\/strong><\/em><\/summary>\n<p>Private Parkpl\u00e4tze sind im Preis inbegriffen. Die Garage kann auf Anfrage f\u00fcr 8,00 \u20ac pro Tag gebucht werden.<\/p>\n\n\n\n<p class=\"has-black-color has-text-color has-link-color wp-elements-3a9dbe522bcdc6490f0c55c35e90f507\"><a href=\"https:\/\/hoteltoledo.it\/de\/kontakt\/\" target=\"_blank\" rel=\"noreferrer noopener\">Mehr Informationen finden Sie auf der Seite\u2026<\/a><\/p>\n<\/details>\n\n\n\n<details class=\"wp-block-details padding-list-block has-background is-layout-flow wp-block-details-is-layout-flow\" style=\"background-color:#d6ac7e75\"><summary><em><strong><strong><em>Stornierungsbedingungen. Wie kann ich meine Buchung stornieren?<\/em><\/strong><\/strong><\/em><\/summary>\n<p>Sie k\u00f6nnen Ihre Buchung bis zu 8 Tage vor Ihrer Ankunft kostenfrei stornieren (die Anzahlung wird zur\u00fcckerstattet). Falls die Stornierung versp\u00e4tet mitgeteilt wird oder gar nicht, wird der Betrag von 300,00 \u20ac von Ihrer Kreditkarte abgebucht, oder die Anzahlung wird einbehalten.<\/p>\n<\/details>\n\n\n\n<details class=\"wp-block-details padding-list-block has-background is-layout-flow wp-block-details-is-layout-flow\" style=\"background-color:#d6ac7e75\"><summary><em><strong><strong><em>Wie kann ich die Hotelrechnung bezahlen?<\/em><\/strong><\/strong><\/em><\/summary>\n<p>Wir akzeptieren folgende Zahlungsmethoden:<br>Kreditkarten (Visa, MasterCard, EuroCard, Bancomat, Maestro, American Express).<br>Bankschecks werden auf Anfrage bei der Gesch\u00e4ftsleitung bei Ankunft angenommen, ausl\u00e4ndische Schecks werden nicht akzeptiert.<br>Das Hotel akzeptiert auch Barzahlungen.<\/p>\n\n\n\n<p><\/p>\n<\/details>\n\n\n\n<details class=\"wp-block-details padding-list-block has-background is-layout-flow wp-block-details-is-layout-flow\" style=\"background-color:#d6ac7e75\"><summary><em><strong><strong><em>Was, wenn ich mit dem Zug, dem Flugzeug oder dem Bus ankomme?<\/em><\/strong><\/strong><\/em><\/summary>\n<p class=\"has-black-color has-text-color has-link-color wp-elements-66b0f972f82fea6b04fbc7bd44c4a642\">Auf Wunsch arrangiert das Hotel einen Transfer vom und zum Flughafen Venedig oder Treviso sowie vom und zum Bahnhof Mestre oder San Don\u00e0 di Piave\/Jesolo. Der Service ist zahlungspflichtig.<\/p>\n\n\n\n<p class=\"has-black-color has-text-color has-link-color wp-elements-8fb9329f62118143522bc7005153b2c0\">Mehr Informationen <a href=\"https:\/\/hoteltoledo.it\/de\/anfahrt\/#come-arrivare\">ANFAHRT<\/a><\/p>\n<\/details>\n\n\n\n<details class=\"wp-block-details padding-list-block has-background is-layout-flow wp-block-details-is-layout-flow\" style=\"background-color:#d6ac7e6e\"><summary><em><strong><strong><em>Kann ich den Parkplatz und den Strand am Abreisetag nutzen?<\/em><\/strong><\/strong><\/em><\/summary>\n<p>Die Nutzung des Parkplatzes ist Teil der Zimmerbuchung. Genauso wie das Zimmer am Abreisetag f\u00fcr einen anderen Gast vorbereitet wird, geht die Parkplatznutzung auf diesen \u00fcber. Falls Pl\u00e4tze verf\u00fcgbar sind, k\u00f6nnen wir Ihnen gerne gegen einen Aufpreis entgegenkommen.<\/p>\n<\/details>\n\n\n\n<details class=\"wp-block-details padding-list-block has-background is-layout-flow wp-block-details-is-layout-flow\" style=\"background-color:#d6ac7e6e\"><summary><em><strong><strong><em><strong><em>Wie hoch ist die Kurtaxe?<\/em><\/strong><\/em><\/strong><\/strong><\/em><\/summary>\n<p>Die Gemeinde Jesolo passt die Preise von Jahr zu Jahr an. Die Kurtaxe f\u00fcr das Jahr 2024 betrug pro Tag und Person 1,30 \u20ac.<\/p>\n<\/details>\n\n\n\n<details class=\"wp-block-details padding-list-block has-background is-layout-flow wp-block-details-is-layout-flow\" style=\"background-color:#d6ac7e6e\"><summary><em><strong><strong><em><strong><em><strong><em>Sind Haustiere erlaubt?<\/em><\/strong><\/em><\/strong><\/em><\/strong><\/strong><\/em><\/summary>\n<p>Wir akzeptieren Hunde bis 15 kg gegen einen Aufpreis von 8,00 \u20ac pro Tag. <\/p>\n\n\n\n<p>Der Hund kann im Zimmer und in den Gemeinschaftsbereichen (au\u00dfer im Speisesaal) bleiben.<br><\/p>\n\n\n\n<p>Gem\u00e4\u00df der Gemeindeverordnung darf der Hund am Strand an der Promenade angeleint spazieren gehen, darf sich aber nicht in den Bereichen mit Sonnenschirmen aufhalten oder ins Meer gehen.<\/p>\n<\/details>\n\n\n\n<p style=\"font-size:18px\"><\/p>\n<\/div>\n<\/div>\n\n\n\n<p><\/p>\n","protected":false},"excerpt":{"rendered":"<p>Hier finden Sie Antworten auf die FAQ unserer G\u00e4ste<\/p>\n","protected":false},"author":1,"featured_media":0,"parent":0,"menu_order":0,"comment_status":"closed","ping_status":"closed","template":"","meta":{"_acf_changed":false,"footnotes":""},"class_list":["post-1076","page","type-page","status-publish","hentry"],"acf":[],"yoast_head":"<!-- This site is optimized with the Yoast SEO plugin v26.3 - https:\/\/yoast.com\/wordpress\/plugins\/seo\/ -->\n<title>FAQ - Hotel Toledo Jesolo<\/title>\n<meta name=\"description\" content=\"Antworten auf FAQ rund um Ihren Aufenthalt im Hotel Toledo: Buchung, Services, Strand, Verpflegung und mehr.\" \/>\n<meta name=\"robots\" content=\"index, follow, max-snippet:-1, max-image-preview:large, max-video-preview:-1\" \/>\n<link rel=\"canonical\" href=\"https:\/\/hoteltoledo.it\/de\/faq\/\" \/>\n<meta property=\"og:locale\" content=\"de_DE\" \/>\n<meta property=\"og:type\" content=\"article\" \/>\n<meta property=\"og:title\" content=\"FAQ - Hotel Toledo Jesolo\" \/>\n<meta property=\"og:description\" content=\"Antworten auf FAQ rund um Ihren Aufenthalt im Hotel Toledo: Buchung, Services, Strand, Verpflegung und mehr.\" \/>\n<meta property=\"og:url\" content=\"https:\/\/hoteltoledo.it\/de\/faq\/\" \/>\n<meta property=\"og:site_name\" content=\"Hotel Toledo Jesolo\" \/>\n<meta property=\"article:modified_time\" content=\"2025-09-11T11:58:24+00:00\" \/>\n<meta name=\"twitter:card\" content=\"summary_large_image\" \/>\n<meta name=\"twitter:label1\" content=\"Gesch\u00e4tzte Lesezeit\" \/>\n\t<meta name=\"twitter:data1\" content=\"4\u00a0Minuten\" \/>\n<script type=\"application\/ld+json\" class=\"yoast-schema-graph\">{\"@context\":\"https:\/\/schema.org\",\"@graph\":[{\"@type\":\"WebPage\",\"@id\":\"https:\/\/hoteltoledo.it\/de\/faq\/\",\"url\":\"https:\/\/hoteltoledo.it\/de\/faq\/\",\"name\":\"FAQ - Hotel Toledo Jesolo\",\"isPartOf\":{\"@id\":\"https:\/\/hoteltoledo.it\/de\/#website\"},\"datePublished\":\"2024-11-28T13:54:20+00:00\",\"dateModified\":\"2025-09-11T11:58:24+00:00\",\"description\":\"Antworten auf FAQ rund um Ihren Aufenthalt im Hotel Toledo: Buchung, Services, Strand, Verpflegung und mehr.\",\"breadcrumb\":{\"@id\":\"https:\/\/hoteltoledo.it\/de\/faq\/#breadcrumb\"},\"inLanguage\":\"de\",\"potentialAction\":[{\"@type\":\"ReadAction\",\"target\":[\"https:\/\/hoteltoledo.it\/de\/faq\/\"]}]},{\"@type\":\"BreadcrumbList\",\"@id\":\"https:\/\/hoteltoledo.it\/de\/faq\/#breadcrumb\",\"itemListElement\":[{\"@type\":\"ListItem\",\"position\":1,\"name\":\"Home\",\"item\":\"https:\/\/hoteltoledo.it\/de\/\"},{\"@type\":\"ListItem\",\"position\":2,\"name\":\"FAQ\"}]},{\"@type\":\"WebSite\",\"@id\":\"https:\/\/hoteltoledo.it\/de\/#website\",\"url\":\"https:\/\/hoteltoledo.it\/de\/\",\"name\":\"Hotel Toledo Jesolo\",\"description\":\"\",\"publisher\":{\"@id\":\"https:\/\/hoteltoledo.it\/de\/#organization\"},\"potentialAction\":[{\"@type\":\"SearchAction\",\"target\":{\"@type\":\"EntryPoint\",\"urlTemplate\":\"https:\/\/hoteltoledo.it\/de\/?s={search_term_string}\"},\"query-input\":{\"@type\":\"PropertyValueSpecification\",\"valueRequired\":true,\"valueName\":\"search_term_string\"}}],\"inLanguage\":\"de\"},{\"@type\":\"Organization\",\"@id\":\"https:\/\/hoteltoledo.it\/de\/#organization\",\"name\":\"Hotel Toledo Jesolo\",\"url\":\"https:\/\/hoteltoledo.it\/de\/\",\"logo\":{\"@type\":\"ImageObject\",\"inLanguage\":\"de\",\"@id\":\"https:\/\/hoteltoledo.it\/de\/#\/schema\/logo\/image\/\",\"url\":\"https:\/\/hoteltoledo.it\/wp-content\/uploads\/2024\/11\/Hotel_Toledo_Jesolo-e1732787787582.png\",\"contentUrl\":\"https:\/\/hoteltoledo.it\/wp-content\/uploads\/2024\/11\/Hotel_Toledo_Jesolo-e1732787787582.png\",\"width\":250,\"height\":77,\"caption\":\"Hotel Toledo Jesolo\"},\"image\":{\"@id\":\"https:\/\/hoteltoledo.it\/de\/#\/schema\/logo\/image\/\"}}]}<\/script>\n<!-- \/ Yoast SEO plugin. -->","yoast_head_json":{"title":"FAQ - Hotel Toledo Jesolo","description":"Antworten auf FAQ rund um Ihren Aufenthalt im Hotel Toledo: Buchung, Services, Strand, Verpflegung und mehr.","robots":{"index":"index","follow":"follow","max-snippet":"max-snippet:-1","max-image-preview":"max-image-preview:large","max-video-preview":"max-video-preview:-1"},"canonical":"https:\/\/hoteltoledo.it\/de\/faq\/","og_locale":"de_DE","og_type":"article","og_title":"FAQ - Hotel Toledo Jesolo","og_description":"Antworten auf FAQ rund um Ihren Aufenthalt im Hotel Toledo: Buchung, Services, Strand, Verpflegung und mehr.","og_url":"https:\/\/hoteltoledo.it\/de\/faq\/","og_site_name":"Hotel Toledo Jesolo","article_modified_time":"2025-09-11T11:58:24+00:00","twitter_card":"summary_large_image","twitter_misc":{"Gesch\u00e4tzte Lesezeit":"4\u00a0Minuten"},"schema":{"@context":"https:\/\/schema.org","@graph":[{"@type":"WebPage","@id":"https:\/\/hoteltoledo.it\/de\/faq\/","url":"https:\/\/hoteltoledo.it\/de\/faq\/","name":"FAQ - Hotel Toledo Jesolo","isPartOf":{"@id":"https:\/\/hoteltoledo.it\/de\/#website"},"datePublished":"2024-11-28T13:54:20+00:00","dateModified":"2025-09-11T11:58:24+00:00","description":"Antworten auf FAQ rund um Ihren Aufenthalt im Hotel Toledo: Buchung, Services, Strand, Verpflegung und mehr.","breadcrumb":{"@id":"https:\/\/hoteltoledo.it\/de\/faq\/#breadcrumb"},"inLanguage":"de","potentialAction":[{"@type":"ReadAction","target":["https:\/\/hoteltoledo.it\/de\/faq\/"]}]},{"@type":"BreadcrumbList","@id":"https:\/\/hoteltoledo.it\/de\/faq\/#breadcrumb","itemListElement":[{"@type":"ListItem","position":1,"name":"Home","item":"https:\/\/hoteltoledo.it\/de\/"},{"@type":"ListItem","position":2,"name":"FAQ"}]},{"@type":"WebSite","@id":"https:\/\/hoteltoledo.it\/de\/#website","url":"https:\/\/hoteltoledo.it\/de\/","name":"Hotel Toledo Jesolo","description":"","publisher":{"@id":"https:\/\/hoteltoledo.it\/de\/#organization"},"potentialAction":[{"@type":"SearchAction","target":{"@type":"EntryPoint","urlTemplate":"https:\/\/hoteltoledo.it\/de\/?s={search_term_string}"},"query-input":{"@type":"PropertyValueSpecification","valueRequired":true,"valueName":"search_term_string"}}],"inLanguage":"de"},{"@type":"Organization","@id":"https:\/\/hoteltoledo.it\/de\/#organization","name":"Hotel Toledo Jesolo","url":"https:\/\/hoteltoledo.it\/de\/","logo":{"@type":"ImageObject","inLanguage":"de","@id":"https:\/\/hoteltoledo.it\/de\/#\/schema\/logo\/image\/","url":"https:\/\/hoteltoledo.it\/wp-content\/uploads\/2024\/11\/Hotel_Toledo_Jesolo-e1732787787582.png","contentUrl":"https:\/\/hoteltoledo.it\/wp-content\/uploads\/2024\/11\/Hotel_Toledo_Jesolo-e1732787787582.png","width":250,"height":77,"caption":"Hotel Toledo Jesolo"},"image":{"@id":"https:\/\/hoteltoledo.it\/de\/#\/schema\/logo\/image\/"}}]}},"_links":{"self":[{"href":"https:\/\/hoteltoledo.it\/de\/wp-json\/wp\/v2\/pages\/1076","targetHints":{"allow":["GET"]}}],"collection":[{"href":"https:\/\/hoteltoledo.it\/de\/wp-json\/wp\/v2\/pages"}],"about":[{"href":"https:\/\/hoteltoledo.it\/de\/wp-json\/wp\/v2\/types\/page"}],"author":[{"embeddable":true,"href":"https:\/\/hoteltoledo.it\/de\/wp-json\/wp\/v2\/users\/1"}],"replies":[{"embeddable":true,"href":"https:\/\/hoteltoledo.it\/de\/wp-json\/wp\/v2\/comments?post=1076"}],"version-history":[{"count":12,"href":"https:\/\/hoteltoledo.it\/de\/wp-json\/wp\/v2\/pages\/1076\/revisions"}],"predecessor-version":[{"id":2156,"href":"https:\/\/hoteltoledo.it\/de\/wp-json\/wp\/v2\/pages\/1076\/revisions\/2156"}],"wp:attachment":[{"href":"https:\/\/hoteltoledo.it\/de\/wp-json\/wp\/v2\/media?parent=1076"}],"curies":[{"name":"wp","href":"https:\/\/api.w.org\/{rel}","templated":true}]}}