{"id":1093,"date":"2025-02-20T08:52:45","date_gmt":"2025-02-20T08:52:45","guid":{"rendered":"https:\/\/staging.hoteltoledo.it\/la-spiaggia\/"},"modified":"2025-03-25T13:08:50","modified_gmt":"2025-03-25T13:08:50","slug":"der-strand","status":"publish","type":"page","link":"https:\/\/hoteltoledo.it\/de\/der-strand\/","title":{"rendered":"Der Strand"},"content":{"rendered":"\n<p>Vom Toledo aus erreichen Sie den Strand in etwas mehr als 2 Minuten zu Fu\u00df. In diesem Teil von Jesolo, zwischen der Piazza Brescia und der Piazza Mazzini, ist der Strand breit und hat eine sch\u00f6ne Linie. Da er zentral gelegen ist, k\u00f6nnen Sie ihn sowohl nach Osten als auch nach Westen begehen oder fr\u00fchmorgens joggen.<\/p>\n\n\n\n<p>Ab 2024 wurde die Verwaltung des Strandes an eine externe und von den Hotels unabh\u00e4ngige Stelle \u00fcbertragen.<\/p>\n\n\n\n<p>Es ist uns gelungen, einen Anteil an Sonnenschirmpl\u00e4tzen zu garantieren, um Ihnen stets maximale Entspannung zu bieten, aber wir empfehlen Ihnen, diesen bei der Best\u00e4tigung des Zimmers zu buchen.<\/p>\n\n\n\n<p>In der Vergangenheit wurden die Kosten f\u00fcr den Zugang zum Strand stets von uns \u00fcbernommen. Leider sind die Kosten jetzt deutlich gestiegen und deshalb bitten wir um einen Beitrag von 13,00&nbsp;\u20ac f\u00fcr einen Sonnenschirm und zwei Sonnenliegen (f\u00fcr das Jahr 2025) pro Zimmer und Nacht, vorausgesetzt, dass der Check-in und der Check-out mit dem des Zimmers \u00fcbereinstimmen. Die regul\u00e4ren Kosten f\u00fcr einen t\u00e4glichen Sonnenschirm betragen 20,00&nbsp;\u20ac.<\/p>\n\n\n\n<p>Die gute Nachricht ist, dass die Sonnenschirme alle neu sind und weit voneinander entfernt positioniert sind, um Ihnen den gr\u00f6\u00dftm\u00f6glichen Komfort zu bieten. Die neuen Verwalter haben der Gemeinde Jesolo ein Projekt zur radikalen Erneuerung der Dienstleistungen vorgelegt, das in den n\u00e4chsten zwei Jahren umgesetzt werden soll.<\/p>\n\n\n\n<p>Gem\u00e4\u00df der Gemeindeverordnung d\u00fcrfen Hunde am Strand an der Promenade angeleint spazieren gehen. Sie haben keinen Zugang zum Sandbereich und k\u00f6nnen nicht ans Meer. F\u00fcr alle, die ihre Fellnasen mit an den Strand nehmen m\u00f6chten, empfehlen wir den BauBauBeach etwa 2,5 km vom Toledo entfernt.<\/p>\n","protected":false},"excerpt":{"rendered":"<p>Vom Toledo aus erreichen Sie den Strand in etwas mehr als 2 Minuten zu Fu\u00df. In diesem Teil von Jesolo, zwischen der Piazza Brescia und der Piazza Mazzini, ist der Strand breit und hat eine sch\u00f6ne Linie. Da er zentral gelegen ist, k\u00f6nnen Sie ihn sowohl nach Osten als auch nach Westen begehen oder fr\u00fchmorgens [&hellip;]<\/p>\n","protected":false},"author":1,"featured_media":0,"parent":0,"menu_order":0,"comment_status":"closed","ping_status":"closed","template":"","meta":{"_acf_changed":false,"footnotes":""},"class_list":["post-1093","page","type-page","status-publish","hentry"],"acf":[],"yoast_head":"<!-- This site is optimized with the Yoast SEO plugin v26.3 - https:\/\/yoast.com\/wordpress\/plugins\/seo\/ -->\n<title>Der Strand - Hotel Toledo Jesolo<\/title>\n<meta name=\"description\" content=\"Der Strand ist nur 2 Minuten vom Hotel Toledo entfernt. Sonnenschirm mit Liegen buchbar. Komfortabler und zentraler Strand in Jesolo.\" \/>\n<meta name=\"robots\" content=\"index, follow, max-snippet:-1, max-image-preview:large, max-video-preview:-1\" \/>\n<link rel=\"canonical\" href=\"https:\/\/hoteltoledo.it\/de\/der-strand\/\" \/>\n<meta property=\"og:locale\" content=\"de_DE\" \/>\n<meta property=\"og:type\" content=\"article\" \/>\n<meta property=\"og:title\" content=\"Der Strand - Hotel Toledo Jesolo\" \/>\n<meta property=\"og:description\" content=\"Der Strand ist nur 2 Minuten vom Hotel Toledo entfernt. Sonnenschirm mit Liegen buchbar. Komfortabler und zentraler Strand in Jesolo.\" \/>\n<meta property=\"og:url\" content=\"https:\/\/hoteltoledo.it\/de\/der-strand\/\" \/>\n<meta property=\"og:site_name\" content=\"Hotel Toledo Jesolo\" \/>\n<meta property=\"article:modified_time\" content=\"2025-03-25T13:08:50+00:00\" \/>\n<meta name=\"twitter:card\" content=\"summary_large_image\" \/>\n<meta name=\"twitter:label1\" content=\"Gesch\u00e4tzte Lesezeit\" \/>\n\t<meta name=\"twitter:data1\" content=\"2\u00a0Minuten\" \/>\n<script type=\"application\/ld+json\" class=\"yoast-schema-graph\">{\"@context\":\"https:\/\/schema.org\",\"@graph\":[{\"@type\":\"WebPage\",\"@id\":\"https:\/\/hoteltoledo.it\/de\/der-strand\/\",\"url\":\"https:\/\/hoteltoledo.it\/de\/der-strand\/\",\"name\":\"Der Strand - Hotel Toledo Jesolo\",\"isPartOf\":{\"@id\":\"https:\/\/hoteltoledo.it\/de\/#website\"},\"datePublished\":\"2025-02-20T08:52:45+00:00\",\"dateModified\":\"2025-03-25T13:08:50+00:00\",\"description\":\"Der Strand ist nur 2 Minuten vom Hotel Toledo entfernt. Sonnenschirm mit Liegen buchbar. Komfortabler und zentraler Strand in Jesolo.\",\"breadcrumb\":{\"@id\":\"https:\/\/hoteltoledo.it\/de\/der-strand\/#breadcrumb\"},\"inLanguage\":\"de\",\"potentialAction\":[{\"@type\":\"ReadAction\",\"target\":[\"https:\/\/hoteltoledo.it\/de\/der-strand\/\"]}]},{\"@type\":\"BreadcrumbList\",\"@id\":\"https:\/\/hoteltoledo.it\/de\/der-strand\/#breadcrumb\",\"itemListElement\":[{\"@type\":\"ListItem\",\"position\":1,\"name\":\"Home\",\"item\":\"https:\/\/hoteltoledo.it\/de\/\"},{\"@type\":\"ListItem\",\"position\":2,\"name\":\"Der Strand\"}]},{\"@type\":\"WebSite\",\"@id\":\"https:\/\/hoteltoledo.it\/de\/#website\",\"url\":\"https:\/\/hoteltoledo.it\/de\/\",\"name\":\"Hotel Toledo Jesolo\",\"description\":\"\",\"publisher\":{\"@id\":\"https:\/\/hoteltoledo.it\/de\/#organization\"},\"potentialAction\":[{\"@type\":\"SearchAction\",\"target\":{\"@type\":\"EntryPoint\",\"urlTemplate\":\"https:\/\/hoteltoledo.it\/de\/?s={search_term_string}\"},\"query-input\":{\"@type\":\"PropertyValueSpecification\",\"valueRequired\":true,\"valueName\":\"search_term_string\"}}],\"inLanguage\":\"de\"},{\"@type\":\"Organization\",\"@id\":\"https:\/\/hoteltoledo.it\/de\/#organization\",\"name\":\"Hotel Toledo Jesolo\",\"url\":\"https:\/\/hoteltoledo.it\/de\/\",\"logo\":{\"@type\":\"ImageObject\",\"inLanguage\":\"de\",\"@id\":\"https:\/\/hoteltoledo.it\/de\/#\/schema\/logo\/image\/\",\"url\":\"https:\/\/hoteltoledo.it\/wp-content\/uploads\/2024\/11\/Hotel_Toledo_Jesolo-e1732787787582.png\",\"contentUrl\":\"https:\/\/hoteltoledo.it\/wp-content\/uploads\/2024\/11\/Hotel_Toledo_Jesolo-e1732787787582.png\",\"width\":250,\"height\":77,\"caption\":\"Hotel Toledo Jesolo\"},\"image\":{\"@id\":\"https:\/\/hoteltoledo.it\/de\/#\/schema\/logo\/image\/\"}}]}<\/script>\n<!-- \/ Yoast SEO plugin. -->","yoast_head_json":{"title":"Der Strand - Hotel Toledo Jesolo","description":"Der Strand ist nur 2 Minuten vom Hotel Toledo entfernt. Sonnenschirm mit Liegen buchbar. Komfortabler und zentraler Strand in Jesolo.","robots":{"index":"index","follow":"follow","max-snippet":"max-snippet:-1","max-image-preview":"max-image-preview:large","max-video-preview":"max-video-preview:-1"},"canonical":"https:\/\/hoteltoledo.it\/de\/der-strand\/","og_locale":"de_DE","og_type":"article","og_title":"Der Strand - Hotel Toledo Jesolo","og_description":"Der Strand ist nur 2 Minuten vom Hotel Toledo entfernt. Sonnenschirm mit Liegen buchbar. Komfortabler und zentraler Strand in Jesolo.","og_url":"https:\/\/hoteltoledo.it\/de\/der-strand\/","og_site_name":"Hotel Toledo Jesolo","article_modified_time":"2025-03-25T13:08:50+00:00","twitter_card":"summary_large_image","twitter_misc":{"Gesch\u00e4tzte Lesezeit":"2\u00a0Minuten"},"schema":{"@context":"https:\/\/schema.org","@graph":[{"@type":"WebPage","@id":"https:\/\/hoteltoledo.it\/de\/der-strand\/","url":"https:\/\/hoteltoledo.it\/de\/der-strand\/","name":"Der Strand - Hotel Toledo Jesolo","isPartOf":{"@id":"https:\/\/hoteltoledo.it\/de\/#website"},"datePublished":"2025-02-20T08:52:45+00:00","dateModified":"2025-03-25T13:08:50+00:00","description":"Der Strand ist nur 2 Minuten vom Hotel Toledo entfernt. Sonnenschirm mit Liegen buchbar. Komfortabler und zentraler Strand in Jesolo.","breadcrumb":{"@id":"https:\/\/hoteltoledo.it\/de\/der-strand\/#breadcrumb"},"inLanguage":"de","potentialAction":[{"@type":"ReadAction","target":["https:\/\/hoteltoledo.it\/de\/der-strand\/"]}]},{"@type":"BreadcrumbList","@id":"https:\/\/hoteltoledo.it\/de\/der-strand\/#breadcrumb","itemListElement":[{"@type":"ListItem","position":1,"name":"Home","item":"https:\/\/hoteltoledo.it\/de\/"},{"@type":"ListItem","position":2,"name":"Der Strand"}]},{"@type":"WebSite","@id":"https:\/\/hoteltoledo.it\/de\/#website","url":"https:\/\/hoteltoledo.it\/de\/","name":"Hotel Toledo Jesolo","description":"","publisher":{"@id":"https:\/\/hoteltoledo.it\/de\/#organization"},"potentialAction":[{"@type":"SearchAction","target":{"@type":"EntryPoint","urlTemplate":"https:\/\/hoteltoledo.it\/de\/?s={search_term_string}"},"query-input":{"@type":"PropertyValueSpecification","valueRequired":true,"valueName":"search_term_string"}}],"inLanguage":"de"},{"@type":"Organization","@id":"https:\/\/hoteltoledo.it\/de\/#organization","name":"Hotel Toledo Jesolo","url":"https:\/\/hoteltoledo.it\/de\/","logo":{"@type":"ImageObject","inLanguage":"de","@id":"https:\/\/hoteltoledo.it\/de\/#\/schema\/logo\/image\/","url":"https:\/\/hoteltoledo.it\/wp-content\/uploads\/2024\/11\/Hotel_Toledo_Jesolo-e1732787787582.png","contentUrl":"https:\/\/hoteltoledo.it\/wp-content\/uploads\/2024\/11\/Hotel_Toledo_Jesolo-e1732787787582.png","width":250,"height":77,"caption":"Hotel Toledo Jesolo"},"image":{"@id":"https:\/\/hoteltoledo.it\/de\/#\/schema\/logo\/image\/"}}]}},"_links":{"self":[{"href":"https:\/\/hoteltoledo.it\/de\/wp-json\/wp\/v2\/pages\/1093","targetHints":{"allow":["GET"]}}],"collection":[{"href":"https:\/\/hoteltoledo.it\/de\/wp-json\/wp\/v2\/pages"}],"about":[{"href":"https:\/\/hoteltoledo.it\/de\/wp-json\/wp\/v2\/types\/page"}],"author":[{"embeddable":true,"href":"https:\/\/hoteltoledo.it\/de\/wp-json\/wp\/v2\/users\/1"}],"replies":[{"embeddable":true,"href":"https:\/\/hoteltoledo.it\/de\/wp-json\/wp\/v2\/comments?post=1093"}],"version-history":[{"count":3,"href":"https:\/\/hoteltoledo.it\/de\/wp-json\/wp\/v2\/pages\/1093\/revisions"}],"predecessor-version":[{"id":1102,"href":"https:\/\/hoteltoledo.it\/de\/wp-json\/wp\/v2\/pages\/1093\/revisions\/1102"}],"wp:attachment":[{"href":"https:\/\/hoteltoledo.it\/de\/wp-json\/wp\/v2\/media?parent=1093"}],"curies":[{"name":"wp","href":"https:\/\/api.w.org\/{rel}","templated":true}]}}