{"id":1345,"date":"2025-03-25T14:20:36","date_gmt":"2025-03-25T14:20:36","guid":{"rendered":"https:\/\/staging.hoteltoledo.it\/contributi-a-norma-della-legge-124-2017\/"},"modified":"2025-03-26T13:38:16","modified_gmt":"2025-03-26T13:38:16","slug":"beitraege-gemaess-dem-gesetz-124-2017","status":"publish","type":"page","link":"https:\/\/hoteltoledo.it\/de\/beitraege-gemaess-dem-gesetz-124-2017\/","title":{"rendered":"Beitr\u00e4ge gem\u00e4\u00df dem Gesetz 124\/2017"},"content":{"rendered":"\n<figure class=\"wp-block-table\"><table class=\"has-fixed-layout\"><tbody><tr><td><strong>Verwendungszweck<\/strong><\/td><td><strong>Betrag<\/strong><\/td><td><strong>Erfassungsdatum<\/strong><\/td><td><strong>F\u00f6rdergeber<\/strong><\/td><\/tr><tr><td>Esenzione acconto IMU 2020 Art.177 DL.34\/2020<\/td><td>\u20ac&nbsp;12.893,00<\/td><td>16\/06\/2020<\/td><td>Staat\/Gemeinde Jesolo (VE)<\/td><\/tr><tr><td>Contributo a fondo perduto<br>Art.25 DL.34\/2020<\/td><td>\u20ac&nbsp;3.517,00<\/td><td>03\/07\/2020<\/td><td>Agentur f\u00fcr Einnahmen<\/td><\/tr><tr><td>Stralcio saldo IRAP 2019<br>Art.24 DL.34\/2020<\/td><td>\u20ac&nbsp;3.416,00<\/td><td>20\/08\/2020<\/td><td>Agentur f\u00fcr Einnahmen<\/td><\/tr><tr><td>Stralcio 1\u00b0 acconto IRAP 2020 Art.24 DL.34\/2020<\/td><td>\u20ac&nbsp;666,00<\/td><td>20\/08\/2020<\/td><td>Agentur f\u00fcr Einnahmen<\/td><\/tr><tr><td>Contributo a fondo perduto<br>Art.1 DL.137\/2020<\/td><td>\u20ac&nbsp;5.276,00<\/td><td>10\/11\/2020<\/td><td>Agentur f\u00fcr Einnahmen<\/td><\/tr><tr><td>Credito imposta sanificazione Art.125 DL.34\/2020<\/td><td>\u20ac&nbsp;4.519,00<\/td><td>14\/12\/2020<\/td><td>Agentur f\u00fcr Einnahmen<\/td><\/tr><tr><td>Esenzione saldo IMU 2020Art.78 DL.104\/2020<\/td><td>\u20ac&nbsp;12.893,00<\/td><td>16\/12\/2020<\/td><td>Staat\/Gemeinde Jesolo (VE)<\/td><\/tr><tr><td>Credito imposta investimenti pubblicitari<br>Art.57-bis, comma 1&nbsp;DL.50\/2017<\/td><td>\u20ac&nbsp;228,00<\/td><td>27\/03\/2021<\/td><td>Agentur f\u00fcr Einnahmen<\/td><\/tr><tr><td>Credito imposta adeguamento ambienti lavoro<br>Art.120 DL.34\/2020<\/td><td>\u20ac&nbsp;1.024,00<\/td><td>16\/04\/2021<\/td><td>Agentur f\u00fcr Einnahmen<\/td><\/tr><tr><td>Contributo a fondo perdutoArt.1 DL.41\/2021<\/td><td>&nbsp;\u20ac 10.597,00<\/td><td>&nbsp;27\/04\/2021<\/td><td>Agentur f\u00fcr Einnahmen<\/td><\/tr><tr><td>Esenzione acconto IMU 2021 Art.1, comma 599 L.178\/2020<\/td><td>\u20ac 12.893,00<\/td><td>&nbsp;16\/06\/2021<\/td><td>\u00a0Staat\/Gemeinde Jesolo (VE)<\/td><\/tr><tr><td>Contributo a fondo perdutoArt.1, cc.1-3 DL.73\/2021<\/td><td>&nbsp;\u20ac 10.597,00<\/td><td>&nbsp;24\/06\/2021<\/td><td>Agentur f\u00fcr Einnahmen<\/td><\/tr><tr><td>Credito imposta sanificazione Art.32 DL.73\/2021<\/td><td>\u20ac 4.269,00<\/td><td>&nbsp;12\/11\/2021<\/td><td>Agentur f\u00fcr Einnahmen<\/td><\/tr><tr><td>Contributo a fondo perdutoArt.6, D.M. Turismo 24\/08\/2021<\/td><td>&nbsp;\u20ac 5.000,00<\/td><td>&nbsp;30\/12\/2021<\/td><td>\u00a0Min. f\u00fcr Tourismus \/ Agentur f\u00fcr Einnahmen<\/td><\/tr><tr><td>Contributo a fondo perdutoArt.1, cc.16-27 DL.73\/2021<\/td><td>&nbsp;\u20ac 13.926,00<\/td><td>&nbsp;31\/12\/2021<\/td><td>Agentur f\u00fcr Einnahmen<\/td><\/tr><tr><td>Credito imposta investimenti pubblicitari 2021<br>Art.57-bis, comma 1DL.50\/2017<\/td><td>&nbsp;\u20ac 245,00<\/td><td>&nbsp;09\/04\/2022<\/td><td>Agentur f\u00fcr Einnahmen<\/td><\/tr><\/tbody><\/table><\/figure>\n\n\n\n<p>Eventuelle weitere Beihilfen k\u00f6nnen im Nationalen Register der Staatsbeihilfen eingesehen werden, auf das verwiesen wird.<\/p>\n","protected":false},"excerpt":{"rendered":"<p>Verwendungszweck Betrag Erfassungsdatum F\u00f6rdergeber Esenzione acconto IMU 2020 Art.177 DL.34\/2020 \u20ac&nbsp;12.893,00 16\/06\/2020 Staat\/Gemeinde Jesolo (VE) Contributo a fondo perdutoArt.25 DL.34\/2020 \u20ac&nbsp;3.517,00 03\/07\/2020 Agentur f\u00fcr Einnahmen Stralcio saldo IRAP 2019Art.24 DL.34\/2020 \u20ac&nbsp;3.416,00 20\/08\/2020 Agentur f\u00fcr Einnahmen Stralcio 1\u00b0 acconto IRAP 2020 Art.24 DL.34\/2020 \u20ac&nbsp;666,00 20\/08\/2020 Agentur f\u00fcr Einnahmen Contributo a fondo perdutoArt.1 DL.137\/2020 \u20ac&nbsp;5.276,00 10\/11\/2020 Agentur [&hellip;]<\/p>\n","protected":false},"author":1,"featured_media":0,"parent":0,"menu_order":0,"comment_status":"closed","ping_status":"closed","template":"","meta":{"_acf_changed":false,"footnotes":""},"class_list":["post-1345","page","type-page","status-publish","hentry"],"acf":[],"yoast_head":"<!-- This site is optimized with the Yoast SEO plugin v26.3 - https:\/\/yoast.com\/wordpress\/plugins\/seo\/ -->\n<title>Beitr\u00e4ge gem\u00e4\u00df dem Gesetz 124\/2017 - Hotel Toledo Jesolo<\/title>\n<meta name=\"description\" content=\"Erfahren Sie mehr \u00fcber die Beitr\u00e4ge, die gem\u00e4\u00df dem Gesetz 124\/2017 erhalten wurden, mit Informationen \u00fcber die Leistungen und deren Verwendung.\" \/>\n<meta name=\"robots\" content=\"index, follow, max-snippet:-1, max-image-preview:large, max-video-preview:-1\" \/>\n<link rel=\"canonical\" href=\"https:\/\/hoteltoledo.it\/de\/beitraege-gemaess-dem-gesetz-124-2017\/\" \/>\n<meta property=\"og:locale\" content=\"de_DE\" \/>\n<meta property=\"og:type\" content=\"article\" \/>\n<meta property=\"og:title\" content=\"Beitr\u00e4ge gem\u00e4\u00df dem Gesetz 124\/2017 - Hotel Toledo Jesolo\" \/>\n<meta property=\"og:description\" content=\"Erfahren Sie mehr \u00fcber die Beitr\u00e4ge, die gem\u00e4\u00df dem Gesetz 124\/2017 erhalten wurden, mit Informationen \u00fcber die Leistungen und deren Verwendung.\" \/>\n<meta property=\"og:url\" content=\"https:\/\/hoteltoledo.it\/de\/beitraege-gemaess-dem-gesetz-124-2017\/\" \/>\n<meta property=\"og:site_name\" content=\"Hotel Toledo Jesolo\" \/>\n<meta property=\"article:modified_time\" content=\"2025-03-26T13:38:16+00:00\" \/>\n<meta name=\"twitter:card\" content=\"summary_large_image\" \/>\n<meta name=\"twitter:label1\" content=\"Gesch\u00e4tzte Lesezeit\" \/>\n\t<meta name=\"twitter:data1\" content=\"2\u00a0Minuten\" \/>\n<script type=\"application\/ld+json\" class=\"yoast-schema-graph\">{\"@context\":\"https:\/\/schema.org\",\"@graph\":[{\"@type\":\"WebPage\",\"@id\":\"https:\/\/hoteltoledo.it\/de\/beitraege-gemaess-dem-gesetz-124-2017\/\",\"url\":\"https:\/\/hoteltoledo.it\/de\/beitraege-gemaess-dem-gesetz-124-2017\/\",\"name\":\"Beitr\u00e4ge gem\u00e4\u00df dem Gesetz 124\/2017 - Hotel Toledo Jesolo\",\"isPartOf\":{\"@id\":\"https:\/\/hoteltoledo.it\/de\/#website\"},\"datePublished\":\"2025-03-25T14:20:36+00:00\",\"dateModified\":\"2025-03-26T13:38:16+00:00\",\"description\":\"Erfahren Sie mehr \u00fcber die Beitr\u00e4ge, die gem\u00e4\u00df dem Gesetz 124\/2017 erhalten wurden, mit Informationen \u00fcber die Leistungen und deren Verwendung.\",\"breadcrumb\":{\"@id\":\"https:\/\/hoteltoledo.it\/de\/beitraege-gemaess-dem-gesetz-124-2017\/#breadcrumb\"},\"inLanguage\":\"de\",\"potentialAction\":[{\"@type\":\"ReadAction\",\"target\":[\"https:\/\/hoteltoledo.it\/de\/beitraege-gemaess-dem-gesetz-124-2017\/\"]}]},{\"@type\":\"BreadcrumbList\",\"@id\":\"https:\/\/hoteltoledo.it\/de\/beitraege-gemaess-dem-gesetz-124-2017\/#breadcrumb\",\"itemListElement\":[{\"@type\":\"ListItem\",\"position\":1,\"name\":\"Home\",\"item\":\"https:\/\/hoteltoledo.it\/de\/\"},{\"@type\":\"ListItem\",\"position\":2,\"name\":\"Beitr\u00e4ge gem\u00e4\u00df dem Gesetz 124\/2017\"}]},{\"@type\":\"WebSite\",\"@id\":\"https:\/\/hoteltoledo.it\/de\/#website\",\"url\":\"https:\/\/hoteltoledo.it\/de\/\",\"name\":\"Hotel Toledo Jesolo\",\"description\":\"\",\"publisher\":{\"@id\":\"https:\/\/hoteltoledo.it\/de\/#organization\"},\"potentialAction\":[{\"@type\":\"SearchAction\",\"target\":{\"@type\":\"EntryPoint\",\"urlTemplate\":\"https:\/\/hoteltoledo.it\/de\/?s={search_term_string}\"},\"query-input\":{\"@type\":\"PropertyValueSpecification\",\"valueRequired\":true,\"valueName\":\"search_term_string\"}}],\"inLanguage\":\"de\"},{\"@type\":\"Organization\",\"@id\":\"https:\/\/hoteltoledo.it\/de\/#organization\",\"name\":\"Hotel Toledo Jesolo\",\"url\":\"https:\/\/hoteltoledo.it\/de\/\",\"logo\":{\"@type\":\"ImageObject\",\"inLanguage\":\"de\",\"@id\":\"https:\/\/hoteltoledo.it\/de\/#\/schema\/logo\/image\/\",\"url\":\"https:\/\/hoteltoledo.it\/wp-content\/uploads\/2024\/11\/Hotel_Toledo_Jesolo-e1732787787582.png\",\"contentUrl\":\"https:\/\/hoteltoledo.it\/wp-content\/uploads\/2024\/11\/Hotel_Toledo_Jesolo-e1732787787582.png\",\"width\":250,\"height\":77,\"caption\":\"Hotel Toledo Jesolo\"},\"image\":{\"@id\":\"https:\/\/hoteltoledo.it\/de\/#\/schema\/logo\/image\/\"}}]}<\/script>\n<!-- \/ Yoast SEO plugin. -->","yoast_head_json":{"title":"Beitr\u00e4ge gem\u00e4\u00df dem Gesetz 124\/2017 - Hotel Toledo Jesolo","description":"Erfahren Sie mehr \u00fcber die Beitr\u00e4ge, die gem\u00e4\u00df dem Gesetz 124\/2017 erhalten wurden, mit Informationen \u00fcber die Leistungen und deren Verwendung.","robots":{"index":"index","follow":"follow","max-snippet":"max-snippet:-1","max-image-preview":"max-image-preview:large","max-video-preview":"max-video-preview:-1"},"canonical":"https:\/\/hoteltoledo.it\/de\/beitraege-gemaess-dem-gesetz-124-2017\/","og_locale":"de_DE","og_type":"article","og_title":"Beitr\u00e4ge gem\u00e4\u00df dem Gesetz 124\/2017 - Hotel Toledo Jesolo","og_description":"Erfahren Sie mehr \u00fcber die Beitr\u00e4ge, die gem\u00e4\u00df dem Gesetz 124\/2017 erhalten wurden, mit Informationen \u00fcber die Leistungen und deren Verwendung.","og_url":"https:\/\/hoteltoledo.it\/de\/beitraege-gemaess-dem-gesetz-124-2017\/","og_site_name":"Hotel Toledo Jesolo","article_modified_time":"2025-03-26T13:38:16+00:00","twitter_card":"summary_large_image","twitter_misc":{"Gesch\u00e4tzte Lesezeit":"2\u00a0Minuten"},"schema":{"@context":"https:\/\/schema.org","@graph":[{"@type":"WebPage","@id":"https:\/\/hoteltoledo.it\/de\/beitraege-gemaess-dem-gesetz-124-2017\/","url":"https:\/\/hoteltoledo.it\/de\/beitraege-gemaess-dem-gesetz-124-2017\/","name":"Beitr\u00e4ge gem\u00e4\u00df dem Gesetz 124\/2017 - Hotel Toledo Jesolo","isPartOf":{"@id":"https:\/\/hoteltoledo.it\/de\/#website"},"datePublished":"2025-03-25T14:20:36+00:00","dateModified":"2025-03-26T13:38:16+00:00","description":"Erfahren Sie mehr \u00fcber die Beitr\u00e4ge, die gem\u00e4\u00df dem Gesetz 124\/2017 erhalten wurden, mit Informationen \u00fcber die Leistungen und deren Verwendung.","breadcrumb":{"@id":"https:\/\/hoteltoledo.it\/de\/beitraege-gemaess-dem-gesetz-124-2017\/#breadcrumb"},"inLanguage":"de","potentialAction":[{"@type":"ReadAction","target":["https:\/\/hoteltoledo.it\/de\/beitraege-gemaess-dem-gesetz-124-2017\/"]}]},{"@type":"BreadcrumbList","@id":"https:\/\/hoteltoledo.it\/de\/beitraege-gemaess-dem-gesetz-124-2017\/#breadcrumb","itemListElement":[{"@type":"ListItem","position":1,"name":"Home","item":"https:\/\/hoteltoledo.it\/de\/"},{"@type":"ListItem","position":2,"name":"Beitr\u00e4ge gem\u00e4\u00df dem Gesetz 124\/2017"}]},{"@type":"WebSite","@id":"https:\/\/hoteltoledo.it\/de\/#website","url":"https:\/\/hoteltoledo.it\/de\/","name":"Hotel Toledo Jesolo","description":"","publisher":{"@id":"https:\/\/hoteltoledo.it\/de\/#organization"},"potentialAction":[{"@type":"SearchAction","target":{"@type":"EntryPoint","urlTemplate":"https:\/\/hoteltoledo.it\/de\/?s={search_term_string}"},"query-input":{"@type":"PropertyValueSpecification","valueRequired":true,"valueName":"search_term_string"}}],"inLanguage":"de"},{"@type":"Organization","@id":"https:\/\/hoteltoledo.it\/de\/#organization","name":"Hotel Toledo Jesolo","url":"https:\/\/hoteltoledo.it\/de\/","logo":{"@type":"ImageObject","inLanguage":"de","@id":"https:\/\/hoteltoledo.it\/de\/#\/schema\/logo\/image\/","url":"https:\/\/hoteltoledo.it\/wp-content\/uploads\/2024\/11\/Hotel_Toledo_Jesolo-e1732787787582.png","contentUrl":"https:\/\/hoteltoledo.it\/wp-content\/uploads\/2024\/11\/Hotel_Toledo_Jesolo-e1732787787582.png","width":250,"height":77,"caption":"Hotel Toledo Jesolo"},"image":{"@id":"https:\/\/hoteltoledo.it\/de\/#\/schema\/logo\/image\/"}}]}},"_links":{"self":[{"href":"https:\/\/hoteltoledo.it\/de\/wp-json\/wp\/v2\/pages\/1345","targetHints":{"allow":["GET"]}}],"collection":[{"href":"https:\/\/hoteltoledo.it\/de\/wp-json\/wp\/v2\/pages"}],"about":[{"href":"https:\/\/hoteltoledo.it\/de\/wp-json\/wp\/v2\/types\/page"}],"author":[{"embeddable":true,"href":"https:\/\/hoteltoledo.it\/de\/wp-json\/wp\/v2\/users\/1"}],"replies":[{"embeddable":true,"href":"https:\/\/hoteltoledo.it\/de\/wp-json\/wp\/v2\/comments?post=1345"}],"version-history":[{"count":3,"href":"https:\/\/hoteltoledo.it\/de\/wp-json\/wp\/v2\/pages\/1345\/revisions"}],"predecessor-version":[{"id":1354,"href":"https:\/\/hoteltoledo.it\/de\/wp-json\/wp\/v2\/pages\/1345\/revisions\/1354"}],"wp:attachment":[{"href":"https:\/\/hoteltoledo.it\/de\/wp-json\/wp\/v2\/media?parent=1345"}],"curies":[{"name":"wp","href":"https:\/\/api.w.org\/{rel}","templated":true}]}}