{"id":1360,"date":"2025-03-25T14:19:11","date_gmt":"2025-03-25T14:19:11","guid":{"rendered":"https:\/\/staging.hoteltoledo.it\/por-fesr-2014-2020\/"},"modified":"2025-03-26T13:48:24","modified_gmt":"2025-03-26T13:48:24","slug":"por-fesr-2014-2020","status":"publish","type":"page","link":"https:\/\/hoteltoledo.it\/de\/por-fesr-2014-2020\/","title":{"rendered":"POR-FESR 2014-2020: Unterst\u00fctzung der regionalen Entwicklung und Innovation"},"content":{"rendered":"\n<p>Um das Angebot f\u00fcr die Kunden kontinuierlich zu verbessern, beabsichtigt die Einrichtung, in technologische Innovationen zu investieren und zwei wichtige Dienstleistungen anzubieten: eine im Zusammenhang mit dem COVID-19-Gesundheitsnotfall und eine andere f\u00fcr die Nutzung der Online-Hoteldienste.<\/p>\n\n\n\n<p>Die Investition, die im Rahmen des POR DGR 1390 Digital-Antrags unterst\u00fctzt wird, bezieht sich auf das digitale Projekt zur Entwicklung von Verwaltungs- und Betriebsoftware sowie auf die Website mit einem Gesamtbetrag von 5.800,00 \u20ac.<\/p>\n\n\n\n<p>Die Kosten der Investition gem\u00e4\u00df Punkt A) betragen 2.130,00 \u20ac und betreffen Softwaremodule f\u00fcr Verwaltung und Betrieb.<br>Im Detail:<\/p>\n\n\n\n<ul class=\"wp-block-list\">\n<li>Cloud-basierte Software, die Fernarbeit erm\u00f6glicht und mit anderen Software\/Tools wie PMS, Channel Manager und CRM integriert ist, f\u00fcr 1.140,00 \u20ac<\/li>\n\n\n\n<li>Cloud-basierte Software, die Fernarbeit erm\u00f6glicht und mit anderen Software\/Tools wie PMS, Booking Engine und CRM integriert ist, f\u00fcr 740,00 \u20ac<\/li>\n\n\n\n<li>Wartung der zertifizierten Verbindung des Bank-Gateways mit der Buchungsmaschine R2, um direkte Online-Transaktionen mit Kreditkarten f\u00fcr 250,00 \u20ac durchzuf\u00fchren.<\/li>\n<\/ul>\n\n\n\n<p>Die Kosten der Investition gem\u00e4\u00df Punkt C) betragen 2.670,00 \u20ac (Angebot von 3.500,00 \u20ac, jedoch werden 2.670,00 \u20ac beantragt) und betreffen die Implementierung der Website mit Anpassung an die Sprachen Deutsch, Ungarisch und Englisch, Text-Copywriting, SEO-Konfiguration der Sprachen und \u00dcbersetzungen.<\/p>\n\n\n\n<p>Die Kosten der Investition gem\u00e4\u00df Punkt D) betragen 1.000,00 \u20ac f\u00fcr die HBenchmark-Online-Plattform von Hospitality Data Intelligence, die Daten aus den Verwaltungssystemen (PMS) der einzelnen Hotels aggregiert und in Echtzeit anonyme und aggregierte Markttrends der Vergangenheit und Zukunft der lokalen M\u00e4rkte zur\u00fcckgibt.cale.<\/p>\n","protected":false},"excerpt":{"rendered":"<p>Um das Angebot f\u00fcr die Kunden kontinuierlich zu verbessern, beabsichtigt die Einrichtung, in technologische Innovationen zu investieren und zwei wichtige Dienstleistungen anzubieten: eine im Zusammenhang mit dem COVID-19-Gesundheitsnotfall und eine andere f\u00fcr die Nutzung der Online-Hoteldienste. Die Investition, die im Rahmen des POR DGR 1390 Digital-Antrags unterst\u00fctzt wird, bezieht sich auf das digitale Projekt zur [&hellip;]<\/p>\n","protected":false},"author":1,"featured_media":0,"parent":0,"menu_order":0,"comment_status":"closed","ping_status":"closed","template":"","meta":{"_acf_changed":false,"footnotes":""},"class_list":["post-1360","page","type-page","status-publish","hentry"],"acf":[],"yoast_head":"<!-- This site is optimized with the Yoast SEO plugin v26.3 - https:\/\/yoast.com\/wordpress\/plugins\/seo\/ -->\n<title>Por-fesr-2014-2020<\/title>\n<meta name=\"description\" content=\"Erfahren Sie mehr \u00fcber das POR-FESR 2014-2020-Programm, das darauf abzielt, das regionale Wachstum, die Innovation und die Wettbewerbsf\u00e4higkeit durch EU-finanzierte Projekte zu f\u00f6rdern.\" \/>\n<meta name=\"robots\" content=\"index, follow, max-snippet:-1, max-image-preview:large, max-video-preview:-1\" \/>\n<link rel=\"canonical\" href=\"https:\/\/hoteltoledo.it\/de\/por-fesr-2014-2020\/\" \/>\n<meta property=\"og:locale\" content=\"de_DE\" \/>\n<meta property=\"og:type\" content=\"article\" \/>\n<meta property=\"og:title\" content=\"Por-fesr-2014-2020\" \/>\n<meta property=\"og:description\" content=\"Erfahren Sie mehr \u00fcber das POR-FESR 2014-2020-Programm, das darauf abzielt, das regionale Wachstum, die Innovation und die Wettbewerbsf\u00e4higkeit durch EU-finanzierte Projekte zu f\u00f6rdern.\" \/>\n<meta property=\"og:url\" content=\"https:\/\/hoteltoledo.it\/de\/por-fesr-2014-2020\/\" \/>\n<meta property=\"og:site_name\" content=\"Hotel Toledo Jesolo\" \/>\n<meta property=\"article:modified_time\" content=\"2025-03-26T13:48:24+00:00\" \/>\n<meta name=\"twitter:card\" content=\"summary_large_image\" \/>\n<meta name=\"twitter:label1\" content=\"Gesch\u00e4tzte Lesezeit\" \/>\n\t<meta name=\"twitter:data1\" content=\"2\u00a0Minuten\" \/>\n<script type=\"application\/ld+json\" class=\"yoast-schema-graph\">{\"@context\":\"https:\/\/schema.org\",\"@graph\":[{\"@type\":\"WebPage\",\"@id\":\"https:\/\/hoteltoledo.it\/de\/por-fesr-2014-2020\/\",\"url\":\"https:\/\/hoteltoledo.it\/de\/por-fesr-2014-2020\/\",\"name\":\"Por-fesr-2014-2020\",\"isPartOf\":{\"@id\":\"https:\/\/hoteltoledo.it\/de\/#website\"},\"datePublished\":\"2025-03-25T14:19:11+00:00\",\"dateModified\":\"2025-03-26T13:48:24+00:00\",\"description\":\"Erfahren Sie mehr \u00fcber das POR-FESR 2014-2020-Programm, das darauf abzielt, das regionale Wachstum, die Innovation und die Wettbewerbsf\u00e4higkeit durch EU-finanzierte Projekte zu f\u00f6rdern.\",\"breadcrumb\":{\"@id\":\"https:\/\/hoteltoledo.it\/de\/por-fesr-2014-2020\/#breadcrumb\"},\"inLanguage\":\"de\",\"potentialAction\":[{\"@type\":\"ReadAction\",\"target\":[\"https:\/\/hoteltoledo.it\/de\/por-fesr-2014-2020\/\"]}]},{\"@type\":\"BreadcrumbList\",\"@id\":\"https:\/\/hoteltoledo.it\/de\/por-fesr-2014-2020\/#breadcrumb\",\"itemListElement\":[{\"@type\":\"ListItem\",\"position\":1,\"name\":\"Home\",\"item\":\"https:\/\/hoteltoledo.it\/de\/\"},{\"@type\":\"ListItem\",\"position\":2,\"name\":\"POR-FESR 2014-2020: Unterst\u00fctzung der regionalen Entwicklung und Innovation\"}]},{\"@type\":\"WebSite\",\"@id\":\"https:\/\/hoteltoledo.it\/de\/#website\",\"url\":\"https:\/\/hoteltoledo.it\/de\/\",\"name\":\"Hotel Toledo Jesolo\",\"description\":\"\",\"publisher\":{\"@id\":\"https:\/\/hoteltoledo.it\/de\/#organization\"},\"potentialAction\":[{\"@type\":\"SearchAction\",\"target\":{\"@type\":\"EntryPoint\",\"urlTemplate\":\"https:\/\/hoteltoledo.it\/de\/?s={search_term_string}\"},\"query-input\":{\"@type\":\"PropertyValueSpecification\",\"valueRequired\":true,\"valueName\":\"search_term_string\"}}],\"inLanguage\":\"de\"},{\"@type\":\"Organization\",\"@id\":\"https:\/\/hoteltoledo.it\/de\/#organization\",\"name\":\"Hotel Toledo Jesolo\",\"url\":\"https:\/\/hoteltoledo.it\/de\/\",\"logo\":{\"@type\":\"ImageObject\",\"inLanguage\":\"de\",\"@id\":\"https:\/\/hoteltoledo.it\/de\/#\/schema\/logo\/image\/\",\"url\":\"https:\/\/hoteltoledo.it\/wp-content\/uploads\/2024\/11\/Hotel_Toledo_Jesolo-e1732787787582.png\",\"contentUrl\":\"https:\/\/hoteltoledo.it\/wp-content\/uploads\/2024\/11\/Hotel_Toledo_Jesolo-e1732787787582.png\",\"width\":250,\"height\":77,\"caption\":\"Hotel Toledo Jesolo\"},\"image\":{\"@id\":\"https:\/\/hoteltoledo.it\/de\/#\/schema\/logo\/image\/\"}}]}<\/script>\n<!-- \/ Yoast SEO plugin. -->","yoast_head_json":{"title":"Por-fesr-2014-2020","description":"Erfahren Sie mehr \u00fcber das POR-FESR 2014-2020-Programm, das darauf abzielt, das regionale Wachstum, die Innovation und die Wettbewerbsf\u00e4higkeit durch EU-finanzierte Projekte zu f\u00f6rdern.","robots":{"index":"index","follow":"follow","max-snippet":"max-snippet:-1","max-image-preview":"max-image-preview:large","max-video-preview":"max-video-preview:-1"},"canonical":"https:\/\/hoteltoledo.it\/de\/por-fesr-2014-2020\/","og_locale":"de_DE","og_type":"article","og_title":"Por-fesr-2014-2020","og_description":"Erfahren Sie mehr \u00fcber das POR-FESR 2014-2020-Programm, das darauf abzielt, das regionale Wachstum, die Innovation und die Wettbewerbsf\u00e4higkeit durch EU-finanzierte Projekte zu f\u00f6rdern.","og_url":"https:\/\/hoteltoledo.it\/de\/por-fesr-2014-2020\/","og_site_name":"Hotel Toledo Jesolo","article_modified_time":"2025-03-26T13:48:24+00:00","twitter_card":"summary_large_image","twitter_misc":{"Gesch\u00e4tzte Lesezeit":"2\u00a0Minuten"},"schema":{"@context":"https:\/\/schema.org","@graph":[{"@type":"WebPage","@id":"https:\/\/hoteltoledo.it\/de\/por-fesr-2014-2020\/","url":"https:\/\/hoteltoledo.it\/de\/por-fesr-2014-2020\/","name":"Por-fesr-2014-2020","isPartOf":{"@id":"https:\/\/hoteltoledo.it\/de\/#website"},"datePublished":"2025-03-25T14:19:11+00:00","dateModified":"2025-03-26T13:48:24+00:00","description":"Erfahren Sie mehr \u00fcber das POR-FESR 2014-2020-Programm, das darauf abzielt, das regionale Wachstum, die Innovation und die Wettbewerbsf\u00e4higkeit durch EU-finanzierte Projekte zu f\u00f6rdern.","breadcrumb":{"@id":"https:\/\/hoteltoledo.it\/de\/por-fesr-2014-2020\/#breadcrumb"},"inLanguage":"de","potentialAction":[{"@type":"ReadAction","target":["https:\/\/hoteltoledo.it\/de\/por-fesr-2014-2020\/"]}]},{"@type":"BreadcrumbList","@id":"https:\/\/hoteltoledo.it\/de\/por-fesr-2014-2020\/#breadcrumb","itemListElement":[{"@type":"ListItem","position":1,"name":"Home","item":"https:\/\/hoteltoledo.it\/de\/"},{"@type":"ListItem","position":2,"name":"POR-FESR 2014-2020: Unterst\u00fctzung der regionalen Entwicklung und Innovation"}]},{"@type":"WebSite","@id":"https:\/\/hoteltoledo.it\/de\/#website","url":"https:\/\/hoteltoledo.it\/de\/","name":"Hotel Toledo Jesolo","description":"","publisher":{"@id":"https:\/\/hoteltoledo.it\/de\/#organization"},"potentialAction":[{"@type":"SearchAction","target":{"@type":"EntryPoint","urlTemplate":"https:\/\/hoteltoledo.it\/de\/?s={search_term_string}"},"query-input":{"@type":"PropertyValueSpecification","valueRequired":true,"valueName":"search_term_string"}}],"inLanguage":"de"},{"@type":"Organization","@id":"https:\/\/hoteltoledo.it\/de\/#organization","name":"Hotel Toledo Jesolo","url":"https:\/\/hoteltoledo.it\/de\/","logo":{"@type":"ImageObject","inLanguage":"de","@id":"https:\/\/hoteltoledo.it\/de\/#\/schema\/logo\/image\/","url":"https:\/\/hoteltoledo.it\/wp-content\/uploads\/2024\/11\/Hotel_Toledo_Jesolo-e1732787787582.png","contentUrl":"https:\/\/hoteltoledo.it\/wp-content\/uploads\/2024\/11\/Hotel_Toledo_Jesolo-e1732787787582.png","width":250,"height":77,"caption":"Hotel Toledo Jesolo"},"image":{"@id":"https:\/\/hoteltoledo.it\/de\/#\/schema\/logo\/image\/"}}]}},"_links":{"self":[{"href":"https:\/\/hoteltoledo.it\/de\/wp-json\/wp\/v2\/pages\/1360","targetHints":{"allow":["GET"]}}],"collection":[{"href":"https:\/\/hoteltoledo.it\/de\/wp-json\/wp\/v2\/pages"}],"about":[{"href":"https:\/\/hoteltoledo.it\/de\/wp-json\/wp\/v2\/types\/page"}],"author":[{"embeddable":true,"href":"https:\/\/hoteltoledo.it\/de\/wp-json\/wp\/v2\/users\/1"}],"replies":[{"embeddable":true,"href":"https:\/\/hoteltoledo.it\/de\/wp-json\/wp\/v2\/comments?post=1360"}],"version-history":[{"count":2,"href":"https:\/\/hoteltoledo.it\/de\/wp-json\/wp\/v2\/pages\/1360\/revisions"}],"predecessor-version":[{"id":1369,"href":"https:\/\/hoteltoledo.it\/de\/wp-json\/wp\/v2\/pages\/1360\/revisions\/1369"}],"wp:attachment":[{"href":"https:\/\/hoteltoledo.it\/de\/wp-json\/wp\/v2\/media?parent=1360"}],"curies":[{"name":"wp","href":"https:\/\/api.w.org\/{rel}","templated":true}]}}