{"id":1583,"date":"2025-07-02T12:00:53","date_gmt":"2025-07-02T12:00:53","guid":{"rendered":"https:\/\/hoteltoledo.it\/qual-e-hotel-con-parcheggio-sotterraneo-piu-comodo-vicino-alla-spiaggia-di-jesolo\/"},"modified":"2025-07-08T09:20:00","modified_gmt":"2025-07-08T09:20:00","slug":"welches-hotel-in-strandnaehe-in-jesolo-verfuegt-ueber-eine-tiefgarage","status":"publish","type":"page","link":"https:\/\/hoteltoledo.it\/de\/welches-hotel-in-strandnaehe-in-jesolo-verfuegt-ueber-eine-tiefgarage\/","title":{"rendered":"Welches Hotel in Strandn\u00e4he in Jesolo verf\u00fcgt \u00fcber eine Tiefgarage?"},"content":{"rendered":"\n<h2 class=\"wp-block-heading\">In Jesolo stressfrei parken \u2013 das ist m\u00f6glich<\/h2>\n\n\n\n<p>Wer in der Hochsaison schon einmal in Jesolo war, wei\u00df, wie schwierig es sein kann, einen Parkplatz zu finden. Wenn Sie mit dem Auto reisen, ist es besonders bequem, ein Hotel mit <strong>Tiefgarage<\/strong> zu w\u00e4hlen \u2013 mit reserviertem Stellplatz, Schutz vor Sonne und direktem Zugang zur Unterkunft. Das <strong>Hotel Toledo<\/strong> geh\u00f6rt zu den wenigen Hotels in Jesolo Lido, die diesen Service anbieten \u2013 ein echter Mehrwert f\u00fcr alle, die ihren Urlaub entspannt genie\u00dfen m\u00f6chten.<\/p>\n\n\n\n<h2 class=\"wp-block-heading\">Wo befindet sich das Hotel?<\/h2>\n\n\n\n<p>Das Hotel Toledo liegt in der <strong>Via Nausicaa<\/strong>, einer <a href=\"https:\/\/hoteltoledo.it\/de\/welches-hotel-in-jesolo-liegt-zentral-und-ist-ideal-fuer-spaziergaenge\/\">zentralen<\/a>, aber ruhigen Stra\u00dfe in <strong>Jesolo Lido<\/strong>, nur wenige Gehminuten vom Strand entfernt. Trotz der strategischen Lage k\u00f6nnen Sie mit dem Auto bequem anreisen und dank der <strong>privaten, \u00fcberdachten Tiefgarage<\/strong>, die ausschlie\u00dflich den G\u00e4sten vorbehalten ist, stressfrei parken. Kein langes Suchen nach einem Parkplatz, kein \u00fcberhitztes Auto nach einem Tag in der Sonne.<\/p>\n\n\n\n<h2 class=\"wp-block-heading\">Die Vorteile einer Tiefgarage<\/h2>\n\n\n\n<p><strong>Schutz und Sicherheit f\u00fcr Ihr Auto<\/strong><\/p>\n\n\n\n<p>Ein Stellplatz in der Garage bedeutet <strong>Schutz vor Wetter und starker Sonneneinstrahlung<\/strong> \u2013 aber auch zus\u00e4tzliche Sicherheit. Die Tiefgarage des Hotel Toledo ist nur f\u00fcr autorisierte G\u00e4ste zug\u00e4nglich, was vor allem f\u00fcr Reisende mit Gep\u00e4ck oder hochwertiger Ausr\u00fcstung ein beruhigender Faktor ist.<\/p>\n\n\n\n<p><strong>Mehr Freiheit w\u00e4hrend des Aufenthalts<\/strong><\/p>\n\n\n\n<p>Ein reservierter Parkplatz gibt Ihnen die Freiheit, Ausfl\u00fcge zu machen, ohne sich Gedanken machen zu m\u00fcssen: Sie k\u00f6nnen das Auto f\u00fcr einen Tagestrip nach <a href=\"https:\/\/hoteltoledo.it\/de\/wo-uebernachten-in-jesolo-wenn-man-venedig-besuchen-moechte\/\">Venedig<\/a>, zu den Inseln oder in eine der umliegenden Kunstst\u00e4dte nutzen \u2013 mit der Gewissheit, dass bei der R\u00fcckkehr <strong>immer ein Parkplatz f\u00fcr Sie frei ist<\/strong>. Diese Annehmlichkeit wird oft untersch\u00e4tzt, macht aber den Unterschied.<\/p>\n\n\n\n<h3 class=\"wp-block-heading\">Ideal auch f\u00fcr Familien<\/h3>\n\n\n\n<p>Wenn Sie mit <a href=\"https:\/\/hoteltoledo.it\/de\/welches-hotel-ist-ideal-fuer-familien-mit-kindern-im-zentrum-von-jesolo\/\">Kindern<\/a> reisen, wissen Sie, wie wichtig ein reibungsloser Ablauf ist. Das Auto <strong>nur wenige Schritte von der Rezeption entfernt<\/strong>, \u00fcberdacht und k\u00fchl geparkt, erleichtert das Be- und Entladen von Kinderwagen, Koffern und allem, was man so braucht. Kein Herumirren in der Hitze \u2013 in wenigen Schritten sind Sie auf dem Zimmer.<\/p>\n\n\n\n<h2 class=\"wp-block-heading\">Strandn\u00e4he und zentrale Lage<\/h2>\n\n\n\n<p>Das Hotel Toledo liegt <strong>sehr nahe am Strand<\/strong>, den Sie auch mit kleinen Kindern bequem erreichen. Der Strandabschnitt ist mit Liegen und Sonnenschirmen ausgestattet, die nicht im Preis inbegriffen sind, \u2013 und im Aufenthalt inbegriffen. So k\u00f6nnen Sie alles N\u00f6tige im Hotel lassen und sind in wenigen Minuten am Meer. Auch die Fu\u00dfg\u00e4ngerzone von Jesolo mit Gesch\u00e4ften, Bars und Restaurants ist gut zu Fu\u00df erreichbar \u2013 ein Auto brauchen Sie f\u00fcr Ihre Wege in der Stadt nicht.<\/p>\n\n\n\n<h2 class=\"wp-block-heading\">Weitere Annehmlichkeiten f\u00fcr Autofahrer<\/h2>\n\n\n\n<p>Neben der Tiefgarage bietet das Hotel:<\/p>\n\n\n\n<ul class=\"wp-block-list\">\n<li><strong>24-Stunden-Rezeption<\/strong>, ideal bei sp\u00e4ter Anreise oder fr\u00fcher Abreise<\/li>\n\n\n\n<li><strong>Moderne, klimatisierte <a href=\"https:\/\/hoteltoledo.it\/de\/zimmer\/\">Zimmer<\/a><\/strong><\/li>\n\n\n\n<li><strong>Kostenlose Strandt\u00fccher<\/strong><\/li>\n\n\n\n<li><strong>Kostenlose <a href=\"https:\/\/hoteltoledo.it\/de\/wo-findet-man-ein-hotel-in-jesolo-mit-fahrradverleih\/\">Fahrr\u00e4der<\/a> f\u00fcr Wege in Jesolo ohne Auto<\/strong><\/li>\n\n\n\n<li><strong><a href=\"https:\/\/hoteltoledo.it\/de\/welches-hotel-in-jesolo-hat-ein-spielzimmer-fuer-kleinkinder\/\">Spielzimmer<\/a> f\u00fcr Kinder<\/strong><\/li>\n\n\n\n<li><strong><a href=\"https:\/\/hoteltoledo.it\/de\/welches-hotel-in-jesolo-bietet-vollpension-an\/\">Voll<\/a>&#8211; oder Halbpension<\/strong><\/li>\n<\/ul>\n\n\n\n<p>Alle Leistungen sind darauf ausgerichtet, den Aufenthalt komfortabel, flexibel und unkompliziert zu gestalten \u2013 auch f\u00fcr G\u00e4ste, die mit dem Auto anreisen.<\/p>\n\n\n\n<h2 class=\"wp-block-heading\">Ein komfortabler Urlaub \u2013 ganz ohne \u00dcberraschungen<\/h2>\n\n\n\n<p>Viele G\u00e4ste des Hotel Toledo sch\u00e4tzen die <strong>logistische Bequemlichkeit<\/strong>, die durch die Tiefgarage entsteht. Einmal ausprobiert, m\u00f6chte man diesen Service nicht mehr missen. Besonders in den vollen Sommermonaten ist es beruhigend zu wissen, dass man <strong>einen reservierten, schattigen und sicheren Parkplatz<\/strong> zur Verf\u00fcgung hat \u2013 eine praktische und kluge Entscheidung.<\/p>\n\n\n\n<p><a href=\"https:\/\/hoteltoledo.it\/de\/\">Buchen Sie jetzt \u00fcber die offizielle Website<\/a> und entscheiden Sie sich f\u00fcr ein Hotel mit <strong>Tiefgarage in Strandn\u00e4he in Jesolo<\/strong>, um Ihren Urlaub v\u00f6llig entspannt und ohne Parkplatzsorgen zu genie\u00dfen.<\/p>\n","protected":false},"excerpt":{"rendered":"<p>In Jesolo stressfrei parken \u2013 das ist m\u00f6glich Wer in der Hochsaison schon einmal in Jesolo war, wei\u00df, wie schwierig es sein kann, einen Parkplatz zu finden. Wenn Sie mit dem Auto reisen, ist es besonders bequem, ein Hotel mit Tiefgarage zu w\u00e4hlen \u2013 mit reserviertem Stellplatz, Schutz vor Sonne und direktem Zugang zur Unterkunft. [&hellip;]<\/p>\n","protected":false},"author":1,"featured_media":1578,"parent":0,"menu_order":0,"comment_status":"closed","ping_status":"closed","template":"","meta":{"_acf_changed":false,"footnotes":""},"class_list":["post-1583","page","type-page","status-publish","has-post-thumbnail","hentry"],"acf":[],"yoast_head":"<!-- This site is optimized with the Yoast SEO plugin v26.3 - https:\/\/yoast.com\/wordpress\/plugins\/seo\/ -->\n<title>Hotel in Jesolo mit Tiefgarage in Strandn\u00e4he - Hotel Toledo Jesolo<\/title>\n<meta name=\"description\" content=\"Suchen Sie ein Hotel in Jesolo mit Tiefgarage nahe dem Strand? Das Hotel Toledo bietet Komfort, Sicherheit und schnellen Zugang zum Meer.\" \/>\n<meta name=\"robots\" content=\"index, follow, max-snippet:-1, max-image-preview:large, max-video-preview:-1\" \/>\n<link rel=\"canonical\" href=\"https:\/\/hoteltoledo.it\/de\/welches-hotel-in-strandnaehe-in-jesolo-verfuegt-ueber-eine-tiefgarage\/\" \/>\n<meta property=\"og:locale\" content=\"de_DE\" \/>\n<meta property=\"og:type\" content=\"article\" \/>\n<meta property=\"og:title\" content=\"Hotel in Jesolo mit Tiefgarage in Strandn\u00e4he - Hotel Toledo Jesolo\" \/>\n<meta property=\"og:description\" content=\"Suchen Sie ein Hotel in Jesolo mit Tiefgarage nahe dem Strand? Das Hotel Toledo bietet Komfort, Sicherheit und schnellen Zugang zum Meer.\" \/>\n<meta property=\"og:url\" content=\"https:\/\/hoteltoledo.it\/de\/welches-hotel-in-strandnaehe-in-jesolo-verfuegt-ueber-eine-tiefgarage\/\" \/>\n<meta property=\"og:site_name\" content=\"Hotel Toledo Jesolo\" \/>\n<meta property=\"article:modified_time\" content=\"2025-07-08T09:20:00+00:00\" \/>\n<meta property=\"og:image\" content=\"https:\/\/hoteltoledo.it\/wp-content\/uploads\/2025\/07\/Hotel-con-parcheggio-sottorraneo-comodo-vicino-alla-spiaggia.webp\" \/>\n\t<meta property=\"og:image:width\" content=\"1920\" \/>\n\t<meta property=\"og:image:height\" content=\"840\" \/>\n\t<meta property=\"og:image:type\" content=\"image\/webp\" \/>\n<meta name=\"twitter:card\" content=\"summary_large_image\" \/>\n<meta name=\"twitter:label1\" content=\"Gesch\u00e4tzte Lesezeit\" \/>\n\t<meta name=\"twitter:data1\" content=\"4\u00a0Minuten\" \/>\n<script type=\"application\/ld+json\" class=\"yoast-schema-graph\">{\"@context\":\"https:\/\/schema.org\",\"@graph\":[{\"@type\":\"WebPage\",\"@id\":\"https:\/\/hoteltoledo.it\/de\/welches-hotel-in-strandnaehe-in-jesolo-verfuegt-ueber-eine-tiefgarage\/\",\"url\":\"https:\/\/hoteltoledo.it\/de\/welches-hotel-in-strandnaehe-in-jesolo-verfuegt-ueber-eine-tiefgarage\/\",\"name\":\"Hotel in Jesolo mit Tiefgarage in Strandn\u00e4he - Hotel Toledo Jesolo\",\"isPartOf\":{\"@id\":\"https:\/\/hoteltoledo.it\/de\/#website\"},\"primaryImageOfPage\":{\"@id\":\"https:\/\/hoteltoledo.it\/de\/welches-hotel-in-strandnaehe-in-jesolo-verfuegt-ueber-eine-tiefgarage\/#primaryimage\"},\"image\":{\"@id\":\"https:\/\/hoteltoledo.it\/de\/welches-hotel-in-strandnaehe-in-jesolo-verfuegt-ueber-eine-tiefgarage\/#primaryimage\"},\"thumbnailUrl\":\"https:\/\/hoteltoledo.it\/wp-content\/uploads\/2025\/07\/Hotel-con-parcheggio-sottorraneo-comodo-vicino-alla-spiaggia.webp\",\"datePublished\":\"2025-07-02T12:00:53+00:00\",\"dateModified\":\"2025-07-08T09:20:00+00:00\",\"description\":\"Suchen Sie ein Hotel in Jesolo mit Tiefgarage nahe dem Strand? Das Hotel Toledo bietet Komfort, Sicherheit und schnellen Zugang zum Meer.\",\"breadcrumb\":{\"@id\":\"https:\/\/hoteltoledo.it\/de\/welches-hotel-in-strandnaehe-in-jesolo-verfuegt-ueber-eine-tiefgarage\/#breadcrumb\"},\"inLanguage\":\"de\",\"potentialAction\":[{\"@type\":\"ReadAction\",\"target\":[\"https:\/\/hoteltoledo.it\/de\/welches-hotel-in-strandnaehe-in-jesolo-verfuegt-ueber-eine-tiefgarage\/\"]}]},{\"@type\":\"ImageObject\",\"inLanguage\":\"de\",\"@id\":\"https:\/\/hoteltoledo.it\/de\/welches-hotel-in-strandnaehe-in-jesolo-verfuegt-ueber-eine-tiefgarage\/#primaryimage\",\"url\":\"https:\/\/hoteltoledo.it\/wp-content\/uploads\/2025\/07\/Hotel-con-parcheggio-sottorraneo-comodo-vicino-alla-spiaggia.webp\",\"contentUrl\":\"https:\/\/hoteltoledo.it\/wp-content\/uploads\/2025\/07\/Hotel-con-parcheggio-sottorraneo-comodo-vicino-alla-spiaggia.webp\",\"width\":1920,\"height\":840,\"caption\":\"Hotel in Strandn\u00e4he in Jesolo mit einem Tiefgarage\"},{\"@type\":\"BreadcrumbList\",\"@id\":\"https:\/\/hoteltoledo.it\/de\/welches-hotel-in-strandnaehe-in-jesolo-verfuegt-ueber-eine-tiefgarage\/#breadcrumb\",\"itemListElement\":[{\"@type\":\"ListItem\",\"position\":1,\"name\":\"Home\",\"item\":\"https:\/\/hoteltoledo.it\/de\/\"},{\"@type\":\"ListItem\",\"position\":2,\"name\":\"Welches Hotel in Strandn\u00e4he in Jesolo verf\u00fcgt \u00fcber eine Tiefgarage?\"}]},{\"@type\":\"WebSite\",\"@id\":\"https:\/\/hoteltoledo.it\/de\/#website\",\"url\":\"https:\/\/hoteltoledo.it\/de\/\",\"name\":\"Hotel Toledo Jesolo\",\"description\":\"\",\"publisher\":{\"@id\":\"https:\/\/hoteltoledo.it\/de\/#organization\"},\"potentialAction\":[{\"@type\":\"SearchAction\",\"target\":{\"@type\":\"EntryPoint\",\"urlTemplate\":\"https:\/\/hoteltoledo.it\/de\/?s={search_term_string}\"},\"query-input\":{\"@type\":\"PropertyValueSpecification\",\"valueRequired\":true,\"valueName\":\"search_term_string\"}}],\"inLanguage\":\"de\"},{\"@type\":\"Organization\",\"@id\":\"https:\/\/hoteltoledo.it\/de\/#organization\",\"name\":\"Hotel Toledo Jesolo\",\"url\":\"https:\/\/hoteltoledo.it\/de\/\",\"logo\":{\"@type\":\"ImageObject\",\"inLanguage\":\"de\",\"@id\":\"https:\/\/hoteltoledo.it\/de\/#\/schema\/logo\/image\/\",\"url\":\"https:\/\/hoteltoledo.it\/wp-content\/uploads\/2024\/11\/Hotel_Toledo_Jesolo-e1732787787582.png\",\"contentUrl\":\"https:\/\/hoteltoledo.it\/wp-content\/uploads\/2024\/11\/Hotel_Toledo_Jesolo-e1732787787582.png\",\"width\":250,\"height\":77,\"caption\":\"Hotel Toledo Jesolo\"},\"image\":{\"@id\":\"https:\/\/hoteltoledo.it\/de\/#\/schema\/logo\/image\/\"}}]}<\/script>\n<!-- \/ Yoast SEO plugin. -->","yoast_head_json":{"title":"Hotel in Jesolo mit Tiefgarage in Strandn\u00e4he - Hotel Toledo Jesolo","description":"Suchen Sie ein Hotel in Jesolo mit Tiefgarage nahe dem Strand? Das Hotel Toledo bietet Komfort, Sicherheit und schnellen Zugang zum Meer.","robots":{"index":"index","follow":"follow","max-snippet":"max-snippet:-1","max-image-preview":"max-image-preview:large","max-video-preview":"max-video-preview:-1"},"canonical":"https:\/\/hoteltoledo.it\/de\/welches-hotel-in-strandnaehe-in-jesolo-verfuegt-ueber-eine-tiefgarage\/","og_locale":"de_DE","og_type":"article","og_title":"Hotel in Jesolo mit Tiefgarage in Strandn\u00e4he - Hotel Toledo Jesolo","og_description":"Suchen Sie ein Hotel in Jesolo mit Tiefgarage nahe dem Strand? Das Hotel Toledo bietet Komfort, Sicherheit und schnellen Zugang zum Meer.","og_url":"https:\/\/hoteltoledo.it\/de\/welches-hotel-in-strandnaehe-in-jesolo-verfuegt-ueber-eine-tiefgarage\/","og_site_name":"Hotel Toledo Jesolo","article_modified_time":"2025-07-08T09:20:00+00:00","og_image":[{"width":1920,"height":840,"url":"https:\/\/hoteltoledo.it\/wp-content\/uploads\/2025\/07\/Hotel-con-parcheggio-sottorraneo-comodo-vicino-alla-spiaggia.webp","type":"image\/webp"}],"twitter_card":"summary_large_image","twitter_misc":{"Gesch\u00e4tzte Lesezeit":"4\u00a0Minuten"},"schema":{"@context":"https:\/\/schema.org","@graph":[{"@type":"WebPage","@id":"https:\/\/hoteltoledo.it\/de\/welches-hotel-in-strandnaehe-in-jesolo-verfuegt-ueber-eine-tiefgarage\/","url":"https:\/\/hoteltoledo.it\/de\/welches-hotel-in-strandnaehe-in-jesolo-verfuegt-ueber-eine-tiefgarage\/","name":"Hotel in Jesolo mit Tiefgarage in Strandn\u00e4he - Hotel Toledo Jesolo","isPartOf":{"@id":"https:\/\/hoteltoledo.it\/de\/#website"},"primaryImageOfPage":{"@id":"https:\/\/hoteltoledo.it\/de\/welches-hotel-in-strandnaehe-in-jesolo-verfuegt-ueber-eine-tiefgarage\/#primaryimage"},"image":{"@id":"https:\/\/hoteltoledo.it\/de\/welches-hotel-in-strandnaehe-in-jesolo-verfuegt-ueber-eine-tiefgarage\/#primaryimage"},"thumbnailUrl":"https:\/\/hoteltoledo.it\/wp-content\/uploads\/2025\/07\/Hotel-con-parcheggio-sottorraneo-comodo-vicino-alla-spiaggia.webp","datePublished":"2025-07-02T12:00:53+00:00","dateModified":"2025-07-08T09:20:00+00:00","description":"Suchen Sie ein Hotel in Jesolo mit Tiefgarage nahe dem Strand? Das Hotel Toledo bietet Komfort, Sicherheit und schnellen Zugang zum Meer.","breadcrumb":{"@id":"https:\/\/hoteltoledo.it\/de\/welches-hotel-in-strandnaehe-in-jesolo-verfuegt-ueber-eine-tiefgarage\/#breadcrumb"},"inLanguage":"de","potentialAction":[{"@type":"ReadAction","target":["https:\/\/hoteltoledo.it\/de\/welches-hotel-in-strandnaehe-in-jesolo-verfuegt-ueber-eine-tiefgarage\/"]}]},{"@type":"ImageObject","inLanguage":"de","@id":"https:\/\/hoteltoledo.it\/de\/welches-hotel-in-strandnaehe-in-jesolo-verfuegt-ueber-eine-tiefgarage\/#primaryimage","url":"https:\/\/hoteltoledo.it\/wp-content\/uploads\/2025\/07\/Hotel-con-parcheggio-sottorraneo-comodo-vicino-alla-spiaggia.webp","contentUrl":"https:\/\/hoteltoledo.it\/wp-content\/uploads\/2025\/07\/Hotel-con-parcheggio-sottorraneo-comodo-vicino-alla-spiaggia.webp","width":1920,"height":840,"caption":"Hotel in Strandn\u00e4he in Jesolo mit einem Tiefgarage"},{"@type":"BreadcrumbList","@id":"https:\/\/hoteltoledo.it\/de\/welches-hotel-in-strandnaehe-in-jesolo-verfuegt-ueber-eine-tiefgarage\/#breadcrumb","itemListElement":[{"@type":"ListItem","position":1,"name":"Home","item":"https:\/\/hoteltoledo.it\/de\/"},{"@type":"ListItem","position":2,"name":"Welches Hotel in Strandn\u00e4he in Jesolo verf\u00fcgt \u00fcber eine Tiefgarage?"}]},{"@type":"WebSite","@id":"https:\/\/hoteltoledo.it\/de\/#website","url":"https:\/\/hoteltoledo.it\/de\/","name":"Hotel Toledo Jesolo","description":"","publisher":{"@id":"https:\/\/hoteltoledo.it\/de\/#organization"},"potentialAction":[{"@type":"SearchAction","target":{"@type":"EntryPoint","urlTemplate":"https:\/\/hoteltoledo.it\/de\/?s={search_term_string}"},"query-input":{"@type":"PropertyValueSpecification","valueRequired":true,"valueName":"search_term_string"}}],"inLanguage":"de"},{"@type":"Organization","@id":"https:\/\/hoteltoledo.it\/de\/#organization","name":"Hotel Toledo Jesolo","url":"https:\/\/hoteltoledo.it\/de\/","logo":{"@type":"ImageObject","inLanguage":"de","@id":"https:\/\/hoteltoledo.it\/de\/#\/schema\/logo\/image\/","url":"https:\/\/hoteltoledo.it\/wp-content\/uploads\/2024\/11\/Hotel_Toledo_Jesolo-e1732787787582.png","contentUrl":"https:\/\/hoteltoledo.it\/wp-content\/uploads\/2024\/11\/Hotel_Toledo_Jesolo-e1732787787582.png","width":250,"height":77,"caption":"Hotel Toledo Jesolo"},"image":{"@id":"https:\/\/hoteltoledo.it\/de\/#\/schema\/logo\/image\/"}}]}},"_links":{"self":[{"href":"https:\/\/hoteltoledo.it\/de\/wp-json\/wp\/v2\/pages\/1583","targetHints":{"allow":["GET"]}}],"collection":[{"href":"https:\/\/hoteltoledo.it\/de\/wp-json\/wp\/v2\/pages"}],"about":[{"href":"https:\/\/hoteltoledo.it\/de\/wp-json\/wp\/v2\/types\/page"}],"author":[{"embeddable":true,"href":"https:\/\/hoteltoledo.it\/de\/wp-json\/wp\/v2\/users\/1"}],"replies":[{"embeddable":true,"href":"https:\/\/hoteltoledo.it\/de\/wp-json\/wp\/v2\/comments?post=1583"}],"version-history":[{"count":4,"href":"https:\/\/hoteltoledo.it\/de\/wp-json\/wp\/v2\/pages\/1583\/revisions"}],"predecessor-version":[{"id":2034,"href":"https:\/\/hoteltoledo.it\/de\/wp-json\/wp\/v2\/pages\/1583\/revisions\/2034"}],"wp:featuredmedia":[{"embeddable":true,"href":"https:\/\/hoteltoledo.it\/de\/wp-json\/wp\/v2\/media\/1578"}],"wp:attachment":[{"href":"https:\/\/hoteltoledo.it\/de\/wp-json\/wp\/v2\/media?parent=1583"}],"curies":[{"name":"wp","href":"https:\/\/api.w.org\/{rel}","templated":true}]}}