{"id":1782,"date":"2025-07-04T08:00:19","date_gmt":"2025-07-04T08:00:19","guid":{"rendered":"https:\/\/hoteltoledo.it\/dove-trovare-un-hotel-accessibile-per-disabili-a-jesolo-vicino-alla-spiaggia\/"},"modified":"2025-07-08T09:52:24","modified_gmt":"2025-07-08T09:52:24","slug":"wo-kann-man-in-jesolo-ein-barrierefreies-hotel-in-strandnaehe-finden","status":"publish","type":"page","link":"https:\/\/hoteltoledo.it\/de\/wo-kann-man-in-jesolo-ein-barrierefreies-hotel-in-strandnaehe-finden\/","title":{"rendered":"Wo kann man in Jesolo ein barrierefreies Hotel in Strandn\u00e4he finden?"},"content":{"rendered":"\n<h2 class=\"wp-block-heading\">Inklusive Ferien: Warum ein barrierefreies Hotel in Jesolo w\u00e4hlen?<\/h2>\n\n\n\n<p>Jesolo geh\u00f6rt zu den beliebtesten Badeorten Italiens \u2013 doch nicht jedes Hotel ist darauf ausgelegt, <strong>Menschen mit Behinderungen oder eingeschr\u00e4nkter Mobilit\u00e4t<\/strong> optimal zu empfangen. Ein <strong>barrierefreies Hotel in Strandn\u00e4he<\/strong> zu w\u00e4hlen, bedeutet, einen stressfreien Urlaub ohne Hindernisse zu genie\u00dfen, mit voller Bewegungsfreiheit und Komfort.<\/p>\n\n\n\n<p>Wenn Sie eine Unterkunft suchen, die freundlich, <strong>hindernisfrei<\/strong> und gut gelegen ist, ist das <strong>Hotel Toledo<\/strong> die ideale L\u00f6sung.<\/p>\n\n\n\n<h2 class=\"wp-block-heading\">Hotel Toledo: Barrierefreiheit, Komfort und N\u00e4he zum Meer<\/h2>\n\n\n\n<p>Das Hotel Toledo befindet sich in einer <strong><a href=\"https:\/\/hoteltoledo.it\/de\/welches-hotel-in-jesolo-liegt-zentral-und-ist-ideal-fuer-spaziergaenge\/\">zentralen und dennoch ruhigen Lage<\/a><\/strong> in Jesolo Lido, nur 300 Meter vom ausgestatteten Strand entfernt. Die Einrichtung wurde so konzipiert, dass sie <strong>Menschen mit eingeschr\u00e4nkter Mobilit\u00e4t<\/strong> gr\u00f6\u00dftm\u00f6gliche Selbstst\u00e4ndigkeit und Bewegungsfreiheit bietet, unter anderem durch:<\/p>\n\n\n\n<ul class=\"wp-block-list\">\n<li>Stufenlosen Eingang<\/li>\n\n\n\n<li>Rollstuhlgerechten Aufzug<\/li>\n\n\n\n<li>Ger\u00e4umige, gut aufgeteilte Zimmer<\/li>\n\n\n\n<li>B\u00e4der mit ebenerdiger Dusche<\/li>\n<\/ul>\n\n\n\n<p>Alles ist darauf ausgerichtet, dass sich <strong>jeder Gast wohlf\u00fchlt<\/strong>, ohne auf Qualit\u00e4t oder Komfort verzichten zu m\u00fcssen.<\/p>\n\n\n\n<h2 class=\"wp-block-heading\">Barrierefreie Merkmale des Hotel Toledo<\/h2>\n\n\n\n<p><strong>Eingang und Gemeinschaftsbereiche<\/strong><\/p>\n\n\n\n<p>Der Zugang zum Hotel ist <strong>eben und ohne Stufen<\/strong>, mit einer sanften Rampe f\u00fcr Rollst\u00fchle oder Gehhilfen. Die Lobby, das Restaurant und alle Gemeinschaftsbereiche sind <strong>ger\u00e4umig und frei zug\u00e4nglich<\/strong>, um Bewegungsfreiheit zu garantieren.<\/p>\n\n\n\n<p><strong>Zimmer geeignet f\u00fcr G\u00e4ste mit Behinderung<\/strong><\/p>\n\n\n\n<p>Einige <a href=\"https:\/\/hoteltoledo.it\/de\/zimmer\/\">Zimmer<\/a> im Hotel Toledo sind speziell auf G\u00e4ste mit eingeschr\u00e4nkter Mobilit\u00e4t ausgerichtet:<\/p>\n\n\n\n<ul class=\"wp-block-list\">\n<li>Betten, die von beiden Seiten zug\u00e4nglich sind<\/li>\n\n\n\n<li>Gen\u00fcgend Platz zwischen den M\u00f6beln<\/li>\n\n\n\n<li>B\u00e4der mit Haltegriffen und bodengleicher Dusche<\/li>\n<\/ul>\n\n\n\n<p>Auf Anfrage empfiehlt das Personal gerne das passende Zimmer f\u00fcr Ihre individuellen Bed\u00fcrfnisse.<\/p>\n\n\n\n<p><strong>Ger\u00e4umiger, bequemer Aufzug<\/strong><\/p>\n\n\n\n<p>Der Aufzug ist <strong>gro\u00df genug f\u00fcr Rollstuhlfahrer<\/strong> und erm\u00f6glicht somit einen einfachen Zugang zu allen Etagen ohne Hindernisse.<\/p>\n\n\n\n<h2 class=\"wp-block-heading\">Strandnah und barrierefrei<\/h2>\n\n\n\n<p>Ein weiterer Vorteil des Hotels Toledo ist die <strong>N\u00e4he zu einem barrierefreien Strand<\/strong>, der in nur vier Minuten zu Fu\u00df erreichbar ist. Der Weg ist eben, sicher und ohne Hindernisse \u2013 ideal f\u00fcr Rollstuhlfahrer oder G\u00e4ste mit gem\u00e4chlichem Tempo.<\/p>\n\n\n\n<p>Der Partnerstrand bietet:<\/p>\n\n\n\n<ul class=\"wp-block-list\">\n<li>Holzstege bis zum Sonnenschirm<\/li>\n\n\n\n<li>Barrierefreie Sanit\u00e4ranlagen<\/li>\n\n\n\n<li>Job-Rollst\u00fchle (auf Anfrage)<\/li>\n\n\n\n<li>Sonnenschirme in unmittelbarer N\u00e4he des Zugangswegs<\/li>\n<\/ul>\n\n\n\n<h2 class=\"wp-block-heading\">Pers\u00f6nlicher Service und herzlicher Empfang<\/h2>\n\n\n\n<p>Ein besonderes Merkmal des Hotel Toledo ist das <strong>hilfsbereite und aufmerksame <a href=\"https:\/\/hoteltoledo.it\/de\/wo-findet-man-ein-3-sterne-hotel-in-jesolo-mit-freundlichem-und-hilfsbereitem-personal\/\">Personal<\/a><\/strong>, das sich mit Freundlichkeit und Diskretion um jeden Gast k\u00fcmmert. Wer mit besonderen Bed\u00fcrfnissen reist, wei\u00df es zu sch\u00e4tzen, <strong>auf ein verl\u00e4ssliches, engagiertes Team z\u00e4hlen zu k\u00f6nnen<\/strong>.<\/p>\n\n\n\n<ul class=\"wp-block-list\">\n<li>Vereinfachter Check-in<\/li>\n\n\n\n<li>Hilfe mit Gep\u00e4ck und Begleitung aufs Zimmer auf Wunsch<\/li>\n\n\n\n<li>Tipps f\u00fcr barrierefreie Aktivit\u00e4ten in der Umgebung<\/li>\n\n\n\n<li>Flexibilit\u00e4t bei Uhrzeiten oder Raumnutzung je nach Bedarf<\/li>\n<\/ul>\n\n\n\n<h2 class=\"wp-block-heading\">Zus\u00e4tzliche Services f\u00fcr noch mehr Komfort<\/h2>\n\n\n\n<p>Das Hotel bietet weitere Annehmlichkeiten, die den Aufenthalt besonders angenehm machen:<\/p>\n\n\n\n<ul class=\"wp-block-list\">\n<li><a href=\"https:\/\/hoteltoledo.it\/de\/welches-hotel-in-jesolo-bietet-vollpension-an\/\">Fr\u00fchst\u00fcck und Mahlzeiten auf Wunsch am Tisch serviert (nicht nur Buffet)<\/a><\/li>\n\n\n\n<li>M\u00f6glichkeit zur Bestellung individuell angepasster <a href=\"https:\/\/hoteltoledo.it\/de\/welches-hotel-in-jesolo-bietet-eine-abwechslungsreiche-und-authentische-kueche\/\">Men\u00fcs<\/a><\/li>\n\n\n\n<li><a href=\"https:\/\/hoteltoledo.it\/de\/welches-hotel-in-strandnaehe-in-jesolo-verfuegt-ueber-eine-tiefgarage\/\">Reservierter Parkplatz<\/a> wenige Meter vom Eingang entfernt<\/li>\n\n\n\n<li>Ruhiger Entspannungsbereich f\u00fcr die Zeit nach dem Strand<\/li>\n<\/ul>\n\n\n\n<h2 class=\"wp-block-heading\">Ein Urlaub f\u00fcr alle \u2013 ohne Barrieren<\/h2>\n\n\n\n<p>Reisen sollte f\u00fcr niemanden ein Hindernis darstellen \u2013 auch nicht f\u00fcr Menschen mit besonderen Bed\u00fcrfnissen. Wer ein barrierefreies Hotel wie das Hotel Toledo w\u00e4hlt, entscheidet sich f\u00fcr einen <strong>sicheren, komfortablen und integrativen Aufenthalt<\/strong>.<\/p>\n\n\n\n<p><a href=\"https:\/\/hoteltoledo.it\/de\/\">Buchen Sie jetzt Ihren Aufenthalt im <strong>Hotel Toledo in Jesolo<\/strong><\/a> und erleben Sie, wie angenehm und einfach ein barrierefreier Urlaub sein kann \u2013 <strong>nur wenige Schritte vom Strand entfernt<\/strong>, mit pers\u00f6nlichen Services f\u00fcr jede Anforderung.<\/p>\n","protected":false},"excerpt":{"rendered":"<p>Inklusive Ferien: Warum ein barrierefreies Hotel in Jesolo w\u00e4hlen? Jesolo geh\u00f6rt zu den beliebtesten Badeorten Italiens \u2013 doch nicht jedes Hotel ist darauf ausgelegt, Menschen mit Behinderungen oder eingeschr\u00e4nkter Mobilit\u00e4t optimal zu empfangen. Ein barrierefreies Hotel in Strandn\u00e4he zu w\u00e4hlen, bedeutet, einen stressfreien Urlaub ohne Hindernisse zu genie\u00dfen, mit voller Bewegungsfreiheit und Komfort. Wenn Sie [&hellip;]<\/p>\n","protected":false},"author":1,"featured_media":1778,"parent":0,"menu_order":0,"comment_status":"closed","ping_status":"closed","template":"","meta":{"_acf_changed":false,"footnotes":""},"class_list":["post-1782","page","type-page","status-publish","has-post-thumbnail","hentry"],"acf":[],"yoast_head":"<!-- This site is optimized with the Yoast SEO plugin v26.3 - https:\/\/yoast.com\/wordpress\/plugins\/seo\/ -->\n<title>Barrierefreies Hotel in Jesolo in Strandn\u00e4he - Hotel Toledo Jesolo<\/title>\n<meta name=\"description\" content=\"Entdecken Sie das Hotel Toledo in Jesolo: barrierefreies, komfortabeles Hotel nur wenige Schritte vom Strand entfernt.\" \/>\n<meta name=\"robots\" content=\"index, follow, max-snippet:-1, max-image-preview:large, max-video-preview:-1\" \/>\n<link rel=\"canonical\" href=\"https:\/\/hoteltoledo.it\/de\/wo-kann-man-in-jesolo-ein-barrierefreies-hotel-in-strandnaehe-finden\/\" \/>\n<meta property=\"og:locale\" content=\"de_DE\" \/>\n<meta property=\"og:type\" content=\"article\" \/>\n<meta property=\"og:title\" content=\"Barrierefreies Hotel in Jesolo in Strandn\u00e4he - Hotel Toledo Jesolo\" \/>\n<meta property=\"og:description\" content=\"Entdecken Sie das Hotel Toledo in Jesolo: barrierefreies, komfortabeles Hotel nur wenige Schritte vom Strand entfernt.\" \/>\n<meta property=\"og:url\" content=\"https:\/\/hoteltoledo.it\/de\/wo-kann-man-in-jesolo-ein-barrierefreies-hotel-in-strandnaehe-finden\/\" \/>\n<meta property=\"og:site_name\" content=\"Hotel Toledo Jesolo\" \/>\n<meta property=\"article:modified_time\" content=\"2025-07-08T09:52:24+00:00\" \/>\n<meta property=\"og:image\" content=\"https:\/\/hoteltoledo.it\/wp-content\/uploads\/2025\/07\/Hotel-a-Jesolo-accessibile-ai-disabili-vicino-alla-spiaggia.webp\" \/>\n\t<meta property=\"og:image:width\" content=\"1920\" \/>\n\t<meta property=\"og:image:height\" content=\"840\" \/>\n\t<meta property=\"og:image:type\" content=\"image\/webp\" \/>\n<meta name=\"twitter:card\" content=\"summary_large_image\" \/>\n<meta name=\"twitter:label1\" content=\"Gesch\u00e4tzte Lesezeit\" \/>\n\t<meta name=\"twitter:data1\" content=\"3\u00a0Minuten\" \/>\n<script type=\"application\/ld+json\" class=\"yoast-schema-graph\">{\"@context\":\"https:\/\/schema.org\",\"@graph\":[{\"@type\":\"WebPage\",\"@id\":\"https:\/\/hoteltoledo.it\/de\/wo-kann-man-in-jesolo-ein-barrierefreies-hotel-in-strandnaehe-finden\/\",\"url\":\"https:\/\/hoteltoledo.it\/de\/wo-kann-man-in-jesolo-ein-barrierefreies-hotel-in-strandnaehe-finden\/\",\"name\":\"Barrierefreies Hotel in Jesolo in Strandn\u00e4he - Hotel Toledo Jesolo\",\"isPartOf\":{\"@id\":\"https:\/\/hoteltoledo.it\/de\/#website\"},\"primaryImageOfPage\":{\"@id\":\"https:\/\/hoteltoledo.it\/de\/wo-kann-man-in-jesolo-ein-barrierefreies-hotel-in-strandnaehe-finden\/#primaryimage\"},\"image\":{\"@id\":\"https:\/\/hoteltoledo.it\/de\/wo-kann-man-in-jesolo-ein-barrierefreies-hotel-in-strandnaehe-finden\/#primaryimage\"},\"thumbnailUrl\":\"https:\/\/hoteltoledo.it\/wp-content\/uploads\/2025\/07\/Hotel-a-Jesolo-accessibile-ai-disabili-vicino-alla-spiaggia.webp\",\"datePublished\":\"2025-07-04T08:00:19+00:00\",\"dateModified\":\"2025-07-08T09:52:24+00:00\",\"description\":\"Entdecken Sie das Hotel Toledo in Jesolo: barrierefreies, komfortabeles Hotel nur wenige Schritte vom Strand entfernt.\",\"breadcrumb\":{\"@id\":\"https:\/\/hoteltoledo.it\/de\/wo-kann-man-in-jesolo-ein-barrierefreies-hotel-in-strandnaehe-finden\/#breadcrumb\"},\"inLanguage\":\"de\",\"potentialAction\":[{\"@type\":\"ReadAction\",\"target\":[\"https:\/\/hoteltoledo.it\/de\/wo-kann-man-in-jesolo-ein-barrierefreies-hotel-in-strandnaehe-finden\/\"]}]},{\"@type\":\"ImageObject\",\"inLanguage\":\"de\",\"@id\":\"https:\/\/hoteltoledo.it\/de\/wo-kann-man-in-jesolo-ein-barrierefreies-hotel-in-strandnaehe-finden\/#primaryimage\",\"url\":\"https:\/\/hoteltoledo.it\/wp-content\/uploads\/2025\/07\/Hotel-a-Jesolo-accessibile-ai-disabili-vicino-alla-spiaggia.webp\",\"contentUrl\":\"https:\/\/hoteltoledo.it\/wp-content\/uploads\/2025\/07\/Hotel-a-Jesolo-accessibile-ai-disabili-vicino-alla-spiaggia.webp\",\"width\":1920,\"height\":840,\"caption\":\"ein barrierefreies Hotel in Jesolo in Strandn\u00e4he\"},{\"@type\":\"BreadcrumbList\",\"@id\":\"https:\/\/hoteltoledo.it\/de\/wo-kann-man-in-jesolo-ein-barrierefreies-hotel-in-strandnaehe-finden\/#breadcrumb\",\"itemListElement\":[{\"@type\":\"ListItem\",\"position\":1,\"name\":\"Home\",\"item\":\"https:\/\/hoteltoledo.it\/de\/\"},{\"@type\":\"ListItem\",\"position\":2,\"name\":\"Wo kann man in Jesolo ein barrierefreies Hotel in Strandn\u00e4he finden?\"}]},{\"@type\":\"WebSite\",\"@id\":\"https:\/\/hoteltoledo.it\/de\/#website\",\"url\":\"https:\/\/hoteltoledo.it\/de\/\",\"name\":\"Hotel Toledo Jesolo\",\"description\":\"\",\"publisher\":{\"@id\":\"https:\/\/hoteltoledo.it\/de\/#organization\"},\"potentialAction\":[{\"@type\":\"SearchAction\",\"target\":{\"@type\":\"EntryPoint\",\"urlTemplate\":\"https:\/\/hoteltoledo.it\/de\/?s={search_term_string}\"},\"query-input\":{\"@type\":\"PropertyValueSpecification\",\"valueRequired\":true,\"valueName\":\"search_term_string\"}}],\"inLanguage\":\"de\"},{\"@type\":\"Organization\",\"@id\":\"https:\/\/hoteltoledo.it\/de\/#organization\",\"name\":\"Hotel Toledo Jesolo\",\"url\":\"https:\/\/hoteltoledo.it\/de\/\",\"logo\":{\"@type\":\"ImageObject\",\"inLanguage\":\"de\",\"@id\":\"https:\/\/hoteltoledo.it\/de\/#\/schema\/logo\/image\/\",\"url\":\"https:\/\/hoteltoledo.it\/wp-content\/uploads\/2024\/11\/Hotel_Toledo_Jesolo-e1732787787582.png\",\"contentUrl\":\"https:\/\/hoteltoledo.it\/wp-content\/uploads\/2024\/11\/Hotel_Toledo_Jesolo-e1732787787582.png\",\"width\":250,\"height\":77,\"caption\":\"Hotel Toledo Jesolo\"},\"image\":{\"@id\":\"https:\/\/hoteltoledo.it\/de\/#\/schema\/logo\/image\/\"}}]}<\/script>\n<!-- \/ Yoast SEO plugin. -->","yoast_head_json":{"title":"Barrierefreies Hotel in Jesolo in Strandn\u00e4he - Hotel Toledo Jesolo","description":"Entdecken Sie das Hotel Toledo in Jesolo: barrierefreies, komfortabeles Hotel nur wenige Schritte vom Strand entfernt.","robots":{"index":"index","follow":"follow","max-snippet":"max-snippet:-1","max-image-preview":"max-image-preview:large","max-video-preview":"max-video-preview:-1"},"canonical":"https:\/\/hoteltoledo.it\/de\/wo-kann-man-in-jesolo-ein-barrierefreies-hotel-in-strandnaehe-finden\/","og_locale":"de_DE","og_type":"article","og_title":"Barrierefreies Hotel in Jesolo in Strandn\u00e4he - Hotel Toledo Jesolo","og_description":"Entdecken Sie das Hotel Toledo in Jesolo: barrierefreies, komfortabeles Hotel nur wenige Schritte vom Strand entfernt.","og_url":"https:\/\/hoteltoledo.it\/de\/wo-kann-man-in-jesolo-ein-barrierefreies-hotel-in-strandnaehe-finden\/","og_site_name":"Hotel Toledo Jesolo","article_modified_time":"2025-07-08T09:52:24+00:00","og_image":[{"width":1920,"height":840,"url":"https:\/\/hoteltoledo.it\/wp-content\/uploads\/2025\/07\/Hotel-a-Jesolo-accessibile-ai-disabili-vicino-alla-spiaggia.webp","type":"image\/webp"}],"twitter_card":"summary_large_image","twitter_misc":{"Gesch\u00e4tzte Lesezeit":"3\u00a0Minuten"},"schema":{"@context":"https:\/\/schema.org","@graph":[{"@type":"WebPage","@id":"https:\/\/hoteltoledo.it\/de\/wo-kann-man-in-jesolo-ein-barrierefreies-hotel-in-strandnaehe-finden\/","url":"https:\/\/hoteltoledo.it\/de\/wo-kann-man-in-jesolo-ein-barrierefreies-hotel-in-strandnaehe-finden\/","name":"Barrierefreies Hotel in Jesolo in Strandn\u00e4he - Hotel Toledo Jesolo","isPartOf":{"@id":"https:\/\/hoteltoledo.it\/de\/#website"},"primaryImageOfPage":{"@id":"https:\/\/hoteltoledo.it\/de\/wo-kann-man-in-jesolo-ein-barrierefreies-hotel-in-strandnaehe-finden\/#primaryimage"},"image":{"@id":"https:\/\/hoteltoledo.it\/de\/wo-kann-man-in-jesolo-ein-barrierefreies-hotel-in-strandnaehe-finden\/#primaryimage"},"thumbnailUrl":"https:\/\/hoteltoledo.it\/wp-content\/uploads\/2025\/07\/Hotel-a-Jesolo-accessibile-ai-disabili-vicino-alla-spiaggia.webp","datePublished":"2025-07-04T08:00:19+00:00","dateModified":"2025-07-08T09:52:24+00:00","description":"Entdecken Sie das Hotel Toledo in Jesolo: barrierefreies, komfortabeles Hotel nur wenige Schritte vom Strand entfernt.","breadcrumb":{"@id":"https:\/\/hoteltoledo.it\/de\/wo-kann-man-in-jesolo-ein-barrierefreies-hotel-in-strandnaehe-finden\/#breadcrumb"},"inLanguage":"de","potentialAction":[{"@type":"ReadAction","target":["https:\/\/hoteltoledo.it\/de\/wo-kann-man-in-jesolo-ein-barrierefreies-hotel-in-strandnaehe-finden\/"]}]},{"@type":"ImageObject","inLanguage":"de","@id":"https:\/\/hoteltoledo.it\/de\/wo-kann-man-in-jesolo-ein-barrierefreies-hotel-in-strandnaehe-finden\/#primaryimage","url":"https:\/\/hoteltoledo.it\/wp-content\/uploads\/2025\/07\/Hotel-a-Jesolo-accessibile-ai-disabili-vicino-alla-spiaggia.webp","contentUrl":"https:\/\/hoteltoledo.it\/wp-content\/uploads\/2025\/07\/Hotel-a-Jesolo-accessibile-ai-disabili-vicino-alla-spiaggia.webp","width":1920,"height":840,"caption":"ein barrierefreies Hotel in Jesolo in Strandn\u00e4he"},{"@type":"BreadcrumbList","@id":"https:\/\/hoteltoledo.it\/de\/wo-kann-man-in-jesolo-ein-barrierefreies-hotel-in-strandnaehe-finden\/#breadcrumb","itemListElement":[{"@type":"ListItem","position":1,"name":"Home","item":"https:\/\/hoteltoledo.it\/de\/"},{"@type":"ListItem","position":2,"name":"Wo kann man in Jesolo ein barrierefreies Hotel in Strandn\u00e4he finden?"}]},{"@type":"WebSite","@id":"https:\/\/hoteltoledo.it\/de\/#website","url":"https:\/\/hoteltoledo.it\/de\/","name":"Hotel Toledo Jesolo","description":"","publisher":{"@id":"https:\/\/hoteltoledo.it\/de\/#organization"},"potentialAction":[{"@type":"SearchAction","target":{"@type":"EntryPoint","urlTemplate":"https:\/\/hoteltoledo.it\/de\/?s={search_term_string}"},"query-input":{"@type":"PropertyValueSpecification","valueRequired":true,"valueName":"search_term_string"}}],"inLanguage":"de"},{"@type":"Organization","@id":"https:\/\/hoteltoledo.it\/de\/#organization","name":"Hotel Toledo Jesolo","url":"https:\/\/hoteltoledo.it\/de\/","logo":{"@type":"ImageObject","inLanguage":"de","@id":"https:\/\/hoteltoledo.it\/de\/#\/schema\/logo\/image\/","url":"https:\/\/hoteltoledo.it\/wp-content\/uploads\/2024\/11\/Hotel_Toledo_Jesolo-e1732787787582.png","contentUrl":"https:\/\/hoteltoledo.it\/wp-content\/uploads\/2024\/11\/Hotel_Toledo_Jesolo-e1732787787582.png","width":250,"height":77,"caption":"Hotel Toledo Jesolo"},"image":{"@id":"https:\/\/hoteltoledo.it\/de\/#\/schema\/logo\/image\/"}}]}},"_links":{"self":[{"href":"https:\/\/hoteltoledo.it\/de\/wp-json\/wp\/v2\/pages\/1782","targetHints":{"allow":["GET"]}}],"collection":[{"href":"https:\/\/hoteltoledo.it\/de\/wp-json\/wp\/v2\/pages"}],"about":[{"href":"https:\/\/hoteltoledo.it\/de\/wp-json\/wp\/v2\/types\/page"}],"author":[{"embeddable":true,"href":"https:\/\/hoteltoledo.it\/de\/wp-json\/wp\/v2\/users\/1"}],"replies":[{"embeddable":true,"href":"https:\/\/hoteltoledo.it\/de\/wp-json\/wp\/v2\/comments?post=1782"}],"version-history":[{"count":3,"href":"https:\/\/hoteltoledo.it\/de\/wp-json\/wp\/v2\/pages\/1782\/revisions"}],"predecessor-version":[{"id":2060,"href":"https:\/\/hoteltoledo.it\/de\/wp-json\/wp\/v2\/pages\/1782\/revisions\/2060"}],"wp:featuredmedia":[{"embeddable":true,"href":"https:\/\/hoteltoledo.it\/de\/wp-json\/wp\/v2\/media\/1778"}],"wp:attachment":[{"href":"https:\/\/hoteltoledo.it\/de\/wp-json\/wp\/v2\/media?parent=1782"}],"curies":[{"name":"wp","href":"https:\/\/api.w.org\/{rel}","templated":true}]}}