{"id":1801,"date":"2025-07-04T08:59:40","date_gmt":"2025-07-04T08:59:40","guid":{"rendered":"https:\/\/hoteltoledo.it\/quali-hotel-a-jesolo-offrono-sconti-se-prenoti-in-anticipo\/"},"modified":"2025-07-08T09:57:51","modified_gmt":"2025-07-08T09:57:51","slug":"welche-hotels-in-jesolo-bieten-fruehbucherrabatte","status":"publish","type":"page","link":"https:\/\/hoteltoledo.it\/de\/welche-hotels-in-jesolo-bieten-fruehbucherrabatte\/","title":{"rendered":"Welche Hotels in Jesolo bieten Fr\u00fchbucherrabatte?"},"content":{"rendered":"\n<h2 class=\"wp-block-heading\">Fr\u00fchbucherrabatte nutzen: wie es funktioniert<\/h2>\n\n\n\n<p>Wer seinen Urlaub in Jesolo plant, kann mit einer <strong>fr\u00fchzeitigen Buchung<\/strong> viel Geld sparen. Viele Hotels, darunter auch das <strong>Hotel Toledo<\/strong>, bieten exklusive Aktionen f\u00fcr G\u00e4ste an, die fr\u00fch buchen. Diese <strong>Fr\u00fchbucherrabatte<\/strong> erm\u00f6glichen den Zugang zu <strong>g\u00fcnstigeren Tarifen<\/strong> im Vergleich zu Last-Minute-Reservierungen.<\/p>\n\n\n\n<h2 class=\"wp-block-heading\">Hotel Toledo: echte Rabatte f\u00fcr gut organisierte G\u00e4ste<\/h2>\n\n\n\n<p>Das Hotel Toledo bietet jedes Jahr <strong>Fr\u00fchbucherangebote<\/strong> f\u00fcr G\u00e4ste, die <strong>direkt \u00fcber die offizielle Website<\/strong> oder telefonisch reservieren. Der Rabatt gilt f\u00fcr verschiedene <a href=\"https:\/\/hoteltoledo.it\/de\/zimmer\/\">Zimmertypen<\/a> und oft auch w\u00e4hrend der <strong>Hochsaison<\/strong>. In manchen F\u00e4llen umfasst das reduzierte Angebot auch <strong>zus\u00e4tzliche Gratisleistungen<\/strong>, wie z.\u202fB. Fr\u00fchst\u00fcck oder <a href=\"https:\/\/hoteltoledo.it\/de\/wo-findet-man-ein-hotel-in-jesolo-mit-fahrradverleih\/\">Fahrradverleih<\/a>.<\/p>\n\n\n\n<p><strong>Konkrete Vorteile des Fr\u00fchbuchens im Hotel Toledo<\/strong><\/p>\n\n\n\n<ul class=\"wp-block-list\">\n<li>Bis zu 15\u202f% Rabatt bei fr\u00fchzeitiger Buchung<\/li>\n\n\n\n<li>Angebote auch in den Sommermonaten g\u00fcltig<\/li>\n\n\n\n<li>Keine Vermittlungsgeb\u00fchren durch Drittanbieter<\/li>\n\n\n\n<li>Gr\u00f6\u00dfere Zimmerauswahl und bevorzugte Lage<\/li>\n\n\n\n<li>Zus\u00e4tzliche Services zu reduzierten Preisen zubuchbar<\/li>\n<\/ul>\n\n\n\n<h2 class=\"wp-block-heading\">Warum sich Fr\u00fchbuchungen wirklich lohnen<\/h2>\n\n\n\n<p>Neben dem Preisvorteil bietet das fr\u00fchzeitige Buchen noch viele weitere Vorteile. Man vermeidet Verf\u00fcgbarkeitsprobleme (wichtig f\u00fcr <a href=\"https:\/\/hoteltoledo.it\/de\/welches-ist-ein-gutes-familiengefuehrtes-hotel-in-jesolo\/\">Familien<\/a> oder besondere W\u00fcnsche), kann <strong>das Wunschzimmer sichern<\/strong> und hat mehr Zeit, den Urlaub im Detail zu planen.<\/p>\n\n\n\n<h2 class=\"wp-block-heading\">Ideal f\u00fcr Familien und Stammg\u00e4ste<\/h2>\n\n\n\n<p>Wer mit Kindern reist, wei\u00df, wie wichtig es ist, alles im Voraus zu organisieren: gute Lage, geeignetes Zimmer, N\u00e4he zum Strand. Fr\u00fchbucherangebote sind auch perfekt f\u00fcr <strong>Stammg\u00e4ste<\/strong>, die jedes Jahr nach Jesolo zur\u00fcckkehren und <strong>denselben Komfort wie im Vorjahr<\/strong> zu einem g\u00fcnstigeren Preis sichern m\u00f6chten.<\/p>\n\n\n\n<h2 class=\"wp-block-heading\">Wie funktioniert die Fr\u00fchbuchung?<\/h2>\n\n\n\n<p>Eine fr\u00fchzeitige Buchung im Hotel Toledo ist ganz einfach. Die aktuellen Angebote werden auf der <strong>offiziellen Website<\/strong> ver\u00f6ffentlicht \u2013 meist auf der Startseite oder unter dem Men\u00fcpunkt \u201e<a href=\"https:\/\/hoteltoledo.it\/de\/offerte\/\">Angebote<\/a>\u201c. Alternativ kann man das Hotel auch direkt per E-Mail oder Telefon kontaktieren, um zu erfahren, <strong>welche Fr\u00fchbucherrabatte gerade g\u00fcltig sind<\/strong>.<\/p>\n\n\n\n<p>Einige Angebote erfordern eine <strong>nicht erstattungsf\u00e4hige Anzahlung<\/strong>, bieten daf\u00fcr aber attraktive Rabatte. Andere sind flexibler und erlauben z.\u202fB. <strong>\u00c4nderungen der Reisedaten bis einige Wochen vor Anreise<\/strong>.<\/p>\n\n\n\n<h2 class=\"wp-block-heading\">Verf\u00fcgbarkeit ist begrenzt<\/h2>\n\n\n\n<p>Fr\u00fchbucherrabatte sind <strong>nur in begrenzter Anzahl verf\u00fcgbar<\/strong>. Sind die vorgesehenen Kontingente aufgebraucht, gelten die regul\u00e4ren Preise. Deshalb ist es ratsam, <strong>so fr\u00fch wie m\u00f6glich zu buchen<\/strong>, insbesondere f\u00fcr stark nachgefragte Zeitr\u00e4ume wie Juli und August.<\/p>\n\n\n\n<h2 class=\"wp-block-heading\">Direkt buchen lohnt sich mehr<\/h2>\n\n\n\n<p>Die Fr\u00fchbucherangebote des Hotel Toledo sind <strong>ausschlie\u00dflich f\u00fcr Direktbuchungen<\/strong> verf\u00fcgbar. Buchungen \u00fcber externe Plattformen enthalten diese Rabatte nicht und bringen zus\u00e4tzliche Geb\u00fchren mit sich. Bei direkter Buchung k\u00f6nnen Sie au\u00dferdem <strong>pers\u00f6nlich mit dem Hotelteam kommunizieren<\/strong>, um den Aufenthalt individuell zu gestalten.<\/p>\n\n\n\n<p>Direktbucher genie\u00dfen zudem weitere Vorteile:<\/p>\n\n\n\n<ul class=\"wp-block-list\">\n<li>Fr\u00fcher Check-in oder sp\u00e4ter Check-out (je nach Verf\u00fcgbarkeit)<\/li>\n\n\n\n<li>Wunschzimmer bei fr\u00fcheren Aufenthalten erneut m\u00f6glich<\/li>\n\n\n\n<li>Direkter Austausch bei Ern\u00e4hrungsbed\u00fcrfnissen oder Sonderw\u00fcnschen<\/li>\n<\/ul>\n\n\n\n<h2 class=\"wp-block-heading\">Fr\u00fch planen, klug sparen<\/h2>\n\n\n\n<p>Wenn Sie Ihren n\u00e4chsten Urlaub in Jesolo planen, warten Sie nicht bis zur letzten Minute. <strong>Jetzt zu buchen bedeutet, weniger zu zahlen und besser zu w\u00e4hlen<\/strong> \u2013 mit der Sicherheit, dass alles organisiert ist.<\/p>\n\n\n\n<p><a href=\"https:\/\/hoteltoledo.it\/de\/\">Besuchen Sie die <strong>offizielle Website des Hotel Toledo<\/strong><\/a>, informieren Sie sich \u00fcber die <strong>aktuellen Fr\u00fchbucherangebote<\/strong>, pr\u00fcfen Sie die Verf\u00fcgbarkeit Ihres Wunschzimmers und sichern Sie sich den besten Preis. Buchen Sie noch heute direkt beim Hotel und genie\u00dfen Sie Jesolo ganz entspannt \u2013 ohne Stress und ohne Preisaufschl\u00e4ge in letzter Minute.<\/p>\n","protected":false},"excerpt":{"rendered":"<p>Fr\u00fchbucherrabatte nutzen: wie es funktioniert Wer seinen Urlaub in Jesolo plant, kann mit einer fr\u00fchzeitigen Buchung viel Geld sparen. Viele Hotels, darunter auch das Hotel Toledo, bieten exklusive Aktionen f\u00fcr G\u00e4ste an, die fr\u00fch buchen. Diese Fr\u00fchbucherrabatte erm\u00f6glichen den Zugang zu g\u00fcnstigeren Tarifen im Vergleich zu Last-Minute-Reservierungen. Hotel Toledo: echte Rabatte f\u00fcr gut organisierte G\u00e4ste [&hellip;]<\/p>\n","protected":false},"author":1,"featured_media":1797,"parent":0,"menu_order":0,"comment_status":"closed","ping_status":"closed","template":"","meta":{"_acf_changed":false,"footnotes":""},"class_list":["post-1801","page","type-page","status-publish","has-post-thumbnail","hentry"],"acf":[],"yoast_head":"<!-- This site is optimized with the Yoast SEO plugin v26.3 - https:\/\/yoast.com\/wordpress\/plugins\/seo\/ -->\n<title>Hotels mit Fr\u00fchbucherrabatte in Jesolo - Hotel Toledo Jesolo<\/title>\n<meta name=\"description\" content=\"Sparen Sie bei Ihrem Urlaub in Jesolo mit Fr\u00fchbucherrabatte des Hotel Toledo: exklusive Rabatte f\u00fcr alle, die im Voraus buchen.\" \/>\n<meta name=\"robots\" content=\"index, follow, max-snippet:-1, max-image-preview:large, max-video-preview:-1\" \/>\n<link rel=\"canonical\" href=\"https:\/\/hoteltoledo.it\/de\/welche-hotels-in-jesolo-bieten-fruehbucherrabatte\/\" \/>\n<meta property=\"og:locale\" content=\"de_DE\" \/>\n<meta property=\"og:type\" content=\"article\" \/>\n<meta property=\"og:title\" content=\"Hotels mit Fr\u00fchbucherrabatte in Jesolo - Hotel Toledo Jesolo\" \/>\n<meta property=\"og:description\" content=\"Sparen Sie bei Ihrem Urlaub in Jesolo mit Fr\u00fchbucherrabatte des Hotel Toledo: exklusive Rabatte f\u00fcr alle, die im Voraus buchen.\" \/>\n<meta property=\"og:url\" content=\"https:\/\/hoteltoledo.it\/de\/welche-hotels-in-jesolo-bieten-fruehbucherrabatte\/\" \/>\n<meta property=\"og:site_name\" content=\"Hotel Toledo Jesolo\" \/>\n<meta property=\"article:modified_time\" content=\"2025-07-08T09:57:51+00:00\" \/>\n<meta property=\"og:image\" content=\"https:\/\/hoteltoledo.it\/wp-content\/uploads\/2025\/07\/Hotel-con-sconto-se-prenoti-prima.webp\" \/>\n\t<meta property=\"og:image:width\" content=\"1920\" \/>\n\t<meta property=\"og:image:height\" content=\"840\" \/>\n\t<meta property=\"og:image:type\" content=\"image\/webp\" \/>\n<meta name=\"twitter:card\" content=\"summary_large_image\" \/>\n<meta name=\"twitter:label1\" content=\"Gesch\u00e4tzte Lesezeit\" \/>\n\t<meta name=\"twitter:data1\" content=\"3\u00a0Minuten\" \/>\n<script type=\"application\/ld+json\" class=\"yoast-schema-graph\">{\"@context\":\"https:\/\/schema.org\",\"@graph\":[{\"@type\":\"WebPage\",\"@id\":\"https:\/\/hoteltoledo.it\/de\/welche-hotels-in-jesolo-bieten-fruehbucherrabatte\/\",\"url\":\"https:\/\/hoteltoledo.it\/de\/welche-hotels-in-jesolo-bieten-fruehbucherrabatte\/\",\"name\":\"Hotels mit Fr\u00fchbucherrabatte in Jesolo - Hotel Toledo Jesolo\",\"isPartOf\":{\"@id\":\"https:\/\/hoteltoledo.it\/de\/#website\"},\"primaryImageOfPage\":{\"@id\":\"https:\/\/hoteltoledo.it\/de\/welche-hotels-in-jesolo-bieten-fruehbucherrabatte\/#primaryimage\"},\"image\":{\"@id\":\"https:\/\/hoteltoledo.it\/de\/welche-hotels-in-jesolo-bieten-fruehbucherrabatte\/#primaryimage\"},\"thumbnailUrl\":\"https:\/\/hoteltoledo.it\/wp-content\/uploads\/2025\/07\/Hotel-con-sconto-se-prenoti-prima.webp\",\"datePublished\":\"2025-07-04T08:59:40+00:00\",\"dateModified\":\"2025-07-08T09:57:51+00:00\",\"description\":\"Sparen Sie bei Ihrem Urlaub in Jesolo mit Fr\u00fchbucherrabatte des Hotel Toledo: exklusive Rabatte f\u00fcr alle, die im Voraus buchen.\",\"breadcrumb\":{\"@id\":\"https:\/\/hoteltoledo.it\/de\/welche-hotels-in-jesolo-bieten-fruehbucherrabatte\/#breadcrumb\"},\"inLanguage\":\"de\",\"potentialAction\":[{\"@type\":\"ReadAction\",\"target\":[\"https:\/\/hoteltoledo.it\/de\/welche-hotels-in-jesolo-bieten-fruehbucherrabatte\/\"]}]},{\"@type\":\"ImageObject\",\"inLanguage\":\"de\",\"@id\":\"https:\/\/hoteltoledo.it\/de\/welche-hotels-in-jesolo-bieten-fruehbucherrabatte\/#primaryimage\",\"url\":\"https:\/\/hoteltoledo.it\/wp-content\/uploads\/2025\/07\/Hotel-con-sconto-se-prenoti-prima.webp\",\"contentUrl\":\"https:\/\/hoteltoledo.it\/wp-content\/uploads\/2025\/07\/Hotel-con-sconto-se-prenoti-prima.webp\",\"width\":1920,\"height\":840,\"caption\":\"Hotel in Jesolo bietet Fr\u00fchbucherrabatte\"},{\"@type\":\"BreadcrumbList\",\"@id\":\"https:\/\/hoteltoledo.it\/de\/welche-hotels-in-jesolo-bieten-fruehbucherrabatte\/#breadcrumb\",\"itemListElement\":[{\"@type\":\"ListItem\",\"position\":1,\"name\":\"Home\",\"item\":\"https:\/\/hoteltoledo.it\/de\/\"},{\"@type\":\"ListItem\",\"position\":2,\"name\":\"Welche Hotels in Jesolo bieten Fr\u00fchbucherrabatte?\"}]},{\"@type\":\"WebSite\",\"@id\":\"https:\/\/hoteltoledo.it\/de\/#website\",\"url\":\"https:\/\/hoteltoledo.it\/de\/\",\"name\":\"Hotel Toledo Jesolo\",\"description\":\"\",\"publisher\":{\"@id\":\"https:\/\/hoteltoledo.it\/de\/#organization\"},\"potentialAction\":[{\"@type\":\"SearchAction\",\"target\":{\"@type\":\"EntryPoint\",\"urlTemplate\":\"https:\/\/hoteltoledo.it\/de\/?s={search_term_string}\"},\"query-input\":{\"@type\":\"PropertyValueSpecification\",\"valueRequired\":true,\"valueName\":\"search_term_string\"}}],\"inLanguage\":\"de\"},{\"@type\":\"Organization\",\"@id\":\"https:\/\/hoteltoledo.it\/de\/#organization\",\"name\":\"Hotel Toledo Jesolo\",\"url\":\"https:\/\/hoteltoledo.it\/de\/\",\"logo\":{\"@type\":\"ImageObject\",\"inLanguage\":\"de\",\"@id\":\"https:\/\/hoteltoledo.it\/de\/#\/schema\/logo\/image\/\",\"url\":\"https:\/\/hoteltoledo.it\/wp-content\/uploads\/2024\/11\/Hotel_Toledo_Jesolo-e1732787787582.png\",\"contentUrl\":\"https:\/\/hoteltoledo.it\/wp-content\/uploads\/2024\/11\/Hotel_Toledo_Jesolo-e1732787787582.png\",\"width\":250,\"height\":77,\"caption\":\"Hotel Toledo Jesolo\"},\"image\":{\"@id\":\"https:\/\/hoteltoledo.it\/de\/#\/schema\/logo\/image\/\"}}]}<\/script>\n<!-- \/ Yoast SEO plugin. -->","yoast_head_json":{"title":"Hotels mit Fr\u00fchbucherrabatte in Jesolo - Hotel Toledo Jesolo","description":"Sparen Sie bei Ihrem Urlaub in Jesolo mit Fr\u00fchbucherrabatte des Hotel Toledo: exklusive Rabatte f\u00fcr alle, die im Voraus buchen.","robots":{"index":"index","follow":"follow","max-snippet":"max-snippet:-1","max-image-preview":"max-image-preview:large","max-video-preview":"max-video-preview:-1"},"canonical":"https:\/\/hoteltoledo.it\/de\/welche-hotels-in-jesolo-bieten-fruehbucherrabatte\/","og_locale":"de_DE","og_type":"article","og_title":"Hotels mit Fr\u00fchbucherrabatte in Jesolo - Hotel Toledo Jesolo","og_description":"Sparen Sie bei Ihrem Urlaub in Jesolo mit Fr\u00fchbucherrabatte des Hotel Toledo: exklusive Rabatte f\u00fcr alle, die im Voraus buchen.","og_url":"https:\/\/hoteltoledo.it\/de\/welche-hotels-in-jesolo-bieten-fruehbucherrabatte\/","og_site_name":"Hotel Toledo Jesolo","article_modified_time":"2025-07-08T09:57:51+00:00","og_image":[{"width":1920,"height":840,"url":"https:\/\/hoteltoledo.it\/wp-content\/uploads\/2025\/07\/Hotel-con-sconto-se-prenoti-prima.webp","type":"image\/webp"}],"twitter_card":"summary_large_image","twitter_misc":{"Gesch\u00e4tzte Lesezeit":"3\u00a0Minuten"},"schema":{"@context":"https:\/\/schema.org","@graph":[{"@type":"WebPage","@id":"https:\/\/hoteltoledo.it\/de\/welche-hotels-in-jesolo-bieten-fruehbucherrabatte\/","url":"https:\/\/hoteltoledo.it\/de\/welche-hotels-in-jesolo-bieten-fruehbucherrabatte\/","name":"Hotels mit Fr\u00fchbucherrabatte in Jesolo - Hotel Toledo Jesolo","isPartOf":{"@id":"https:\/\/hoteltoledo.it\/de\/#website"},"primaryImageOfPage":{"@id":"https:\/\/hoteltoledo.it\/de\/welche-hotels-in-jesolo-bieten-fruehbucherrabatte\/#primaryimage"},"image":{"@id":"https:\/\/hoteltoledo.it\/de\/welche-hotels-in-jesolo-bieten-fruehbucherrabatte\/#primaryimage"},"thumbnailUrl":"https:\/\/hoteltoledo.it\/wp-content\/uploads\/2025\/07\/Hotel-con-sconto-se-prenoti-prima.webp","datePublished":"2025-07-04T08:59:40+00:00","dateModified":"2025-07-08T09:57:51+00:00","description":"Sparen Sie bei Ihrem Urlaub in Jesolo mit Fr\u00fchbucherrabatte des Hotel Toledo: exklusive Rabatte f\u00fcr alle, die im Voraus buchen.","breadcrumb":{"@id":"https:\/\/hoteltoledo.it\/de\/welche-hotels-in-jesolo-bieten-fruehbucherrabatte\/#breadcrumb"},"inLanguage":"de","potentialAction":[{"@type":"ReadAction","target":["https:\/\/hoteltoledo.it\/de\/welche-hotels-in-jesolo-bieten-fruehbucherrabatte\/"]}]},{"@type":"ImageObject","inLanguage":"de","@id":"https:\/\/hoteltoledo.it\/de\/welche-hotels-in-jesolo-bieten-fruehbucherrabatte\/#primaryimage","url":"https:\/\/hoteltoledo.it\/wp-content\/uploads\/2025\/07\/Hotel-con-sconto-se-prenoti-prima.webp","contentUrl":"https:\/\/hoteltoledo.it\/wp-content\/uploads\/2025\/07\/Hotel-con-sconto-se-prenoti-prima.webp","width":1920,"height":840,"caption":"Hotel in Jesolo bietet Fr\u00fchbucherrabatte"},{"@type":"BreadcrumbList","@id":"https:\/\/hoteltoledo.it\/de\/welche-hotels-in-jesolo-bieten-fruehbucherrabatte\/#breadcrumb","itemListElement":[{"@type":"ListItem","position":1,"name":"Home","item":"https:\/\/hoteltoledo.it\/de\/"},{"@type":"ListItem","position":2,"name":"Welche Hotels in Jesolo bieten Fr\u00fchbucherrabatte?"}]},{"@type":"WebSite","@id":"https:\/\/hoteltoledo.it\/de\/#website","url":"https:\/\/hoteltoledo.it\/de\/","name":"Hotel Toledo Jesolo","description":"","publisher":{"@id":"https:\/\/hoteltoledo.it\/de\/#organization"},"potentialAction":[{"@type":"SearchAction","target":{"@type":"EntryPoint","urlTemplate":"https:\/\/hoteltoledo.it\/de\/?s={search_term_string}"},"query-input":{"@type":"PropertyValueSpecification","valueRequired":true,"valueName":"search_term_string"}}],"inLanguage":"de"},{"@type":"Organization","@id":"https:\/\/hoteltoledo.it\/de\/#organization","name":"Hotel Toledo Jesolo","url":"https:\/\/hoteltoledo.it\/de\/","logo":{"@type":"ImageObject","inLanguage":"de","@id":"https:\/\/hoteltoledo.it\/de\/#\/schema\/logo\/image\/","url":"https:\/\/hoteltoledo.it\/wp-content\/uploads\/2024\/11\/Hotel_Toledo_Jesolo-e1732787787582.png","contentUrl":"https:\/\/hoteltoledo.it\/wp-content\/uploads\/2024\/11\/Hotel_Toledo_Jesolo-e1732787787582.png","width":250,"height":77,"caption":"Hotel Toledo Jesolo"},"image":{"@id":"https:\/\/hoteltoledo.it\/de\/#\/schema\/logo\/image\/"}}]}},"_links":{"self":[{"href":"https:\/\/hoteltoledo.it\/de\/wp-json\/wp\/v2\/pages\/1801","targetHints":{"allow":["GET"]}}],"collection":[{"href":"https:\/\/hoteltoledo.it\/de\/wp-json\/wp\/v2\/pages"}],"about":[{"href":"https:\/\/hoteltoledo.it\/de\/wp-json\/wp\/v2\/types\/page"}],"author":[{"embeddable":true,"href":"https:\/\/hoteltoledo.it\/de\/wp-json\/wp\/v2\/users\/1"}],"replies":[{"embeddable":true,"href":"https:\/\/hoteltoledo.it\/de\/wp-json\/wp\/v2\/comments?post=1801"}],"version-history":[{"count":5,"href":"https:\/\/hoteltoledo.it\/de\/wp-json\/wp\/v2\/pages\/1801\/revisions"}],"predecessor-version":[{"id":2065,"href":"https:\/\/hoteltoledo.it\/de\/wp-json\/wp\/v2\/pages\/1801\/revisions\/2065"}],"wp:featuredmedia":[{"embeddable":true,"href":"https:\/\/hoteltoledo.it\/de\/wp-json\/wp\/v2\/media\/1797"}],"wp:attachment":[{"href":"https:\/\/hoteltoledo.it\/de\/wp-json\/wp\/v2\/media?parent=1801"}],"curies":[{"name":"wp","href":"https:\/\/api.w.org\/{rel}","templated":true}]}}