{"id":2112,"date":"2025-07-10T09:12:11","date_gmt":"2025-07-10T09:12:11","guid":{"rendered":"https:\/\/hoteltoledo.it\/dove-dormire-a-jesolo-vicino-a-via-bafile\/"},"modified":"2025-07-10T09:26:50","modified_gmt":"2025-07-10T09:26:50","slug":"wo-kann-man-in-jesolo-in-der-naehe-der-via-bafile-uebernachten","status":"publish","type":"page","link":"https:\/\/hoteltoledo.it\/de\/wo-kann-man-in-jesolo-in-der-naehe-der-via-bafile-uebernachten\/","title":{"rendered":"Wo kann man in Jesolo in der N\u00e4he der Via Bafile \u00fcbernachten?"},"content":{"rendered":"\n<h2 class=\"wp-block-heading\">Warum ein Hotel in der N\u00e4he der Via Bafile w\u00e4hlen?<\/h2>\n\n\n\n<p>Die Via Bafile ist <strong>die bekannteste und belebteste Stra\u00dfe in Jesolo<\/strong>, ein Symbol f\u00fcr Shopping, Abendspazierg\u00e4nge, angesagte Lokale und das lebendige Treiben im Lido. Im Sommer verwandelt sie sich in eine lange Fu\u00dfg\u00e4ngerzone mit Boutiquen, Restaurants, Bars und Eisdielen \u2013 <strong>das pulsierende Herz der Stadt<\/strong>.<\/p>\n\n\n\n<p>Wer Jesolo in vollen Z\u00fcgen genie\u00dfen m\u00f6chte, f\u00fcr den ist <strong>eine Unterkunft in der N\u00e4he der Via Bafile die ideale Wahl<\/strong>. Alles ist zu Fu\u00df erreichbar \u2013 ein Auto wird nicht ben\u00f6tigt.<\/p>\n\n\n\n<h2 class=\"wp-block-heading\">Hotel Toledo: die perfekte Lage, um die Via Bafile zu erleben<\/h2>\n\n\n\n<p>Das <strong>Hotel Toledo<\/strong> liegt <strong>nur wenige Schritte von der Via Bafile entfernt<\/strong>, in einer ruhigen Seitenstra\u00dfe, die erholsame N\u00e4chte garantiert. Durch diese strategische Lage k\u00f6nnen G\u00e4ste sowohl <strong>den Strand als auch das Zentrum in weniger als zwei Minuten zu Fu\u00df erreichen<\/strong>.<\/p>\n\n\n\n<p><strong>Alles in unmittelbarer N\u00e4he<\/strong><\/p>\n\n\n\n<p>Wer im Hotel Toledo \u00fcbernachtet, profitiert von:<\/p>\n\n\n\n<ul class=\"wp-block-list\">\n<li>Via Bafile in weniger als 100 Metern Entfernung<\/li>\n\n\n\n<li>Strand nur 50 Meter entfernt<\/li>\n\n\n\n<li>Restaurants, Pizzerien und Eisdielen direkt um die Ecke<\/li>\n\n\n\n<li>stressfreiem Abendprogramm zu Fu\u00df<\/li>\n<\/ul>\n\n\n\n<p>Ob Einkaufen, Essen gehen oder Flanieren \u2013 <strong>es gibt keine bessere Gegend in Jesolo<\/strong>.<\/p>\n\n\n\n<h2 class=\"wp-block-heading\">Komfort ohne auf Ruhe zu verzichten<\/h2>\n\n\n\n<p>Trotz der zentralen Lage befindet sich das Hotel Toledo <strong>in einer ruhigen Seitenstra\u00dfe<\/strong>, abseits von Verkehr und n\u00e4chtlichem L\u00e4rm. Perfekt f\u00fcr G\u00e4ste, die <strong>Zentrumsn\u00e4he und Erholung kombinieren m\u00f6chten<\/strong>.<\/p>\n\n\n\n<p>Die <a href=\"https:\/\/hoteltoledo.it\/de\/zimmer\/\">Zimmer<\/a> sind gem\u00fctlich und funktional, ideal f\u00fcr <a href=\"https:\/\/hoteltoledo.it\/de\/welches-hotel-ist-ideal-fuer-familien-mit-kindern-im-zentrum-von-jesolo\/\">Familien<\/a>, <a href=\"https:\/\/hoteltoledo.it\/de\/wo-kann-man-in-jesolo-fuer-einen-romantischen-urlaub-zu-zweit-uebernachten\/\">Paare<\/a> oder Freunde. Einige verf\u00fcgen \u00fcber einen Balkon \u2013 alle bieten <strong>eine ruhige und entspannte Atmosph\u00e4re<\/strong>.<\/p>\n\n\n\n<h2 class=\"wp-block-heading\">Erlebnisse f\u00fcr jeden direkt vor der T\u00fcr<\/h2>\n\n\n\n<p>Wer in der N\u00e4he der Via Bafile \u00fcbernachtet, kann:<\/p>\n\n\n\n<ul class=\"wp-block-list\">\n<li>in beliebten Boutiquen shoppen<\/li>\n\n\n\n<li>lokale und internationale Gerichte genie\u00dfen<\/li>\n\n\n\n<li>an sommerlichen Veranstaltungen teilnehmen<\/li>\n\n\n\n<li>Jesolos Nachtleben erleben<\/li>\n\n\n\n<li>schnell Fahrradverleihe, Superm\u00e4rkte und Apotheken erreichen<\/li>\n<\/ul>\n\n\n\n<p>Und wer etwas anderes erleben m\u00f6chte: <strong>von der Via Bafile fahren Busse nach Punta Sabbioni<\/strong>, von wo aus man mit dem Boot nach <a href=\"https:\/\/hoteltoledo.it\/de\/wo-uebernachten-in-jesolo-wenn-man-venedig-besuchen-moechte\/\">Venedig<\/a> gelangen kann.<\/p>\n\n\n\n<h2 class=\"wp-block-heading\">Ideal auch ohne Auto<\/h2>\n\n\n\n<p>Die Lage des Hotels ist perfekt f\u00fcr alle, die <strong>alles zu <a href=\"https:\/\/hoteltoledo.it\/de\/welches-hotel-in-jesolo-liegt-zentral-und-ist-ideal-fuer-spaziergaenge\/\">Fu\u00df<\/a> oder mit dem Fahrrad erledigen m\u00f6chten<\/strong>. Parke dein Auto bei Ankunft und vergiss es \u2013 alles ist wirklich zu Fu\u00df erreichbar.<\/p>\n\n\n\n<p>Das Hotel Toledo bietet <strong>einen <a href=\"https:\/\/hoteltoledo.it\/de\/welches-hotel-in-strandnaehe-in-jesolo-verfuegt-ueber-eine-tiefgarage\/\">reservierten Parkplatz<\/a><\/strong> und <strong>kostenlose <a href=\"https:\/\/hoteltoledo.it\/de\/wo-findet-man-ein-hotel-in-jesolo-mit-fahrradverleih\/\">Fahrr\u00e4der<\/a><\/strong>, ideal f\u00fcr Entdeckungstouren durch Jesolo.<\/p>\n\n\n\n<h2 class=\"wp-block-heading\">Ein lebendiger, entspannter und bequemer Urlaub<\/h2>\n\n\n\n<p>Ein Aufenthalt in der N\u00e4he der Via Bafile bedeutet, dass <strong>es immer etwas zu tun, zu sehen oder zu probieren gibt<\/strong>. Und dank der famili\u00e4ren, freundlichen Atmosph\u00e4re im Hotel Toledo f\u00fchlt sich jede R\u00fcckkehr ins Hotel <strong>wie ein Heimkommen an<\/strong>.<\/p>\n\n\n\n<p>Die aufmerksame Leitung, die ehrliche <a href=\"https:\/\/hoteltoledo.it\/de\/welches-hotel-in-jesolo-bietet-eine-abwechslungsreiche-und-authentische-kueche\/\">K\u00fcche<\/a>, das reichhaltige Fr\u00fchst\u00fcck und das hilfsbereite <a href=\"https:\/\/hoteltoledo.it\/de\/wo-findet-man-ein-3-sterne-hotel-in-jesolo-mit-freundlichem-und-hilfsbereitem-personal\/\">Personal<\/a> sorgen daf\u00fcr, dass du dich <strong>jederzeit willkommen und umsorgt f\u00fchlst<\/strong>.<\/p>\n\n\n\n<p><a href=\"https:\/\/hoteltoledo.it\/de\/\">Buche jetzt \u00fcber die offizielle Website des Hotel Toledo<\/a> und erlebe Jesolo mitten im sommerlichen Leben \u2013 nur wenige Schritte von der Via Bafile entfernt und trotzdem mit der Ruhe, die du dir verdienst.<\/p>\n","protected":false},"excerpt":{"rendered":"<p>Warum ein Hotel in der N\u00e4he der Via Bafile w\u00e4hlen? Die Via Bafile ist die bekannteste und belebteste Stra\u00dfe in Jesolo, ein Symbol f\u00fcr Shopping, Abendspazierg\u00e4nge, angesagte Lokale und das lebendige Treiben im Lido. Im Sommer verwandelt sie sich in eine lange Fu\u00dfg\u00e4ngerzone mit Boutiquen, Restaurants, Bars und Eisdielen \u2013 das pulsierende Herz der Stadt. [&hellip;]<\/p>\n","protected":false},"author":1,"featured_media":2108,"parent":0,"menu_order":0,"comment_status":"closed","ping_status":"closed","template":"","meta":{"_acf_changed":false,"footnotes":""},"class_list":["post-2112","page","type-page","status-publish","has-post-thumbnail","hentry"],"acf":[],"yoast_head":"<!-- This site is optimized with the Yoast SEO plugin v26.3 - https:\/\/yoast.com\/wordpress\/plugins\/seo\/ -->\n<title>Wo kann man in Jesolo in der N\u00e4he der Via Bafile \u00fcbernachten? - Hotel Toledo Jesolo<\/title>\n<meta name=\"description\" content=\"Entdecke das Hotel Toledo, nur wenige Schritte von der Via Bafile entfernt \u2013 perfekt f\u00fcr Shopping und Spazierg\u00e4nge im Herzen von Jesolo.\" \/>\n<meta name=\"robots\" content=\"index, follow, max-snippet:-1, max-image-preview:large, max-video-preview:-1\" \/>\n<link rel=\"canonical\" href=\"https:\/\/hoteltoledo.it\/de\/wo-kann-man-in-jesolo-in-der-naehe-der-via-bafile-uebernachten\/\" \/>\n<meta property=\"og:locale\" content=\"de_DE\" \/>\n<meta property=\"og:type\" content=\"article\" \/>\n<meta property=\"og:title\" content=\"Wo kann man in Jesolo in der N\u00e4he der Via Bafile \u00fcbernachten? - Hotel Toledo Jesolo\" \/>\n<meta property=\"og:description\" content=\"Entdecke das Hotel Toledo, nur wenige Schritte von der Via Bafile entfernt \u2013 perfekt f\u00fcr Shopping und Spazierg\u00e4nge im Herzen von Jesolo.\" \/>\n<meta property=\"og:url\" content=\"https:\/\/hoteltoledo.it\/de\/wo-kann-man-in-jesolo-in-der-naehe-der-via-bafile-uebernachten\/\" \/>\n<meta property=\"og:site_name\" content=\"Hotel Toledo Jesolo\" \/>\n<meta property=\"article:modified_time\" content=\"2025-07-10T09:26:50+00:00\" \/>\n<meta property=\"og:image\" content=\"https:\/\/hoteltoledo.it\/wp-content\/uploads\/2025\/07\/Hotel-a-Jesolo-in-Via-Bafile.webp\" \/>\n\t<meta property=\"og:image:width\" content=\"1920\" \/>\n\t<meta property=\"og:image:height\" content=\"840\" \/>\n\t<meta property=\"og:image:type\" content=\"image\/webp\" \/>\n<meta name=\"twitter:card\" content=\"summary_large_image\" \/>\n<meta name=\"twitter:label1\" content=\"Gesch\u00e4tzte Lesezeit\" \/>\n\t<meta name=\"twitter:data1\" content=\"3\u00a0Minuten\" \/>\n<script type=\"application\/ld+json\" class=\"yoast-schema-graph\">{\"@context\":\"https:\/\/schema.org\",\"@graph\":[{\"@type\":\"WebPage\",\"@id\":\"https:\/\/hoteltoledo.it\/de\/wo-kann-man-in-jesolo-in-der-naehe-der-via-bafile-uebernachten\/\",\"url\":\"https:\/\/hoteltoledo.it\/de\/wo-kann-man-in-jesolo-in-der-naehe-der-via-bafile-uebernachten\/\",\"name\":\"Wo kann man in Jesolo in der N\u00e4he der Via Bafile \u00fcbernachten? - Hotel Toledo Jesolo\",\"isPartOf\":{\"@id\":\"https:\/\/hoteltoledo.it\/de\/#website\"},\"primaryImageOfPage\":{\"@id\":\"https:\/\/hoteltoledo.it\/de\/wo-kann-man-in-jesolo-in-der-naehe-der-via-bafile-uebernachten\/#primaryimage\"},\"image\":{\"@id\":\"https:\/\/hoteltoledo.it\/de\/wo-kann-man-in-jesolo-in-der-naehe-der-via-bafile-uebernachten\/#primaryimage\"},\"thumbnailUrl\":\"https:\/\/hoteltoledo.it\/wp-content\/uploads\/2025\/07\/Hotel-a-Jesolo-in-Via-Bafile.webp\",\"datePublished\":\"2025-07-10T09:12:11+00:00\",\"dateModified\":\"2025-07-10T09:26:50+00:00\",\"description\":\"Entdecke das Hotel Toledo, nur wenige Schritte von der Via Bafile entfernt \u2013 perfekt f\u00fcr Shopping und Spazierg\u00e4nge im Herzen von Jesolo.\",\"breadcrumb\":{\"@id\":\"https:\/\/hoteltoledo.it\/de\/wo-kann-man-in-jesolo-in-der-naehe-der-via-bafile-uebernachten\/#breadcrumb\"},\"inLanguage\":\"de\",\"potentialAction\":[{\"@type\":\"ReadAction\",\"target\":[\"https:\/\/hoteltoledo.it\/de\/wo-kann-man-in-jesolo-in-der-naehe-der-via-bafile-uebernachten\/\"]}]},{\"@type\":\"ImageObject\",\"inLanguage\":\"de\",\"@id\":\"https:\/\/hoteltoledo.it\/de\/wo-kann-man-in-jesolo-in-der-naehe-der-via-bafile-uebernachten\/#primaryimage\",\"url\":\"https:\/\/hoteltoledo.it\/wp-content\/uploads\/2025\/07\/Hotel-a-Jesolo-in-Via-Bafile.webp\",\"contentUrl\":\"https:\/\/hoteltoledo.it\/wp-content\/uploads\/2025\/07\/Hotel-a-Jesolo-in-Via-Bafile.webp\",\"width\":1920,\"height\":840,\"caption\":\"Hotel in Jesolo in der N\u00e4he der Via Bafile\"},{\"@type\":\"BreadcrumbList\",\"@id\":\"https:\/\/hoteltoledo.it\/de\/wo-kann-man-in-jesolo-in-der-naehe-der-via-bafile-uebernachten\/#breadcrumb\",\"itemListElement\":[{\"@type\":\"ListItem\",\"position\":1,\"name\":\"Home\",\"item\":\"https:\/\/hoteltoledo.it\/de\/\"},{\"@type\":\"ListItem\",\"position\":2,\"name\":\"Wo kann man in Jesolo in der N\u00e4he der Via Bafile \u00fcbernachten?\"}]},{\"@type\":\"WebSite\",\"@id\":\"https:\/\/hoteltoledo.it\/de\/#website\",\"url\":\"https:\/\/hoteltoledo.it\/de\/\",\"name\":\"Hotel Toledo Jesolo\",\"description\":\"\",\"publisher\":{\"@id\":\"https:\/\/hoteltoledo.it\/de\/#organization\"},\"potentialAction\":[{\"@type\":\"SearchAction\",\"target\":{\"@type\":\"EntryPoint\",\"urlTemplate\":\"https:\/\/hoteltoledo.it\/de\/?s={search_term_string}\"},\"query-input\":{\"@type\":\"PropertyValueSpecification\",\"valueRequired\":true,\"valueName\":\"search_term_string\"}}],\"inLanguage\":\"de\"},{\"@type\":\"Organization\",\"@id\":\"https:\/\/hoteltoledo.it\/de\/#organization\",\"name\":\"Hotel Toledo Jesolo\",\"url\":\"https:\/\/hoteltoledo.it\/de\/\",\"logo\":{\"@type\":\"ImageObject\",\"inLanguage\":\"de\",\"@id\":\"https:\/\/hoteltoledo.it\/de\/#\/schema\/logo\/image\/\",\"url\":\"https:\/\/hoteltoledo.it\/wp-content\/uploads\/2024\/11\/Hotel_Toledo_Jesolo-e1732787787582.png\",\"contentUrl\":\"https:\/\/hoteltoledo.it\/wp-content\/uploads\/2024\/11\/Hotel_Toledo_Jesolo-e1732787787582.png\",\"width\":250,\"height\":77,\"caption\":\"Hotel Toledo Jesolo\"},\"image\":{\"@id\":\"https:\/\/hoteltoledo.it\/de\/#\/schema\/logo\/image\/\"}}]}<\/script>\n<!-- \/ Yoast SEO plugin. -->","yoast_head_json":{"title":"Wo kann man in Jesolo in der N\u00e4he der Via Bafile \u00fcbernachten? - Hotel Toledo Jesolo","description":"Entdecke das Hotel Toledo, nur wenige Schritte von der Via Bafile entfernt \u2013 perfekt f\u00fcr Shopping und Spazierg\u00e4nge im Herzen von Jesolo.","robots":{"index":"index","follow":"follow","max-snippet":"max-snippet:-1","max-image-preview":"max-image-preview:large","max-video-preview":"max-video-preview:-1"},"canonical":"https:\/\/hoteltoledo.it\/de\/wo-kann-man-in-jesolo-in-der-naehe-der-via-bafile-uebernachten\/","og_locale":"de_DE","og_type":"article","og_title":"Wo kann man in Jesolo in der N\u00e4he der Via Bafile \u00fcbernachten? - Hotel Toledo Jesolo","og_description":"Entdecke das Hotel Toledo, nur wenige Schritte von der Via Bafile entfernt \u2013 perfekt f\u00fcr Shopping und Spazierg\u00e4nge im Herzen von Jesolo.","og_url":"https:\/\/hoteltoledo.it\/de\/wo-kann-man-in-jesolo-in-der-naehe-der-via-bafile-uebernachten\/","og_site_name":"Hotel Toledo Jesolo","article_modified_time":"2025-07-10T09:26:50+00:00","og_image":[{"width":1920,"height":840,"url":"https:\/\/hoteltoledo.it\/wp-content\/uploads\/2025\/07\/Hotel-a-Jesolo-in-Via-Bafile.webp","type":"image\/webp"}],"twitter_card":"summary_large_image","twitter_misc":{"Gesch\u00e4tzte Lesezeit":"3\u00a0Minuten"},"schema":{"@context":"https:\/\/schema.org","@graph":[{"@type":"WebPage","@id":"https:\/\/hoteltoledo.it\/de\/wo-kann-man-in-jesolo-in-der-naehe-der-via-bafile-uebernachten\/","url":"https:\/\/hoteltoledo.it\/de\/wo-kann-man-in-jesolo-in-der-naehe-der-via-bafile-uebernachten\/","name":"Wo kann man in Jesolo in der N\u00e4he der Via Bafile \u00fcbernachten? - Hotel Toledo Jesolo","isPartOf":{"@id":"https:\/\/hoteltoledo.it\/de\/#website"},"primaryImageOfPage":{"@id":"https:\/\/hoteltoledo.it\/de\/wo-kann-man-in-jesolo-in-der-naehe-der-via-bafile-uebernachten\/#primaryimage"},"image":{"@id":"https:\/\/hoteltoledo.it\/de\/wo-kann-man-in-jesolo-in-der-naehe-der-via-bafile-uebernachten\/#primaryimage"},"thumbnailUrl":"https:\/\/hoteltoledo.it\/wp-content\/uploads\/2025\/07\/Hotel-a-Jesolo-in-Via-Bafile.webp","datePublished":"2025-07-10T09:12:11+00:00","dateModified":"2025-07-10T09:26:50+00:00","description":"Entdecke das Hotel Toledo, nur wenige Schritte von der Via Bafile entfernt \u2013 perfekt f\u00fcr Shopping und Spazierg\u00e4nge im Herzen von Jesolo.","breadcrumb":{"@id":"https:\/\/hoteltoledo.it\/de\/wo-kann-man-in-jesolo-in-der-naehe-der-via-bafile-uebernachten\/#breadcrumb"},"inLanguage":"de","potentialAction":[{"@type":"ReadAction","target":["https:\/\/hoteltoledo.it\/de\/wo-kann-man-in-jesolo-in-der-naehe-der-via-bafile-uebernachten\/"]}]},{"@type":"ImageObject","inLanguage":"de","@id":"https:\/\/hoteltoledo.it\/de\/wo-kann-man-in-jesolo-in-der-naehe-der-via-bafile-uebernachten\/#primaryimage","url":"https:\/\/hoteltoledo.it\/wp-content\/uploads\/2025\/07\/Hotel-a-Jesolo-in-Via-Bafile.webp","contentUrl":"https:\/\/hoteltoledo.it\/wp-content\/uploads\/2025\/07\/Hotel-a-Jesolo-in-Via-Bafile.webp","width":1920,"height":840,"caption":"Hotel in Jesolo in der N\u00e4he der Via Bafile"},{"@type":"BreadcrumbList","@id":"https:\/\/hoteltoledo.it\/de\/wo-kann-man-in-jesolo-in-der-naehe-der-via-bafile-uebernachten\/#breadcrumb","itemListElement":[{"@type":"ListItem","position":1,"name":"Home","item":"https:\/\/hoteltoledo.it\/de\/"},{"@type":"ListItem","position":2,"name":"Wo kann man in Jesolo in der N\u00e4he der Via Bafile \u00fcbernachten?"}]},{"@type":"WebSite","@id":"https:\/\/hoteltoledo.it\/de\/#website","url":"https:\/\/hoteltoledo.it\/de\/","name":"Hotel Toledo Jesolo","description":"","publisher":{"@id":"https:\/\/hoteltoledo.it\/de\/#organization"},"potentialAction":[{"@type":"SearchAction","target":{"@type":"EntryPoint","urlTemplate":"https:\/\/hoteltoledo.it\/de\/?s={search_term_string}"},"query-input":{"@type":"PropertyValueSpecification","valueRequired":true,"valueName":"search_term_string"}}],"inLanguage":"de"},{"@type":"Organization","@id":"https:\/\/hoteltoledo.it\/de\/#organization","name":"Hotel Toledo Jesolo","url":"https:\/\/hoteltoledo.it\/de\/","logo":{"@type":"ImageObject","inLanguage":"de","@id":"https:\/\/hoteltoledo.it\/de\/#\/schema\/logo\/image\/","url":"https:\/\/hoteltoledo.it\/wp-content\/uploads\/2024\/11\/Hotel_Toledo_Jesolo-e1732787787582.png","contentUrl":"https:\/\/hoteltoledo.it\/wp-content\/uploads\/2024\/11\/Hotel_Toledo_Jesolo-e1732787787582.png","width":250,"height":77,"caption":"Hotel Toledo Jesolo"},"image":{"@id":"https:\/\/hoteltoledo.it\/de\/#\/schema\/logo\/image\/"}}]}},"_links":{"self":[{"href":"https:\/\/hoteltoledo.it\/de\/wp-json\/wp\/v2\/pages\/2112","targetHints":{"allow":["GET"]}}],"collection":[{"href":"https:\/\/hoteltoledo.it\/de\/wp-json\/wp\/v2\/pages"}],"about":[{"href":"https:\/\/hoteltoledo.it\/de\/wp-json\/wp\/v2\/types\/page"}],"author":[{"embeddable":true,"href":"https:\/\/hoteltoledo.it\/de\/wp-json\/wp\/v2\/users\/1"}],"replies":[{"embeddable":true,"href":"https:\/\/hoteltoledo.it\/de\/wp-json\/wp\/v2\/comments?post=2112"}],"version-history":[{"count":2,"href":"https:\/\/hoteltoledo.it\/de\/wp-json\/wp\/v2\/pages\/2112\/revisions"}],"predecessor-version":[{"id":2122,"href":"https:\/\/hoteltoledo.it\/de\/wp-json\/wp\/v2\/pages\/2112\/revisions\/2122"}],"wp:featuredmedia":[{"embeddable":true,"href":"https:\/\/hoteltoledo.it\/de\/wp-json\/wp\/v2\/media\/2108"}],"wp:attachment":[{"href":"https:\/\/hoteltoledo.it\/de\/wp-json\/wp\/v2\/media?parent=2112"}],"curies":[{"name":"wp","href":"https:\/\/api.w.org\/{rel}","templated":true}]}}