{"id":2253,"date":"2026-03-11T10:50:41","date_gmt":"2026-03-11T10:50:41","guid":{"rendered":"https:\/\/hoteltoledo.it\/a-tutta-bici\/"},"modified":"2026-03-23T08:40:02","modified_gmt":"2026-03-23T08:40:02","slug":"a-tutta-bici","status":"publish","type":"page","link":"https:\/\/hoteltoledo.it\/de\/a-tutta-bici\/","title":{"rendered":"Auf zum Radfahren"},"content":{"rendered":"<h2 class=\"p1\"><b>Kostenloser Fahrradverleih f\u00fcr die ganze Familie<\/b><\/h2>\n<p class=\"p1\">Im <b>Hotel Toledo<\/b> ist <b>der Fahrradverleih im Aufenthalt inbegriffen<\/b>, ohne zus\u00e4tzliche Kosten. Den G\u00e4sten stehen <b>Citybikes f\u00fcr Erwachsene<\/b>, <b>Kinderfahrr\u00e4der, Kindersitze f\u00fcr die Kleinsten<\/b> und Schutzhelme zur Verf\u00fcgung.<\/p>\n<p class=\"p1\">Ein Service, der geschaffen wurde, damit Sie sich unbeschwert zwischen dem <b>Strand<\/b>, dem <b>Zentrum von Jesolo Lido<\/b> und den zahlreichen <b>Radwegen<\/b> in der Umgebung fortbewegen k\u00f6nnen, ohne Stress und ohne Parkplatzprobleme. Ideal f\u00fcr <b>Familien<\/b>, Paare und Alleinreisende, die sich f\u00fcr eine nachhaltige und angenehme Art und Weise entscheiden, das Meer zu erleben.<\/p>\n<h2 class=\"p2\"><b>Sicherer und privater Fahrradraum, kostenlos f\u00fcr G\u00e4ste<\/b><b><\/b><\/h2>\n<p class=\"p1\">Das Hotel Toledo bietet einen <b>privaten Fahrradraum<\/b>, der ausschlie\u00dflich f\u00fcr G\u00e4ste mit Zimmerkarte zug\u00e4nglich ist. Ein <b>sicherer und spezieller Bereich<\/b>, vorgesehen f\u00fcr alle, die mit dem Fahrrad anreisen und es sorglos unterbringen m\u00f6chten.<\/p>\n<ul class=\"ul1\">\n<li class=\"li3\"><b>\u2022 Ladestationen<\/b> f\u00fcr Elektrofahrr\u00e4der und E-Bikes<\/li>\n<li class=\"li3\"><b>\u2022 Ausgestattete Werkbank<\/b> f\u00fcr Wartungsarbeiten und kleinere Reparaturen<\/li>\n<li class=\"li3\"><b>\u2022 Kompressor mit Manometer<\/b> zum Aufpumpen der Reifen<\/li>\n<li class=\"li3\"><b>\u2022 Zugang<\/b> nur mit Zimmerkarte, ausschlie\u00dflich f\u00fcr autorisierte G\u00e4ste<\/li>\n<li class=\"li3\"><b>\u2022 Abgeschlossener und gesch\u00fctzter Bereich,<\/b> um Ihr Fahrrad in aller Sicherheit unterzubringen<\/li>\n<\/ul>\n<p class=\"p1\">Ein Service, der besonders gesch\u00e4tzt wird von <b>Radtouristen<\/b>, <b>E-Bike-Liebhabern<\/b> und G\u00e4sten aus <b>Deutschland und Nordeuropa<\/b>, wo der Radtourismus ein fester Bestandteil der Reisekultur ist. F\u00fcr alle, die <b>in Jesolo auf der Suche nach einem Hotel mit sicherem Fahrradraum sind<\/b>, bietet das Hotel Toledo eine umfassende und professionelle L\u00f6sung.<\/p>\n<p class=\"p2\"><b>Neu im Sommer\u00a02026: E-Bikes und gef\u00fchrte Touren<\/b><b><\/b><\/p>\n<p class=\"p1\"><b>Ab Sommer\u00a02026<\/b> arbeitet das Hotel mit Fachleuten aus der Branche zusammen, um das Erlebnis f\u00fcr die G\u00e4ste noch weiter zu bereichern. Nach <b>vorheriger Reservierung<\/b> k\u00f6nnen Sie hochwertige <b>E-Bikes<\/b> mieten und an <b>gef\u00fchrten Touren<\/b> teilnehmen, mit spezialisierten Begleitern von <a href=\"https:\/\/lagunaebike.it\/\"><span class=\"s1\">Laguna E-Bike<\/span><\/a>, die Sie auf individuell gestaltete Routen zwischen Meer, Natur und Lagune mitnehmen.<\/p>\n<p class=\"p1\">Die Routen f\u00fchren durch die eindrucksvollsten Landschaften zwischen <b>Jesolo<\/b>, der <b>venezianischen Lagune<\/b> und der <b>Umgebung von Venedig<\/b> und erm\u00f6glichen einen aktiven, authentischen Urlaub abseits der Massenstr\u00f6me.<\/p>\n<p class=\"p1\">Fragen Sie uns nach dem Rabattcode, mit dem Sie einen erm\u00e4\u00dfigten Tarif f\u00fcr den Verleih und die Ausfl\u00fcge erhalten, der nur unseren G\u00e4sten vorbehalten ist.<\/p>\n<p>\u00a0<\/p>\n\n\n<p><\/p>\n","protected":false},"excerpt":{"rendered":"<p>Kostenloser Fahrradverleih f\u00fcr die ganze Familie Im Hotel Toledo ist der Fahrradverleih im Aufenthalt inbegriffen, ohne zus\u00e4tzliche Kosten. Den G\u00e4sten stehen Citybikes f\u00fcr Erwachsene, Kinderfahrr\u00e4der, Kindersitze f\u00fcr die Kleinsten und Schutzhelme zur Verf\u00fcgung. Ein Service, der geschaffen wurde, damit Sie sich unbeschwert zwischen dem Strand, dem Zentrum von Jesolo Lido und den zahlreichen Radwegen in [&hellip;]<\/p>\n","protected":false},"author":2,"featured_media":0,"parent":0,"menu_order":0,"comment_status":"closed","ping_status":"closed","template":"","meta":{"_acf_changed":false,"footnotes":""},"class_list":["post-2253","page","type-page","status-publish","hentry"],"acf":[],"yoast_head":"<!-- This site is optimized with the Yoast SEO plugin v26.3 - https:\/\/yoast.com\/wordpress\/plugins\/seo\/ -->\n<title>Auf zum Radfahren - Hotel Toledo Jesolo<\/title>\n<meta name=\"description\" content=\"Hotel Toledo a Jesolo Lido: il tuo bike hotel ideale con noleggio gratuito di biciclette, servizi dedicati ai ciclisti e vacanze indimenticabili nel cuore della citt\u00e0.\" \/>\n<meta name=\"robots\" content=\"index, follow, max-snippet:-1, max-image-preview:large, max-video-preview:-1\" \/>\n<link rel=\"canonical\" href=\"https:\/\/hoteltoledo.it\/de\/a-tutta-bici\/\" \/>\n<meta property=\"og:locale\" content=\"de_DE\" \/>\n<meta property=\"og:type\" content=\"article\" \/>\n<meta property=\"og:title\" content=\"Auf zum Radfahren - Hotel Toledo Jesolo\" \/>\n<meta property=\"og:description\" content=\"Hotel Toledo a Jesolo Lido: il tuo bike hotel ideale con noleggio gratuito di biciclette, servizi dedicati ai ciclisti e vacanze indimenticabili nel cuore della citt\u00e0.\" \/>\n<meta property=\"og:url\" content=\"https:\/\/hoteltoledo.it\/de\/a-tutta-bici\/\" \/>\n<meta property=\"og:site_name\" content=\"Hotel Toledo Jesolo\" \/>\n<meta property=\"article:modified_time\" content=\"2026-03-23T08:40:02+00:00\" \/>\n<meta name=\"twitter:card\" content=\"summary_large_image\" \/>\n<meta name=\"twitter:label1\" content=\"Gesch\u00e4tzte Lesezeit\" \/>\n\t<meta name=\"twitter:data1\" content=\"2\u00a0Minuten\" \/>\n<script type=\"application\/ld+json\" class=\"yoast-schema-graph\">{\"@context\":\"https:\/\/schema.org\",\"@graph\":[{\"@type\":\"WebPage\",\"@id\":\"https:\/\/hoteltoledo.it\/de\/a-tutta-bici\/\",\"url\":\"https:\/\/hoteltoledo.it\/de\/a-tutta-bici\/\",\"name\":\"Auf zum Radfahren - Hotel Toledo Jesolo\",\"isPartOf\":{\"@id\":\"https:\/\/hoteltoledo.it\/de\/#website\"},\"datePublished\":\"2026-03-11T10:50:41+00:00\",\"dateModified\":\"2026-03-23T08:40:02+00:00\",\"description\":\"Hotel Toledo a Jesolo Lido: il tuo bike hotel ideale con noleggio gratuito di biciclette, servizi dedicati ai ciclisti e vacanze indimenticabili nel cuore della citt\u00e0.\",\"breadcrumb\":{\"@id\":\"https:\/\/hoteltoledo.it\/de\/a-tutta-bici\/#breadcrumb\"},\"inLanguage\":\"de\",\"potentialAction\":[{\"@type\":\"ReadAction\",\"target\":[\"https:\/\/hoteltoledo.it\/de\/a-tutta-bici\/\"]}]},{\"@type\":\"BreadcrumbList\",\"@id\":\"https:\/\/hoteltoledo.it\/de\/a-tutta-bici\/#breadcrumb\",\"itemListElement\":[{\"@type\":\"ListItem\",\"position\":1,\"name\":\"Home\",\"item\":\"https:\/\/hoteltoledo.it\/de\/\"},{\"@type\":\"ListItem\",\"position\":2,\"name\":\"Auf zum Radfahren\"}]},{\"@type\":\"WebSite\",\"@id\":\"https:\/\/hoteltoledo.it\/de\/#website\",\"url\":\"https:\/\/hoteltoledo.it\/de\/\",\"name\":\"Hotel Toledo Jesolo\",\"description\":\"\",\"publisher\":{\"@id\":\"https:\/\/hoteltoledo.it\/de\/#organization\"},\"potentialAction\":[{\"@type\":\"SearchAction\",\"target\":{\"@type\":\"EntryPoint\",\"urlTemplate\":\"https:\/\/hoteltoledo.it\/de\/?s={search_term_string}\"},\"query-input\":{\"@type\":\"PropertyValueSpecification\",\"valueRequired\":true,\"valueName\":\"search_term_string\"}}],\"inLanguage\":\"de\"},{\"@type\":\"Organization\",\"@id\":\"https:\/\/hoteltoledo.it\/de\/#organization\",\"name\":\"Hotel Toledo Jesolo\",\"url\":\"https:\/\/hoteltoledo.it\/de\/\",\"logo\":{\"@type\":\"ImageObject\",\"inLanguage\":\"de\",\"@id\":\"https:\/\/hoteltoledo.it\/de\/#\/schema\/logo\/image\/\",\"url\":\"https:\/\/hoteltoledo.it\/wp-content\/uploads\/2024\/11\/Hotel_Toledo_Jesolo-e1732787787582.png\",\"contentUrl\":\"https:\/\/hoteltoledo.it\/wp-content\/uploads\/2024\/11\/Hotel_Toledo_Jesolo-e1732787787582.png\",\"width\":250,\"height\":77,\"caption\":\"Hotel Toledo Jesolo\"},\"image\":{\"@id\":\"https:\/\/hoteltoledo.it\/de\/#\/schema\/logo\/image\/\"}}]}<\/script>\n<!-- \/ Yoast SEO plugin. -->","yoast_head_json":{"title":"Auf zum Radfahren - Hotel Toledo Jesolo","description":"Hotel Toledo a Jesolo Lido: il tuo bike hotel ideale con noleggio gratuito di biciclette, servizi dedicati ai ciclisti e vacanze indimenticabili nel cuore della citt\u00e0.","robots":{"index":"index","follow":"follow","max-snippet":"max-snippet:-1","max-image-preview":"max-image-preview:large","max-video-preview":"max-video-preview:-1"},"canonical":"https:\/\/hoteltoledo.it\/de\/a-tutta-bici\/","og_locale":"de_DE","og_type":"article","og_title":"Auf zum Radfahren - Hotel Toledo Jesolo","og_description":"Hotel Toledo a Jesolo Lido: il tuo bike hotel ideale con noleggio gratuito di biciclette, servizi dedicati ai ciclisti e vacanze indimenticabili nel cuore della citt\u00e0.","og_url":"https:\/\/hoteltoledo.it\/de\/a-tutta-bici\/","og_site_name":"Hotel Toledo Jesolo","article_modified_time":"2026-03-23T08:40:02+00:00","twitter_card":"summary_large_image","twitter_misc":{"Gesch\u00e4tzte Lesezeit":"2\u00a0Minuten"},"schema":{"@context":"https:\/\/schema.org","@graph":[{"@type":"WebPage","@id":"https:\/\/hoteltoledo.it\/de\/a-tutta-bici\/","url":"https:\/\/hoteltoledo.it\/de\/a-tutta-bici\/","name":"Auf zum Radfahren - Hotel Toledo Jesolo","isPartOf":{"@id":"https:\/\/hoteltoledo.it\/de\/#website"},"datePublished":"2026-03-11T10:50:41+00:00","dateModified":"2026-03-23T08:40:02+00:00","description":"Hotel Toledo a Jesolo Lido: il tuo bike hotel ideale con noleggio gratuito di biciclette, servizi dedicati ai ciclisti e vacanze indimenticabili nel cuore della citt\u00e0.","breadcrumb":{"@id":"https:\/\/hoteltoledo.it\/de\/a-tutta-bici\/#breadcrumb"},"inLanguage":"de","potentialAction":[{"@type":"ReadAction","target":["https:\/\/hoteltoledo.it\/de\/a-tutta-bici\/"]}]},{"@type":"BreadcrumbList","@id":"https:\/\/hoteltoledo.it\/de\/a-tutta-bici\/#breadcrumb","itemListElement":[{"@type":"ListItem","position":1,"name":"Home","item":"https:\/\/hoteltoledo.it\/de\/"},{"@type":"ListItem","position":2,"name":"Auf zum Radfahren"}]},{"@type":"WebSite","@id":"https:\/\/hoteltoledo.it\/de\/#website","url":"https:\/\/hoteltoledo.it\/de\/","name":"Hotel Toledo Jesolo","description":"","publisher":{"@id":"https:\/\/hoteltoledo.it\/de\/#organization"},"potentialAction":[{"@type":"SearchAction","target":{"@type":"EntryPoint","urlTemplate":"https:\/\/hoteltoledo.it\/de\/?s={search_term_string}"},"query-input":{"@type":"PropertyValueSpecification","valueRequired":true,"valueName":"search_term_string"}}],"inLanguage":"de"},{"@type":"Organization","@id":"https:\/\/hoteltoledo.it\/de\/#organization","name":"Hotel Toledo Jesolo","url":"https:\/\/hoteltoledo.it\/de\/","logo":{"@type":"ImageObject","inLanguage":"de","@id":"https:\/\/hoteltoledo.it\/de\/#\/schema\/logo\/image\/","url":"https:\/\/hoteltoledo.it\/wp-content\/uploads\/2024\/11\/Hotel_Toledo_Jesolo-e1732787787582.png","contentUrl":"https:\/\/hoteltoledo.it\/wp-content\/uploads\/2024\/11\/Hotel_Toledo_Jesolo-e1732787787582.png","width":250,"height":77,"caption":"Hotel Toledo Jesolo"},"image":{"@id":"https:\/\/hoteltoledo.it\/de\/#\/schema\/logo\/image\/"}}]}},"_links":{"self":[{"href":"https:\/\/hoteltoledo.it\/de\/wp-json\/wp\/v2\/pages\/2253","targetHints":{"allow":["GET"]}}],"collection":[{"href":"https:\/\/hoteltoledo.it\/de\/wp-json\/wp\/v2\/pages"}],"about":[{"href":"https:\/\/hoteltoledo.it\/de\/wp-json\/wp\/v2\/types\/page"}],"author":[{"embeddable":true,"href":"https:\/\/hoteltoledo.it\/de\/wp-json\/wp\/v2\/users\/2"}],"replies":[{"embeddable":true,"href":"https:\/\/hoteltoledo.it\/de\/wp-json\/wp\/v2\/comments?post=2253"}],"version-history":[{"count":1,"href":"https:\/\/hoteltoledo.it\/de\/wp-json\/wp\/v2\/pages\/2253\/revisions"}],"predecessor-version":[{"id":2256,"href":"https:\/\/hoteltoledo.it\/de\/wp-json\/wp\/v2\/pages\/2253\/revisions\/2256"}],"wp:attachment":[{"href":"https:\/\/hoteltoledo.it\/de\/wp-json\/wp\/v2\/media?parent=2253"}],"curies":[{"name":"wp","href":"https:\/\/api.w.org\/{rel}","templated":true}]}}