{"id":984,"date":"2024-11-28T13:40:28","date_gmt":"2024-11-28T13:40:28","guid":{"rendered":"https:\/\/staging.hoteltoledo.it\/?page_id=984"},"modified":"2025-09-11T12:00:52","modified_gmt":"2025-09-11T12:00:52","slug":"kontakt","status":"publish","type":"page","link":"https:\/\/hoteltoledo.it\/de\/kontakt\/","title":{"rendered":"Kontakt"},"content":{"rendered":"\n<div class=\"wp-block-columns is-layout-flex wp-container-core-columns-is-layout-1 wp-block-columns-is-layout-flex\">\n<div class=\"wp-block-column is-layout-flow wp-block-column-is-layout-flow\">\n<p>Tel: <a href=\"tel:\">+39 0421 370279<\/a> \u2013 Unter dieser Nummer erreichen Sie uns auch im Winter, wenn das Hotel geschlossen ist.<\/p>\n\n\n\n<p>Der <strong>Check-in<\/strong> ist ab 12:30 Uhr m\u00f6glich. Sollten Sie sp\u00e4t in der Nacht anreisen, bitten wir Sie, uns im Voraus zu informieren.<br><\/p>\n\n\n\n<p>Der <strong>Check-out<\/strong> ist bis 10:00 Uhr m\u00f6glich<\/p>\n<\/div>\n\n\n\n<div class=\"wp-block-column is-layout-flow wp-block-column-is-layout-flow\">\n<p>Wir garantieren einen Parkplatz f\u00fcr jedes Zimmer. Wir haben 3 verschiedene Parkpl\u00e4tze:<br>\u25cf den kostenlosen Parkplatz im Freien am Hotel;<br>\u25cf die Tiefgarage am Hotel zum Preis von 8,00 \u20ac pro Nacht (die Garage kann im Voraus gebucht werden). Die maximale H\u00f6he der Garage betr\u00e4gt 2,05 m<br>\u25cf kostenlose Parkpl\u00e4tze auf dem \u201eParkplatz Casa Bianca\u201c 50 m vom Toledo entfernt. Es ist ein sch\u00f6ner bewachter Parkplatz.<\/p>\n\n\n\n<p>F\u00fcr Ihr Motorrad empfehlen wir den Motorradparkplatz in unserer \u00fcberdachten Tiefgarage.<\/p>\n<\/div>\n<\/div>\n","protected":false},"excerpt":{"rendered":"<p>Tel: +39 0421 370279 \u2013 Unter dieser Nummer erreichen Sie uns auch im Winter, wenn das Hotel geschlossen ist. Der Check-in ist ab 12:30 Uhr m\u00f6glich. Sollten Sie sp\u00e4t in der Nacht anreisen, bitten wir Sie, uns im Voraus zu informieren. Der Check-out ist bis 10:00 Uhr m\u00f6glich Wir garantieren einen Parkplatz f\u00fcr jedes Zimmer. [&hellip;]<\/p>\n","protected":false},"author":1,"featured_media":156,"parent":0,"menu_order":0,"comment_status":"closed","ping_status":"closed","template":"templates\/contatti.php","meta":{"_acf_changed":false,"footnotes":""},"class_list":["post-984","page","type-page","status-publish","has-post-thumbnail","hentry"],"acf":[],"yoast_head":"<!-- This site is optimized with the Yoast SEO plugin v26.3 - https:\/\/yoast.com\/wordpress\/plugins\/seo\/ -->\n<title>Kontakt - Hotel Toledo Jesolo<\/title>\n<meta name=\"description\" content=\"Kontaktieren Sie uns direkt \u00fcber das Formular und erhalten Sie ein pers\u00f6nliches Angebot f\u00fcr Ihren Aufenthalt in unserem Hotel.\" \/>\n<meta name=\"robots\" content=\"index, follow, max-snippet:-1, max-image-preview:large, max-video-preview:-1\" \/>\n<link rel=\"canonical\" href=\"https:\/\/hoteltoledo.it\/de\/kontakt\/\" \/>\n<meta property=\"og:locale\" content=\"de_DE\" \/>\n<meta property=\"og:type\" content=\"article\" \/>\n<meta property=\"og:title\" content=\"Kontakt - Hotel Toledo Jesolo\" \/>\n<meta property=\"og:description\" content=\"Kontaktieren Sie uns direkt \u00fcber das Formular und erhalten Sie ein pers\u00f6nliches Angebot f\u00fcr Ihren Aufenthalt in unserem Hotel.\" \/>\n<meta property=\"og:url\" content=\"https:\/\/hoteltoledo.it\/de\/kontakt\/\" \/>\n<meta property=\"og:site_name\" content=\"Hotel Toledo Jesolo\" \/>\n<meta property=\"article:modified_time\" content=\"2025-09-11T12:00:52+00:00\" \/>\n<meta property=\"og:image\" content=\"https:\/\/hoteltoledo.it\/wp-content\/uploads\/2024\/11\/home-slider-lounge-.jpg\" \/>\n\t<meta property=\"og:image:width\" content=\"2560\" \/>\n\t<meta property=\"og:image:height\" content=\"1422\" \/>\n\t<meta property=\"og:image:type\" content=\"image\/jpeg\" \/>\n<meta name=\"twitter:card\" content=\"summary_large_image\" \/>\n<meta name=\"twitter:label1\" content=\"Gesch\u00e4tzte Lesezeit\" \/>\n\t<meta name=\"twitter:data1\" content=\"1\u00a0Minute\" \/>\n<script type=\"application\/ld+json\" class=\"yoast-schema-graph\">{\"@context\":\"https:\/\/schema.org\",\"@graph\":[{\"@type\":\"WebPage\",\"@id\":\"https:\/\/hoteltoledo.it\/de\/kontakt\/\",\"url\":\"https:\/\/hoteltoledo.it\/de\/kontakt\/\",\"name\":\"Kontakt - Hotel Toledo Jesolo\",\"isPartOf\":{\"@id\":\"https:\/\/hoteltoledo.it\/de\/#website\"},\"primaryImageOfPage\":{\"@id\":\"https:\/\/hoteltoledo.it\/de\/kontakt\/#primaryimage\"},\"image\":{\"@id\":\"https:\/\/hoteltoledo.it\/de\/kontakt\/#primaryimage\"},\"thumbnailUrl\":\"https:\/\/hoteltoledo.it\/wp-content\/uploads\/2024\/11\/home-slider-lounge-.jpg\",\"datePublished\":\"2024-11-28T13:40:28+00:00\",\"dateModified\":\"2025-09-11T12:00:52+00:00\",\"description\":\"Kontaktieren Sie uns direkt \u00fcber das Formular und erhalten Sie ein pers\u00f6nliches Angebot f\u00fcr Ihren Aufenthalt in unserem Hotel.\",\"breadcrumb\":{\"@id\":\"https:\/\/hoteltoledo.it\/de\/kontakt\/#breadcrumb\"},\"inLanguage\":\"de\",\"potentialAction\":[{\"@type\":\"ReadAction\",\"target\":[\"https:\/\/hoteltoledo.it\/de\/kontakt\/\"]}]},{\"@type\":\"ImageObject\",\"inLanguage\":\"de\",\"@id\":\"https:\/\/hoteltoledo.it\/de\/kontakt\/#primaryimage\",\"url\":\"https:\/\/hoteltoledo.it\/wp-content\/uploads\/2024\/11\/home-slider-lounge-.jpg\",\"contentUrl\":\"https:\/\/hoteltoledo.it\/wp-content\/uploads\/2024\/11\/home-slider-lounge-.jpg\",\"width\":2560,\"height\":1422},{\"@type\":\"BreadcrumbList\",\"@id\":\"https:\/\/hoteltoledo.it\/de\/kontakt\/#breadcrumb\",\"itemListElement\":[{\"@type\":\"ListItem\",\"position\":1,\"name\":\"Home\",\"item\":\"https:\/\/hoteltoledo.it\/de\/\"},{\"@type\":\"ListItem\",\"position\":2,\"name\":\"Kontakt\"}]},{\"@type\":\"WebSite\",\"@id\":\"https:\/\/hoteltoledo.it\/de\/#website\",\"url\":\"https:\/\/hoteltoledo.it\/de\/\",\"name\":\"Hotel Toledo Jesolo\",\"description\":\"\",\"publisher\":{\"@id\":\"https:\/\/hoteltoledo.it\/de\/#organization\"},\"potentialAction\":[{\"@type\":\"SearchAction\",\"target\":{\"@type\":\"EntryPoint\",\"urlTemplate\":\"https:\/\/hoteltoledo.it\/de\/?s={search_term_string}\"},\"query-input\":{\"@type\":\"PropertyValueSpecification\",\"valueRequired\":true,\"valueName\":\"search_term_string\"}}],\"inLanguage\":\"de\"},{\"@type\":\"Organization\",\"@id\":\"https:\/\/hoteltoledo.it\/de\/#organization\",\"name\":\"Hotel Toledo Jesolo\",\"url\":\"https:\/\/hoteltoledo.it\/de\/\",\"logo\":{\"@type\":\"ImageObject\",\"inLanguage\":\"de\",\"@id\":\"https:\/\/hoteltoledo.it\/de\/#\/schema\/logo\/image\/\",\"url\":\"https:\/\/hoteltoledo.it\/wp-content\/uploads\/2024\/11\/Hotel_Toledo_Jesolo-e1732787787582.png\",\"contentUrl\":\"https:\/\/hoteltoledo.it\/wp-content\/uploads\/2024\/11\/Hotel_Toledo_Jesolo-e1732787787582.png\",\"width\":250,\"height\":77,\"caption\":\"Hotel Toledo Jesolo\"},\"image\":{\"@id\":\"https:\/\/hoteltoledo.it\/de\/#\/schema\/logo\/image\/\"}}]}<\/script>\n<!-- \/ Yoast SEO plugin. -->","yoast_head_json":{"title":"Kontakt - Hotel Toledo Jesolo","description":"Kontaktieren Sie uns direkt \u00fcber das Formular und erhalten Sie ein pers\u00f6nliches Angebot f\u00fcr Ihren Aufenthalt in unserem Hotel.","robots":{"index":"index","follow":"follow","max-snippet":"max-snippet:-1","max-image-preview":"max-image-preview:large","max-video-preview":"max-video-preview:-1"},"canonical":"https:\/\/hoteltoledo.it\/de\/kontakt\/","og_locale":"de_DE","og_type":"article","og_title":"Kontakt - Hotel Toledo Jesolo","og_description":"Kontaktieren Sie uns direkt \u00fcber das Formular und erhalten Sie ein pers\u00f6nliches Angebot f\u00fcr Ihren Aufenthalt in unserem Hotel.","og_url":"https:\/\/hoteltoledo.it\/de\/kontakt\/","og_site_name":"Hotel Toledo Jesolo","article_modified_time":"2025-09-11T12:00:52+00:00","og_image":[{"width":2560,"height":1422,"url":"https:\/\/hoteltoledo.it\/wp-content\/uploads\/2024\/11\/home-slider-lounge-.jpg","type":"image\/jpeg"}],"twitter_card":"summary_large_image","twitter_misc":{"Gesch\u00e4tzte Lesezeit":"1\u00a0Minute"},"schema":{"@context":"https:\/\/schema.org","@graph":[{"@type":"WebPage","@id":"https:\/\/hoteltoledo.it\/de\/kontakt\/","url":"https:\/\/hoteltoledo.it\/de\/kontakt\/","name":"Kontakt - Hotel Toledo Jesolo","isPartOf":{"@id":"https:\/\/hoteltoledo.it\/de\/#website"},"primaryImageOfPage":{"@id":"https:\/\/hoteltoledo.it\/de\/kontakt\/#primaryimage"},"image":{"@id":"https:\/\/hoteltoledo.it\/de\/kontakt\/#primaryimage"},"thumbnailUrl":"https:\/\/hoteltoledo.it\/wp-content\/uploads\/2024\/11\/home-slider-lounge-.jpg","datePublished":"2024-11-28T13:40:28+00:00","dateModified":"2025-09-11T12:00:52+00:00","description":"Kontaktieren Sie uns direkt \u00fcber das Formular und erhalten Sie ein pers\u00f6nliches Angebot f\u00fcr Ihren Aufenthalt in unserem Hotel.","breadcrumb":{"@id":"https:\/\/hoteltoledo.it\/de\/kontakt\/#breadcrumb"},"inLanguage":"de","potentialAction":[{"@type":"ReadAction","target":["https:\/\/hoteltoledo.it\/de\/kontakt\/"]}]},{"@type":"ImageObject","inLanguage":"de","@id":"https:\/\/hoteltoledo.it\/de\/kontakt\/#primaryimage","url":"https:\/\/hoteltoledo.it\/wp-content\/uploads\/2024\/11\/home-slider-lounge-.jpg","contentUrl":"https:\/\/hoteltoledo.it\/wp-content\/uploads\/2024\/11\/home-slider-lounge-.jpg","width":2560,"height":1422},{"@type":"BreadcrumbList","@id":"https:\/\/hoteltoledo.it\/de\/kontakt\/#breadcrumb","itemListElement":[{"@type":"ListItem","position":1,"name":"Home","item":"https:\/\/hoteltoledo.it\/de\/"},{"@type":"ListItem","position":2,"name":"Kontakt"}]},{"@type":"WebSite","@id":"https:\/\/hoteltoledo.it\/de\/#website","url":"https:\/\/hoteltoledo.it\/de\/","name":"Hotel Toledo Jesolo","description":"","publisher":{"@id":"https:\/\/hoteltoledo.it\/de\/#organization"},"potentialAction":[{"@type":"SearchAction","target":{"@type":"EntryPoint","urlTemplate":"https:\/\/hoteltoledo.it\/de\/?s={search_term_string}"},"query-input":{"@type":"PropertyValueSpecification","valueRequired":true,"valueName":"search_term_string"}}],"inLanguage":"de"},{"@type":"Organization","@id":"https:\/\/hoteltoledo.it\/de\/#organization","name":"Hotel Toledo Jesolo","url":"https:\/\/hoteltoledo.it\/de\/","logo":{"@type":"ImageObject","inLanguage":"de","@id":"https:\/\/hoteltoledo.it\/de\/#\/schema\/logo\/image\/","url":"https:\/\/hoteltoledo.it\/wp-content\/uploads\/2024\/11\/Hotel_Toledo_Jesolo-e1732787787582.png","contentUrl":"https:\/\/hoteltoledo.it\/wp-content\/uploads\/2024\/11\/Hotel_Toledo_Jesolo-e1732787787582.png","width":250,"height":77,"caption":"Hotel Toledo Jesolo"},"image":{"@id":"https:\/\/hoteltoledo.it\/de\/#\/schema\/logo\/image\/"}}]}},"_links":{"self":[{"href":"https:\/\/hoteltoledo.it\/de\/wp-json\/wp\/v2\/pages\/984","targetHints":{"allow":["GET"]}}],"collection":[{"href":"https:\/\/hoteltoledo.it\/de\/wp-json\/wp\/v2\/pages"}],"about":[{"href":"https:\/\/hoteltoledo.it\/de\/wp-json\/wp\/v2\/types\/page"}],"author":[{"embeddable":true,"href":"https:\/\/hoteltoledo.it\/de\/wp-json\/wp\/v2\/users\/1"}],"replies":[{"embeddable":true,"href":"https:\/\/hoteltoledo.it\/de\/wp-json\/wp\/v2\/comments?post=984"}],"version-history":[{"count":10,"href":"https:\/\/hoteltoledo.it\/de\/wp-json\/wp\/v2\/pages\/984\/revisions"}],"predecessor-version":[{"id":2160,"href":"https:\/\/hoteltoledo.it\/de\/wp-json\/wp\/v2\/pages\/984\/revisions\/2160"}],"wp:featuredmedia":[{"embeddable":true,"href":"https:\/\/hoteltoledo.it\/de\/wp-json\/wp\/v2\/media\/156"}],"wp:attachment":[{"href":"https:\/\/hoteltoledo.it\/de\/wp-json\/wp\/v2\/media?parent=984"}],"curies":[{"name":"wp","href":"https:\/\/api.w.org\/{rel}","templated":true}]}}