{"id":1191,"date":"2025-02-20T08:52:45","date_gmt":"2025-02-20T08:52:45","guid":{"rendered":"https:\/\/staging.hoteltoledo.it\/la-spiaggia\/"},"modified":"2025-03-25T13:09:16","modified_gmt":"2025-03-25T13:09:16","slug":"a-strand","status":"publish","type":"page","link":"https:\/\/hoteltoledo.it\/hu\/a-strand\/","title":{"rendered":"A Strand"},"content":{"rendered":"\n<p>A Toled\u00f3b\u00f3l k\u00f6r\u00fclbel\u00fcl 2 perc s\u00e9t\u00e1val el\u00e9rheti a strandot. Jesolo ezen r\u00e9sz\u00e9n, a Piazza Brescia \u00e9s a Piazza Mazzini k\u00f6z\u00f6tt a strand t\u00e1gas \u00e9s gy\u00f6ny\u00f6r\u0171. K\u00f6zponti fekv\u00e9s\u00e9nek k\u00f6sz\u00f6nhet\u0151en kora reggel keleti vagy nyugati ir\u00e1nyba is s\u00e9t\u00e1lhat vagy kocoghat.<\/p>\n\n\n\n<p>2024-ben a strand \u00fczemeltet\u00e9s\u00e9t a sz\u00e1llod\u00e1kt\u00f3l f\u00fcggetlen k\u00fcls\u0151 szervezet vette \u00e1t.<\/p>\n\n\n\n<p>Vend\u00e9geink t\u00f6k\u00e9letes pihen\u00e9se \u00e9rdek\u00e9ben sz\u00e1mos naperny\u0151helyet tudunk biztos\u00edtani, de azt javasoljuk, hogy a szobafoglal\u00e1s visszaigazol\u00e1sakor a naperny\u0151helyet is folalja le.<\/p>\n\n\n\n<p>Kor\u00e1bban mi fedezt\u00fck a strandra val\u00f3 bejut\u00e1s k\u00f6lts\u00e9geit. Sajnos a k\u00f6lts\u00e9gek mostanra jelent\u0151sen megemelkedtek, ez\u00e9rt ha a be- \u00e9s kijelentkez\u00e9s azonos id\u0151pontban t\u00f6rt\u00e9nik, mint a szoba eset\u00e9ben, szob\u00e1nk\u00e9nt \u00e9s \u00e9jszak\u00e1nk\u00e9nt egy naperny\u0151 \u00e9s k\u00e9t napoz\u00f3\u00e1gy lefoglal\u00e1sa eset\u00e9n 13 \u20ac \u00f6sszeg\u0171 hozz\u00e1j\u00e1rul\u00e1st k\u00e9r\u00fcnk (2025-ben), m\u00edg a naperny\u0151 napi \u00e1ra 20 \u20ac.<\/p>\n\n\n\n<p>A j\u00f3 h\u00edr az, hogy a naperny\u0151ket kicser\u00e9lt\u00e9k, \u00e9s el\u00e9g messze vannak egym\u00e1st\u00f3l, \u00edgy a lehet\u0151 legk\u00e9nyelmesebb lehet a strandol\u00e1s. Az \u00faj vezet\u0151k a k\u00f6vetkez\u0151 k\u00e9t \u00e9vre a szolg\u00e1ltat\u00e1sok radik\u00e1lis meg\u00faj\u00edt\u00e1s\u00e1ra vonatkoz\u00f3 projektet ny\u00fajtottak be a jesol\u00f3i \u00f6nkorm\u00e1nyzathoz.<\/p>\n\n\n\n<p>Az \u00f6nkorm\u00e1nyzati rendelet \u00e9rtelm\u00e9ben a kuty\u00e1k p\u00f3r\u00e1zon, a tengerparti s\u00e9t\u00e1ny ment\u00e9n s\u00e9t\u00e1ltathat\u00f3k. Nem mehetnek bele a homokba \u00e9s a tengerbe. Azoknak, akik a n\u00e9gyl\u00e1b\u00fa bar\u00e1taikat a strandra is magukkal szeretn\u00e9k vinni, aj\u00e1nljuk a BauBauBeach strandot, amely a k\u00f3rh\u00e1z ter\u00fclet\u00e9n, a Toled\u00f3t\u00f3l kb. 2,5 km-re tal\u00e1lhat\u00f3.<\/p>\n","protected":false},"excerpt":{"rendered":"<p>A Toled\u00f3b\u00f3l k\u00f6r\u00fclbel\u00fcl 2 perc s\u00e9t\u00e1val el\u00e9rheti a strandot. Jesolo ezen r\u00e9sz\u00e9n, a Piazza Brescia \u00e9s a Piazza Mazzini k\u00f6z\u00f6tt a strand t\u00e1gas \u00e9s gy\u00f6ny\u00f6r\u0171. K\u00f6zponti fekv\u00e9s\u00e9nek k\u00f6sz\u00f6nhet\u0151en kora reggel keleti vagy nyugati ir\u00e1nyba is s\u00e9t\u00e1lhat vagy kocoghat. 2024-ben a strand \u00fczemeltet\u00e9s\u00e9t a sz\u00e1llod\u00e1kt\u00f3l f\u00fcggetlen k\u00fcls\u0151 szervezet vette \u00e1t. Vend\u00e9geink t\u00f6k\u00e9letes pihen\u00e9se \u00e9rdek\u00e9ben sz\u00e1mos naperny\u0151helyet [&hellip;]<\/p>\n","protected":false},"author":1,"featured_media":0,"parent":0,"menu_order":0,"comment_status":"closed","ping_status":"closed","template":"","meta":{"_acf_changed":false,"footnotes":""},"class_list":["post-1191","page","type-page","status-publish","hentry"],"acf":[],"yoast_head":"<!-- This site is optimized with the Yoast SEO plugin v26.3 - https:\/\/yoast.com\/wordpress\/plugins\/seo\/ -->\n<title>A Strand - Hotel Toledo Jesolo<\/title>\n<meta name=\"description\" content=\"A Hotel Toled\u00f3t\u00f3l 2 perc s\u00e9t\u00e1ra tal\u00e1lhat\u00f3 t\u00e1gas, k\u00f6zponti strand, \u00faj naperny\u0151kkel \u00e9s k\u00e9nyelmes napoz\u00f3\u00e1gyakkal \u2013 foglalhat\u00f3 a szob\u00e1val egy\u00fctt.\" \/>\n<meta name=\"robots\" content=\"index, follow, max-snippet:-1, max-image-preview:large, max-video-preview:-1\" \/>\n<link rel=\"canonical\" href=\"https:\/\/hoteltoledo.it\/hu\/a-strand\/\" \/>\n<meta property=\"og:locale\" content=\"hu_HU\" \/>\n<meta property=\"og:type\" content=\"article\" \/>\n<meta property=\"og:title\" content=\"A Strand - Hotel Toledo Jesolo\" \/>\n<meta property=\"og:description\" content=\"A Hotel Toled\u00f3t\u00f3l 2 perc s\u00e9t\u00e1ra tal\u00e1lhat\u00f3 t\u00e1gas, k\u00f6zponti strand, \u00faj naperny\u0151kkel \u00e9s k\u00e9nyelmes napoz\u00f3\u00e1gyakkal \u2013 foglalhat\u00f3 a szob\u00e1val egy\u00fctt.\" \/>\n<meta property=\"og:url\" content=\"https:\/\/hoteltoledo.it\/hu\/a-strand\/\" \/>\n<meta property=\"og:site_name\" content=\"Hotel Toledo Jesolo\" \/>\n<meta property=\"article:modified_time\" content=\"2025-03-25T13:09:16+00:00\" \/>\n<meta name=\"twitter:card\" content=\"summary_large_image\" \/>\n<meta name=\"twitter:label1\" content=\"Becs\u00fclt olvas\u00e1si id\u0151\" \/>\n\t<meta name=\"twitter:data1\" content=\"2 perc\" \/>\n<script type=\"application\/ld+json\" class=\"yoast-schema-graph\">{\"@context\":\"https:\/\/schema.org\",\"@graph\":[{\"@type\":\"WebPage\",\"@id\":\"https:\/\/hoteltoledo.it\/hu\/a-strand\/\",\"url\":\"https:\/\/hoteltoledo.it\/hu\/a-strand\/\",\"name\":\"A Strand - Hotel Toledo Jesolo\",\"isPartOf\":{\"@id\":\"https:\/\/hoteltoledo.it\/hu\/#website\"},\"datePublished\":\"2025-02-20T08:52:45+00:00\",\"dateModified\":\"2025-03-25T13:09:16+00:00\",\"description\":\"A Hotel Toled\u00f3t\u00f3l 2 perc s\u00e9t\u00e1ra tal\u00e1lhat\u00f3 t\u00e1gas, k\u00f6zponti strand, \u00faj naperny\u0151kkel \u00e9s k\u00e9nyelmes napoz\u00f3\u00e1gyakkal \u2013 foglalhat\u00f3 a szob\u00e1val egy\u00fctt.\",\"breadcrumb\":{\"@id\":\"https:\/\/hoteltoledo.it\/hu\/a-strand\/#breadcrumb\"},\"inLanguage\":\"hu\",\"potentialAction\":[{\"@type\":\"ReadAction\",\"target\":[\"https:\/\/hoteltoledo.it\/hu\/a-strand\/\"]}]},{\"@type\":\"BreadcrumbList\",\"@id\":\"https:\/\/hoteltoledo.it\/hu\/a-strand\/#breadcrumb\",\"itemListElement\":[{\"@type\":\"ListItem\",\"position\":1,\"name\":\"Home\",\"item\":\"https:\/\/hoteltoledo.it\/hu\/\"},{\"@type\":\"ListItem\",\"position\":2,\"name\":\"A Strand\"}]},{\"@type\":\"WebSite\",\"@id\":\"https:\/\/hoteltoledo.it\/hu\/#website\",\"url\":\"https:\/\/hoteltoledo.it\/hu\/\",\"name\":\"Hotel Toledo Jesolo\",\"description\":\"\",\"publisher\":{\"@id\":\"https:\/\/hoteltoledo.it\/hu\/#organization\"},\"potentialAction\":[{\"@type\":\"SearchAction\",\"target\":{\"@type\":\"EntryPoint\",\"urlTemplate\":\"https:\/\/hoteltoledo.it\/hu\/?s={search_term_string}\"},\"query-input\":{\"@type\":\"PropertyValueSpecification\",\"valueRequired\":true,\"valueName\":\"search_term_string\"}}],\"inLanguage\":\"hu\"},{\"@type\":\"Organization\",\"@id\":\"https:\/\/hoteltoledo.it\/hu\/#organization\",\"name\":\"Hotel Toledo Jesolo\",\"url\":\"https:\/\/hoteltoledo.it\/hu\/\",\"logo\":{\"@type\":\"ImageObject\",\"inLanguage\":\"hu\",\"@id\":\"https:\/\/hoteltoledo.it\/hu\/#\/schema\/logo\/image\/\",\"url\":\"https:\/\/hoteltoledo.it\/wp-content\/uploads\/2024\/11\/Hotel_Toledo_Jesolo-e1732787787582.png\",\"contentUrl\":\"https:\/\/hoteltoledo.it\/wp-content\/uploads\/2024\/11\/Hotel_Toledo_Jesolo-e1732787787582.png\",\"width\":250,\"height\":77,\"caption\":\"Hotel Toledo Jesolo\"},\"image\":{\"@id\":\"https:\/\/hoteltoledo.it\/hu\/#\/schema\/logo\/image\/\"}}]}<\/script>\n<!-- \/ Yoast SEO plugin. -->","yoast_head_json":{"title":"A Strand - Hotel Toledo Jesolo","description":"A Hotel Toled\u00f3t\u00f3l 2 perc s\u00e9t\u00e1ra tal\u00e1lhat\u00f3 t\u00e1gas, k\u00f6zponti strand, \u00faj naperny\u0151kkel \u00e9s k\u00e9nyelmes napoz\u00f3\u00e1gyakkal \u2013 foglalhat\u00f3 a szob\u00e1val egy\u00fctt.","robots":{"index":"index","follow":"follow","max-snippet":"max-snippet:-1","max-image-preview":"max-image-preview:large","max-video-preview":"max-video-preview:-1"},"canonical":"https:\/\/hoteltoledo.it\/hu\/a-strand\/","og_locale":"hu_HU","og_type":"article","og_title":"A Strand - Hotel Toledo Jesolo","og_description":"A Hotel Toled\u00f3t\u00f3l 2 perc s\u00e9t\u00e1ra tal\u00e1lhat\u00f3 t\u00e1gas, k\u00f6zponti strand, \u00faj naperny\u0151kkel \u00e9s k\u00e9nyelmes napoz\u00f3\u00e1gyakkal \u2013 foglalhat\u00f3 a szob\u00e1val egy\u00fctt.","og_url":"https:\/\/hoteltoledo.it\/hu\/a-strand\/","og_site_name":"Hotel Toledo Jesolo","article_modified_time":"2025-03-25T13:09:16+00:00","twitter_card":"summary_large_image","twitter_misc":{"Becs\u00fclt olvas\u00e1si id\u0151":"2 perc"},"schema":{"@context":"https:\/\/schema.org","@graph":[{"@type":"WebPage","@id":"https:\/\/hoteltoledo.it\/hu\/a-strand\/","url":"https:\/\/hoteltoledo.it\/hu\/a-strand\/","name":"A Strand - Hotel Toledo Jesolo","isPartOf":{"@id":"https:\/\/hoteltoledo.it\/hu\/#website"},"datePublished":"2025-02-20T08:52:45+00:00","dateModified":"2025-03-25T13:09:16+00:00","description":"A Hotel Toled\u00f3t\u00f3l 2 perc s\u00e9t\u00e1ra tal\u00e1lhat\u00f3 t\u00e1gas, k\u00f6zponti strand, \u00faj naperny\u0151kkel \u00e9s k\u00e9nyelmes napoz\u00f3\u00e1gyakkal \u2013 foglalhat\u00f3 a szob\u00e1val egy\u00fctt.","breadcrumb":{"@id":"https:\/\/hoteltoledo.it\/hu\/a-strand\/#breadcrumb"},"inLanguage":"hu","potentialAction":[{"@type":"ReadAction","target":["https:\/\/hoteltoledo.it\/hu\/a-strand\/"]}]},{"@type":"BreadcrumbList","@id":"https:\/\/hoteltoledo.it\/hu\/a-strand\/#breadcrumb","itemListElement":[{"@type":"ListItem","position":1,"name":"Home","item":"https:\/\/hoteltoledo.it\/hu\/"},{"@type":"ListItem","position":2,"name":"A Strand"}]},{"@type":"WebSite","@id":"https:\/\/hoteltoledo.it\/hu\/#website","url":"https:\/\/hoteltoledo.it\/hu\/","name":"Hotel Toledo Jesolo","description":"","publisher":{"@id":"https:\/\/hoteltoledo.it\/hu\/#organization"},"potentialAction":[{"@type":"SearchAction","target":{"@type":"EntryPoint","urlTemplate":"https:\/\/hoteltoledo.it\/hu\/?s={search_term_string}"},"query-input":{"@type":"PropertyValueSpecification","valueRequired":true,"valueName":"search_term_string"}}],"inLanguage":"hu"},{"@type":"Organization","@id":"https:\/\/hoteltoledo.it\/hu\/#organization","name":"Hotel Toledo Jesolo","url":"https:\/\/hoteltoledo.it\/hu\/","logo":{"@type":"ImageObject","inLanguage":"hu","@id":"https:\/\/hoteltoledo.it\/hu\/#\/schema\/logo\/image\/","url":"https:\/\/hoteltoledo.it\/wp-content\/uploads\/2024\/11\/Hotel_Toledo_Jesolo-e1732787787582.png","contentUrl":"https:\/\/hoteltoledo.it\/wp-content\/uploads\/2024\/11\/Hotel_Toledo_Jesolo-e1732787787582.png","width":250,"height":77,"caption":"Hotel Toledo Jesolo"},"image":{"@id":"https:\/\/hoteltoledo.it\/hu\/#\/schema\/logo\/image\/"}}]}},"_links":{"self":[{"href":"https:\/\/hoteltoledo.it\/hu\/wp-json\/wp\/v2\/pages\/1191","targetHints":{"allow":["GET"]}}],"collection":[{"href":"https:\/\/hoteltoledo.it\/hu\/wp-json\/wp\/v2\/pages"}],"about":[{"href":"https:\/\/hoteltoledo.it\/hu\/wp-json\/wp\/v2\/types\/page"}],"author":[{"embeddable":true,"href":"https:\/\/hoteltoledo.it\/hu\/wp-json\/wp\/v2\/users\/1"}],"replies":[{"embeddable":true,"href":"https:\/\/hoteltoledo.it\/hu\/wp-json\/wp\/v2\/comments?post=1191"}],"version-history":[{"count":3,"href":"https:\/\/hoteltoledo.it\/hu\/wp-json\/wp\/v2\/pages\/1191\/revisions"}],"predecessor-version":[{"id":1283,"href":"https:\/\/hoteltoledo.it\/hu\/wp-json\/wp\/v2\/pages\/1191\/revisions\/1283"}],"wp:attachment":[{"href":"https:\/\/hoteltoledo.it\/hu\/wp-json\/wp\/v2\/media?parent=1191"}],"curies":[{"name":"wp","href":"https:\/\/api.w.org\/{rel}","templated":true}]}}