{"id":1195,"date":"2024-11-28T13:40:28","date_gmt":"2024-11-28T13:40:28","guid":{"rendered":"https:\/\/staging.hoteltoledo.it\/contatti\/"},"modified":"2025-09-11T12:01:45","modified_gmt":"2025-09-11T12:01:45","slug":"kapcsolatfelvetel","status":"publish","type":"page","link":"https:\/\/hoteltoledo.it\/hu\/kapcsolatfelvetel\/","title":{"rendered":"Kapcsolatfelv\u00e9tel"},"content":{"rendered":"\n<div class=\"wp-block-columns is-layout-flex wp-container-core-columns-is-layout-1 wp-block-columns-is-layout-flex\">\n<div class=\"wp-block-column is-vertically-aligned-stretch is-layout-flow wp-block-column-is-layout-flow\" style=\"flex-basis:50%\">\n<p>Telefonsz\u00e1munk: <a href=\"tel:\">+39 0421 370279<\/a> \u2013 Ezen a sz\u00e1mon a t\u00e9li id\u0151szakban is el\u00e9rhet minket, amikor a sz\u00e1lloda z\u00e1rva tart.<\/p>\n\n\n\n<p><strong>Bejelentkezni<\/strong> 12:30-t\u00f3l k\u00e9s\u0151 \u00e9jszak\u00e1ig lehet; k\u00e9rj\u00fck, hogy k\u00e9s\u0151i bejelentkez\u00e9s eset\u00e9n el\u0151re t\u00e1j\u00e9koztasson minket.<br>A <strong>kijelentkez\u00e9s<\/strong> 10:00 \u00f3r\u00e1ig lehets\u00e9ges.<\/p>\n<\/div>\n\n\n\n<div class=\"wp-block-column is-vertically-aligned-stretch is-layout-flow wp-block-column-is-layout-flow\" style=\"flex-basis:50%\">\n<p>Minden szob\u00e1hoz garant\u00e1ljuk a parkol\u00f3helyet. 3 k\u00fcl\u00f6nb\u00f6z\u0151 parkol\u00f3val rendelkez\u00fcnk<br>\u25cf ingyenes k\u00fclt\u00e9ri parkol\u00f3 a sz\u00e1lloda mellett<br>\u25cf a sz\u00e1lloda m\u00e9lygar\u00e1zsa 8 eur\u00f3\/\u00e9jszaka \u00e1ron (a gar\u00e1zsban a hely el\u0151re lefoglalhat\u00f3). A gar\u00e1zsba behajt\u00f3 j\u00e1rm\u0171vek maxim\u00e1lis magass\u00e1ga 2,05 m\u00e9ter<br>\u25cf ingyenes parkol\u00e1s a Casa Bianca parkol\u00f3ban, amely a Toled\u00f3t\u00f3l 50 m\u00e9terre tal\u00e1lhat\u00f3. Ez egy sz\u00e9p, f\u00e1kkal szeg\u00e9lyezett, \u0151rz\u00f6tt parkol\u00f3.<\/p>\n\n\n\n<p>Ha motorker\u00e9kp\u00e1rral \u00e9rkezik, a fedett m\u00e9lygar\u00e1zsban val\u00f3 parkol\u00e1st javasoljuk.<\/p>\n<\/div>\n<\/div>\n","protected":false},"excerpt":{"rendered":"<p>Telefonsz\u00e1munk: +39 0421 370279 \u2013 Ezen a sz\u00e1mon a t\u00e9li id\u0151szakban is el\u00e9rhet minket, amikor a sz\u00e1lloda z\u00e1rva tart. Bejelentkezni 12:30-t\u00f3l k\u00e9s\u0151 \u00e9jszak\u00e1ig lehet; k\u00e9rj\u00fck, hogy k\u00e9s\u0151i bejelentkez\u00e9s eset\u00e9n el\u0151re t\u00e1j\u00e9koztasson minket.A kijelentkez\u00e9s 10:00 \u00f3r\u00e1ig lehets\u00e9ges. Minden szob\u00e1hoz garant\u00e1ljuk a parkol\u00f3helyet. 3 k\u00fcl\u00f6nb\u00f6z\u0151 parkol\u00f3val rendelkez\u00fcnk\u25cf ingyenes k\u00fclt\u00e9ri parkol\u00f3 a sz\u00e1lloda mellett\u25cf a sz\u00e1lloda m\u00e9lygar\u00e1zsa 8 [&hellip;]<\/p>\n","protected":false},"author":1,"featured_media":157,"parent":0,"menu_order":0,"comment_status":"closed","ping_status":"closed","template":"templates\/contatti.php","meta":{"_acf_changed":false,"footnotes":""},"class_list":["post-1195","page","type-page","status-publish","has-post-thumbnail","hentry"],"acf":[],"yoast_head":"<!-- This site is optimized with the Yoast SEO plugin v26.3 - https:\/\/yoast.com\/wordpress\/plugins\/seo\/ -->\n<title>Kapcsolatfelv\u00e9tel - Hotel Toledo Jesolo<\/title>\n<meta name=\"description\" content=\"L\u00e9pjen kapcsolatba vel\u00fcnk a foglal\u00e1ssal, aj\u00e1nlatk\u00e9r\u00e9ssel vagy b\u00e1rmilyen k\u00e9rd\u00e9ssel kapcsolatban \u2013 \u00f6r\u00f6mmel seg\u00edt\u00fcnk!\" \/>\n<meta name=\"robots\" content=\"index, follow, max-snippet:-1, max-image-preview:large, max-video-preview:-1\" \/>\n<link rel=\"canonical\" href=\"https:\/\/hoteltoledo.it\/hu\/kapcsolatfelvetel\/\" \/>\n<meta property=\"og:locale\" content=\"hu_HU\" \/>\n<meta property=\"og:type\" content=\"article\" \/>\n<meta property=\"og:title\" content=\"Kapcsolatfelv\u00e9tel - Hotel Toledo Jesolo\" \/>\n<meta property=\"og:description\" content=\"L\u00e9pjen kapcsolatba vel\u00fcnk a foglal\u00e1ssal, aj\u00e1nlatk\u00e9r\u00e9ssel vagy b\u00e1rmilyen k\u00e9rd\u00e9ssel kapcsolatban \u2013 \u00f6r\u00f6mmel seg\u00edt\u00fcnk!\" \/>\n<meta property=\"og:url\" content=\"https:\/\/hoteltoledo.it\/hu\/kapcsolatfelvetel\/\" \/>\n<meta property=\"og:site_name\" content=\"Hotel Toledo Jesolo\" \/>\n<meta property=\"article:modified_time\" content=\"2025-09-11T12:01:45+00:00\" \/>\n<meta property=\"og:image\" content=\"https:\/\/hoteltoledo.it\/wp-content\/uploads\/2024\/11\/home-slider-lounge-.jpg\" \/>\n\t<meta property=\"og:image:width\" content=\"2560\" \/>\n\t<meta property=\"og:image:height\" content=\"1422\" \/>\n\t<meta property=\"og:image:type\" content=\"image\/jpeg\" \/>\n<meta name=\"twitter:card\" content=\"summary_large_image\" \/>\n<meta name=\"twitter:label1\" content=\"Becs\u00fclt olvas\u00e1si id\u0151\" \/>\n\t<meta name=\"twitter:data1\" content=\"1 perc\" \/>\n<script type=\"application\/ld+json\" class=\"yoast-schema-graph\">{\"@context\":\"https:\/\/schema.org\",\"@graph\":[{\"@type\":\"WebPage\",\"@id\":\"https:\/\/hoteltoledo.it\/hu\/kapcsolatfelvetel\/\",\"url\":\"https:\/\/hoteltoledo.it\/hu\/kapcsolatfelvetel\/\",\"name\":\"Kapcsolatfelv\u00e9tel - Hotel Toledo Jesolo\",\"isPartOf\":{\"@id\":\"https:\/\/hoteltoledo.it\/hu\/#website\"},\"primaryImageOfPage\":{\"@id\":\"https:\/\/hoteltoledo.it\/hu\/kapcsolatfelvetel\/#primaryimage\"},\"image\":{\"@id\":\"https:\/\/hoteltoledo.it\/hu\/kapcsolatfelvetel\/#primaryimage\"},\"thumbnailUrl\":\"https:\/\/hoteltoledo.it\/wp-content\/uploads\/2024\/11\/home-slider-lounge-.jpg\",\"datePublished\":\"2024-11-28T13:40:28+00:00\",\"dateModified\":\"2025-09-11T12:01:45+00:00\",\"description\":\"L\u00e9pjen kapcsolatba vel\u00fcnk a foglal\u00e1ssal, aj\u00e1nlatk\u00e9r\u00e9ssel vagy b\u00e1rmilyen k\u00e9rd\u00e9ssel kapcsolatban \u2013 \u00f6r\u00f6mmel seg\u00edt\u00fcnk!\",\"breadcrumb\":{\"@id\":\"https:\/\/hoteltoledo.it\/hu\/kapcsolatfelvetel\/#breadcrumb\"},\"inLanguage\":\"hu\",\"potentialAction\":[{\"@type\":\"ReadAction\",\"target\":[\"https:\/\/hoteltoledo.it\/hu\/kapcsolatfelvetel\/\"]}]},{\"@type\":\"ImageObject\",\"inLanguage\":\"hu\",\"@id\":\"https:\/\/hoteltoledo.it\/hu\/kapcsolatfelvetel\/#primaryimage\",\"url\":\"https:\/\/hoteltoledo.it\/wp-content\/uploads\/2024\/11\/home-slider-lounge-.jpg\",\"contentUrl\":\"https:\/\/hoteltoledo.it\/wp-content\/uploads\/2024\/11\/home-slider-lounge-.jpg\",\"width\":2560,\"height\":1422},{\"@type\":\"BreadcrumbList\",\"@id\":\"https:\/\/hoteltoledo.it\/hu\/kapcsolatfelvetel\/#breadcrumb\",\"itemListElement\":[{\"@type\":\"ListItem\",\"position\":1,\"name\":\"Home\",\"item\":\"https:\/\/hoteltoledo.it\/hu\/\"},{\"@type\":\"ListItem\",\"position\":2,\"name\":\"Kapcsolatfelv\u00e9tel\"}]},{\"@type\":\"WebSite\",\"@id\":\"https:\/\/hoteltoledo.it\/hu\/#website\",\"url\":\"https:\/\/hoteltoledo.it\/hu\/\",\"name\":\"Hotel Toledo Jesolo\",\"description\":\"\",\"publisher\":{\"@id\":\"https:\/\/hoteltoledo.it\/hu\/#organization\"},\"potentialAction\":[{\"@type\":\"SearchAction\",\"target\":{\"@type\":\"EntryPoint\",\"urlTemplate\":\"https:\/\/hoteltoledo.it\/hu\/?s={search_term_string}\"},\"query-input\":{\"@type\":\"PropertyValueSpecification\",\"valueRequired\":true,\"valueName\":\"search_term_string\"}}],\"inLanguage\":\"hu\"},{\"@type\":\"Organization\",\"@id\":\"https:\/\/hoteltoledo.it\/hu\/#organization\",\"name\":\"Hotel Toledo Jesolo\",\"url\":\"https:\/\/hoteltoledo.it\/hu\/\",\"logo\":{\"@type\":\"ImageObject\",\"inLanguage\":\"hu\",\"@id\":\"https:\/\/hoteltoledo.it\/hu\/#\/schema\/logo\/image\/\",\"url\":\"https:\/\/hoteltoledo.it\/wp-content\/uploads\/2024\/11\/Hotel_Toledo_Jesolo-e1732787787582.png\",\"contentUrl\":\"https:\/\/hoteltoledo.it\/wp-content\/uploads\/2024\/11\/Hotel_Toledo_Jesolo-e1732787787582.png\",\"width\":250,\"height\":77,\"caption\":\"Hotel Toledo Jesolo\"},\"image\":{\"@id\":\"https:\/\/hoteltoledo.it\/hu\/#\/schema\/logo\/image\/\"}}]}<\/script>\n<!-- \/ Yoast SEO plugin. -->","yoast_head_json":{"title":"Kapcsolatfelv\u00e9tel - Hotel Toledo Jesolo","description":"L\u00e9pjen kapcsolatba vel\u00fcnk a foglal\u00e1ssal, aj\u00e1nlatk\u00e9r\u00e9ssel vagy b\u00e1rmilyen k\u00e9rd\u00e9ssel kapcsolatban \u2013 \u00f6r\u00f6mmel seg\u00edt\u00fcnk!","robots":{"index":"index","follow":"follow","max-snippet":"max-snippet:-1","max-image-preview":"max-image-preview:large","max-video-preview":"max-video-preview:-1"},"canonical":"https:\/\/hoteltoledo.it\/hu\/kapcsolatfelvetel\/","og_locale":"hu_HU","og_type":"article","og_title":"Kapcsolatfelv\u00e9tel - Hotel Toledo Jesolo","og_description":"L\u00e9pjen kapcsolatba vel\u00fcnk a foglal\u00e1ssal, aj\u00e1nlatk\u00e9r\u00e9ssel vagy b\u00e1rmilyen k\u00e9rd\u00e9ssel kapcsolatban \u2013 \u00f6r\u00f6mmel seg\u00edt\u00fcnk!","og_url":"https:\/\/hoteltoledo.it\/hu\/kapcsolatfelvetel\/","og_site_name":"Hotel Toledo Jesolo","article_modified_time":"2025-09-11T12:01:45+00:00","og_image":[{"width":2560,"height":1422,"url":"https:\/\/hoteltoledo.it\/wp-content\/uploads\/2024\/11\/home-slider-lounge-.jpg","type":"image\/jpeg"}],"twitter_card":"summary_large_image","twitter_misc":{"Becs\u00fclt olvas\u00e1si id\u0151":"1 perc"},"schema":{"@context":"https:\/\/schema.org","@graph":[{"@type":"WebPage","@id":"https:\/\/hoteltoledo.it\/hu\/kapcsolatfelvetel\/","url":"https:\/\/hoteltoledo.it\/hu\/kapcsolatfelvetel\/","name":"Kapcsolatfelv\u00e9tel - Hotel Toledo Jesolo","isPartOf":{"@id":"https:\/\/hoteltoledo.it\/hu\/#website"},"primaryImageOfPage":{"@id":"https:\/\/hoteltoledo.it\/hu\/kapcsolatfelvetel\/#primaryimage"},"image":{"@id":"https:\/\/hoteltoledo.it\/hu\/kapcsolatfelvetel\/#primaryimage"},"thumbnailUrl":"https:\/\/hoteltoledo.it\/wp-content\/uploads\/2024\/11\/home-slider-lounge-.jpg","datePublished":"2024-11-28T13:40:28+00:00","dateModified":"2025-09-11T12:01:45+00:00","description":"L\u00e9pjen kapcsolatba vel\u00fcnk a foglal\u00e1ssal, aj\u00e1nlatk\u00e9r\u00e9ssel vagy b\u00e1rmilyen k\u00e9rd\u00e9ssel kapcsolatban \u2013 \u00f6r\u00f6mmel seg\u00edt\u00fcnk!","breadcrumb":{"@id":"https:\/\/hoteltoledo.it\/hu\/kapcsolatfelvetel\/#breadcrumb"},"inLanguage":"hu","potentialAction":[{"@type":"ReadAction","target":["https:\/\/hoteltoledo.it\/hu\/kapcsolatfelvetel\/"]}]},{"@type":"ImageObject","inLanguage":"hu","@id":"https:\/\/hoteltoledo.it\/hu\/kapcsolatfelvetel\/#primaryimage","url":"https:\/\/hoteltoledo.it\/wp-content\/uploads\/2024\/11\/home-slider-lounge-.jpg","contentUrl":"https:\/\/hoteltoledo.it\/wp-content\/uploads\/2024\/11\/home-slider-lounge-.jpg","width":2560,"height":1422},{"@type":"BreadcrumbList","@id":"https:\/\/hoteltoledo.it\/hu\/kapcsolatfelvetel\/#breadcrumb","itemListElement":[{"@type":"ListItem","position":1,"name":"Home","item":"https:\/\/hoteltoledo.it\/hu\/"},{"@type":"ListItem","position":2,"name":"Kapcsolatfelv\u00e9tel"}]},{"@type":"WebSite","@id":"https:\/\/hoteltoledo.it\/hu\/#website","url":"https:\/\/hoteltoledo.it\/hu\/","name":"Hotel Toledo Jesolo","description":"","publisher":{"@id":"https:\/\/hoteltoledo.it\/hu\/#organization"},"potentialAction":[{"@type":"SearchAction","target":{"@type":"EntryPoint","urlTemplate":"https:\/\/hoteltoledo.it\/hu\/?s={search_term_string}"},"query-input":{"@type":"PropertyValueSpecification","valueRequired":true,"valueName":"search_term_string"}}],"inLanguage":"hu"},{"@type":"Organization","@id":"https:\/\/hoteltoledo.it\/hu\/#organization","name":"Hotel Toledo Jesolo","url":"https:\/\/hoteltoledo.it\/hu\/","logo":{"@type":"ImageObject","inLanguage":"hu","@id":"https:\/\/hoteltoledo.it\/hu\/#\/schema\/logo\/image\/","url":"https:\/\/hoteltoledo.it\/wp-content\/uploads\/2024\/11\/Hotel_Toledo_Jesolo-e1732787787582.png","contentUrl":"https:\/\/hoteltoledo.it\/wp-content\/uploads\/2024\/11\/Hotel_Toledo_Jesolo-e1732787787582.png","width":250,"height":77,"caption":"Hotel Toledo Jesolo"},"image":{"@id":"https:\/\/hoteltoledo.it\/hu\/#\/schema\/logo\/image\/"}}]}},"_links":{"self":[{"href":"https:\/\/hoteltoledo.it\/hu\/wp-json\/wp\/v2\/pages\/1195","targetHints":{"allow":["GET"]}}],"collection":[{"href":"https:\/\/hoteltoledo.it\/hu\/wp-json\/wp\/v2\/pages"}],"about":[{"href":"https:\/\/hoteltoledo.it\/hu\/wp-json\/wp\/v2\/types\/page"}],"author":[{"embeddable":true,"href":"https:\/\/hoteltoledo.it\/hu\/wp-json\/wp\/v2\/users\/1"}],"replies":[{"embeddable":true,"href":"https:\/\/hoteltoledo.it\/hu\/wp-json\/wp\/v2\/comments?post=1195"}],"version-history":[{"count":4,"href":"https:\/\/hoteltoledo.it\/hu\/wp-json\/wp\/v2\/pages\/1195\/revisions"}],"predecessor-version":[{"id":2161,"href":"https:\/\/hoteltoledo.it\/hu\/wp-json\/wp\/v2\/pages\/1195\/revisions\/2161"}],"wp:featuredmedia":[{"embeddable":true,"href":"https:\/\/hoteltoledo.it\/hu\/wp-json\/wp\/v2\/media\/157"}],"wp:attachment":[{"href":"https:\/\/hoteltoledo.it\/hu\/wp-json\/wp\/v2\/media?parent=1195"}],"curies":[{"name":"wp","href":"https:\/\/api.w.org\/{rel}","templated":true}]}}