{"id":1199,"date":"2024-11-28T13:54:20","date_gmt":"2024-11-28T13:54:20","guid":{"rendered":"https:\/\/staging.hoteltoledo.it\/faq\/"},"modified":"2025-09-11T11:59:10","modified_gmt":"2025-09-11T11:59:10","slug":"faq","status":"publish","type":"page","link":"https:\/\/hoteltoledo.it\/hu\/faq\/","title":{"rendered":"FAQ"},"content":{"rendered":"\n<h2 class=\"wp-block-heading\" style=\"font-size:38px;line-height:1.4\">Itt tal\u00e1l n\u00e9h\u00e1ny v\u00e1laszt a leggyakrabban feltett k\u00e9rd\u00e9sekre<\/h2>\n\n\n\n<div class=\"wp-block-columns is-layout-flex wp-container-core-columns-is-layout-1 wp-block-columns-is-layout-flex\">\n<div class=\"wp-block-column is-layout-flow wp-block-column-is-layout-flow\">\n<div class=\"wp-block-group\"><div class=\"wp-block-group__inner-container is-layout-constrained wp-block-group-is-layout-constrained\">\n<details class=\"wp-block-details padding-list-block has-background is-layout-flow wp-block-details-is-layout-flow\" style=\"background-color:#d6ac7e75\" open><summary><em><strong>Mikor lehet bejelentkezni \u00e9s kijelentkezni?<\/strong><\/em><br><\/summary>\n<p>Bejelentkezni 12:30-t\u00f3l k\u00e9s\u0151 \u00e9jszak\u00e1ig lehet; k\u00e9rj\u00fck, hogy k\u00e9s\u0151i bejelentkez\u00e9s eset\u00e9n el\u0151re t\u00e1j\u00e9koztasson minket.<br>A kijelentkez\u00e9s 10:00 \u00f3r\u00e1ig lehets\u00e9ges.<\/p>\n<\/details>\n<\/div><\/div>\n\n\n\n<details class=\"wp-block-details padding-list-block has-background is-layout-flow wp-block-details-is-layout-flow\" style=\"background-color:#d6ac7e6e\"><summary><em><strong>Milyen t\u00e1vols\u00e1gra van a legk\u00f6zelebbi strand?<\/strong><\/em><\/summary>\n<p>A Hotel Toledo ide\u00e1lis helyen, Jesolo tengerpartj\u00e1n, a strandt\u00f3l mind\u00f6ssze 70 m\u00e9terre tal\u00e1lhat\u00f3.<\/p>\n<\/details>\n\n\n\n<details class=\"wp-block-details padding-list-block has-background is-layout-flow wp-block-details-is-layout-flow\" style=\"background-color:#d6ac7e6e\"><summary><em><strong><em><strong>A sz\u00e1lloda biztos\u00edt internet-hozz\u00e1f\u00e9r\u00e9st?<\/strong><\/em><\/strong><\/em><\/summary>\n<p>Igen, a sz\u00e1llod\u00e1ban \u00e9s a k\u00f6z\u00f6s helyis\u00e9gekben INGYENES Wi-Fi h\u00e1l\u00f3zat \u00e1ll a vend\u00e9gek rendelkez\u00e9s\u00e9re.<\/p>\n<\/details>\n\n\n\n<details class=\"wp-block-details padding-list-block has-background is-layout-flow wp-block-details-is-layout-flow\" style=\"background-color:#d6ac7e6e\"><summary><em><strong>El\u0151leg<\/strong><\/em><\/summary>\n<p>A foglal\u00e1s visszaigazol\u00e1sakor el\u0151leget vagy bankk\u00e1rtya-garanci\u00e1t k\u00e9r\u00fcnk.<\/p>\n<\/details>\n\n\n\n<details class=\"wp-block-details padding-list-block has-background is-layout-flow wp-block-details-is-layout-flow\" style=\"background-color:#d6ac7e75\"><summary><em><strong><strong><em><strong><em>A f\u00e9rjem nem marad a sz\u00e1llod\u00e1ban a teljes lefoglalt id\u0151szakban. Mennyibe ker\u00fcl a szoba a gyermekem sz\u00e1m\u00e1ra?<\/em><\/strong><\/em><\/strong><\/strong><\/em><\/summary>\n<p>Arra az id\u0151szakra, amikor a f\u00e9rje is a sz\u00e1llod\u00e1ban tart\u00f3zkodik, a gyermek a kor\u00e1nak megfelel\u0151 kedvezm\u00e9nyben r\u00e9szes\u00fcl, a fennmarad\u00f3 id\u0151szakban, mivel csak ketten tart\u00f3zkodnak a szob\u00e1ban, a gyermek ut\u00e1n is teljes \u00e1rat kell fizetni.<\/p>\n\n\n\n<p>A f\u0151szezonon k\u00edv\u00fcli id\u0151szakokban kedvez\u0151bb \u00e1rak is el\u00e9rhet\u0151k.<\/p>\n<\/details>\n\n\n\n<details class=\"wp-block-details padding-list-block has-background is-layout-flow wp-block-details-is-layout-flow\" style=\"background-color:#d6ac7e75\"><summary><em><strong><strong><em><strong><em><strong><em>Lehets\u00e9ges k\u00e9s\u0151 este visszat\u00e9rni a sz\u00e1llod\u00e1ba?<\/em><\/strong><\/em><\/strong><\/em><\/strong><\/strong><\/em><\/summary>\n<p>Term\u00e9szetesen: a recepci\u00f3 a nap 24 \u00f3r\u00e1j\u00e1ban nyitva tart.<\/p>\n<\/details>\n\n\n\n<details class=\"wp-block-details padding-list-block has-background is-layout-flow wp-block-details-is-layout-flow\" style=\"background-color:#d6ac7e75\"><summary><em><strong><strong><em><strong><em><strong><em><strong>Van priv\u00e1t strandja a sz\u00e1llod\u00e1nak? Fizet\u0151s?<\/strong><\/em><\/strong><\/em><\/strong><\/em><\/strong><\/strong><\/em><\/summary>\n<p>2024-ben a strand \u00fczemeltet\u00e9s\u00e9t a sz\u00e1llod\u00e1kt\u00f3l f\u00fcggetlen k\u00fcls\u0151 szervezet vette \u00e1t.<\/p>\n\n\n\n<p>Vend\u00e9geink t\u00f6k\u00e9letes pihen\u00e9se \u00e9rdek\u00e9ben sz\u00e1mos naperny\u0151helyet tudunk biztos\u00edtani, de azt javasoljuk, hogy a szobafoglal\u00e1s visszaigazol\u00e1sakor a naperny\u0151helyet is folalja le.<\/p>\n\n\n\n<p>Kor\u00e1bban mi fedezt\u00fck a strandra val\u00f3 bejut\u00e1s k\u00f6lts\u00e9geit. Sajnos a k\u00f6lts\u00e9gek mostanra jelent\u0151sen megemelkedtek, <strong>ez\u00e9rt ha a be- \u00e9s kijelentkez\u00e9s azonos id\u0151pontban t\u00f6rt\u00e9nik, mint a szoba eset\u00e9ben, szob\u00e1nk\u00e9nt \u00e9s \u00e9jszak\u00e1nk\u00e9nt egy naperny\u0151 \u00e9s k\u00e9t napoz\u00f3\u00e1gy lefoglal\u00e1sa eset\u00e9n 13 \u20ac \u00f6sszeg\u0171 hozz\u00e1j\u00e1rul\u00e1st k\u00e9r\u00fcnk (2025-ben), m\u00edg a naperny\u0151 napi \u00e1ra 20 \u20ac.<\/strong><\/p>\n\n\n\n<p>A j\u00f3 h\u00edr az, hogy a naperny\u0151ket kicser\u00e9lt\u00e9k, \u00e9s el\u00e9g messze vannak egym\u00e1st\u00f3l, \u00edgy a lehet\u0151 legk\u00e9nyelmesebb lehet a strandol\u00e1s. Az \u00faj vezet\u0151k a k\u00f6vetkez\u0151 k\u00e9t \u00e9vre a szolg\u00e1ltat\u00e1sok radik\u00e1lis meg\u00faj\u00edt\u00e1s\u00e1ra vonatkoz\u00f3 projektet ny\u00fajtottak be a jesol\u00f3i \u00f6nkorm\u00e1nyzathoz.<\/p>\n<\/details>\n<\/div>\n\n\n\n<div class=\"wp-block-column is-layout-flow wp-block-column-is-layout-flow\">\n<details class=\"wp-block-details padding-list-block has-background is-layout-flow wp-block-details-is-layout-flow\" style=\"background-color:#d6ac7e75\"><summary><em><strong><strong><em>A sz\u00e1lloda rendelkezik gar\u00e1zzsal \u00e9s\/vagy parkol\u00f3val?<\/em><\/strong><\/strong><\/em><\/summary>\n<p>Az \u00e1r tartalmazza a mag\u00e1nparkol\u00f3 haszn\u00e1lat\u00e1t; a gar\u00e1zs napi 8 \u20ac \u00f6sszeg\u00e9rt vehet\u0151 ig\u00e9nybe.<\/p>\n\n\n\n<p class=\"has-black-color has-text-color has-link-color wp-elements-7e945ff4c6be5a3ef84d36b992f0694f\">Tov\u00e1bbi inform\u00e1ci\u00f3 a <a href=\"https:\/\/hoteltoledo.it\/hu\/kapcsolatfelvetel\/\">KAPCSOLATOK-INFORM\u00c1CI\u00d3K<\/a> men\u00fcpontban tal\u00e1lhat\u00f3.<\/p>\n<\/details>\n\n\n\n<details class=\"wp-block-details padding-list-block has-background is-layout-flow wp-block-details-is-layout-flow\" style=\"background-color:#d6ac7e75\"><summary><em><strong><strong><em>Lemond\u00e1si felt\u00e9telek. Hogyan mondhatom le a foglal\u00e1st?<\/em><\/strong><\/strong><\/em><\/summary>\n<p>A foglal\u00e1s d\u00edjmentes lemond\u00e1sa legk\u00e9s\u0151bb az \u00e9rkez\u00e9st megel\u0151z\u0151 8. napig lehets\u00e9ges (az el\u0151leget visszat\u00e9r\u00edtj\u00fck). K\u00e9s\u0151i lemond\u00e1s vagy a lemond\u00e1s hi\u00e1nya eset\u00e9n 300 \u20ac \u00f6sszeg ker\u00fcl levon\u00e1sra a hitelk\u00e1rty\u00e1j\u00e1r\u00f3l, vagy ha el\u0151leget fizetett, az nem ker\u00fcl visszat\u00e9r\u00edt\u00e9sre.<\/p>\n<\/details>\n\n\n\n<details class=\"wp-block-details padding-list-block has-background is-layout-flow wp-block-details-is-layout-flow\" style=\"background-color:#d6ac7e75\"><summary>Hogyan fizethetem ki a sz\u00e1llodai sz\u00e1ml\u00e1t?<\/summary>\n<p>A k\u00f6vetkez\u0151 fizet\u00e9si m\u00f3dokat fogadjuk el:<br>bankk\u00e1rtya (Visa, MasterCard, EuroCard, Bancomat, Maestro, American Express).<br>Banki csekket a vezet\u0151s\u00e9ghez \u00e9rkez\u00e9skor beny\u00fajtott k\u00e9relem alapj\u00e1n fogadunk el; k\u00fclf\u00f6ldi csekkeket nem tudunk elfogadni.<br>A sz\u00e1llod\u00e1ban k\u00e9szp\u00e9nzzel is lehet fizetni.<\/p>\n<\/details>\n\n\n\n<details class=\"wp-block-details padding-list-block has-background is-layout-flow wp-block-details-is-layout-flow\" style=\"background-color:#d6ac7e75\"><summary><em><strong><strong><em>Mit tehetek, ha vonattal, rep\u00fcl\u0151vel vagy busszal \u00e9rkezem?<\/em><\/strong><\/strong><\/em><\/summary>\n<p class=\"has-black-color has-text-color has-link-color wp-elements-200cf41440962d1bf8089b5cf36783bb\">Ha szeretn\u00e9, a sz\u00e1lloda t\u00e9r\u00edt\u00e9s ellen\u00e9ben megszervezi a transzfert a velencei vagy a trevis\u00f3i rep\u00fcl\u0151t\u00e9rr\u0151l, illetve a Mestre vagy a San Don\u00e0 di Piave\/Jesolo vas\u00fat\u00e1llom\u00e1sr\u00f3l. In alternativa \u00e8 possibile utilizzare il servizio pubblico di autobus delle compagnie Actv e Atvo. Alternat\u00edvak\u00e9nt az Actv \u00e9s az Atvo t\u00e1rsas\u00e1gok nyilv\u00e1nos buszj\u00e1rat\u00e1t is ig\u00e9nybe lehet venni.<\/p>\n\n\n\n<p class=\"has-black-color has-text-color has-link-color wp-elements-2ff1d6229d91878a10f3778ea684370f\">N\u00e9zze meg, hogyan <a href=\"https:\/\/hoteltoledo.it\/hu\/hol-vagyunk\/\">JUTHAT EL HOZZ\u00c1NK<\/a><\/p>\n<\/details>\n\n\n\n<details class=\"wp-block-details padding-list-block has-background is-layout-flow wp-block-details-is-layout-flow\" style=\"background-color:#d6ac7e6e\"><summary><em><strong><strong><em>A t\u00e1voz\u00e1s napj\u00e1n ig\u00e9nybe vehetem a parkol\u00f3t?<\/em><\/strong><\/strong><\/em><\/summary>\n<p>A parkol\u00f3hely olyan, mint a lefoglalt szoba. Ahogy a t\u00e1voz\u00e1s napj\u00e1n m\u00e1s vend\u00e9gek \u00e9rkeznek a szob\u00e1ba, ugyanez \u00e9rv\u00e9nyes a parkol\u00f3helyre is. Ennek ellen\u00e9re szabad helyek eset\u00e9n \u00e9s t\u00e9r\u00edt\u00e9s ellen\u00e9ben \u00f6r\u00f6mmel \u00e1llunk a rendelkez\u00e9s\u00e9re.<\/p>\n<\/details>\n\n\n\n<details class=\"wp-block-details padding-list-block has-background is-layout-flow wp-block-details-is-layout-flow\" style=\"background-color:#d6ac7e6e\"><summary><em><strong><strong><em><strong><em>Mennyi az idegenforgalmi ad\u00f3?<\/em><\/strong><\/em><\/strong><\/strong><\/em><\/summary>\n<p>Jesolo \u00f6nkorm\u00e1nyzata \u00e9vr\u0151l \u00e9vre m\u00f3dos\u00edthatja az ad\u00f3k \u00f6sszeg\u00e9t. 2024-ben az idegenforgalmi ad\u00f3 1,30 eur\u00f3\/f\u0151\/nap volt.<\/p>\n<\/details>\n\n\n\n<details class=\"wp-block-details padding-list-block has-background is-layout-flow wp-block-details-is-layout-flow\" style=\"background-color:#d6ac7e6e\"><summary><em><strong><strong><em><strong><em><strong><em>A hotel h\u00e1zi\u00e1llatokat is fogad?<\/em><\/strong><\/em><\/strong><\/em><\/strong><\/strong><\/em><\/summary>\n<p>A kuty\u00e1k a szob\u00e1ban \u00e9s a k\u00f6z\u00f6s ter\u00fcleteken is tart\u00f3zkodhatnak (az \u00e9tkez\u0151t kiv\u00e9ve).<\/p>\n\n\n\n<p>Az \u00f6nkorm\u00e1nyzat rendelete \u00e9rtelm\u00e9ben a kuty\u00e1k p\u00f3r\u00e1zon s\u00e9t\u00e1ltathat\u00f3k a tengerparti s\u00e9t\u00e1nyon, de nem tart\u00f3zkodhatnak a naperny\u0151k k\u00f6zel\u00e9ben, \u00e9s nem mehetnek be a tengerbe.<\/p>\n<\/details>\n\n\n\n<p style=\"font-size:18px\"><\/p>\n<\/div>\n<\/div>\n","protected":false},"excerpt":{"rendered":"<p>Itt tal\u00e1l n\u00e9h\u00e1ny v\u00e1laszt a leggyakrabban feltett k\u00e9rd\u00e9sekre<\/p>\n","protected":false},"author":1,"featured_media":0,"parent":0,"menu_order":0,"comment_status":"closed","ping_status":"closed","template":"","meta":{"_acf_changed":false,"footnotes":""},"class_list":["post-1199","page","type-page","status-publish","hentry"],"acf":[],"yoast_head":"<!-- This site is optimized with the Yoast SEO plugin v26.3 - https:\/\/yoast.com\/wordpress\/plugins\/seo\/ -->\n<title>FAQ - Hotel Toledo Jesolo<\/title>\n<meta name=\"description\" content=\"Gyakran ism\u00e9telt k\u00e9rd\u00e9sek a foglal\u00e1sr\u00f3l, szolg\u00e1ltat\u00e1sokr\u00f3l, strandr\u00f3l \u00e9s egy\u00e9b tudnival\u00f3kr\u00f3l a Hotel Toledo vend\u00e9gei sz\u00e1m\u00e1ra.\" \/>\n<meta name=\"robots\" content=\"index, follow, max-snippet:-1, max-image-preview:large, max-video-preview:-1\" \/>\n<link rel=\"canonical\" href=\"https:\/\/hoteltoledo.it\/hu\/faq\/\" \/>\n<meta property=\"og:locale\" content=\"hu_HU\" \/>\n<meta property=\"og:type\" content=\"article\" \/>\n<meta property=\"og:title\" content=\"FAQ - Hotel Toledo Jesolo\" \/>\n<meta property=\"og:description\" content=\"Gyakran ism\u00e9telt k\u00e9rd\u00e9sek a foglal\u00e1sr\u00f3l, szolg\u00e1ltat\u00e1sokr\u00f3l, strandr\u00f3l \u00e9s egy\u00e9b tudnival\u00f3kr\u00f3l a Hotel Toledo vend\u00e9gei sz\u00e1m\u00e1ra.\" \/>\n<meta property=\"og:url\" content=\"https:\/\/hoteltoledo.it\/hu\/faq\/\" \/>\n<meta property=\"og:site_name\" content=\"Hotel Toledo Jesolo\" \/>\n<meta property=\"article:modified_time\" content=\"2025-09-11T11:59:10+00:00\" \/>\n<meta name=\"twitter:card\" content=\"summary_large_image\" \/>\n<meta name=\"twitter:label1\" content=\"Becs\u00fclt olvas\u00e1si id\u0151\" \/>\n\t<meta name=\"twitter:data1\" content=\"3 perc\" \/>\n<script type=\"application\/ld+json\" class=\"yoast-schema-graph\">{\"@context\":\"https:\/\/schema.org\",\"@graph\":[{\"@type\":\"WebPage\",\"@id\":\"https:\/\/hoteltoledo.it\/hu\/faq\/\",\"url\":\"https:\/\/hoteltoledo.it\/hu\/faq\/\",\"name\":\"FAQ - Hotel Toledo Jesolo\",\"isPartOf\":{\"@id\":\"https:\/\/hoteltoledo.it\/hu\/#website\"},\"datePublished\":\"2024-11-28T13:54:20+00:00\",\"dateModified\":\"2025-09-11T11:59:10+00:00\",\"description\":\"Gyakran ism\u00e9telt k\u00e9rd\u00e9sek a foglal\u00e1sr\u00f3l, szolg\u00e1ltat\u00e1sokr\u00f3l, strandr\u00f3l \u00e9s egy\u00e9b tudnival\u00f3kr\u00f3l a Hotel Toledo vend\u00e9gei sz\u00e1m\u00e1ra.\",\"breadcrumb\":{\"@id\":\"https:\/\/hoteltoledo.it\/hu\/faq\/#breadcrumb\"},\"inLanguage\":\"hu\",\"potentialAction\":[{\"@type\":\"ReadAction\",\"target\":[\"https:\/\/hoteltoledo.it\/hu\/faq\/\"]}]},{\"@type\":\"BreadcrumbList\",\"@id\":\"https:\/\/hoteltoledo.it\/hu\/faq\/#breadcrumb\",\"itemListElement\":[{\"@type\":\"ListItem\",\"position\":1,\"name\":\"Home\",\"item\":\"https:\/\/hoteltoledo.it\/hu\/\"},{\"@type\":\"ListItem\",\"position\":2,\"name\":\"FAQ\"}]},{\"@type\":\"WebSite\",\"@id\":\"https:\/\/hoteltoledo.it\/hu\/#website\",\"url\":\"https:\/\/hoteltoledo.it\/hu\/\",\"name\":\"Hotel Toledo Jesolo\",\"description\":\"\",\"publisher\":{\"@id\":\"https:\/\/hoteltoledo.it\/hu\/#organization\"},\"potentialAction\":[{\"@type\":\"SearchAction\",\"target\":{\"@type\":\"EntryPoint\",\"urlTemplate\":\"https:\/\/hoteltoledo.it\/hu\/?s={search_term_string}\"},\"query-input\":{\"@type\":\"PropertyValueSpecification\",\"valueRequired\":true,\"valueName\":\"search_term_string\"}}],\"inLanguage\":\"hu\"},{\"@type\":\"Organization\",\"@id\":\"https:\/\/hoteltoledo.it\/hu\/#organization\",\"name\":\"Hotel Toledo Jesolo\",\"url\":\"https:\/\/hoteltoledo.it\/hu\/\",\"logo\":{\"@type\":\"ImageObject\",\"inLanguage\":\"hu\",\"@id\":\"https:\/\/hoteltoledo.it\/hu\/#\/schema\/logo\/image\/\",\"url\":\"https:\/\/hoteltoledo.it\/wp-content\/uploads\/2024\/11\/Hotel_Toledo_Jesolo-e1732787787582.png\",\"contentUrl\":\"https:\/\/hoteltoledo.it\/wp-content\/uploads\/2024\/11\/Hotel_Toledo_Jesolo-e1732787787582.png\",\"width\":250,\"height\":77,\"caption\":\"Hotel Toledo Jesolo\"},\"image\":{\"@id\":\"https:\/\/hoteltoledo.it\/hu\/#\/schema\/logo\/image\/\"}}]}<\/script>\n<!-- \/ Yoast SEO plugin. -->","yoast_head_json":{"title":"FAQ - Hotel Toledo Jesolo","description":"Gyakran ism\u00e9telt k\u00e9rd\u00e9sek a foglal\u00e1sr\u00f3l, szolg\u00e1ltat\u00e1sokr\u00f3l, strandr\u00f3l \u00e9s egy\u00e9b tudnival\u00f3kr\u00f3l a Hotel Toledo vend\u00e9gei sz\u00e1m\u00e1ra.","robots":{"index":"index","follow":"follow","max-snippet":"max-snippet:-1","max-image-preview":"max-image-preview:large","max-video-preview":"max-video-preview:-1"},"canonical":"https:\/\/hoteltoledo.it\/hu\/faq\/","og_locale":"hu_HU","og_type":"article","og_title":"FAQ - Hotel Toledo Jesolo","og_description":"Gyakran ism\u00e9telt k\u00e9rd\u00e9sek a foglal\u00e1sr\u00f3l, szolg\u00e1ltat\u00e1sokr\u00f3l, strandr\u00f3l \u00e9s egy\u00e9b tudnival\u00f3kr\u00f3l a Hotel Toledo vend\u00e9gei sz\u00e1m\u00e1ra.","og_url":"https:\/\/hoteltoledo.it\/hu\/faq\/","og_site_name":"Hotel Toledo Jesolo","article_modified_time":"2025-09-11T11:59:10+00:00","twitter_card":"summary_large_image","twitter_misc":{"Becs\u00fclt olvas\u00e1si id\u0151":"3 perc"},"schema":{"@context":"https:\/\/schema.org","@graph":[{"@type":"WebPage","@id":"https:\/\/hoteltoledo.it\/hu\/faq\/","url":"https:\/\/hoteltoledo.it\/hu\/faq\/","name":"FAQ - Hotel Toledo Jesolo","isPartOf":{"@id":"https:\/\/hoteltoledo.it\/hu\/#website"},"datePublished":"2024-11-28T13:54:20+00:00","dateModified":"2025-09-11T11:59:10+00:00","description":"Gyakran ism\u00e9telt k\u00e9rd\u00e9sek a foglal\u00e1sr\u00f3l, szolg\u00e1ltat\u00e1sokr\u00f3l, strandr\u00f3l \u00e9s egy\u00e9b tudnival\u00f3kr\u00f3l a Hotel Toledo vend\u00e9gei sz\u00e1m\u00e1ra.","breadcrumb":{"@id":"https:\/\/hoteltoledo.it\/hu\/faq\/#breadcrumb"},"inLanguage":"hu","potentialAction":[{"@type":"ReadAction","target":["https:\/\/hoteltoledo.it\/hu\/faq\/"]}]},{"@type":"BreadcrumbList","@id":"https:\/\/hoteltoledo.it\/hu\/faq\/#breadcrumb","itemListElement":[{"@type":"ListItem","position":1,"name":"Home","item":"https:\/\/hoteltoledo.it\/hu\/"},{"@type":"ListItem","position":2,"name":"FAQ"}]},{"@type":"WebSite","@id":"https:\/\/hoteltoledo.it\/hu\/#website","url":"https:\/\/hoteltoledo.it\/hu\/","name":"Hotel Toledo Jesolo","description":"","publisher":{"@id":"https:\/\/hoteltoledo.it\/hu\/#organization"},"potentialAction":[{"@type":"SearchAction","target":{"@type":"EntryPoint","urlTemplate":"https:\/\/hoteltoledo.it\/hu\/?s={search_term_string}"},"query-input":{"@type":"PropertyValueSpecification","valueRequired":true,"valueName":"search_term_string"}}],"inLanguage":"hu"},{"@type":"Organization","@id":"https:\/\/hoteltoledo.it\/hu\/#organization","name":"Hotel Toledo Jesolo","url":"https:\/\/hoteltoledo.it\/hu\/","logo":{"@type":"ImageObject","inLanguage":"hu","@id":"https:\/\/hoteltoledo.it\/hu\/#\/schema\/logo\/image\/","url":"https:\/\/hoteltoledo.it\/wp-content\/uploads\/2024\/11\/Hotel_Toledo_Jesolo-e1732787787582.png","contentUrl":"https:\/\/hoteltoledo.it\/wp-content\/uploads\/2024\/11\/Hotel_Toledo_Jesolo-e1732787787582.png","width":250,"height":77,"caption":"Hotel Toledo Jesolo"},"image":{"@id":"https:\/\/hoteltoledo.it\/hu\/#\/schema\/logo\/image\/"}}]}},"_links":{"self":[{"href":"https:\/\/hoteltoledo.it\/hu\/wp-json\/wp\/v2\/pages\/1199","targetHints":{"allow":["GET"]}}],"collection":[{"href":"https:\/\/hoteltoledo.it\/hu\/wp-json\/wp\/v2\/pages"}],"about":[{"href":"https:\/\/hoteltoledo.it\/hu\/wp-json\/wp\/v2\/types\/page"}],"author":[{"embeddable":true,"href":"https:\/\/hoteltoledo.it\/hu\/wp-json\/wp\/v2\/users\/1"}],"replies":[{"embeddable":true,"href":"https:\/\/hoteltoledo.it\/hu\/wp-json\/wp\/v2\/comments?post=1199"}],"version-history":[{"count":5,"href":"https:\/\/hoteltoledo.it\/hu\/wp-json\/wp\/v2\/pages\/1199\/revisions"}],"predecessor-version":[{"id":2159,"href":"https:\/\/hoteltoledo.it\/hu\/wp-json\/wp\/v2\/pages\/1199\/revisions\/2159"}],"wp:attachment":[{"href":"https:\/\/hoteltoledo.it\/hu\/wp-json\/wp\/v2\/media?parent=1199"}],"curies":[{"name":"wp","href":"https:\/\/api.w.org\/{rel}","templated":true}]}}