{"id":1208,"date":"2024-11-08T13:43:21","date_gmt":"2024-11-08T13:43:21","guid":{"rendered":"https:\/\/staging.hoteltoledo.it\/konyha-es-izek\/ristorante\/"},"modified":"2025-03-31T09:49:37","modified_gmt":"2025-03-31T09:49:37","slug":"az-etterem","status":"publish","type":"page","link":"https:\/\/hoteltoledo.it\/hu\/konyha-es-izek\/az-etterem\/","title":{"rendered":"Az \u00e9tterem"},"content":{"rendered":"\n<p>A Hotel Toled\u00f3ban a kiv\u00e1l\u00f3 reggeli mellett <strong>eb\u00e9ddel<\/strong> \u00e9s <strong>vacsor\u00e1val<\/strong> is v\u00e1rjuk, amelyet k\u00e9nyelmesen, az asztaln\u00e1l felszolg\u00e1lva fogyaszthat el.<\/p>\n\n\n\n<p>Ha a f\u00e9lpanzi\u00f3t vagy a teljes ell\u00e1t\u00e1st r\u00e9szes\u00edti el\u0151nyben, minden nap m\u00e1st ehet: 4-5 els\u0151 fog\u00e1s \u00e9s 4 m\u00e1sodik fog\u00e1s k\u00f6z\u00fcl v\u00e1laszthat, \u00e9s minden nap h\u00fas- \u00e9s hal\u00e9telek sz\u00e9les v\u00e1laszt\u00e9k\u00e1val v\u00e1rjuk (n\u00e9zze meg a minta\u00e9tlapot).<\/p>\n\n\n\n<p>Ha f\u00e9lpanzi\u00f3val vagy teljes ell\u00e1t\u00e1ssal foglal, rendk\u00edv\u00fcl kedvezm\u00e9nyes \u00e1ron \u00e9tkezhet, de ha csak alkalmank\u00e9nt szeretne n\u00e1lunk enni, a recepci\u00f3n \u00e9rdekl\u0151dhet a teljes \u00e1r\u00fa \u00e9telekr\u0151l.<\/p>\n\n\n\n<p>A f\u0151\u00e9telek mellett z\u00f6lds\u00e9g- \u00e9s el\u0151\u00e9telb\u00fcf\u00e9nk k\u00edn\u00e1lat\u00e1t, \u00e9s desszertjeink nagy v\u00e1laszt\u00e9k\u00e1t is \u00e9lvezheti.<\/p>\n","protected":false},"excerpt":{"rendered":"<p>A Hotel Toled\u00f3ban a kiv\u00e1l\u00f3 reggeli mellett eb\u00e9ddel \u00e9s vacsor\u00e1val is v\u00e1rjuk, amelyet k\u00e9nyelmesen, az asztaln\u00e1l felszolg\u00e1lva fogyaszthat el. Ha a f\u00e9lpanzi\u00f3t vagy a teljes ell\u00e1t\u00e1st r\u00e9szes\u00edti el\u0151nyben, minden nap m\u00e1st ehet: 4-5 els\u0151 fog\u00e1s \u00e9s 4 m\u00e1sodik fog\u00e1s k\u00f6z\u00fcl v\u00e1laszthat, \u00e9s minden nap h\u00fas- \u00e9s hal\u00e9telek sz\u00e9les v\u00e1laszt\u00e9k\u00e1val v\u00e1rjuk (n\u00e9zze meg a minta\u00e9tlapot). Ha [&hellip;]<\/p>\n","protected":false},"author":1,"featured_media":644,"parent":1204,"menu_order":0,"comment_status":"closed","ping_status":"closed","template":"templates\/lista-figlio.php","meta":{"_acf_changed":false,"footnotes":""},"class_list":["post-1208","page","type-page","status-publish","has-post-thumbnail","hentry"],"acf":[],"yoast_head":"<!-- This site is optimized with the Yoast SEO plugin v26.3 - https:\/\/yoast.com\/wordpress\/plugins\/seo\/ -->\n<title>Az \u00e9tterem - Hotel Toledo Jesolo<\/title>\n<meta name=\"description\" content=\"A Hotel Toledo Jesol\u00f3ban \u00e9ttermi szolg\u00e1ltat\u00e1s \u00e1ll rendelkez\u00e9sre, amely f\u00e9lpanzi\u00f3val vagy teljes panzi\u00f3val foglalhat\u00f3, minden nap m\u00e1s men\u00fcvel.\" \/>\n<meta name=\"robots\" content=\"index, follow, max-snippet:-1, max-image-preview:large, max-video-preview:-1\" \/>\n<link rel=\"canonical\" href=\"https:\/\/hoteltoledo.it\/hu\/konyha-es-izek\/az-etterem\/\" \/>\n<meta property=\"og:locale\" content=\"hu_HU\" \/>\n<meta property=\"og:type\" content=\"article\" \/>\n<meta property=\"og:title\" content=\"Az \u00e9tterem - Hotel Toledo Jesolo\" \/>\n<meta property=\"og:description\" content=\"A Hotel Toledo Jesol\u00f3ban \u00e9ttermi szolg\u00e1ltat\u00e1s \u00e1ll rendelkez\u00e9sre, amely f\u00e9lpanzi\u00f3val vagy teljes panzi\u00f3val foglalhat\u00f3, minden nap m\u00e1s men\u00fcvel.\" \/>\n<meta property=\"og:url\" content=\"https:\/\/hoteltoledo.it\/hu\/konyha-es-izek\/az-etterem\/\" \/>\n<meta property=\"og:site_name\" content=\"Hotel Toledo Jesolo\" \/>\n<meta property=\"article:modified_time\" content=\"2025-03-31T09:49:37+00:00\" \/>\n<meta property=\"og:image\" content=\"https:\/\/hoteltoledo.it\/wp-content\/uploads\/2024\/12\/Sala-da-Pranzo-e1734601638796.jpg\" \/>\n\t<meta property=\"og:image:width\" content=\"2560\" \/>\n\t<meta property=\"og:image:height\" content=\"1422\" \/>\n\t<meta property=\"og:image:type\" content=\"image\/jpeg\" \/>\n<meta name=\"twitter:card\" content=\"summary_large_image\" \/>\n<meta name=\"twitter:label1\" content=\"Becs\u00fclt olvas\u00e1si id\u0151\" \/>\n\t<meta name=\"twitter:data1\" content=\"1 perc\" \/>\n<script type=\"application\/ld+json\" class=\"yoast-schema-graph\">{\"@context\":\"https:\/\/schema.org\",\"@graph\":[{\"@type\":\"WebPage\",\"@id\":\"https:\/\/hoteltoledo.it\/hu\/konyha-es-izek\/az-etterem\/\",\"url\":\"https:\/\/hoteltoledo.it\/hu\/konyha-es-izek\/az-etterem\/\",\"name\":\"Az \u00e9tterem - Hotel Toledo Jesolo\",\"isPartOf\":{\"@id\":\"https:\/\/hoteltoledo.it\/hu\/#website\"},\"primaryImageOfPage\":{\"@id\":\"https:\/\/hoteltoledo.it\/hu\/konyha-es-izek\/az-etterem\/#primaryimage\"},\"image\":{\"@id\":\"https:\/\/hoteltoledo.it\/hu\/konyha-es-izek\/az-etterem\/#primaryimage\"},\"thumbnailUrl\":\"https:\/\/hoteltoledo.it\/wp-content\/uploads\/2024\/12\/Sala-da-Pranzo-e1734601638796.jpg\",\"datePublished\":\"2024-11-08T13:43:21+00:00\",\"dateModified\":\"2025-03-31T09:49:37+00:00\",\"description\":\"A Hotel Toledo Jesol\u00f3ban \u00e9ttermi szolg\u00e1ltat\u00e1s \u00e1ll rendelkez\u00e9sre, amely f\u00e9lpanzi\u00f3val vagy teljes panzi\u00f3val foglalhat\u00f3, minden nap m\u00e1s men\u00fcvel.\",\"breadcrumb\":{\"@id\":\"https:\/\/hoteltoledo.it\/hu\/konyha-es-izek\/az-etterem\/#breadcrumb\"},\"inLanguage\":\"hu\",\"potentialAction\":[{\"@type\":\"ReadAction\",\"target\":[\"https:\/\/hoteltoledo.it\/hu\/konyha-es-izek\/az-etterem\/\"]}]},{\"@type\":\"ImageObject\",\"inLanguage\":\"hu\",\"@id\":\"https:\/\/hoteltoledo.it\/hu\/konyha-es-izek\/az-etterem\/#primaryimage\",\"url\":\"https:\/\/hoteltoledo.it\/wp-content\/uploads\/2024\/12\/Sala-da-Pranzo-e1734601638796.jpg\",\"contentUrl\":\"https:\/\/hoteltoledo.it\/wp-content\/uploads\/2024\/12\/Sala-da-Pranzo-e1734601638796.jpg\",\"width\":2560,\"height\":1422},{\"@type\":\"BreadcrumbList\",\"@id\":\"https:\/\/hoteltoledo.it\/hu\/konyha-es-izek\/az-etterem\/#breadcrumb\",\"itemListElement\":[{\"@type\":\"ListItem\",\"position\":1,\"name\":\"Home\",\"item\":\"https:\/\/hoteltoledo.it\/hu\/\"},{\"@type\":\"ListItem\",\"position\":2,\"name\":\"Konyha \u00e9s \u00edzek\",\"item\":\"https:\/\/hoteltoledo.it\/hu\/konyha-es-izek\/\"},{\"@type\":\"ListItem\",\"position\":3,\"name\":\"Az \u00e9tterem\"}]},{\"@type\":\"WebSite\",\"@id\":\"https:\/\/hoteltoledo.it\/hu\/#website\",\"url\":\"https:\/\/hoteltoledo.it\/hu\/\",\"name\":\"Hotel Toledo Jesolo\",\"description\":\"\",\"publisher\":{\"@id\":\"https:\/\/hoteltoledo.it\/hu\/#organization\"},\"potentialAction\":[{\"@type\":\"SearchAction\",\"target\":{\"@type\":\"EntryPoint\",\"urlTemplate\":\"https:\/\/hoteltoledo.it\/hu\/?s={search_term_string}\"},\"query-input\":{\"@type\":\"PropertyValueSpecification\",\"valueRequired\":true,\"valueName\":\"search_term_string\"}}],\"inLanguage\":\"hu\"},{\"@type\":\"Organization\",\"@id\":\"https:\/\/hoteltoledo.it\/hu\/#organization\",\"name\":\"Hotel Toledo Jesolo\",\"url\":\"https:\/\/hoteltoledo.it\/hu\/\",\"logo\":{\"@type\":\"ImageObject\",\"inLanguage\":\"hu\",\"@id\":\"https:\/\/hoteltoledo.it\/hu\/#\/schema\/logo\/image\/\",\"url\":\"https:\/\/hoteltoledo.it\/wp-content\/uploads\/2024\/11\/Hotel_Toledo_Jesolo-e1732787787582.png\",\"contentUrl\":\"https:\/\/hoteltoledo.it\/wp-content\/uploads\/2024\/11\/Hotel_Toledo_Jesolo-e1732787787582.png\",\"width\":250,\"height\":77,\"caption\":\"Hotel Toledo Jesolo\"},\"image\":{\"@id\":\"https:\/\/hoteltoledo.it\/hu\/#\/schema\/logo\/image\/\"}}]}<\/script>\n<!-- \/ Yoast SEO plugin. -->","yoast_head_json":{"title":"Az \u00e9tterem - Hotel Toledo Jesolo","description":"A Hotel Toledo Jesol\u00f3ban \u00e9ttermi szolg\u00e1ltat\u00e1s \u00e1ll rendelkez\u00e9sre, amely f\u00e9lpanzi\u00f3val vagy teljes panzi\u00f3val foglalhat\u00f3, minden nap m\u00e1s men\u00fcvel.","robots":{"index":"index","follow":"follow","max-snippet":"max-snippet:-1","max-image-preview":"max-image-preview:large","max-video-preview":"max-video-preview:-1"},"canonical":"https:\/\/hoteltoledo.it\/hu\/konyha-es-izek\/az-etterem\/","og_locale":"hu_HU","og_type":"article","og_title":"Az \u00e9tterem - Hotel Toledo Jesolo","og_description":"A Hotel Toledo Jesol\u00f3ban \u00e9ttermi szolg\u00e1ltat\u00e1s \u00e1ll rendelkez\u00e9sre, amely f\u00e9lpanzi\u00f3val vagy teljes panzi\u00f3val foglalhat\u00f3, minden nap m\u00e1s men\u00fcvel.","og_url":"https:\/\/hoteltoledo.it\/hu\/konyha-es-izek\/az-etterem\/","og_site_name":"Hotel Toledo Jesolo","article_modified_time":"2025-03-31T09:49:37+00:00","og_image":[{"width":2560,"height":1422,"url":"https:\/\/hoteltoledo.it\/wp-content\/uploads\/2024\/12\/Sala-da-Pranzo-e1734601638796.jpg","type":"image\/jpeg"}],"twitter_card":"summary_large_image","twitter_misc":{"Becs\u00fclt olvas\u00e1si id\u0151":"1 perc"},"schema":{"@context":"https:\/\/schema.org","@graph":[{"@type":"WebPage","@id":"https:\/\/hoteltoledo.it\/hu\/konyha-es-izek\/az-etterem\/","url":"https:\/\/hoteltoledo.it\/hu\/konyha-es-izek\/az-etterem\/","name":"Az \u00e9tterem - Hotel Toledo Jesolo","isPartOf":{"@id":"https:\/\/hoteltoledo.it\/hu\/#website"},"primaryImageOfPage":{"@id":"https:\/\/hoteltoledo.it\/hu\/konyha-es-izek\/az-etterem\/#primaryimage"},"image":{"@id":"https:\/\/hoteltoledo.it\/hu\/konyha-es-izek\/az-etterem\/#primaryimage"},"thumbnailUrl":"https:\/\/hoteltoledo.it\/wp-content\/uploads\/2024\/12\/Sala-da-Pranzo-e1734601638796.jpg","datePublished":"2024-11-08T13:43:21+00:00","dateModified":"2025-03-31T09:49:37+00:00","description":"A Hotel Toledo Jesol\u00f3ban \u00e9ttermi szolg\u00e1ltat\u00e1s \u00e1ll rendelkez\u00e9sre, amely f\u00e9lpanzi\u00f3val vagy teljes panzi\u00f3val foglalhat\u00f3, minden nap m\u00e1s men\u00fcvel.","breadcrumb":{"@id":"https:\/\/hoteltoledo.it\/hu\/konyha-es-izek\/az-etterem\/#breadcrumb"},"inLanguage":"hu","potentialAction":[{"@type":"ReadAction","target":["https:\/\/hoteltoledo.it\/hu\/konyha-es-izek\/az-etterem\/"]}]},{"@type":"ImageObject","inLanguage":"hu","@id":"https:\/\/hoteltoledo.it\/hu\/konyha-es-izek\/az-etterem\/#primaryimage","url":"https:\/\/hoteltoledo.it\/wp-content\/uploads\/2024\/12\/Sala-da-Pranzo-e1734601638796.jpg","contentUrl":"https:\/\/hoteltoledo.it\/wp-content\/uploads\/2024\/12\/Sala-da-Pranzo-e1734601638796.jpg","width":2560,"height":1422},{"@type":"BreadcrumbList","@id":"https:\/\/hoteltoledo.it\/hu\/konyha-es-izek\/az-etterem\/#breadcrumb","itemListElement":[{"@type":"ListItem","position":1,"name":"Home","item":"https:\/\/hoteltoledo.it\/hu\/"},{"@type":"ListItem","position":2,"name":"Konyha \u00e9s \u00edzek","item":"https:\/\/hoteltoledo.it\/hu\/konyha-es-izek\/"},{"@type":"ListItem","position":3,"name":"Az \u00e9tterem"}]},{"@type":"WebSite","@id":"https:\/\/hoteltoledo.it\/hu\/#website","url":"https:\/\/hoteltoledo.it\/hu\/","name":"Hotel Toledo Jesolo","description":"","publisher":{"@id":"https:\/\/hoteltoledo.it\/hu\/#organization"},"potentialAction":[{"@type":"SearchAction","target":{"@type":"EntryPoint","urlTemplate":"https:\/\/hoteltoledo.it\/hu\/?s={search_term_string}"},"query-input":{"@type":"PropertyValueSpecification","valueRequired":true,"valueName":"search_term_string"}}],"inLanguage":"hu"},{"@type":"Organization","@id":"https:\/\/hoteltoledo.it\/hu\/#organization","name":"Hotel Toledo Jesolo","url":"https:\/\/hoteltoledo.it\/hu\/","logo":{"@type":"ImageObject","inLanguage":"hu","@id":"https:\/\/hoteltoledo.it\/hu\/#\/schema\/logo\/image\/","url":"https:\/\/hoteltoledo.it\/wp-content\/uploads\/2024\/11\/Hotel_Toledo_Jesolo-e1732787787582.png","contentUrl":"https:\/\/hoteltoledo.it\/wp-content\/uploads\/2024\/11\/Hotel_Toledo_Jesolo-e1732787787582.png","width":250,"height":77,"caption":"Hotel Toledo Jesolo"},"image":{"@id":"https:\/\/hoteltoledo.it\/hu\/#\/schema\/logo\/image\/"}}]}},"_links":{"self":[{"href":"https:\/\/hoteltoledo.it\/hu\/wp-json\/wp\/v2\/pages\/1208","targetHints":{"allow":["GET"]}}],"collection":[{"href":"https:\/\/hoteltoledo.it\/hu\/wp-json\/wp\/v2\/pages"}],"about":[{"href":"https:\/\/hoteltoledo.it\/hu\/wp-json\/wp\/v2\/types\/page"}],"author":[{"embeddable":true,"href":"https:\/\/hoteltoledo.it\/hu\/wp-json\/wp\/v2\/users\/1"}],"replies":[{"embeddable":true,"href":"https:\/\/hoteltoledo.it\/hu\/wp-json\/wp\/v2\/comments?post=1208"}],"version-history":[{"count":7,"href":"https:\/\/hoteltoledo.it\/hu\/wp-json\/wp\/v2\/pages\/1208\/revisions"}],"predecessor-version":[{"id":1488,"href":"https:\/\/hoteltoledo.it\/hu\/wp-json\/wp\/v2\/pages\/1208\/revisions\/1488"}],"up":[{"embeddable":true,"href":"https:\/\/hoteltoledo.it\/hu\/wp-json\/wp\/v2\/pages\/1204"}],"wp:featuredmedia":[{"embeddable":true,"href":"https:\/\/hoteltoledo.it\/hu\/wp-json\/wp\/v2\/media\/644"}],"wp:attachment":[{"href":"https:\/\/hoteltoledo.it\/hu\/wp-json\/wp\/v2\/media?parent=1208"}],"curies":[{"name":"wp","href":"https:\/\/api.w.org\/{rel}","templated":true}]}}