{"id":1217,"date":"2025-01-22T16:59:19","date_gmt":"2025-01-22T16:59:19","guid":{"rendered":"https:\/\/staging.hoteltoledo.it\/konyha-es-izek\/la-colazione\/"},"modified":"2025-03-25T13:02:16","modified_gmt":"2025-03-25T13:02:16","slug":"a-reggeli","status":"publish","type":"page","link":"https:\/\/hoteltoledo.it\/hu\/konyha-es-izek\/a-reggeli\/","title":{"rendered":"A reggeli"},"content":{"rendered":"\n<p><strong><br><\/strong>A <strong>reggeli<\/strong> a nap legfontosabb \u00e9tkez\u00e9se, ez\u00e9rt 2025-t\u0151l b\u0151v\u00edtett sv\u00e9dasztallal v\u00e1rjuk vend\u00e9geinket. Mindig tal\u00e1l friss \u00e9des \u00e9s s\u00f3s term\u00e9keket; croissant-okat \u00e9s h\u00e1zi s\u00fctem\u00e9nyeket, friss gy\u00fcm\u00f6lcs\u00f6ket \u00e9s z\u00f6lds\u00e9geket, r\u00e1ntott\u00e1t, friss felv\u00e1gottakat, zs\u00edrszeg\u00e9ny joghurtot, gy\u00fcm\u00f6lcsjoghurtot \u00e9s sok m\u00e1s kiv\u00e1l\u00f3 \u00e9telt.<\/p>\n\n\n\n<p>Ha valamilyen \u00e9telallergi\u00e1ja van, k\u00e9rj\u00fck, hogy \u00e9rkez\u00e9s el\u0151tt jelezze ezt nek\u00fcnk.<\/p>\n\n\n\n<p><\/p>\n","protected":false},"excerpt":{"rendered":"<p>A reggeli a nap legfontosabb \u00e9tkez\u00e9se, ez\u00e9rt 2025-t\u0151l b\u0151v\u00edtett sv\u00e9dasztallal v\u00e1rjuk vend\u00e9geinket. Mindig tal\u00e1l friss \u00e9des \u00e9s s\u00f3s term\u00e9keket; croissant-okat \u00e9s h\u00e1zi s\u00fctem\u00e9nyeket, friss gy\u00fcm\u00f6lcs\u00f6ket \u00e9s z\u00f6lds\u00e9geket, r\u00e1ntott\u00e1t, friss felv\u00e1gottakat, zs\u00edrszeg\u00e9ny joghurtot, gy\u00fcm\u00f6lcsjoghurtot \u00e9s sok m\u00e1s kiv\u00e1l\u00f3 \u00e9telt. Ha valamilyen \u00e9telallergi\u00e1ja van, k\u00e9rj\u00fck, hogy \u00e9rkez\u00e9s el\u0151tt jelezze ezt nek\u00fcnk.<\/p>\n","protected":false},"author":1,"featured_media":699,"parent":1204,"menu_order":0,"comment_status":"closed","ping_status":"closed","template":"templates\/lista-figlio.php","meta":{"_acf_changed":false,"footnotes":""},"class_list":["post-1217","page","type-page","status-publish","has-post-thumbnail","hentry"],"acf":[],"yoast_head":"<!-- This site is optimized with the Yoast SEO plugin v26.3 - https:\/\/yoast.com\/wordpress\/plugins\/seo\/ -->\n<title>A reggeli - Hotel Toledo Jesolo<\/title>\n<meta name=\"description\" content=\"B\u0151v\u00edtett reggelit k\u00edn\u00e1lunk 2025-t\u0151l: h\u00e1zi s\u00fctem\u00e9nyek, friss gy\u00fcm\u00f6lcs\u00f6k, z\u00f6lds\u00e9gek, r\u00e1ntotta \u00e9s felv\u00e1gottak \u2013 k\u00e9rj\u00fck, jelezze \u00e9telallergi\u00e1j\u00e1t!\" \/>\n<meta name=\"robots\" content=\"index, follow, max-snippet:-1, max-image-preview:large, max-video-preview:-1\" \/>\n<link rel=\"canonical\" href=\"https:\/\/hoteltoledo.it\/hu\/konyha-es-izek\/a-reggeli\/\" \/>\n<meta property=\"og:locale\" content=\"hu_HU\" \/>\n<meta property=\"og:type\" content=\"article\" \/>\n<meta property=\"og:title\" content=\"A reggeli - Hotel Toledo Jesolo\" \/>\n<meta property=\"og:description\" content=\"B\u0151v\u00edtett reggelit k\u00edn\u00e1lunk 2025-t\u0151l: h\u00e1zi s\u00fctem\u00e9nyek, friss gy\u00fcm\u00f6lcs\u00f6k, z\u00f6lds\u00e9gek, r\u00e1ntotta \u00e9s felv\u00e1gottak \u2013 k\u00e9rj\u00fck, jelezze \u00e9telallergi\u00e1j\u00e1t!\" \/>\n<meta property=\"og:url\" content=\"https:\/\/hoteltoledo.it\/hu\/konyha-es-izek\/a-reggeli\/\" \/>\n<meta property=\"og:site_name\" content=\"Hotel Toledo Jesolo\" \/>\n<meta property=\"article:modified_time\" content=\"2025-03-25T13:02:16+00:00\" \/>\n<meta property=\"og:image\" content=\"https:\/\/hoteltoledo.it\/wp-content\/uploads\/2025\/01\/Il-buffet-della-colazione-Hotel-Toledo.jpg\" \/>\n\t<meta property=\"og:image:width\" content=\"2560\" \/>\n\t<meta property=\"og:image:height\" content=\"1422\" \/>\n\t<meta property=\"og:image:type\" content=\"image\/jpeg\" \/>\n<meta name=\"twitter:card\" content=\"summary_large_image\" \/>\n<meta name=\"twitter:label1\" content=\"Becs\u00fclt olvas\u00e1si id\u0151\" \/>\n\t<meta name=\"twitter:data1\" content=\"1 perc\" \/>\n<script type=\"application\/ld+json\" class=\"yoast-schema-graph\">{\"@context\":\"https:\/\/schema.org\",\"@graph\":[{\"@type\":\"WebPage\",\"@id\":\"https:\/\/hoteltoledo.it\/hu\/konyha-es-izek\/a-reggeli\/\",\"url\":\"https:\/\/hoteltoledo.it\/hu\/konyha-es-izek\/a-reggeli\/\",\"name\":\"A reggeli - Hotel Toledo Jesolo\",\"isPartOf\":{\"@id\":\"https:\/\/hoteltoledo.it\/hu\/#website\"},\"primaryImageOfPage\":{\"@id\":\"https:\/\/hoteltoledo.it\/hu\/konyha-es-izek\/a-reggeli\/#primaryimage\"},\"image\":{\"@id\":\"https:\/\/hoteltoledo.it\/hu\/konyha-es-izek\/a-reggeli\/#primaryimage\"},\"thumbnailUrl\":\"https:\/\/hoteltoledo.it\/wp-content\/uploads\/2025\/01\/Il-buffet-della-colazione-Hotel-Toledo.jpg\",\"datePublished\":\"2025-01-22T16:59:19+00:00\",\"dateModified\":\"2025-03-25T13:02:16+00:00\",\"description\":\"B\u0151v\u00edtett reggelit k\u00edn\u00e1lunk 2025-t\u0151l: h\u00e1zi s\u00fctem\u00e9nyek, friss gy\u00fcm\u00f6lcs\u00f6k, z\u00f6lds\u00e9gek, r\u00e1ntotta \u00e9s felv\u00e1gottak \u2013 k\u00e9rj\u00fck, jelezze \u00e9telallergi\u00e1j\u00e1t!\",\"breadcrumb\":{\"@id\":\"https:\/\/hoteltoledo.it\/hu\/konyha-es-izek\/a-reggeli\/#breadcrumb\"},\"inLanguage\":\"hu\",\"potentialAction\":[{\"@type\":\"ReadAction\",\"target\":[\"https:\/\/hoteltoledo.it\/hu\/konyha-es-izek\/a-reggeli\/\"]}]},{\"@type\":\"ImageObject\",\"inLanguage\":\"hu\",\"@id\":\"https:\/\/hoteltoledo.it\/hu\/konyha-es-izek\/a-reggeli\/#primaryimage\",\"url\":\"https:\/\/hoteltoledo.it\/wp-content\/uploads\/2025\/01\/Il-buffet-della-colazione-Hotel-Toledo.jpg\",\"contentUrl\":\"https:\/\/hoteltoledo.it\/wp-content\/uploads\/2025\/01\/Il-buffet-della-colazione-Hotel-Toledo.jpg\",\"width\":2560,\"height\":1422},{\"@type\":\"BreadcrumbList\",\"@id\":\"https:\/\/hoteltoledo.it\/hu\/konyha-es-izek\/a-reggeli\/#breadcrumb\",\"itemListElement\":[{\"@type\":\"ListItem\",\"position\":1,\"name\":\"Home\",\"item\":\"https:\/\/hoteltoledo.it\/hu\/\"},{\"@type\":\"ListItem\",\"position\":2,\"name\":\"Konyha \u00e9s \u00edzek\",\"item\":\"https:\/\/hoteltoledo.it\/hu\/konyha-es-izek\/\"},{\"@type\":\"ListItem\",\"position\":3,\"name\":\"A reggeli\"}]},{\"@type\":\"WebSite\",\"@id\":\"https:\/\/hoteltoledo.it\/hu\/#website\",\"url\":\"https:\/\/hoteltoledo.it\/hu\/\",\"name\":\"Hotel Toledo Jesolo\",\"description\":\"\",\"publisher\":{\"@id\":\"https:\/\/hoteltoledo.it\/hu\/#organization\"},\"potentialAction\":[{\"@type\":\"SearchAction\",\"target\":{\"@type\":\"EntryPoint\",\"urlTemplate\":\"https:\/\/hoteltoledo.it\/hu\/?s={search_term_string}\"},\"query-input\":{\"@type\":\"PropertyValueSpecification\",\"valueRequired\":true,\"valueName\":\"search_term_string\"}}],\"inLanguage\":\"hu\"},{\"@type\":\"Organization\",\"@id\":\"https:\/\/hoteltoledo.it\/hu\/#organization\",\"name\":\"Hotel Toledo Jesolo\",\"url\":\"https:\/\/hoteltoledo.it\/hu\/\",\"logo\":{\"@type\":\"ImageObject\",\"inLanguage\":\"hu\",\"@id\":\"https:\/\/hoteltoledo.it\/hu\/#\/schema\/logo\/image\/\",\"url\":\"https:\/\/hoteltoledo.it\/wp-content\/uploads\/2024\/11\/Hotel_Toledo_Jesolo-e1732787787582.png\",\"contentUrl\":\"https:\/\/hoteltoledo.it\/wp-content\/uploads\/2024\/11\/Hotel_Toledo_Jesolo-e1732787787582.png\",\"width\":250,\"height\":77,\"caption\":\"Hotel Toledo Jesolo\"},\"image\":{\"@id\":\"https:\/\/hoteltoledo.it\/hu\/#\/schema\/logo\/image\/\"}}]}<\/script>\n<!-- \/ Yoast SEO plugin. -->","yoast_head_json":{"title":"A reggeli - Hotel Toledo Jesolo","description":"B\u0151v\u00edtett reggelit k\u00edn\u00e1lunk 2025-t\u0151l: h\u00e1zi s\u00fctem\u00e9nyek, friss gy\u00fcm\u00f6lcs\u00f6k, z\u00f6lds\u00e9gek, r\u00e1ntotta \u00e9s felv\u00e1gottak \u2013 k\u00e9rj\u00fck, jelezze \u00e9telallergi\u00e1j\u00e1t!","robots":{"index":"index","follow":"follow","max-snippet":"max-snippet:-1","max-image-preview":"max-image-preview:large","max-video-preview":"max-video-preview:-1"},"canonical":"https:\/\/hoteltoledo.it\/hu\/konyha-es-izek\/a-reggeli\/","og_locale":"hu_HU","og_type":"article","og_title":"A reggeli - Hotel Toledo Jesolo","og_description":"B\u0151v\u00edtett reggelit k\u00edn\u00e1lunk 2025-t\u0151l: h\u00e1zi s\u00fctem\u00e9nyek, friss gy\u00fcm\u00f6lcs\u00f6k, z\u00f6lds\u00e9gek, r\u00e1ntotta \u00e9s felv\u00e1gottak \u2013 k\u00e9rj\u00fck, jelezze \u00e9telallergi\u00e1j\u00e1t!","og_url":"https:\/\/hoteltoledo.it\/hu\/konyha-es-izek\/a-reggeli\/","og_site_name":"Hotel Toledo Jesolo","article_modified_time":"2025-03-25T13:02:16+00:00","og_image":[{"width":2560,"height":1422,"url":"https:\/\/hoteltoledo.it\/wp-content\/uploads\/2025\/01\/Il-buffet-della-colazione-Hotel-Toledo.jpg","type":"image\/jpeg"}],"twitter_card":"summary_large_image","twitter_misc":{"Becs\u00fclt olvas\u00e1si id\u0151":"1 perc"},"schema":{"@context":"https:\/\/schema.org","@graph":[{"@type":"WebPage","@id":"https:\/\/hoteltoledo.it\/hu\/konyha-es-izek\/a-reggeli\/","url":"https:\/\/hoteltoledo.it\/hu\/konyha-es-izek\/a-reggeli\/","name":"A reggeli - Hotel Toledo Jesolo","isPartOf":{"@id":"https:\/\/hoteltoledo.it\/hu\/#website"},"primaryImageOfPage":{"@id":"https:\/\/hoteltoledo.it\/hu\/konyha-es-izek\/a-reggeli\/#primaryimage"},"image":{"@id":"https:\/\/hoteltoledo.it\/hu\/konyha-es-izek\/a-reggeli\/#primaryimage"},"thumbnailUrl":"https:\/\/hoteltoledo.it\/wp-content\/uploads\/2025\/01\/Il-buffet-della-colazione-Hotel-Toledo.jpg","datePublished":"2025-01-22T16:59:19+00:00","dateModified":"2025-03-25T13:02:16+00:00","description":"B\u0151v\u00edtett reggelit k\u00edn\u00e1lunk 2025-t\u0151l: h\u00e1zi s\u00fctem\u00e9nyek, friss gy\u00fcm\u00f6lcs\u00f6k, z\u00f6lds\u00e9gek, r\u00e1ntotta \u00e9s felv\u00e1gottak \u2013 k\u00e9rj\u00fck, jelezze \u00e9telallergi\u00e1j\u00e1t!","breadcrumb":{"@id":"https:\/\/hoteltoledo.it\/hu\/konyha-es-izek\/a-reggeli\/#breadcrumb"},"inLanguage":"hu","potentialAction":[{"@type":"ReadAction","target":["https:\/\/hoteltoledo.it\/hu\/konyha-es-izek\/a-reggeli\/"]}]},{"@type":"ImageObject","inLanguage":"hu","@id":"https:\/\/hoteltoledo.it\/hu\/konyha-es-izek\/a-reggeli\/#primaryimage","url":"https:\/\/hoteltoledo.it\/wp-content\/uploads\/2025\/01\/Il-buffet-della-colazione-Hotel-Toledo.jpg","contentUrl":"https:\/\/hoteltoledo.it\/wp-content\/uploads\/2025\/01\/Il-buffet-della-colazione-Hotel-Toledo.jpg","width":2560,"height":1422},{"@type":"BreadcrumbList","@id":"https:\/\/hoteltoledo.it\/hu\/konyha-es-izek\/a-reggeli\/#breadcrumb","itemListElement":[{"@type":"ListItem","position":1,"name":"Home","item":"https:\/\/hoteltoledo.it\/hu\/"},{"@type":"ListItem","position":2,"name":"Konyha \u00e9s \u00edzek","item":"https:\/\/hoteltoledo.it\/hu\/konyha-es-izek\/"},{"@type":"ListItem","position":3,"name":"A reggeli"}]},{"@type":"WebSite","@id":"https:\/\/hoteltoledo.it\/hu\/#website","url":"https:\/\/hoteltoledo.it\/hu\/","name":"Hotel Toledo Jesolo","description":"","publisher":{"@id":"https:\/\/hoteltoledo.it\/hu\/#organization"},"potentialAction":[{"@type":"SearchAction","target":{"@type":"EntryPoint","urlTemplate":"https:\/\/hoteltoledo.it\/hu\/?s={search_term_string}"},"query-input":{"@type":"PropertyValueSpecification","valueRequired":true,"valueName":"search_term_string"}}],"inLanguage":"hu"},{"@type":"Organization","@id":"https:\/\/hoteltoledo.it\/hu\/#organization","name":"Hotel Toledo Jesolo","url":"https:\/\/hoteltoledo.it\/hu\/","logo":{"@type":"ImageObject","inLanguage":"hu","@id":"https:\/\/hoteltoledo.it\/hu\/#\/schema\/logo\/image\/","url":"https:\/\/hoteltoledo.it\/wp-content\/uploads\/2024\/11\/Hotel_Toledo_Jesolo-e1732787787582.png","contentUrl":"https:\/\/hoteltoledo.it\/wp-content\/uploads\/2024\/11\/Hotel_Toledo_Jesolo-e1732787787582.png","width":250,"height":77,"caption":"Hotel Toledo Jesolo"},"image":{"@id":"https:\/\/hoteltoledo.it\/hu\/#\/schema\/logo\/image\/"}}]}},"_links":{"self":[{"href":"https:\/\/hoteltoledo.it\/hu\/wp-json\/wp\/v2\/pages\/1217","targetHints":{"allow":["GET"]}}],"collection":[{"href":"https:\/\/hoteltoledo.it\/hu\/wp-json\/wp\/v2\/pages"}],"about":[{"href":"https:\/\/hoteltoledo.it\/hu\/wp-json\/wp\/v2\/types\/page"}],"author":[{"embeddable":true,"href":"https:\/\/hoteltoledo.it\/hu\/wp-json\/wp\/v2\/users\/1"}],"replies":[{"embeddable":true,"href":"https:\/\/hoteltoledo.it\/hu\/wp-json\/wp\/v2\/comments?post=1217"}],"version-history":[{"count":3,"href":"https:\/\/hoteltoledo.it\/hu\/wp-json\/wp\/v2\/pages\/1217\/revisions"}],"predecessor-version":[{"id":1221,"href":"https:\/\/hoteltoledo.it\/hu\/wp-json\/wp\/v2\/pages\/1217\/revisions\/1221"}],"up":[{"embeddable":true,"href":"https:\/\/hoteltoledo.it\/hu\/wp-json\/wp\/v2\/pages\/1204"}],"wp:featuredmedia":[{"embeddable":true,"href":"https:\/\/hoteltoledo.it\/hu\/wp-json\/wp\/v2\/media\/699"}],"wp:attachment":[{"href":"https:\/\/hoteltoledo.it\/hu\/wp-json\/wp\/v2\/media?parent=1217"}],"curies":[{"name":"wp","href":"https:\/\/api.w.org\/{rel}","templated":true}]}}