{"id":1223,"date":"2024-12-02T16:23:00","date_gmt":"2024-12-02T16:23:00","guid":{"rendered":"https:\/\/staging.hoteltoledo.it\/dove-siamo\/"},"modified":"2025-03-25T13:04:56","modified_gmt":"2025-03-25T13:04:56","slug":"hol-vagyunk","status":"publish","type":"page","link":"https:\/\/hoteltoledo.it\/hu\/hol-vagyunk\/","title":{"rendered":"Hol Vagyunk"},"content":{"rendered":"\n<p>A Toledo sz\u00e1lloda Jesolo Lido-ban tal\u00e1lhat\u00f3 a Nausicaa \u00fat 4. sz\u00e1m alatt.<\/p>\n","protected":false},"excerpt":{"rendered":"<p>A Toledo sz\u00e1lloda Jesolo Lido-ban tal\u00e1lhat\u00f3 a Nausicaa \u00fat 4. sz\u00e1m alatt.<\/p>\n","protected":false},"author":1,"featured_media":0,"parent":0,"menu_order":0,"comment_status":"closed","ping_status":"closed","template":"templates\/dove-siamo.php","meta":{"_acf_changed":false,"footnotes":""},"class_list":["post-1223","page","type-page","status-publish","hentry"],"acf":[],"yoast_head":"<!-- This site is optimized with the Yoast SEO plugin v26.3 - https:\/\/yoast.com\/wordpress\/plugins\/seo\/ -->\n<title>Hol Vagyunk - Hotel Toledo Jesolo<\/title>\n<meta name=\"description\" content=\"Hol Vagyunk: Fedezze fel, hol tal\u00e1lhat\u00f3 a Hotel Toledo Jesol\u00f3ban \u2013 k\u00f6zponti elhelyezked\u00e9s, a strandhoz \u00e9s f\u0151bb l\u00e1tnival\u00f3khoz k\u00f6zel.\" \/>\n<meta name=\"robots\" content=\"index, follow, max-snippet:-1, max-image-preview:large, max-video-preview:-1\" \/>\n<link rel=\"canonical\" href=\"https:\/\/hoteltoledo.it\/hu\/hol-vagyunk\/\" \/>\n<meta property=\"og:locale\" content=\"hu_HU\" \/>\n<meta property=\"og:type\" content=\"article\" \/>\n<meta property=\"og:title\" content=\"Hol Vagyunk - Hotel Toledo Jesolo\" \/>\n<meta property=\"og:description\" content=\"Hol Vagyunk: Fedezze fel, hol tal\u00e1lhat\u00f3 a Hotel Toledo Jesol\u00f3ban \u2013 k\u00f6zponti elhelyezked\u00e9s, a strandhoz \u00e9s f\u0151bb l\u00e1tnival\u00f3khoz k\u00f6zel.\" \/>\n<meta property=\"og:url\" content=\"https:\/\/hoteltoledo.it\/hu\/hol-vagyunk\/\" \/>\n<meta property=\"og:site_name\" content=\"Hotel Toledo Jesolo\" \/>\n<meta property=\"article:modified_time\" content=\"2025-03-25T13:04:56+00:00\" \/>\n<meta name=\"twitter:card\" content=\"summary_large_image\" \/>\n<meta name=\"twitter:label1\" content=\"Becs\u00fclt olvas\u00e1si id\u0151\" \/>\n\t<meta name=\"twitter:data1\" content=\"1 perc\" \/>\n<script type=\"application\/ld+json\" class=\"yoast-schema-graph\">{\"@context\":\"https:\/\/schema.org\",\"@graph\":[{\"@type\":\"WebPage\",\"@id\":\"https:\/\/hoteltoledo.it\/hu\/hol-vagyunk\/\",\"url\":\"https:\/\/hoteltoledo.it\/hu\/hol-vagyunk\/\",\"name\":\"Hol Vagyunk - Hotel Toledo Jesolo\",\"isPartOf\":{\"@id\":\"https:\/\/hoteltoledo.it\/hu\/#website\"},\"datePublished\":\"2024-12-02T16:23:00+00:00\",\"dateModified\":\"2025-03-25T13:04:56+00:00\",\"description\":\"Hol Vagyunk: Fedezze fel, hol tal\u00e1lhat\u00f3 a Hotel Toledo Jesol\u00f3ban \u2013 k\u00f6zponti elhelyezked\u00e9s, a strandhoz \u00e9s f\u0151bb l\u00e1tnival\u00f3khoz k\u00f6zel.\",\"breadcrumb\":{\"@id\":\"https:\/\/hoteltoledo.it\/hu\/hol-vagyunk\/#breadcrumb\"},\"inLanguage\":\"hu\",\"potentialAction\":[{\"@type\":\"ReadAction\",\"target\":[\"https:\/\/hoteltoledo.it\/hu\/hol-vagyunk\/\"]}]},{\"@type\":\"BreadcrumbList\",\"@id\":\"https:\/\/hoteltoledo.it\/hu\/hol-vagyunk\/#breadcrumb\",\"itemListElement\":[{\"@type\":\"ListItem\",\"position\":1,\"name\":\"Home\",\"item\":\"https:\/\/hoteltoledo.it\/hu\/\"},{\"@type\":\"ListItem\",\"position\":2,\"name\":\"Hol Vagyunk\"}]},{\"@type\":\"WebSite\",\"@id\":\"https:\/\/hoteltoledo.it\/hu\/#website\",\"url\":\"https:\/\/hoteltoledo.it\/hu\/\",\"name\":\"Hotel Toledo Jesolo\",\"description\":\"\",\"publisher\":{\"@id\":\"https:\/\/hoteltoledo.it\/hu\/#organization\"},\"potentialAction\":[{\"@type\":\"SearchAction\",\"target\":{\"@type\":\"EntryPoint\",\"urlTemplate\":\"https:\/\/hoteltoledo.it\/hu\/?s={search_term_string}\"},\"query-input\":{\"@type\":\"PropertyValueSpecification\",\"valueRequired\":true,\"valueName\":\"search_term_string\"}}],\"inLanguage\":\"hu\"},{\"@type\":\"Organization\",\"@id\":\"https:\/\/hoteltoledo.it\/hu\/#organization\",\"name\":\"Hotel Toledo Jesolo\",\"url\":\"https:\/\/hoteltoledo.it\/hu\/\",\"logo\":{\"@type\":\"ImageObject\",\"inLanguage\":\"hu\",\"@id\":\"https:\/\/hoteltoledo.it\/hu\/#\/schema\/logo\/image\/\",\"url\":\"https:\/\/hoteltoledo.it\/wp-content\/uploads\/2024\/11\/Hotel_Toledo_Jesolo-e1732787787582.png\",\"contentUrl\":\"https:\/\/hoteltoledo.it\/wp-content\/uploads\/2024\/11\/Hotel_Toledo_Jesolo-e1732787787582.png\",\"width\":250,\"height\":77,\"caption\":\"Hotel Toledo Jesolo\"},\"image\":{\"@id\":\"https:\/\/hoteltoledo.it\/hu\/#\/schema\/logo\/image\/\"}}]}<\/script>\n<!-- \/ Yoast SEO plugin. -->","yoast_head_json":{"title":"Hol Vagyunk - Hotel Toledo Jesolo","description":"Hol Vagyunk: Fedezze fel, hol tal\u00e1lhat\u00f3 a Hotel Toledo Jesol\u00f3ban \u2013 k\u00f6zponti elhelyezked\u00e9s, a strandhoz \u00e9s f\u0151bb l\u00e1tnival\u00f3khoz k\u00f6zel.","robots":{"index":"index","follow":"follow","max-snippet":"max-snippet:-1","max-image-preview":"max-image-preview:large","max-video-preview":"max-video-preview:-1"},"canonical":"https:\/\/hoteltoledo.it\/hu\/hol-vagyunk\/","og_locale":"hu_HU","og_type":"article","og_title":"Hol Vagyunk - Hotel Toledo Jesolo","og_description":"Hol Vagyunk: Fedezze fel, hol tal\u00e1lhat\u00f3 a Hotel Toledo Jesol\u00f3ban \u2013 k\u00f6zponti elhelyezked\u00e9s, a strandhoz \u00e9s f\u0151bb l\u00e1tnival\u00f3khoz k\u00f6zel.","og_url":"https:\/\/hoteltoledo.it\/hu\/hol-vagyunk\/","og_site_name":"Hotel Toledo Jesolo","article_modified_time":"2025-03-25T13:04:56+00:00","twitter_card":"summary_large_image","twitter_misc":{"Becs\u00fclt olvas\u00e1si id\u0151":"1 perc"},"schema":{"@context":"https:\/\/schema.org","@graph":[{"@type":"WebPage","@id":"https:\/\/hoteltoledo.it\/hu\/hol-vagyunk\/","url":"https:\/\/hoteltoledo.it\/hu\/hol-vagyunk\/","name":"Hol Vagyunk - Hotel Toledo Jesolo","isPartOf":{"@id":"https:\/\/hoteltoledo.it\/hu\/#website"},"datePublished":"2024-12-02T16:23:00+00:00","dateModified":"2025-03-25T13:04:56+00:00","description":"Hol Vagyunk: Fedezze fel, hol tal\u00e1lhat\u00f3 a Hotel Toledo Jesol\u00f3ban \u2013 k\u00f6zponti elhelyezked\u00e9s, a strandhoz \u00e9s f\u0151bb l\u00e1tnival\u00f3khoz k\u00f6zel.","breadcrumb":{"@id":"https:\/\/hoteltoledo.it\/hu\/hol-vagyunk\/#breadcrumb"},"inLanguage":"hu","potentialAction":[{"@type":"ReadAction","target":["https:\/\/hoteltoledo.it\/hu\/hol-vagyunk\/"]}]},{"@type":"BreadcrumbList","@id":"https:\/\/hoteltoledo.it\/hu\/hol-vagyunk\/#breadcrumb","itemListElement":[{"@type":"ListItem","position":1,"name":"Home","item":"https:\/\/hoteltoledo.it\/hu\/"},{"@type":"ListItem","position":2,"name":"Hol Vagyunk"}]},{"@type":"WebSite","@id":"https:\/\/hoteltoledo.it\/hu\/#website","url":"https:\/\/hoteltoledo.it\/hu\/","name":"Hotel Toledo Jesolo","description":"","publisher":{"@id":"https:\/\/hoteltoledo.it\/hu\/#organization"},"potentialAction":[{"@type":"SearchAction","target":{"@type":"EntryPoint","urlTemplate":"https:\/\/hoteltoledo.it\/hu\/?s={search_term_string}"},"query-input":{"@type":"PropertyValueSpecification","valueRequired":true,"valueName":"search_term_string"}}],"inLanguage":"hu"},{"@type":"Organization","@id":"https:\/\/hoteltoledo.it\/hu\/#organization","name":"Hotel Toledo Jesolo","url":"https:\/\/hoteltoledo.it\/hu\/","logo":{"@type":"ImageObject","inLanguage":"hu","@id":"https:\/\/hoteltoledo.it\/hu\/#\/schema\/logo\/image\/","url":"https:\/\/hoteltoledo.it\/wp-content\/uploads\/2024\/11\/Hotel_Toledo_Jesolo-e1732787787582.png","contentUrl":"https:\/\/hoteltoledo.it\/wp-content\/uploads\/2024\/11\/Hotel_Toledo_Jesolo-e1732787787582.png","width":250,"height":77,"caption":"Hotel Toledo Jesolo"},"image":{"@id":"https:\/\/hoteltoledo.it\/hu\/#\/schema\/logo\/image\/"}}]}},"_links":{"self":[{"href":"https:\/\/hoteltoledo.it\/hu\/wp-json\/wp\/v2\/pages\/1223","targetHints":{"allow":["GET"]}}],"collection":[{"href":"https:\/\/hoteltoledo.it\/hu\/wp-json\/wp\/v2\/pages"}],"about":[{"href":"https:\/\/hoteltoledo.it\/hu\/wp-json\/wp\/v2\/types\/page"}],"author":[{"embeddable":true,"href":"https:\/\/hoteltoledo.it\/hu\/wp-json\/wp\/v2\/users\/1"}],"replies":[{"embeddable":true,"href":"https:\/\/hoteltoledo.it\/hu\/wp-json\/wp\/v2\/comments?post=1223"}],"version-history":[{"count":4,"href":"https:\/\/hoteltoledo.it\/hu\/wp-json\/wp\/v2\/pages\/1223\/revisions"}],"predecessor-version":[{"id":1230,"href":"https:\/\/hoteltoledo.it\/hu\/wp-json\/wp\/v2\/pages\/1223\/revisions\/1230"}],"wp:attachment":[{"href":"https:\/\/hoteltoledo.it\/hu\/wp-json\/wp\/v2\/media?parent=1223"}],"curies":[{"name":"wp","href":"https:\/\/api.w.org\/{rel}","templated":true}]}}