{"id":1346,"date":"2025-03-25T14:20:36","date_gmt":"2025-03-25T14:20:36","guid":{"rendered":"https:\/\/staging.hoteltoledo.it\/contributi-a-norma-della-legge-124-2017\/"},"modified":"2025-03-26T13:41:42","modified_gmt":"2025-03-26T13:41:42","slug":"hozzajarulasok-a-124-2017-es-torveny-alapjan","status":"publish","type":"page","link":"https:\/\/hoteltoledo.it\/hu\/hozzajarulasok-a-124-2017-es-torveny-alapjan\/","title":{"rendered":"Hozz\u00e1j\u00e1rul\u00e1sok a 124\/2017-es t\u00f6rv\u00e9ny alapj\u00e1n"},"content":{"rendered":"\n<figure class=\"wp-block-table\"><table class=\"has-fixed-layout\"><tbody><tr><td><strong>Indokl\u00e1s<\/strong><\/td><td><strong>\u00d6sszeg<\/strong><\/td><td><strong>Kifizet\u00e9s d\u00e1tuma<\/strong><\/td><td><strong>T\u00e1mogat\u00f3 szerv<\/strong><\/td><\/tr><tr><td>Esenzione acconto IMU 2020 Art.177 DL.34\/2020<\/td><td>\u20ac&nbsp;12.893,00<\/td><td>16\/06\/2020<\/td><td>\u00c1llam\/Jesolo V\u00e1ros (VE)<\/td><\/tr><tr><td>Contributo a fondo perduto<br>Art.25 DL.34\/2020<\/td><td>\u20ac&nbsp;3.517,00<\/td><td>03\/07\/2020<\/td><td>Ad\u00f3hat\u00f3s\u00e1g<\/td><\/tr><tr><td>Stralcio saldo IRAP 2019<br>Art.24 DL.34\/2020<\/td><td>\u20ac&nbsp;3.416,00<\/td><td>20\/08\/2020<\/td><td>Ad\u00f3hat\u00f3s\u00e1g<\/td><\/tr><tr><td>Stralcio 1\u00b0 acconto IRAP 2020 Art.24 DL.34\/2020<\/td><td>\u20ac&nbsp;666,00<\/td><td>20\/08\/2020<\/td><td>Ad\u00f3hat\u00f3s\u00e1g<\/td><\/tr><tr><td>Contributo a fondo perduto<br>Art.1 DL.137\/2020<\/td><td>\u20ac&nbsp;5.276,00<\/td><td>10\/11\/2020<\/td><td>Ad\u00f3hat\u00f3s\u00e1g<\/td><\/tr><tr><td>Credito imposta sanificazione Art.125 DL.34\/2020<\/td><td>\u20ac&nbsp;4.519,00<\/td><td>14\/12\/2020<\/td><td>Ad\u00f3hat\u00f3s\u00e1g<\/td><\/tr><tr><td>Esenzione saldo IMU 2020Art.78 DL.104\/2020<\/td><td>\u20ac&nbsp;12.893,00<\/td><td>16\/12\/2020<\/td><td>\u00c1llam\/Jesolo V\u00e1ros (VE)<\/td><\/tr><tr><td>Credito imposta investimenti pubblicitari<br>Art.57-bis, comma 1&nbsp;DL.50\/2017<\/td><td>\u20ac&nbsp;228,00<\/td><td>27\/03\/2021<\/td><td>Ad\u00f3hat\u00f3s\u00e1g<\/td><\/tr><tr><td>Credito imposta adeguamento ambienti lavoro<br>Art.120 DL.34\/2020<\/td><td>\u20ac&nbsp;1.024,00<\/td><td>16\/04\/2021<\/td><td>Ad\u00f3hat\u00f3s\u00e1g<\/td><\/tr><tr><td>Contributo a fondo perdutoArt.1 DL.41\/2021<\/td><td>&nbsp;\u20ac 10.597,00<\/td><td>&nbsp;27\/04\/2021<\/td><td>Ad\u00f3hat\u00f3s\u00e1g<\/td><\/tr><tr><td>Esenzione acconto IMU 2021 Art.1, comma 599 L.178\/2020<\/td><td>\u20ac 12.893,00<\/td><td>&nbsp;16\/06\/2021<\/td><td>\u00c1llam\/Jesolo V\u00e1ros (VE)<\/td><\/tr><tr><td>Contributo a fondo perdutoArt.1, cc.1-3 DL.73\/2021<\/td><td>&nbsp;\u20ac 10.597,00<\/td><td>&nbsp;24\/06\/2021<\/td><td>Ad\u00f3hat\u00f3s\u00e1g<\/td><\/tr><tr><td>Credito imposta sanificazione Art.32 DL.73\/2021<\/td><td>\u20ac 4.269,00<\/td><td>&nbsp;12\/11\/2021<\/td><td>Ad\u00f3hat\u00f3s\u00e1g<\/td><\/tr><tr><td>Contributo a fondo perdutoArt.6, D.M. Turismo 24\/08\/2021<\/td><td>&nbsp;\u20ac 5.000,00<\/td><td>&nbsp;30\/12\/2021<\/td><td>\u00a0Turizmus Miniszt\u00e9riuma \/ Ad\u00f3hat\u00f3s\u00e1g<\/td><\/tr><tr><td>Contributo a fondo perdutoArt.1, cc.16-27 DL.73\/2021<\/td><td>&nbsp;\u20ac 13.926,00<\/td><td>&nbsp;31\/12\/2021<\/td><td>Ad\u00f3hat\u00f3s\u00e1g<\/td><\/tr><tr><td>Credito imposta investimenti pubblicitari 2021<br>Art.57-bis, comma 1DL.50\/2017<\/td><td>&nbsp;\u20ac 245,00<\/td><td>&nbsp;09\/04\/2022<\/td><td>Ad\u00f3hat\u00f3s\u00e1g<\/td><\/tr><\/tbody><\/table><\/figure>\n\n\n\n<p>B\u00e1rmilyen egy\u00e9b t\u00e1mogat\u00e1s a nemzeti \u00e1llami t\u00e1mogat\u00e1sok nyilv\u00e1ntart\u00e1s\u00e1ban tekinthet\u0151 meg, ahov\u00e1 hivatkozunk.<\/p>\n","protected":false},"excerpt":{"rendered":"<p>Indokl\u00e1s \u00d6sszeg Kifizet\u00e9s d\u00e1tuma T\u00e1mogat\u00f3 szerv Esenzione acconto IMU 2020 Art.177 DL.34\/2020 \u20ac&nbsp;12.893,00 16\/06\/2020 \u00c1llam\/Jesolo V\u00e1ros (VE) Contributo a fondo perdutoArt.25 DL.34\/2020 \u20ac&nbsp;3.517,00 03\/07\/2020 Ad\u00f3hat\u00f3s\u00e1g Stralcio saldo IRAP 2019Art.24 DL.34\/2020 \u20ac&nbsp;3.416,00 20\/08\/2020 Ad\u00f3hat\u00f3s\u00e1g Stralcio 1\u00b0 acconto IRAP 2020 Art.24 DL.34\/2020 \u20ac&nbsp;666,00 20\/08\/2020 Ad\u00f3hat\u00f3s\u00e1g Contributo a fondo perdutoArt.1 DL.137\/2020 \u20ac&nbsp;5.276,00 10\/11\/2020 Ad\u00f3hat\u00f3s\u00e1g Credito imposta sanificazione Art.125 [&hellip;]<\/p>\n","protected":false},"author":1,"featured_media":0,"parent":0,"menu_order":0,"comment_status":"closed","ping_status":"closed","template":"","meta":{"_acf_changed":false,"footnotes":""},"class_list":["post-1346","page","type-page","status-publish","hentry"],"acf":[],"yoast_head":"<!-- This site is optimized with the Yoast SEO plugin v26.3 - https:\/\/yoast.com\/wordpress\/plugins\/seo\/ -->\n<title>Hozz\u00e1j\u00e1rul\u00e1sok a 124\/2017-es t\u00f6rv\u00e9ny alapj\u00e1n - Hotel Toledo Jesolo<\/title>\n<meta name=\"description\" content=\"Ismerje meg a 124\/2017-es t\u00f6rv\u00e9ny szerint kapott hozz\u00e1j\u00e1rul\u00e1sokat, r\u00e9szletes inform\u00e1ci\u00f3kkal a megszerzett juttat\u00e1sokr\u00f3l \u00e9s azok felhaszn\u00e1l\u00e1s\u00e1r\u00f3l.\" \/>\n<meta name=\"robots\" content=\"index, follow, max-snippet:-1, max-image-preview:large, max-video-preview:-1\" \/>\n<link rel=\"canonical\" href=\"https:\/\/hoteltoledo.it\/hu\/hozzajarulasok-a-124-2017-es-torveny-alapjan\/\" \/>\n<meta property=\"og:locale\" content=\"hu_HU\" \/>\n<meta property=\"og:type\" content=\"article\" \/>\n<meta property=\"og:title\" content=\"Hozz\u00e1j\u00e1rul\u00e1sok a 124\/2017-es t\u00f6rv\u00e9ny alapj\u00e1n - Hotel Toledo Jesolo\" \/>\n<meta property=\"og:description\" content=\"Ismerje meg a 124\/2017-es t\u00f6rv\u00e9ny szerint kapott hozz\u00e1j\u00e1rul\u00e1sokat, r\u00e9szletes inform\u00e1ci\u00f3kkal a megszerzett juttat\u00e1sokr\u00f3l \u00e9s azok felhaszn\u00e1l\u00e1s\u00e1r\u00f3l.\" \/>\n<meta property=\"og:url\" content=\"https:\/\/hoteltoledo.it\/hu\/hozzajarulasok-a-124-2017-es-torveny-alapjan\/\" \/>\n<meta property=\"og:site_name\" content=\"Hotel Toledo Jesolo\" \/>\n<meta property=\"article:modified_time\" content=\"2025-03-26T13:41:42+00:00\" \/>\n<meta name=\"twitter:card\" content=\"summary_large_image\" \/>\n<meta name=\"twitter:label1\" content=\"Becs\u00fclt olvas\u00e1si id\u0151\" \/>\n\t<meta name=\"twitter:data1\" content=\"2 perc\" \/>\n<script type=\"application\/ld+json\" class=\"yoast-schema-graph\">{\"@context\":\"https:\/\/schema.org\",\"@graph\":[{\"@type\":\"WebPage\",\"@id\":\"https:\/\/hoteltoledo.it\/hu\/hozzajarulasok-a-124-2017-es-torveny-alapjan\/\",\"url\":\"https:\/\/hoteltoledo.it\/hu\/hozzajarulasok-a-124-2017-es-torveny-alapjan\/\",\"name\":\"Hozz\u00e1j\u00e1rul\u00e1sok a 124\/2017-es t\u00f6rv\u00e9ny alapj\u00e1n - Hotel Toledo Jesolo\",\"isPartOf\":{\"@id\":\"https:\/\/hoteltoledo.it\/hu\/#website\"},\"datePublished\":\"2025-03-25T14:20:36+00:00\",\"dateModified\":\"2025-03-26T13:41:42+00:00\",\"description\":\"Ismerje meg a 124\/2017-es t\u00f6rv\u00e9ny szerint kapott hozz\u00e1j\u00e1rul\u00e1sokat, r\u00e9szletes inform\u00e1ci\u00f3kkal a megszerzett juttat\u00e1sokr\u00f3l \u00e9s azok felhaszn\u00e1l\u00e1s\u00e1r\u00f3l.\",\"breadcrumb\":{\"@id\":\"https:\/\/hoteltoledo.it\/hu\/hozzajarulasok-a-124-2017-es-torveny-alapjan\/#breadcrumb\"},\"inLanguage\":\"hu\",\"potentialAction\":[{\"@type\":\"ReadAction\",\"target\":[\"https:\/\/hoteltoledo.it\/hu\/hozzajarulasok-a-124-2017-es-torveny-alapjan\/\"]}]},{\"@type\":\"BreadcrumbList\",\"@id\":\"https:\/\/hoteltoledo.it\/hu\/hozzajarulasok-a-124-2017-es-torveny-alapjan\/#breadcrumb\",\"itemListElement\":[{\"@type\":\"ListItem\",\"position\":1,\"name\":\"Home\",\"item\":\"https:\/\/hoteltoledo.it\/hu\/\"},{\"@type\":\"ListItem\",\"position\":2,\"name\":\"Hozz\u00e1j\u00e1rul\u00e1sok a 124\/2017-es t\u00f6rv\u00e9ny alapj\u00e1n\"}]},{\"@type\":\"WebSite\",\"@id\":\"https:\/\/hoteltoledo.it\/hu\/#website\",\"url\":\"https:\/\/hoteltoledo.it\/hu\/\",\"name\":\"Hotel Toledo Jesolo\",\"description\":\"\",\"publisher\":{\"@id\":\"https:\/\/hoteltoledo.it\/hu\/#organization\"},\"potentialAction\":[{\"@type\":\"SearchAction\",\"target\":{\"@type\":\"EntryPoint\",\"urlTemplate\":\"https:\/\/hoteltoledo.it\/hu\/?s={search_term_string}\"},\"query-input\":{\"@type\":\"PropertyValueSpecification\",\"valueRequired\":true,\"valueName\":\"search_term_string\"}}],\"inLanguage\":\"hu\"},{\"@type\":\"Organization\",\"@id\":\"https:\/\/hoteltoledo.it\/hu\/#organization\",\"name\":\"Hotel Toledo Jesolo\",\"url\":\"https:\/\/hoteltoledo.it\/hu\/\",\"logo\":{\"@type\":\"ImageObject\",\"inLanguage\":\"hu\",\"@id\":\"https:\/\/hoteltoledo.it\/hu\/#\/schema\/logo\/image\/\",\"url\":\"https:\/\/hoteltoledo.it\/wp-content\/uploads\/2024\/11\/Hotel_Toledo_Jesolo-e1732787787582.png\",\"contentUrl\":\"https:\/\/hoteltoledo.it\/wp-content\/uploads\/2024\/11\/Hotel_Toledo_Jesolo-e1732787787582.png\",\"width\":250,\"height\":77,\"caption\":\"Hotel Toledo Jesolo\"},\"image\":{\"@id\":\"https:\/\/hoteltoledo.it\/hu\/#\/schema\/logo\/image\/\"}}]}<\/script>\n<!-- \/ Yoast SEO plugin. -->","yoast_head_json":{"title":"Hozz\u00e1j\u00e1rul\u00e1sok a 124\/2017-es t\u00f6rv\u00e9ny alapj\u00e1n - Hotel Toledo Jesolo","description":"Ismerje meg a 124\/2017-es t\u00f6rv\u00e9ny szerint kapott hozz\u00e1j\u00e1rul\u00e1sokat, r\u00e9szletes inform\u00e1ci\u00f3kkal a megszerzett juttat\u00e1sokr\u00f3l \u00e9s azok felhaszn\u00e1l\u00e1s\u00e1r\u00f3l.","robots":{"index":"index","follow":"follow","max-snippet":"max-snippet:-1","max-image-preview":"max-image-preview:large","max-video-preview":"max-video-preview:-1"},"canonical":"https:\/\/hoteltoledo.it\/hu\/hozzajarulasok-a-124-2017-es-torveny-alapjan\/","og_locale":"hu_HU","og_type":"article","og_title":"Hozz\u00e1j\u00e1rul\u00e1sok a 124\/2017-es t\u00f6rv\u00e9ny alapj\u00e1n - Hotel Toledo Jesolo","og_description":"Ismerje meg a 124\/2017-es t\u00f6rv\u00e9ny szerint kapott hozz\u00e1j\u00e1rul\u00e1sokat, r\u00e9szletes inform\u00e1ci\u00f3kkal a megszerzett juttat\u00e1sokr\u00f3l \u00e9s azok felhaszn\u00e1l\u00e1s\u00e1r\u00f3l.","og_url":"https:\/\/hoteltoledo.it\/hu\/hozzajarulasok-a-124-2017-es-torveny-alapjan\/","og_site_name":"Hotel Toledo Jesolo","article_modified_time":"2025-03-26T13:41:42+00:00","twitter_card":"summary_large_image","twitter_misc":{"Becs\u00fclt olvas\u00e1si id\u0151":"2 perc"},"schema":{"@context":"https:\/\/schema.org","@graph":[{"@type":"WebPage","@id":"https:\/\/hoteltoledo.it\/hu\/hozzajarulasok-a-124-2017-es-torveny-alapjan\/","url":"https:\/\/hoteltoledo.it\/hu\/hozzajarulasok-a-124-2017-es-torveny-alapjan\/","name":"Hozz\u00e1j\u00e1rul\u00e1sok a 124\/2017-es t\u00f6rv\u00e9ny alapj\u00e1n - Hotel Toledo Jesolo","isPartOf":{"@id":"https:\/\/hoteltoledo.it\/hu\/#website"},"datePublished":"2025-03-25T14:20:36+00:00","dateModified":"2025-03-26T13:41:42+00:00","description":"Ismerje meg a 124\/2017-es t\u00f6rv\u00e9ny szerint kapott hozz\u00e1j\u00e1rul\u00e1sokat, r\u00e9szletes inform\u00e1ci\u00f3kkal a megszerzett juttat\u00e1sokr\u00f3l \u00e9s azok felhaszn\u00e1l\u00e1s\u00e1r\u00f3l.","breadcrumb":{"@id":"https:\/\/hoteltoledo.it\/hu\/hozzajarulasok-a-124-2017-es-torveny-alapjan\/#breadcrumb"},"inLanguage":"hu","potentialAction":[{"@type":"ReadAction","target":["https:\/\/hoteltoledo.it\/hu\/hozzajarulasok-a-124-2017-es-torveny-alapjan\/"]}]},{"@type":"BreadcrumbList","@id":"https:\/\/hoteltoledo.it\/hu\/hozzajarulasok-a-124-2017-es-torveny-alapjan\/#breadcrumb","itemListElement":[{"@type":"ListItem","position":1,"name":"Home","item":"https:\/\/hoteltoledo.it\/hu\/"},{"@type":"ListItem","position":2,"name":"Hozz\u00e1j\u00e1rul\u00e1sok a 124\/2017-es t\u00f6rv\u00e9ny alapj\u00e1n"}]},{"@type":"WebSite","@id":"https:\/\/hoteltoledo.it\/hu\/#website","url":"https:\/\/hoteltoledo.it\/hu\/","name":"Hotel Toledo Jesolo","description":"","publisher":{"@id":"https:\/\/hoteltoledo.it\/hu\/#organization"},"potentialAction":[{"@type":"SearchAction","target":{"@type":"EntryPoint","urlTemplate":"https:\/\/hoteltoledo.it\/hu\/?s={search_term_string}"},"query-input":{"@type":"PropertyValueSpecification","valueRequired":true,"valueName":"search_term_string"}}],"inLanguage":"hu"},{"@type":"Organization","@id":"https:\/\/hoteltoledo.it\/hu\/#organization","name":"Hotel Toledo Jesolo","url":"https:\/\/hoteltoledo.it\/hu\/","logo":{"@type":"ImageObject","inLanguage":"hu","@id":"https:\/\/hoteltoledo.it\/hu\/#\/schema\/logo\/image\/","url":"https:\/\/hoteltoledo.it\/wp-content\/uploads\/2024\/11\/Hotel_Toledo_Jesolo-e1732787787582.png","contentUrl":"https:\/\/hoteltoledo.it\/wp-content\/uploads\/2024\/11\/Hotel_Toledo_Jesolo-e1732787787582.png","width":250,"height":77,"caption":"Hotel Toledo Jesolo"},"image":{"@id":"https:\/\/hoteltoledo.it\/hu\/#\/schema\/logo\/image\/"}}]}},"_links":{"self":[{"href":"https:\/\/hoteltoledo.it\/hu\/wp-json\/wp\/v2\/pages\/1346","targetHints":{"allow":["GET"]}}],"collection":[{"href":"https:\/\/hoteltoledo.it\/hu\/wp-json\/wp\/v2\/pages"}],"about":[{"href":"https:\/\/hoteltoledo.it\/hu\/wp-json\/wp\/v2\/types\/page"}],"author":[{"embeddable":true,"href":"https:\/\/hoteltoledo.it\/hu\/wp-json\/wp\/v2\/users\/1"}],"replies":[{"embeddable":true,"href":"https:\/\/hoteltoledo.it\/hu\/wp-json\/wp\/v2\/comments?post=1346"}],"version-history":[{"count":2,"href":"https:\/\/hoteltoledo.it\/hu\/wp-json\/wp\/v2\/pages\/1346\/revisions"}],"predecessor-version":[{"id":1358,"href":"https:\/\/hoteltoledo.it\/hu\/wp-json\/wp\/v2\/pages\/1346\/revisions\/1358"}],"wp:attachment":[{"href":"https:\/\/hoteltoledo.it\/hu\/wp-json\/wp\/v2\/media?parent=1346"}],"curies":[{"name":"wp","href":"https:\/\/api.w.org\/{rel}","templated":true}]}}