{"id":1361,"date":"2025-03-25T14:19:11","date_gmt":"2025-03-25T14:19:11","guid":{"rendered":"https:\/\/staging.hoteltoledo.it\/por-fesr-2014-2020\/"},"modified":"2025-03-26T13:49:41","modified_gmt":"2025-03-26T13:49:41","slug":"por-fesr-2014-2020","status":"publish","type":"page","link":"https:\/\/hoteltoledo.it\/hu\/por-fesr-2014-2020\/","title":{"rendered":"POR-FESR 2014-2020: A region\u00e1lis fejl\u0151d\u00e9s \u00e9s innov\u00e1ci\u00f3 t\u00e1mogat\u00e1sa"},"content":{"rendered":"\n<p>A vend\u00e9gek sz\u00e1m\u00e1ra ny\u00fajtott szolg\u00e1ltat\u00e1s folyamatos fejleszt\u00e9se \u00e9rdek\u00e9ben a sz\u00e1ll\u00e1shely technol\u00f3giai innov\u00e1ci\u00f3ba k\u00edv\u00e1n befektetni, k\u00e9t fontos szolg\u00e1ltat\u00e1st k\u00edn\u00e1lva, az egyiket a COVID-19-es eg\u00e9szs\u00e9g\u00fcgyi v\u00e9szhelyzettel, a m\u00e1sikat pedig a sz\u00e1llodai szolg\u00e1ltat\u00e1sok online haszn\u00e1lat\u00e1val kapcsolatban.<\/p>\n\n\n\n<p>A POR DGR 1390 Digital t\u00e1mogat\u00e1si k\u00e9relem t\u00e1rgya a digit\u00e1lis projekt, amely a kezel\u0151- \u00e9s operat\u00edv szoftverek fejleszt\u00e9s\u00e9re \u00e9s a weboldalra vonatkozik, \u00f6sszesen 5.800,00 \u20ac \u00f6sszegben.<\/p>\n\n\n\n<p>Az A) pontban szerepl\u0151 befektet\u00e9s k\u00f6lts\u00e9ge 2.130,00 \u20ac, \u00e9s a kezel\u0151- \u00e9s operat\u00edv szoftvermodulokra vonatkozik.<br>R\u00e9szletezve:<\/p>\n\n\n\n<ul class=\"wp-block-list\">\n<li>Felh\u0151alap\u00fa szoftver, amely lehet\u0151v\u00e9 teszi a t\u00e1vmunk\u00e1t, \u00e9s integr\u00e1lhat\u00f3 m\u00e1s szoftverekkel\/tev\u00e9kenys\u00e9gekkel, p\u00e9ld\u00e1ul PMS, Channel Manager \u00e9s CRM, 1.140,00 \u20ac-\u00e9rt;<\/li>\n\n\n\n<li>Felh\u0151alap\u00fa szoftver, amely lehet\u0151v\u00e9 teszi a t\u00e1vmunk\u00e1t, \u00e9s integr\u00e1lhat\u00f3 m\u00e1s szoftverekkel\/tev\u00e9kenys\u00e9gekkel, p\u00e9ld\u00e1ul PMS, Booking Engine \u00e9s CRM, 740,00 \u20ac-\u00e9rt;<\/li>\n\n\n\n<li>A banki gateway tan\u00fas\u00edtott kapcsolata az R2 foglal\u00e1si motorral, hogy k\u00f6zvetlen\u00fcl online v\u00e9grehajthassa a hitelk\u00e1rty\u00e1s tranzakci\u00f3kat a foglal\u00e1sokkal kapcsolatban, 250,00 \u20ac-\u00e9rt.<\/li>\n<\/ul>\n\n\n\n<p>A C) pontban szerepl\u0151 befektet\u00e9s k\u00f6lts\u00e9ge 2.670,00 \u20ac (3.500,00 \u20ac \u00e1raj\u00e1nlat, de 2.670,00 \u20ac-t k\u00e9r\u00fcnk), \u00e9s a weboldal megval\u00f3s\u00edt\u00e1s\u00e1ra vonatkozik, amely tartalmazza a n\u00e9met, magyar \u00e9s angol nyelvekre t\u00f6rt\u00e9n\u0151 adapt\u00e1ci\u00f3t, a sz\u00f6vegek sz\u00f6veg\u00edr\u00e1s\u00e1t, a SEO nyelvi konfigur\u00e1l\u00e1s\u00e1t \u00e9s a ford\u00edt\u00e1sokat.<\/p>\n\n\n\n<p>A D) pontban szerepl\u0151 befektet\u00e9s k\u00f6lts\u00e9ge 1.000,00 \u20ac a Hospitality Data Intelligence HBenchmark online platformra, amely az egyes sz\u00e1llod\u00e1k kezel\u0151 rendszereib\u0151l (PMS) sz\u00e1rmaz\u00f3 adatokat \u00f6sszegy\u0171jti, \u00e9s val\u00f3s id\u0151ben, anonim \u00e9s aggreg\u00e1lt form\u00e1ban visszaadja a helyi piac m\u00faltbeli \u00e9s j\u00f6v\u0151beli trendjeit.<\/p>\n","protected":false},"excerpt":{"rendered":"<p>A vend\u00e9gek sz\u00e1m\u00e1ra ny\u00fajtott szolg\u00e1ltat\u00e1s folyamatos fejleszt\u00e9se \u00e9rdek\u00e9ben a sz\u00e1ll\u00e1shely technol\u00f3giai innov\u00e1ci\u00f3ba k\u00edv\u00e1n befektetni, k\u00e9t fontos szolg\u00e1ltat\u00e1st k\u00edn\u00e1lva, az egyiket a COVID-19-es eg\u00e9szs\u00e9g\u00fcgyi v\u00e9szhelyzettel, a m\u00e1sikat pedig a sz\u00e1llodai szolg\u00e1ltat\u00e1sok online haszn\u00e1lat\u00e1val kapcsolatban. A POR DGR 1390 Digital t\u00e1mogat\u00e1si k\u00e9relem t\u00e1rgya a digit\u00e1lis projekt, amely a kezel\u0151- \u00e9s operat\u00edv szoftverek fejleszt\u00e9s\u00e9re \u00e9s a weboldalra vonatkozik, [&hellip;]<\/p>\n","protected":false},"author":1,"featured_media":0,"parent":0,"menu_order":0,"comment_status":"closed","ping_status":"closed","template":"","meta":{"_acf_changed":false,"footnotes":""},"class_list":["post-1361","page","type-page","status-publish","hentry"],"acf":[],"yoast_head":"<!-- This site is optimized with the Yoast SEO plugin v26.3 - https:\/\/yoast.com\/wordpress\/plugins\/seo\/ -->\n<title>POR-FESR 2014-2020<\/title>\n<meta name=\"description\" content=\"Tudjon meg t\u00f6bbet a POR-FESR 2014-2020 programr\u00f3l, amely az EU \u00e1ltal finansz\u00edrozott projektek r\u00e9v\u00e9n el\u0151seg\u00edti a region\u00e1lis n\u00f6veked\u00e9st, innov\u00e1ci\u00f3t \u00e9s versenyk\u00e9pess\u00e9get.\" \/>\n<meta name=\"robots\" content=\"index, follow, max-snippet:-1, max-image-preview:large, max-video-preview:-1\" \/>\n<link rel=\"canonical\" href=\"https:\/\/hoteltoledo.it\/hu\/por-fesr-2014-2020\/\" \/>\n<meta property=\"og:locale\" content=\"hu_HU\" \/>\n<meta property=\"og:type\" content=\"article\" \/>\n<meta property=\"og:title\" content=\"POR-FESR 2014-2020\" \/>\n<meta property=\"og:description\" content=\"Tudjon meg t\u00f6bbet a POR-FESR 2014-2020 programr\u00f3l, amely az EU \u00e1ltal finansz\u00edrozott projektek r\u00e9v\u00e9n el\u0151seg\u00edti a region\u00e1lis n\u00f6veked\u00e9st, innov\u00e1ci\u00f3t \u00e9s versenyk\u00e9pess\u00e9get.\" \/>\n<meta property=\"og:url\" content=\"https:\/\/hoteltoledo.it\/hu\/por-fesr-2014-2020\/\" \/>\n<meta property=\"og:site_name\" content=\"Hotel Toledo Jesolo\" \/>\n<meta property=\"article:modified_time\" content=\"2025-03-26T13:49:41+00:00\" \/>\n<meta name=\"twitter:card\" content=\"summary_large_image\" \/>\n<meta name=\"twitter:label1\" content=\"Becs\u00fclt olvas\u00e1si id\u0151\" \/>\n\t<meta name=\"twitter:data1\" content=\"2 perc\" \/>\n<script type=\"application\/ld+json\" class=\"yoast-schema-graph\">{\"@context\":\"https:\/\/schema.org\",\"@graph\":[{\"@type\":\"WebPage\",\"@id\":\"https:\/\/hoteltoledo.it\/hu\/por-fesr-2014-2020\/\",\"url\":\"https:\/\/hoteltoledo.it\/hu\/por-fesr-2014-2020\/\",\"name\":\"POR-FESR 2014-2020\",\"isPartOf\":{\"@id\":\"https:\/\/hoteltoledo.it\/hu\/#website\"},\"datePublished\":\"2025-03-25T14:19:11+00:00\",\"dateModified\":\"2025-03-26T13:49:41+00:00\",\"description\":\"Tudjon meg t\u00f6bbet a POR-FESR 2014-2020 programr\u00f3l, amely az EU \u00e1ltal finansz\u00edrozott projektek r\u00e9v\u00e9n el\u0151seg\u00edti a region\u00e1lis n\u00f6veked\u00e9st, innov\u00e1ci\u00f3t \u00e9s versenyk\u00e9pess\u00e9get.\",\"breadcrumb\":{\"@id\":\"https:\/\/hoteltoledo.it\/hu\/por-fesr-2014-2020\/#breadcrumb\"},\"inLanguage\":\"hu\",\"potentialAction\":[{\"@type\":\"ReadAction\",\"target\":[\"https:\/\/hoteltoledo.it\/hu\/por-fesr-2014-2020\/\"]}]},{\"@type\":\"BreadcrumbList\",\"@id\":\"https:\/\/hoteltoledo.it\/hu\/por-fesr-2014-2020\/#breadcrumb\",\"itemListElement\":[{\"@type\":\"ListItem\",\"position\":1,\"name\":\"Home\",\"item\":\"https:\/\/hoteltoledo.it\/hu\/\"},{\"@type\":\"ListItem\",\"position\":2,\"name\":\"POR-FESR 2014-2020: A region\u00e1lis fejl\u0151d\u00e9s \u00e9s innov\u00e1ci\u00f3 t\u00e1mogat\u00e1sa\"}]},{\"@type\":\"WebSite\",\"@id\":\"https:\/\/hoteltoledo.it\/hu\/#website\",\"url\":\"https:\/\/hoteltoledo.it\/hu\/\",\"name\":\"Hotel Toledo Jesolo\",\"description\":\"\",\"publisher\":{\"@id\":\"https:\/\/hoteltoledo.it\/hu\/#organization\"},\"potentialAction\":[{\"@type\":\"SearchAction\",\"target\":{\"@type\":\"EntryPoint\",\"urlTemplate\":\"https:\/\/hoteltoledo.it\/hu\/?s={search_term_string}\"},\"query-input\":{\"@type\":\"PropertyValueSpecification\",\"valueRequired\":true,\"valueName\":\"search_term_string\"}}],\"inLanguage\":\"hu\"},{\"@type\":\"Organization\",\"@id\":\"https:\/\/hoteltoledo.it\/hu\/#organization\",\"name\":\"Hotel Toledo Jesolo\",\"url\":\"https:\/\/hoteltoledo.it\/hu\/\",\"logo\":{\"@type\":\"ImageObject\",\"inLanguage\":\"hu\",\"@id\":\"https:\/\/hoteltoledo.it\/hu\/#\/schema\/logo\/image\/\",\"url\":\"https:\/\/hoteltoledo.it\/wp-content\/uploads\/2024\/11\/Hotel_Toledo_Jesolo-e1732787787582.png\",\"contentUrl\":\"https:\/\/hoteltoledo.it\/wp-content\/uploads\/2024\/11\/Hotel_Toledo_Jesolo-e1732787787582.png\",\"width\":250,\"height\":77,\"caption\":\"Hotel Toledo Jesolo\"},\"image\":{\"@id\":\"https:\/\/hoteltoledo.it\/hu\/#\/schema\/logo\/image\/\"}}]}<\/script>\n<!-- \/ Yoast SEO plugin. -->","yoast_head_json":{"title":"POR-FESR 2014-2020","description":"Tudjon meg t\u00f6bbet a POR-FESR 2014-2020 programr\u00f3l, amely az EU \u00e1ltal finansz\u00edrozott projektek r\u00e9v\u00e9n el\u0151seg\u00edti a region\u00e1lis n\u00f6veked\u00e9st, innov\u00e1ci\u00f3t \u00e9s versenyk\u00e9pess\u00e9get.","robots":{"index":"index","follow":"follow","max-snippet":"max-snippet:-1","max-image-preview":"max-image-preview:large","max-video-preview":"max-video-preview:-1"},"canonical":"https:\/\/hoteltoledo.it\/hu\/por-fesr-2014-2020\/","og_locale":"hu_HU","og_type":"article","og_title":"POR-FESR 2014-2020","og_description":"Tudjon meg t\u00f6bbet a POR-FESR 2014-2020 programr\u00f3l, amely az EU \u00e1ltal finansz\u00edrozott projektek r\u00e9v\u00e9n el\u0151seg\u00edti a region\u00e1lis n\u00f6veked\u00e9st, innov\u00e1ci\u00f3t \u00e9s versenyk\u00e9pess\u00e9get.","og_url":"https:\/\/hoteltoledo.it\/hu\/por-fesr-2014-2020\/","og_site_name":"Hotel Toledo Jesolo","article_modified_time":"2025-03-26T13:49:41+00:00","twitter_card":"summary_large_image","twitter_misc":{"Becs\u00fclt olvas\u00e1si id\u0151":"2 perc"},"schema":{"@context":"https:\/\/schema.org","@graph":[{"@type":"WebPage","@id":"https:\/\/hoteltoledo.it\/hu\/por-fesr-2014-2020\/","url":"https:\/\/hoteltoledo.it\/hu\/por-fesr-2014-2020\/","name":"POR-FESR 2014-2020","isPartOf":{"@id":"https:\/\/hoteltoledo.it\/hu\/#website"},"datePublished":"2025-03-25T14:19:11+00:00","dateModified":"2025-03-26T13:49:41+00:00","description":"Tudjon meg t\u00f6bbet a POR-FESR 2014-2020 programr\u00f3l, amely az EU \u00e1ltal finansz\u00edrozott projektek r\u00e9v\u00e9n el\u0151seg\u00edti a region\u00e1lis n\u00f6veked\u00e9st, innov\u00e1ci\u00f3t \u00e9s versenyk\u00e9pess\u00e9get.","breadcrumb":{"@id":"https:\/\/hoteltoledo.it\/hu\/por-fesr-2014-2020\/#breadcrumb"},"inLanguage":"hu","potentialAction":[{"@type":"ReadAction","target":["https:\/\/hoteltoledo.it\/hu\/por-fesr-2014-2020\/"]}]},{"@type":"BreadcrumbList","@id":"https:\/\/hoteltoledo.it\/hu\/por-fesr-2014-2020\/#breadcrumb","itemListElement":[{"@type":"ListItem","position":1,"name":"Home","item":"https:\/\/hoteltoledo.it\/hu\/"},{"@type":"ListItem","position":2,"name":"POR-FESR 2014-2020: A region\u00e1lis fejl\u0151d\u00e9s \u00e9s innov\u00e1ci\u00f3 t\u00e1mogat\u00e1sa"}]},{"@type":"WebSite","@id":"https:\/\/hoteltoledo.it\/hu\/#website","url":"https:\/\/hoteltoledo.it\/hu\/","name":"Hotel Toledo Jesolo","description":"","publisher":{"@id":"https:\/\/hoteltoledo.it\/hu\/#organization"},"potentialAction":[{"@type":"SearchAction","target":{"@type":"EntryPoint","urlTemplate":"https:\/\/hoteltoledo.it\/hu\/?s={search_term_string}"},"query-input":{"@type":"PropertyValueSpecification","valueRequired":true,"valueName":"search_term_string"}}],"inLanguage":"hu"},{"@type":"Organization","@id":"https:\/\/hoteltoledo.it\/hu\/#organization","name":"Hotel Toledo Jesolo","url":"https:\/\/hoteltoledo.it\/hu\/","logo":{"@type":"ImageObject","inLanguage":"hu","@id":"https:\/\/hoteltoledo.it\/hu\/#\/schema\/logo\/image\/","url":"https:\/\/hoteltoledo.it\/wp-content\/uploads\/2024\/11\/Hotel_Toledo_Jesolo-e1732787787582.png","contentUrl":"https:\/\/hoteltoledo.it\/wp-content\/uploads\/2024\/11\/Hotel_Toledo_Jesolo-e1732787787582.png","width":250,"height":77,"caption":"Hotel Toledo Jesolo"},"image":{"@id":"https:\/\/hoteltoledo.it\/hu\/#\/schema\/logo\/image\/"}}]}},"_links":{"self":[{"href":"https:\/\/hoteltoledo.it\/hu\/wp-json\/wp\/v2\/pages\/1361","targetHints":{"allow":["GET"]}}],"collection":[{"href":"https:\/\/hoteltoledo.it\/hu\/wp-json\/wp\/v2\/pages"}],"about":[{"href":"https:\/\/hoteltoledo.it\/hu\/wp-json\/wp\/v2\/types\/page"}],"author":[{"embeddable":true,"href":"https:\/\/hoteltoledo.it\/hu\/wp-json\/wp\/v2\/users\/1"}],"replies":[{"embeddable":true,"href":"https:\/\/hoteltoledo.it\/hu\/wp-json\/wp\/v2\/comments?post=1361"}],"version-history":[{"count":3,"href":"https:\/\/hoteltoledo.it\/hu\/wp-json\/wp\/v2\/pages\/1361\/revisions"}],"predecessor-version":[{"id":1372,"href":"https:\/\/hoteltoledo.it\/hu\/wp-json\/wp\/v2\/pages\/1361\/revisions\/1372"}],"wp:attachment":[{"href":"https:\/\/hoteltoledo.it\/hu\/wp-json\/wp\/v2\/media?parent=1361"}],"curies":[{"name":"wp","href":"https:\/\/api.w.org\/{rel}","templated":true}]}}