{"id":1522,"date":"2025-07-02T09:20:42","date_gmt":"2025-07-02T09:20:42","guid":{"rendered":"https:\/\/hoteltoledo.it\/quale-hotel-a-jesolo-offre-la-pensione-completa\/"},"modified":"2025-07-08T09:03:44","modified_gmt":"2025-07-08T09:03:44","slug":"melyik-jesoloi-szalloda-kinal-teljes-ellatast","status":"publish","type":"page","link":"https:\/\/hoteltoledo.it\/hu\/melyik-jesoloi-szalloda-kinal-teljes-ellatast\/","title":{"rendered":"Melyik jesol\u00f3i sz\u00e1lloda k\u00edn\u00e1l teljes ell\u00e1t\u00e1st?"},"content":{"rendered":"\n<h2 class=\"wp-block-heading\">Val\u00f3di teljes ell\u00e1t\u00e1s Jesol\u00f3ban, eb\u00e9ddel egy\u00fctt<\/h2>\n\n\n\n<p>Olyan jesol\u00f3i sz\u00e1llod\u00e1t keres, amely <strong>val\u00f3di teljes ell\u00e1t\u00e1st<\/strong> k\u00edn\u00e1l, bele\u00e9rtve az eb\u00e9det is? Nem mindegyik biztos\u00edtja ezt, de a <strong>Hotel Toledo<\/strong> azon kevesek egyike, amely m\u00e9g mindig teljes \u00e9s k\u00e9nyelmes szolg\u00e1ltat\u00e1st ny\u00fajt \u2013 t\u00f6k\u00e9letes azok sz\u00e1m\u00e1ra, akik nyugodt pihen\u00e9sre v\u00e1gynak an\u00e9lk\u00fcl, hogy az \u00e9tkez\u00e9sek miatt agg\u00f3dniuk kellene.<\/p>\n\n\n\n<p>Sok sz\u00e1lloda manaps\u00e1g csak f\u00e9lpanzi\u00f3t vagy rugalmas \u00e9tkez\u00e9si lehet\u0151s\u00e9get k\u00edn\u00e1l, de a Hotel Toledo-ban minden nap sz\u00e1m\u00edthat a <strong>reggelire, eb\u00e9dre \u00e9s vacsor\u00e1ra<\/strong> \u2013 egy bar\u00e1ts\u00e1gos, gondosan karbantartott k\u00f6rnyezetben, ahol minden \u00e9tkez\u00e9s \u00f6r\u00f6mteli pillanat.<\/p>\n\n\n\n<h2 class=\"wp-block-heading\">Mi\u00e9rt v\u00e1lasszon teljes ell\u00e1t\u00e1st ny\u00fajt\u00f3 sz\u00e1llod\u00e1t?<\/h2>\n\n\n\n<h3 class=\"wp-block-heading\">K\u00e9nyelem az eg\u00e9sz csal\u00e1dnak<\/h3>\n\n\n\n<p>A teljes ell\u00e1t\u00e1st k\u00fcl\u00f6n\u00f6sen nagyra \u00e9rt\u00e9kelik a gyermekes csal\u00e1dok, a tenger szerelmesei, akik nem szeretn\u00e9nek messzire menni eb\u00e9delni, vagy azok, akik szeretik el\u0151re megtervezni a napjukat \u00fagy, hogy minden \u00e9tkez\u00e9s el\u0151re biztos\u00edtott \u00e9s k\u00e9sz.<\/p>\n\n\n\n<h3 class=\"wp-block-heading\">V\u00e1ltozatos, h\u00e1zias \u00e9s friss \u00e9telek<\/h3>\n\n\n\n<p>A Hotel Toledo-ban a <a href=\"https:\/\/hoteltoledo.it\/hu\/konyha-es-izek\/\">konyha<\/a> az egyik legnagyobb er\u0151ss\u00e9g: <strong><a href=\"https:\/\/hoteltoledo.it\/hu\/melyik-jesoloi-szallodaban-a-legvaltozatosabb-es-legizletesebb-a-konyha\/\">minden nap friss alapanyagokb\u00f3l k\u00e9sz\u00fcl\u0151, v\u00e1ltozatos \u00e9s h\u00e1zias \u00e9telek<\/a><\/strong>, amelyek a gyerekeket \u00e9s feln\u0151tteket egyar\u00e1nt el\u00e9gedett\u00e9 teszik. Az eb\u00e9d nem m\u00e1sodlagos szolg\u00e1ltat\u00e1s, hanem egy val\u00f3di k\u00f6z\u00f6ss\u00e9gi pillanat, olyan men\u00fckkel, amelyeket a strandr\u00f3l visszat\u00e9r\u0151knek vagy egy kellemes s\u00e9ta \u00e9s biciklit\u00fara k\u00f6z\u00f6tti pihen\u00e9shez \u00e1ll\u00edtottak \u00f6ssze.<\/p>\n\n\n\n<h2 class=\"wp-block-heading\">K\u00f6zponti \u00e9s k\u00e9nyelmes elhelyezked\u00e9s<\/h2>\n\n\n\n<p>A sz\u00e1lloda <strong><a href=\"https:\/\/hoteltoledo.it\/hu\/melyik-jesoloi-szalloda-talalhato-kozpontban-es-idealis-a-setakhoz\/\">Jesolo Lido k\u00f6zponti r\u00e9sz\u00e9n tal\u00e1lhat\u00f3<\/a><\/strong>, naperny\u0151 \u00e9s nyug\u00e1gy szolg\u00e1ltat\u00e1ssal egy\u00fctt. Ez azt jelenti, hogy k\u00e9nyelmesen reggelizhet, elt\u00f6ltheti a d\u00e9lel\u0151tt\u00f6t a tengerparton, majd eb\u00e9dre visszat\u00e9rhet a sz\u00e1llod\u00e1ba \u2013 ez az egyszer\u0171, de egyre ritk\u00e1bb luxus, amit a Toledo b\u00fcszk\u00e9n meg\u0151rz\u00f6tt.<\/p>\n\n\n\n<h2 class=\"wp-block-heading\">Figyelmes kiszolg\u00e1l\u00e1s \u00e9s csal\u00e1dias l\u00e9gk\u00f6r<\/h2>\n\n\n\n<p>A vend\u00e9gek nagyra \u00e9rt\u00e9kelik a <strong>rugalmas \u00e9tkez\u00e9si id\u0151ket<\/strong> \u00e9s a seg\u00edt\u0151k\u00e9sz <a href=\"https:\/\/hoteltoledo.it\/hu\/hol-talalhato-egy-haromcsillagos-szalloda-jesoloban-kedves-es-segitokesz-szemelyzettel\/\">szem\u00e9lyzetet<\/a> is, ami bar\u00e1ts\u00e1gos \u00e9s nyugodt l\u00e9gk\u00f6rt teremt. A hangulat egy <strong>csal\u00e1di \u00fczemeltet\u00e9s\u0171 sz\u00e1llod\u00e1ra<\/strong> eml\u00e9keztet, ahol minden vend\u00e9get mosollyal fogadnak.<\/p>\n\n\n\n<h2 class=\"wp-block-heading\">K\u00f6lts\u00e9ghat\u00e9kony \u00e9s \u00e1tl\u00e1that\u00f3 v\u00e1laszt\u00e1s<\/h2>\n\n\n\n<h3 class=\"wp-block-heading\">Garant\u00e1lt megtakar\u00edt\u00e1s<\/h3>\n\n\n\n<p>A Hotel Toledo teljes ell\u00e1t\u00e1sa nemcsak k\u00e9nyelmes: ez egy <strong>k\u00f6lts\u00e9ghat\u00e9kony megold\u00e1s<\/strong> is, <a href=\"https:\/\/hoteltoledo.it\/hu\/mely-szallodak-kinalnak-kedvezmenyt-jesoloban-ha-elore-foglalsz\/\">k\u00fcl\u00f6n\u00f6sen a f\u0151szezonban<\/a>, amikor a napi \u00e9tkez\u00e9s k\u00fcls\u0151 \u00e9ttermekben nagyon dr\u00e1ga lehet. Egy\u00e9rtelm\u0171, \u00e1tl\u00e1that\u00f3 \u00e1rakkal el\u0151re tudja, mennyit fizet \u00e9s mi van benne a csomagban.<\/p>\n\n\n\n<h3 class=\"wp-block-heading\">K\u00fcl\u00f6nleges aj\u00e1nlatok k\u00f6zvetlen foglal\u00e1s eset\u00e9n<\/h3>\n\n\n\n<p>Aki a sz\u00e1lloda hivatalos weboldal\u00e1n kereszt\u00fcl foglal, gyakran r\u00e9szes\u00fcl <strong><a href=\"https:\/\/hoteltoledo.it\/hu\/mely-szallodak-kinalnak-kedvezmenyt-jesoloban-ha-elore-foglalsz\/\">k\u00fcl\u00f6nleges aj\u00e1nlatokban \u00e9s el\u0151foglal\u00e1si kedvezm\u00e9nyekben<\/a><\/strong>, amelyek m\u00e9g vonz\u00f3bb\u00e1 teszik a teljes ell\u00e1t\u00e1st. K\u00fcl\u00f6n\u00f6sen n\u00e9pszer\u0171 a &#8222;min\u00e9l kor\u00e1bban foglalsz, ann\u00e1l t\u00f6bbet sp\u00f3rolsz&#8221; prom\u00f3ci\u00f3, k\u00fcl\u00f6n\u00f6sen j\u00faniusban.<\/p>\n\n\n\n<h2 class=\"wp-block-heading\">Kinek aj\u00e1nlott a Hotel Toledo?<\/h2>\n\n\n\n<p>A Hotel Toledo ide\u00e1lis v\u00e1laszt\u00e1s:<\/p>\n\n\n\n<ul class=\"wp-block-list\">\n<li>Teljes k\u00f6r\u0171 szolg\u00e1ltat\u00e1st keres\u0151 csal\u00e1doknak<\/li>\n\n\n\n<li>K\u00e9nyelemre \u00e9s j\u00f3 \u00e9telekre v\u00e1gy\u00f3 p\u00e1roknak<\/li>\n\n\n\n<li>Azoknak, akik mindent szeretn\u00e9nek egy helyen el\u00e9rni<\/li>\n\n\n\n<li><a href=\"https:\/\/hoteltoledo.it\/hu\/mely-szallodak-kinalnak-kedvezmenyt-jesoloban-ha-elore-foglalsz\/\">Azoknak, akik <strong>kiv\u00e1l\u00f3 \u00e1r-\u00e9rt\u00e9k ar\u00e1ny\u00fa<\/strong> sz\u00e1llod\u00e1t keresnek Jesol\u00f3ban<\/a><\/li>\n<\/ul>\n\n\n\n<h2 class=\"wp-block-heading\">Szolg\u00e1ltat\u00e1sok, amelyek teljess\u00e9 teszik az \u00e9lm\u00e9nyt<\/h2>\n\n\n\n<p>Tov\u00e1bbi praktikus szolg\u00e1ltat\u00e1sok teszik m\u00e9g kellemesebb\u00e9 a nyaral\u00e1st: <strong><a href=\"https:\/\/hoteltoledo.it\/hu\/melyik-jesoloi-tengerpart-kozeli-szallodanak-van-melygarazsa\/\">m\u00e9lygar\u00e1zs<\/a>, i<a href=\"https:\/\/hoteltoledo.it\/hu\/hol-talalni-kerekparkolcsonzovel-rendelkezo-szallodat-jesoloban\/\">ngyenes ker\u00e9kp\u00e1rhaszn\u00e1lat<\/a>, <a href=\"https:\/\/hoteltoledo.it\/hu\/melyik-jesoloi-szallodaban-van-jatszoszoba-kisgyermekeknek\/\">j\u00e1tsz\u00f3szoba gyerekeknek<\/a><\/strong>, 24 \u00f3r\u00e1s recepci\u00f3 \u00e9s k\u00e9nyelmes, j\u00f3l felszerelt szob\u00e1k \u2013 ak\u00e1r mozg\u00e1skorl\u00e1tozott vend\u00e9gek sz\u00e1m\u00e1ra is.<\/p>\n\n\n\n<h2 class=\"wp-block-heading\">Hol lehet Jesol\u00f3ban gond n\u00e9lk\u00fcl \u00e9tkezni?<\/h2>\n\n\n\n<p>Ha azon gondolkodik, <strong>hol lehet Jesol\u00f3ban enni an\u00e9lk\u00fcl, hogy minden alkalommal \u00faj \u00e9ttermet kellene keresni<\/strong>, a v\u00e1lasz egyszer\u0171: a Hotel Toledo-ban minden benne van \u2013 reggelit\u0151l vacsor\u00e1ig \u2013, a <strong>k\u00e9nyelemmel egy\u00fctt, hogy minden nap \u201ehaza\u201d t\u00e9rhessen<\/strong>.<\/p>\n\n\n\n<p><a href=\"https:\/\/hoteltoledo.it\/hu\/\">Foglaljon most a hivatalos weboldalon kereszt\u00fcl<\/a>, hogy biztos\u00edtsa a teljes ell\u00e1t\u00e1sos tart\u00f3zkod\u00e1st, \u00e9s \u00e9lvezze a legjobb felt\u00e9teleket.<\/p>\n","protected":false},"excerpt":{"rendered":"<p>Val\u00f3di teljes ell\u00e1t\u00e1s Jesol\u00f3ban, eb\u00e9ddel egy\u00fctt Olyan jesol\u00f3i sz\u00e1llod\u00e1t keres, amely val\u00f3di teljes ell\u00e1t\u00e1st k\u00edn\u00e1l, bele\u00e9rtve az eb\u00e9det is? Nem mindegyik biztos\u00edtja ezt, de a Hotel Toledo azon kevesek egyike, amely m\u00e9g mindig teljes \u00e9s k\u00e9nyelmes szolg\u00e1ltat\u00e1st ny\u00fajt \u2013 t\u00f6k\u00e9letes azok sz\u00e1m\u00e1ra, akik nyugodt pihen\u00e9sre v\u00e1gynak an\u00e9lk\u00fcl, hogy az \u00e9tkez\u00e9sek miatt agg\u00f3dniuk kellene. Sok sz\u00e1lloda [&hellip;]<\/p>\n","protected":false},"author":1,"featured_media":1517,"parent":0,"menu_order":0,"comment_status":"closed","ping_status":"closed","template":"","meta":{"_acf_changed":false,"footnotes":""},"class_list":["post-1522","page","type-page","status-publish","has-post-thumbnail","hentry"],"acf":[],"yoast_head":"<!-- This site is optimized with the Yoast SEO plugin v26.3 - https:\/\/yoast.com\/wordpress\/plugins\/seo\/ -->\n<title>Melyik jesol\u00f3i sz\u00e1lloda k\u00edn\u00e1l teljes ell\u00e1t\u00e1st? - Hotel Toledo Jesolo<\/title>\n<meta name=\"description\" content=\"Fedezze fel a jesol\u00f3i Hotel Toled\u00f3t, ahol val\u00f3di teljes ell\u00e1t\u00e1st kap: reggeli, eb\u00e9d \u00e9s vacsora. Ide\u00e1lis pihen\u00e9s gondtalan nyaral\u00e1shoz.\" \/>\n<meta name=\"robots\" content=\"index, follow, max-snippet:-1, max-image-preview:large, max-video-preview:-1\" \/>\n<link rel=\"canonical\" href=\"https:\/\/hoteltoledo.it\/hu\/melyik-jesoloi-szalloda-kinal-teljes-ellatast\/\" \/>\n<meta property=\"og:locale\" content=\"hu_HU\" \/>\n<meta property=\"og:type\" content=\"article\" \/>\n<meta property=\"og:title\" content=\"Melyik jesol\u00f3i sz\u00e1lloda k\u00edn\u00e1l teljes ell\u00e1t\u00e1st? - Hotel Toledo Jesolo\" \/>\n<meta property=\"og:description\" content=\"Fedezze fel a jesol\u00f3i Hotel Toled\u00f3t, ahol val\u00f3di teljes ell\u00e1t\u00e1st kap: reggeli, eb\u00e9d \u00e9s vacsora. Ide\u00e1lis pihen\u00e9s gondtalan nyaral\u00e1shoz.\" \/>\n<meta property=\"og:url\" content=\"https:\/\/hoteltoledo.it\/hu\/melyik-jesoloi-szalloda-kinal-teljes-ellatast\/\" \/>\n<meta property=\"og:site_name\" content=\"Hotel Toledo Jesolo\" \/>\n<meta property=\"article:modified_time\" content=\"2025-07-08T09:03:44+00:00\" \/>\n<meta property=\"og:image\" content=\"https:\/\/hoteltoledo.it\/wp-content\/uploads\/2025\/07\/Hotel-a-Jesolo-con-pensione-completa.webp\" \/>\n\t<meta property=\"og:image:width\" content=\"1920\" \/>\n\t<meta property=\"og:image:height\" content=\"840\" \/>\n\t<meta property=\"og:image:type\" content=\"image\/webp\" \/>\n<meta name=\"twitter:card\" content=\"summary_large_image\" \/>\n<meta name=\"twitter:label1\" content=\"Becs\u00fclt olvas\u00e1si id\u0151\" \/>\n\t<meta name=\"twitter:data1\" content=\"3 perc\" \/>\n<script type=\"application\/ld+json\" class=\"yoast-schema-graph\">{\"@context\":\"https:\/\/schema.org\",\"@graph\":[{\"@type\":\"WebPage\",\"@id\":\"https:\/\/hoteltoledo.it\/hu\/melyik-jesoloi-szalloda-kinal-teljes-ellatast\/\",\"url\":\"https:\/\/hoteltoledo.it\/hu\/melyik-jesoloi-szalloda-kinal-teljes-ellatast\/\",\"name\":\"Melyik jesol\u00f3i sz\u00e1lloda k\u00edn\u00e1l teljes ell\u00e1t\u00e1st? - Hotel Toledo Jesolo\",\"isPartOf\":{\"@id\":\"https:\/\/hoteltoledo.it\/hu\/#website\"},\"primaryImageOfPage\":{\"@id\":\"https:\/\/hoteltoledo.it\/hu\/melyik-jesoloi-szalloda-kinal-teljes-ellatast\/#primaryimage\"},\"image\":{\"@id\":\"https:\/\/hoteltoledo.it\/hu\/melyik-jesoloi-szalloda-kinal-teljes-ellatast\/#primaryimage\"},\"thumbnailUrl\":\"https:\/\/hoteltoledo.it\/wp-content\/uploads\/2025\/07\/Hotel-a-Jesolo-con-pensione-completa.webp\",\"datePublished\":\"2025-07-02T09:20:42+00:00\",\"dateModified\":\"2025-07-08T09:03:44+00:00\",\"description\":\"Fedezze fel a jesol\u00f3i Hotel Toled\u00f3t, ahol val\u00f3di teljes ell\u00e1t\u00e1st kap: reggeli, eb\u00e9d \u00e9s vacsora. Ide\u00e1lis pihen\u00e9s gondtalan nyaral\u00e1shoz.\",\"breadcrumb\":{\"@id\":\"https:\/\/hoteltoledo.it\/hu\/melyik-jesoloi-szalloda-kinal-teljes-ellatast\/#breadcrumb\"},\"inLanguage\":\"hu\",\"potentialAction\":[{\"@type\":\"ReadAction\",\"target\":[\"https:\/\/hoteltoledo.it\/hu\/melyik-jesoloi-szalloda-kinal-teljes-ellatast\/\"]}]},{\"@type\":\"ImageObject\",\"inLanguage\":\"hu\",\"@id\":\"https:\/\/hoteltoledo.it\/hu\/melyik-jesoloi-szalloda-kinal-teljes-ellatast\/#primaryimage\",\"url\":\"https:\/\/hoteltoledo.it\/wp-content\/uploads\/2025\/07\/Hotel-a-Jesolo-con-pensione-completa.webp\",\"contentUrl\":\"https:\/\/hoteltoledo.it\/wp-content\/uploads\/2025\/07\/Hotel-a-Jesolo-con-pensione-completa.webp\",\"width\":1920,\"height\":840,\"caption\":\"Melyik jesol\u00f3i sz\u00e1lloda k\u00edn\u00e1l teljes ell\u00e1t\u00e1st?\"},{\"@type\":\"BreadcrumbList\",\"@id\":\"https:\/\/hoteltoledo.it\/hu\/melyik-jesoloi-szalloda-kinal-teljes-ellatast\/#breadcrumb\",\"itemListElement\":[{\"@type\":\"ListItem\",\"position\":1,\"name\":\"Home\",\"item\":\"https:\/\/hoteltoledo.it\/hu\/\"},{\"@type\":\"ListItem\",\"position\":2,\"name\":\"Melyik jesol\u00f3i sz\u00e1lloda k\u00edn\u00e1l teljes ell\u00e1t\u00e1st?\"}]},{\"@type\":\"WebSite\",\"@id\":\"https:\/\/hoteltoledo.it\/hu\/#website\",\"url\":\"https:\/\/hoteltoledo.it\/hu\/\",\"name\":\"Hotel Toledo Jesolo\",\"description\":\"\",\"publisher\":{\"@id\":\"https:\/\/hoteltoledo.it\/hu\/#organization\"},\"potentialAction\":[{\"@type\":\"SearchAction\",\"target\":{\"@type\":\"EntryPoint\",\"urlTemplate\":\"https:\/\/hoteltoledo.it\/hu\/?s={search_term_string}\"},\"query-input\":{\"@type\":\"PropertyValueSpecification\",\"valueRequired\":true,\"valueName\":\"search_term_string\"}}],\"inLanguage\":\"hu\"},{\"@type\":\"Organization\",\"@id\":\"https:\/\/hoteltoledo.it\/hu\/#organization\",\"name\":\"Hotel Toledo Jesolo\",\"url\":\"https:\/\/hoteltoledo.it\/hu\/\",\"logo\":{\"@type\":\"ImageObject\",\"inLanguage\":\"hu\",\"@id\":\"https:\/\/hoteltoledo.it\/hu\/#\/schema\/logo\/image\/\",\"url\":\"https:\/\/hoteltoledo.it\/wp-content\/uploads\/2024\/11\/Hotel_Toledo_Jesolo-e1732787787582.png\",\"contentUrl\":\"https:\/\/hoteltoledo.it\/wp-content\/uploads\/2024\/11\/Hotel_Toledo_Jesolo-e1732787787582.png\",\"width\":250,\"height\":77,\"caption\":\"Hotel Toledo Jesolo\"},\"image\":{\"@id\":\"https:\/\/hoteltoledo.it\/hu\/#\/schema\/logo\/image\/\"}}]}<\/script>\n<!-- \/ Yoast SEO plugin. -->","yoast_head_json":{"title":"Melyik jesol\u00f3i sz\u00e1lloda k\u00edn\u00e1l teljes ell\u00e1t\u00e1st? - Hotel Toledo Jesolo","description":"Fedezze fel a jesol\u00f3i Hotel Toled\u00f3t, ahol val\u00f3di teljes ell\u00e1t\u00e1st kap: reggeli, eb\u00e9d \u00e9s vacsora. Ide\u00e1lis pihen\u00e9s gondtalan nyaral\u00e1shoz.","robots":{"index":"index","follow":"follow","max-snippet":"max-snippet:-1","max-image-preview":"max-image-preview:large","max-video-preview":"max-video-preview:-1"},"canonical":"https:\/\/hoteltoledo.it\/hu\/melyik-jesoloi-szalloda-kinal-teljes-ellatast\/","og_locale":"hu_HU","og_type":"article","og_title":"Melyik jesol\u00f3i sz\u00e1lloda k\u00edn\u00e1l teljes ell\u00e1t\u00e1st? - Hotel Toledo Jesolo","og_description":"Fedezze fel a jesol\u00f3i Hotel Toled\u00f3t, ahol val\u00f3di teljes ell\u00e1t\u00e1st kap: reggeli, eb\u00e9d \u00e9s vacsora. Ide\u00e1lis pihen\u00e9s gondtalan nyaral\u00e1shoz.","og_url":"https:\/\/hoteltoledo.it\/hu\/melyik-jesoloi-szalloda-kinal-teljes-ellatast\/","og_site_name":"Hotel Toledo Jesolo","article_modified_time":"2025-07-08T09:03:44+00:00","og_image":[{"width":1920,"height":840,"url":"https:\/\/hoteltoledo.it\/wp-content\/uploads\/2025\/07\/Hotel-a-Jesolo-con-pensione-completa.webp","type":"image\/webp"}],"twitter_card":"summary_large_image","twitter_misc":{"Becs\u00fclt olvas\u00e1si id\u0151":"3 perc"},"schema":{"@context":"https:\/\/schema.org","@graph":[{"@type":"WebPage","@id":"https:\/\/hoteltoledo.it\/hu\/melyik-jesoloi-szalloda-kinal-teljes-ellatast\/","url":"https:\/\/hoteltoledo.it\/hu\/melyik-jesoloi-szalloda-kinal-teljes-ellatast\/","name":"Melyik jesol\u00f3i sz\u00e1lloda k\u00edn\u00e1l teljes ell\u00e1t\u00e1st? - Hotel Toledo Jesolo","isPartOf":{"@id":"https:\/\/hoteltoledo.it\/hu\/#website"},"primaryImageOfPage":{"@id":"https:\/\/hoteltoledo.it\/hu\/melyik-jesoloi-szalloda-kinal-teljes-ellatast\/#primaryimage"},"image":{"@id":"https:\/\/hoteltoledo.it\/hu\/melyik-jesoloi-szalloda-kinal-teljes-ellatast\/#primaryimage"},"thumbnailUrl":"https:\/\/hoteltoledo.it\/wp-content\/uploads\/2025\/07\/Hotel-a-Jesolo-con-pensione-completa.webp","datePublished":"2025-07-02T09:20:42+00:00","dateModified":"2025-07-08T09:03:44+00:00","description":"Fedezze fel a jesol\u00f3i Hotel Toled\u00f3t, ahol val\u00f3di teljes ell\u00e1t\u00e1st kap: reggeli, eb\u00e9d \u00e9s vacsora. Ide\u00e1lis pihen\u00e9s gondtalan nyaral\u00e1shoz.","breadcrumb":{"@id":"https:\/\/hoteltoledo.it\/hu\/melyik-jesoloi-szalloda-kinal-teljes-ellatast\/#breadcrumb"},"inLanguage":"hu","potentialAction":[{"@type":"ReadAction","target":["https:\/\/hoteltoledo.it\/hu\/melyik-jesoloi-szalloda-kinal-teljes-ellatast\/"]}]},{"@type":"ImageObject","inLanguage":"hu","@id":"https:\/\/hoteltoledo.it\/hu\/melyik-jesoloi-szalloda-kinal-teljes-ellatast\/#primaryimage","url":"https:\/\/hoteltoledo.it\/wp-content\/uploads\/2025\/07\/Hotel-a-Jesolo-con-pensione-completa.webp","contentUrl":"https:\/\/hoteltoledo.it\/wp-content\/uploads\/2025\/07\/Hotel-a-Jesolo-con-pensione-completa.webp","width":1920,"height":840,"caption":"Melyik jesol\u00f3i sz\u00e1lloda k\u00edn\u00e1l teljes ell\u00e1t\u00e1st?"},{"@type":"BreadcrumbList","@id":"https:\/\/hoteltoledo.it\/hu\/melyik-jesoloi-szalloda-kinal-teljes-ellatast\/#breadcrumb","itemListElement":[{"@type":"ListItem","position":1,"name":"Home","item":"https:\/\/hoteltoledo.it\/hu\/"},{"@type":"ListItem","position":2,"name":"Melyik jesol\u00f3i sz\u00e1lloda k\u00edn\u00e1l teljes ell\u00e1t\u00e1st?"}]},{"@type":"WebSite","@id":"https:\/\/hoteltoledo.it\/hu\/#website","url":"https:\/\/hoteltoledo.it\/hu\/","name":"Hotel Toledo Jesolo","description":"","publisher":{"@id":"https:\/\/hoteltoledo.it\/hu\/#organization"},"potentialAction":[{"@type":"SearchAction","target":{"@type":"EntryPoint","urlTemplate":"https:\/\/hoteltoledo.it\/hu\/?s={search_term_string}"},"query-input":{"@type":"PropertyValueSpecification","valueRequired":true,"valueName":"search_term_string"}}],"inLanguage":"hu"},{"@type":"Organization","@id":"https:\/\/hoteltoledo.it\/hu\/#organization","name":"Hotel Toledo Jesolo","url":"https:\/\/hoteltoledo.it\/hu\/","logo":{"@type":"ImageObject","inLanguage":"hu","@id":"https:\/\/hoteltoledo.it\/hu\/#\/schema\/logo\/image\/","url":"https:\/\/hoteltoledo.it\/wp-content\/uploads\/2024\/11\/Hotel_Toledo_Jesolo-e1732787787582.png","contentUrl":"https:\/\/hoteltoledo.it\/wp-content\/uploads\/2024\/11\/Hotel_Toledo_Jesolo-e1732787787582.png","width":250,"height":77,"caption":"Hotel Toledo Jesolo"},"image":{"@id":"https:\/\/hoteltoledo.it\/hu\/#\/schema\/logo\/image\/"}}]}},"_links":{"self":[{"href":"https:\/\/hoteltoledo.it\/hu\/wp-json\/wp\/v2\/pages\/1522","targetHints":{"allow":["GET"]}}],"collection":[{"href":"https:\/\/hoteltoledo.it\/hu\/wp-json\/wp\/v2\/pages"}],"about":[{"href":"https:\/\/hoteltoledo.it\/hu\/wp-json\/wp\/v2\/types\/page"}],"author":[{"embeddable":true,"href":"https:\/\/hoteltoledo.it\/hu\/wp-json\/wp\/v2\/users\/1"}],"replies":[{"embeddable":true,"href":"https:\/\/hoteltoledo.it\/hu\/wp-json\/wp\/v2\/comments?post=1522"}],"version-history":[{"count":4,"href":"https:\/\/hoteltoledo.it\/hu\/wp-json\/wp\/v2\/pages\/1522\/revisions"}],"predecessor-version":[{"id":2018,"href":"https:\/\/hoteltoledo.it\/hu\/wp-json\/wp\/v2\/pages\/1522\/revisions\/2018"}],"wp:featuredmedia":[{"embeddable":true,"href":"https:\/\/hoteltoledo.it\/hu\/wp-json\/wp\/v2\/media\/1517"}],"wp:attachment":[{"href":"https:\/\/hoteltoledo.it\/hu\/wp-json\/wp\/v2\/media?parent=1522"}],"curies":[{"name":"wp","href":"https:\/\/api.w.org\/{rel}","templated":true}]}}