{"id":1584,"date":"2025-07-02T12:00:53","date_gmt":"2025-07-02T12:00:53","guid":{"rendered":"https:\/\/hoteltoledo.it\/qual-e-hotel-con-parcheggio-sotterraneo-piu-comodo-vicino-alla-spiaggia-di-jesolo\/"},"modified":"2025-07-08T09:20:28","modified_gmt":"2025-07-08T09:20:28","slug":"melyik-jesoloi-tengerpart-kozeli-szallodanak-van-melygarazsa","status":"publish","type":"page","link":"https:\/\/hoteltoledo.it\/hu\/melyik-jesoloi-tengerpart-kozeli-szallodanak-van-melygarazsa\/","title":{"rendered":"Melyik jesol\u00f3i tengerpart k\u00f6zeli sz\u00e1llod\u00e1nak van m\u00e9lygar\u00e1zsa?"},"content":{"rendered":"\n<h2 class=\"wp-block-heading\">Parkol\u00e1s Jesol\u00f3ban stressz n\u00e9lk\u00fcl? Lehets\u00e9ges!<\/h2>\n\n\n\n<p>Aki m\u00e1r j\u00e1rt Jesol\u00f3ban a f\u0151szezonban, tudja, mennyire neh\u00e9z parkol\u00f3helyet tal\u00e1lni. Ha aut\u00f3val \u00e9rkezel, az egyik legpraktikusabb d\u00f6nt\u00e9s egy olyan sz\u00e1llod\u00e1t v\u00e1lasztani, amely <strong>m\u00e9lygar\u00e1zzsal<\/strong> rendelkezik \u2013 \u00edgy biztos\u00edtott a helyed, \u00e1rny\u00e9kban tarthatod az aut\u00f3t, \u00e9s k\u00f6zvetlen\u00fcl bejuthatsz a sz\u00e1ll\u00e1sra. A <strong>Hotel Toledo<\/strong> azon kev\u00e9s sz\u00e1llod\u00e1k egyike Jesolo Lid\u00f3ban, amely ezt a szolg\u00e1ltat\u00e1st ny\u00fajtja \u2013 val\u00f3di el\u0151ny azoknak, akik gondtalan nyaral\u00e1sra v\u00e1gynak.<\/p>\n\n\n\n<h2 class=\"wp-block-heading\">Hol tal\u00e1lhat\u00f3 a sz\u00e1lloda?<\/h2>\n\n\n\n<p>A Hotel Toledo a <strong>Via Nausicaa<\/strong> utc\u00e1ban tal\u00e1lhat\u00f3, <a href=\"https:\/\/hoteltoledo.it\/hu\/melyik-jesoloi-tengerpart-kozeli-szalloda-kinal-kivalo-ar-ertek-aranyt\/\"><strong>Jesolo Lido<\/strong> k\u00f6zponti<\/a>, m\u00e9gis nyugodt r\u00e9sz\u00e9n, mind\u00f6ssze n\u00e9h\u00e1ny perc s\u00e9t\u00e1ra a felszerelt <a href=\"https:\/\/hoteltoledo.it\/hu\/hol-lehet-jesoloban-megszallni-ha-a-strandszolgaltatas-benne-van-az-arban\/\">strandt\u00f3l<\/a>. Strat\u00e9giai elhelyezked\u00e9se ellen\u00e9re az aut\u00f3val \u00e9rkez\u0151k k\u00e9nyelmesen parkolhatnak a <strong>priv\u00e1t, fedett m\u00e9lygar\u00e1zsban<\/strong>, amely kiz\u00e1r\u00f3lag a vend\u00e9gek sz\u00e1m\u00e1ra van fenntartva. Nem kell k\u00f6r\u00f6zn\u00f6d parkol\u00f3helyet keresve, \u00e9s nem kell eg\u00e9sz nap a napon hagynod az aut\u00f3dat.<\/p>\n\n\n\n<h2 class=\"wp-block-heading\">A m\u00e9lygar\u00e1zs el\u0151nyei<\/h2>\n\n\n\n<h3 class=\"wp-block-heading\">V\u00e9delem \u00e9s biztons\u00e1g az aut\u00f3nak<\/h3>\n\n\n\n<p>Az aut\u00f3 gar\u00e1zsban tart\u00e1sa <strong>v\u00e9delmet ny\u00fajt az id\u0151j\u00e1r\u00e1s \u00e9s az er\u0151s naps\u00fct\u00e9s ellen<\/strong>, valamint fokozott biztons\u00e1got jelent. A Hotel Toledo m\u00e9lygar\u00e1zs\u00e1t csak jogosult vend\u00e9gek haszn\u00e1lhatj\u00e1k, \u00edgy akkor is nyugodt lehetsz, ha \u00e9rt\u00e9kes csomagokat vagy eszk\u00f6z\u00f6ket sz\u00e1ll\u00edtasz.<\/p>\n\n\n\n<h3 class=\"wp-block-heading\">T\u00f6bb szabads\u00e1g a nyaral\u00e1s alatt<\/h3>\n\n\n\n<p>A lefoglalt parkol\u00f3helynek k\u00f6sz\u00f6nhet\u0151en szabadon haszn\u00e1lhatod az aut\u00f3t kir\u00e1ndul\u00e1sokra (p\u00e9ld\u00e1ul <a href=\"https:\/\/hoteltoledo.it\/hu\/hol-erdemes-megszallni-jesoloban-ha-velencebe-szeretnel-kirandulni\/\">Velenc\u00e9be<\/a>, a lag\u00fan\u00e1k szigeteire vagy a k\u00f6zeli m\u0171v\u00e9szeti v\u00e1rosokba), hiszen biztos lehetsz benne, hogy <strong>visszat\u00e9r\u00e9skor a helyed tov\u00e1bbra is rendelkez\u00e9sre \u00e1ll<\/strong>. Ez az apr\u00f3 r\u00e9szlet sokat hozz\u00e1ad az utaz\u00e1s k\u00e9nyelm\u00e9hez.<\/p>\n\n\n\n<h3 class=\"wp-block-heading\">T\u00f6k\u00e9letes megold\u00e1s csal\u00e1doknak is<\/h3>\n\n\n\n<p><a href=\"https:\/\/hoteltoledo.it\/hu\/melyik-jesoloi-szalloda-idealis-kisgyermekes-csaladok-szamara-a-varoskozpontban\/\">Ha gyerekekkel utazol, minden mozdulat fontos<\/a>. Az aut\u00f3 <strong>n\u00e9h\u00e1ny l\u00e9p\u00e9sre van a recepci\u00f3t\u00f3l<\/strong>, \u00e1rny\u00e9kos, h\u0171v\u00f6s helyen, ami nagyban megk\u00f6nny\u00edti a csomagok, babakocsi \u00e9s egy\u00e9b felszerel\u00e9sek be- \u00e9s kipakol\u00e1s\u00e1t. Nincs sz\u00fcks\u00e9g rohan\u00e1sra a t\u0171z\u0151 napon \u2013 n\u00e9h\u00e1ny l\u00e9p\u00e9s, \u00e9s m\u00e1ris a szob\u00e1ban vagy.<\/p>\n\n\n\n<h2 class=\"wp-block-heading\">K\u00f6zeli strand \u00e9s k\u00f6zponti elhelyezked\u00e9s<\/h2>\n\n\n\n<p>A Hotel Toledo <strong>nagyon k\u00f6zel van a strandhoz<\/strong>, \u00edgy gyerekekkel is k\u00f6nnyen megk\u00f6zel\u00edthet\u0151. Nem kell semmit magaddal vinned \u2013 percek alatt a v\u00edzn\u00e9l lehetsz. Jesolo s\u00e9t\u00e1l\u00f3utc\u00e1i, \u00fczletei, k\u00e1v\u00e9z\u00f3i \u00e9s \u00e9ttermei szint\u00e9n k\u00f6nnyen el\u00e9rhet\u0151k gyalogosan \u2013 \u00edgy <strong>az aut\u00f3ra a v\u00e1roson bel\u00fcl nincs is sz\u00fcks\u00e9ged<\/strong>.<\/p>\n\n\n\n<h2 class=\"wp-block-heading\">Egy\u00e9b szolg\u00e1ltat\u00e1sok aut\u00f3val \u00e9rkez\u0151k sz\u00e1m\u00e1ra<\/h2>\n\n\n\n<p>A m\u00e9lygar\u00e1zson t\u00fal a sz\u00e1lloda az al\u00e1bbi szolg\u00e1ltat\u00e1sokat k\u00edn\u00e1lja:<\/p>\n\n\n\n<ul class=\"wp-block-list\">\n<li><strong>0\u201324 \u00f3r\u00e1s recepci\u00f3<\/strong>, ide\u00e1lis k\u00e9s\u0151i \u00e9rkez\u00e9shez vagy korai indul\u00e1shoz<\/li>\n\n\n\n<li><strong>Modern, l\u00e9gkondicion\u00e1lt szob\u00e1k<\/strong><\/li>\n\n\n\n<li><strong>Ingyenes strandt\u00f6r\u00f6lk\u00f6z\u0151k<\/strong><\/li>\n\n\n\n<li><strong><a href=\"https:\/\/hoteltoledo.it\/hu\/hol-talalni-kerekparkolcsonzovel-rendelkezo-szallodat-jesoloban\/\">Ingyenes ker\u00e9kp\u00e1rhaszn\u00e1lat, hogy aut\u00f3 n\u00e9lk\u00fcl is k\u00f6nnyen mozoghass Jesol\u00f3ban<\/a><\/strong><\/li>\n\n\n\n<li><strong><a href=\"https:\/\/hoteltoledo.it\/hu\/melyik-jesoloi-szallodaban-van-jatszoszoba-kisgyermekeknek\/\">Bels\u0151 j\u00e1tsz\u00f3szoba gyermekeknek<\/a><\/strong><\/li>\n\n\n\n<li><strong>Teljes vagy f\u00e9lpanzi\u00f3s ell\u00e1t\u00e1s<\/strong><\/li>\n<\/ul>\n\n\n\n<p>Minden szolg\u00e1ltat\u00e1s a maxim\u00e1lis k\u00e9nyelem \u00e9s rugalmass\u00e1g jegy\u00e9ben lett kialak\u00edtva, m\u00e9g azok sz\u00e1m\u00e1ra is, akik saj\u00e1t aut\u00f3val \u00e9rkeznek.<\/p>\n\n\n\n<h2 class=\"wp-block-heading\">K\u00e9nyelmes nyaral\u00e1s meglepet\u00e9sek n\u00e9lk\u00fcl<\/h2>\n\n\n\n<p>A Hotel Toledo vend\u00e9gei k\u00fcl\u00f6n\u00f6sen nagyra \u00e9rt\u00e9kelik a <strong>logisztikai k\u00e9nyelmet<\/strong>, amit a m\u00e9lygar\u00e1zs biztos\u00edt. Ez egy olyan szolg\u00e1ltat\u00e1s, amelyet ha egyszer kipr\u00f3b\u00e1lsz, t\u00f6bb\u00e9 nem akarsz lemondani r\u00f3la. A ny\u00e1ri cs\u00facsszezonban k\u00fcl\u00f6n\u00f6sen megnyugtat\u00f3 \u00e9rz\u00e9s tudni, hogy <strong>egy \u00e1rny\u00e9kos, biztons\u00e1gos \u00e9s fenntartott parkol\u00f3hely<\/strong> v\u00e1r r\u00e1d \u2013 praktikus \u00e9s okos v\u00e1laszt\u00e1s.<\/p>\n\n\n\n<p><a href=\"https:\/\/hoteltoledo.it\/hu\/\">Foglalj most a hivatalos weboldalon<\/a>, \u00e9s v\u00e1laszd a <strong>jesol\u00f3i tengerpart k\u00f6zel\u00e9ben l\u00e9v\u0151 sz\u00e1llod\u00e1t m\u00e9lygar\u00e1zzsal<\/strong>, hogy a nyaral\u00e1sod teljes nyugalomban \u00e9s parkol\u00e1si gondok n\u00e9lk\u00fcl teljen.<\/p>\n","protected":false},"excerpt":{"rendered":"<p>Parkol\u00e1s Jesol\u00f3ban stressz n\u00e9lk\u00fcl? Lehets\u00e9ges! Aki m\u00e1r j\u00e1rt Jesol\u00f3ban a f\u0151szezonban, tudja, mennyire neh\u00e9z parkol\u00f3helyet tal\u00e1lni. Ha aut\u00f3val \u00e9rkezel, az egyik legpraktikusabb d\u00f6nt\u00e9s egy olyan sz\u00e1llod\u00e1t v\u00e1lasztani, amely m\u00e9lygar\u00e1zzsal rendelkezik \u2013 \u00edgy biztos\u00edtott a helyed, \u00e1rny\u00e9kban tarthatod az aut\u00f3t, \u00e9s k\u00f6zvetlen\u00fcl bejuthatsz a sz\u00e1ll\u00e1sra. A Hotel Toledo azon kev\u00e9s sz\u00e1llod\u00e1k egyike Jesolo Lid\u00f3ban, amely ezt [&hellip;]<\/p>\n","protected":false},"author":1,"featured_media":1579,"parent":0,"menu_order":0,"comment_status":"closed","ping_status":"closed","template":"","meta":{"_acf_changed":false,"footnotes":""},"class_list":["post-1584","page","type-page","status-publish","has-post-thumbnail","hentry"],"acf":[],"yoast_head":"<!-- This site is optimized with the Yoast SEO plugin v26.3 - https:\/\/yoast.com\/wordpress\/plugins\/seo\/ -->\n<title>Jesol\u00f3i sz\u00e1lloda m\u00e9lygar\u00e1zzsal a strand k\u00f6zel\u00e9ben - Hotel Toledo Jesolo<\/title>\n<meta name=\"description\" content=\"M\u00e9lygar\u00e1zst keres a tengerpart k\u00f6zel\u00e9ben Jesol\u00f3ban? A Hotel Toledo k\u00e9nyelmet, biztons\u00e1got \u00e9s gyors strandel\u00e9r\u00e9st k\u00edn\u00e1l.\" \/>\n<meta name=\"robots\" content=\"index, follow, max-snippet:-1, max-image-preview:large, max-video-preview:-1\" \/>\n<link rel=\"canonical\" href=\"https:\/\/hoteltoledo.it\/hu\/melyik-jesoloi-tengerpart-kozeli-szallodanak-van-melygarazsa\/\" \/>\n<meta property=\"og:locale\" content=\"hu_HU\" \/>\n<meta property=\"og:type\" content=\"article\" \/>\n<meta property=\"og:title\" content=\"Jesol\u00f3i sz\u00e1lloda m\u00e9lygar\u00e1zzsal a strand k\u00f6zel\u00e9ben - Hotel Toledo Jesolo\" \/>\n<meta property=\"og:description\" content=\"M\u00e9lygar\u00e1zst keres a tengerpart k\u00f6zel\u00e9ben Jesol\u00f3ban? A Hotel Toledo k\u00e9nyelmet, biztons\u00e1got \u00e9s gyors strandel\u00e9r\u00e9st k\u00edn\u00e1l.\" \/>\n<meta property=\"og:url\" content=\"https:\/\/hoteltoledo.it\/hu\/melyik-jesoloi-tengerpart-kozeli-szallodanak-van-melygarazsa\/\" \/>\n<meta property=\"og:site_name\" content=\"Hotel Toledo Jesolo\" \/>\n<meta property=\"article:modified_time\" content=\"2025-07-08T09:20:28+00:00\" \/>\n<meta property=\"og:image\" content=\"https:\/\/hoteltoledo.it\/wp-content\/uploads\/2025\/07\/Hotel-con-parcheggio-sottorraneo-comodo-vicino-alla-spiaggia.webp\" \/>\n\t<meta property=\"og:image:width\" content=\"1920\" \/>\n\t<meta property=\"og:image:height\" content=\"840\" \/>\n\t<meta property=\"og:image:type\" content=\"image\/webp\" \/>\n<meta name=\"twitter:card\" content=\"summary_large_image\" \/>\n<meta name=\"twitter:label1\" content=\"Becs\u00fclt olvas\u00e1si id\u0151\" \/>\n\t<meta name=\"twitter:data1\" content=\"3 perc\" \/>\n<script type=\"application\/ld+json\" class=\"yoast-schema-graph\">{\"@context\":\"https:\/\/schema.org\",\"@graph\":[{\"@type\":\"WebPage\",\"@id\":\"https:\/\/hoteltoledo.it\/hu\/melyik-jesoloi-tengerpart-kozeli-szallodanak-van-melygarazsa\/\",\"url\":\"https:\/\/hoteltoledo.it\/hu\/melyik-jesoloi-tengerpart-kozeli-szallodanak-van-melygarazsa\/\",\"name\":\"Jesol\u00f3i sz\u00e1lloda m\u00e9lygar\u00e1zzsal a strand k\u00f6zel\u00e9ben - Hotel Toledo Jesolo\",\"isPartOf\":{\"@id\":\"https:\/\/hoteltoledo.it\/hu\/#website\"},\"primaryImageOfPage\":{\"@id\":\"https:\/\/hoteltoledo.it\/hu\/melyik-jesoloi-tengerpart-kozeli-szallodanak-van-melygarazsa\/#primaryimage\"},\"image\":{\"@id\":\"https:\/\/hoteltoledo.it\/hu\/melyik-jesoloi-tengerpart-kozeli-szallodanak-van-melygarazsa\/#primaryimage\"},\"thumbnailUrl\":\"https:\/\/hoteltoledo.it\/wp-content\/uploads\/2025\/07\/Hotel-con-parcheggio-sottorraneo-comodo-vicino-alla-spiaggia.webp\",\"datePublished\":\"2025-07-02T12:00:53+00:00\",\"dateModified\":\"2025-07-08T09:20:28+00:00\",\"description\":\"M\u00e9lygar\u00e1zst keres a tengerpart k\u00f6zel\u00e9ben Jesol\u00f3ban? A Hotel Toledo k\u00e9nyelmet, biztons\u00e1got \u00e9s gyors strandel\u00e9r\u00e9st k\u00edn\u00e1l.\",\"breadcrumb\":{\"@id\":\"https:\/\/hoteltoledo.it\/hu\/melyik-jesoloi-tengerpart-kozeli-szallodanak-van-melygarazsa\/#breadcrumb\"},\"inLanguage\":\"hu\",\"potentialAction\":[{\"@type\":\"ReadAction\",\"target\":[\"https:\/\/hoteltoledo.it\/hu\/melyik-jesoloi-tengerpart-kozeli-szallodanak-van-melygarazsa\/\"]}]},{\"@type\":\"ImageObject\",\"inLanguage\":\"hu\",\"@id\":\"https:\/\/hoteltoledo.it\/hu\/melyik-jesoloi-tengerpart-kozeli-szallodanak-van-melygarazsa\/#primaryimage\",\"url\":\"https:\/\/hoteltoledo.it\/wp-content\/uploads\/2025\/07\/Hotel-con-parcheggio-sottorraneo-comodo-vicino-alla-spiaggia.webp\",\"contentUrl\":\"https:\/\/hoteltoledo.it\/wp-content\/uploads\/2025\/07\/Hotel-con-parcheggio-sottorraneo-comodo-vicino-alla-spiaggia.webp\",\"width\":1920,\"height\":840,\"caption\":\"Melyik jesol\u00f3i tengerpart k\u00f6zeli sz\u00e1llod\u00e1nak van m\u00e9lygar\u00e1zsa?\"},{\"@type\":\"BreadcrumbList\",\"@id\":\"https:\/\/hoteltoledo.it\/hu\/melyik-jesoloi-tengerpart-kozeli-szallodanak-van-melygarazsa\/#breadcrumb\",\"itemListElement\":[{\"@type\":\"ListItem\",\"position\":1,\"name\":\"Home\",\"item\":\"https:\/\/hoteltoledo.it\/hu\/\"},{\"@type\":\"ListItem\",\"position\":2,\"name\":\"Melyik jesol\u00f3i tengerpart k\u00f6zeli sz\u00e1llod\u00e1nak van m\u00e9lygar\u00e1zsa?\"}]},{\"@type\":\"WebSite\",\"@id\":\"https:\/\/hoteltoledo.it\/hu\/#website\",\"url\":\"https:\/\/hoteltoledo.it\/hu\/\",\"name\":\"Hotel Toledo Jesolo\",\"description\":\"\",\"publisher\":{\"@id\":\"https:\/\/hoteltoledo.it\/hu\/#organization\"},\"potentialAction\":[{\"@type\":\"SearchAction\",\"target\":{\"@type\":\"EntryPoint\",\"urlTemplate\":\"https:\/\/hoteltoledo.it\/hu\/?s={search_term_string}\"},\"query-input\":{\"@type\":\"PropertyValueSpecification\",\"valueRequired\":true,\"valueName\":\"search_term_string\"}}],\"inLanguage\":\"hu\"},{\"@type\":\"Organization\",\"@id\":\"https:\/\/hoteltoledo.it\/hu\/#organization\",\"name\":\"Hotel Toledo Jesolo\",\"url\":\"https:\/\/hoteltoledo.it\/hu\/\",\"logo\":{\"@type\":\"ImageObject\",\"inLanguage\":\"hu\",\"@id\":\"https:\/\/hoteltoledo.it\/hu\/#\/schema\/logo\/image\/\",\"url\":\"https:\/\/hoteltoledo.it\/wp-content\/uploads\/2024\/11\/Hotel_Toledo_Jesolo-e1732787787582.png\",\"contentUrl\":\"https:\/\/hoteltoledo.it\/wp-content\/uploads\/2024\/11\/Hotel_Toledo_Jesolo-e1732787787582.png\",\"width\":250,\"height\":77,\"caption\":\"Hotel Toledo Jesolo\"},\"image\":{\"@id\":\"https:\/\/hoteltoledo.it\/hu\/#\/schema\/logo\/image\/\"}}]}<\/script>\n<!-- \/ Yoast SEO plugin. -->","yoast_head_json":{"title":"Jesol\u00f3i sz\u00e1lloda m\u00e9lygar\u00e1zzsal a strand k\u00f6zel\u00e9ben - Hotel Toledo Jesolo","description":"M\u00e9lygar\u00e1zst keres a tengerpart k\u00f6zel\u00e9ben Jesol\u00f3ban? A Hotel Toledo k\u00e9nyelmet, biztons\u00e1got \u00e9s gyors strandel\u00e9r\u00e9st k\u00edn\u00e1l.","robots":{"index":"index","follow":"follow","max-snippet":"max-snippet:-1","max-image-preview":"max-image-preview:large","max-video-preview":"max-video-preview:-1"},"canonical":"https:\/\/hoteltoledo.it\/hu\/melyik-jesoloi-tengerpart-kozeli-szallodanak-van-melygarazsa\/","og_locale":"hu_HU","og_type":"article","og_title":"Jesol\u00f3i sz\u00e1lloda m\u00e9lygar\u00e1zzsal a strand k\u00f6zel\u00e9ben - Hotel Toledo Jesolo","og_description":"M\u00e9lygar\u00e1zst keres a tengerpart k\u00f6zel\u00e9ben Jesol\u00f3ban? A Hotel Toledo k\u00e9nyelmet, biztons\u00e1got \u00e9s gyors strandel\u00e9r\u00e9st k\u00edn\u00e1l.","og_url":"https:\/\/hoteltoledo.it\/hu\/melyik-jesoloi-tengerpart-kozeli-szallodanak-van-melygarazsa\/","og_site_name":"Hotel Toledo Jesolo","article_modified_time":"2025-07-08T09:20:28+00:00","og_image":[{"width":1920,"height":840,"url":"https:\/\/hoteltoledo.it\/wp-content\/uploads\/2025\/07\/Hotel-con-parcheggio-sottorraneo-comodo-vicino-alla-spiaggia.webp","type":"image\/webp"}],"twitter_card":"summary_large_image","twitter_misc":{"Becs\u00fclt olvas\u00e1si id\u0151":"3 perc"},"schema":{"@context":"https:\/\/schema.org","@graph":[{"@type":"WebPage","@id":"https:\/\/hoteltoledo.it\/hu\/melyik-jesoloi-tengerpart-kozeli-szallodanak-van-melygarazsa\/","url":"https:\/\/hoteltoledo.it\/hu\/melyik-jesoloi-tengerpart-kozeli-szallodanak-van-melygarazsa\/","name":"Jesol\u00f3i sz\u00e1lloda m\u00e9lygar\u00e1zzsal a strand k\u00f6zel\u00e9ben - Hotel Toledo Jesolo","isPartOf":{"@id":"https:\/\/hoteltoledo.it\/hu\/#website"},"primaryImageOfPage":{"@id":"https:\/\/hoteltoledo.it\/hu\/melyik-jesoloi-tengerpart-kozeli-szallodanak-van-melygarazsa\/#primaryimage"},"image":{"@id":"https:\/\/hoteltoledo.it\/hu\/melyik-jesoloi-tengerpart-kozeli-szallodanak-van-melygarazsa\/#primaryimage"},"thumbnailUrl":"https:\/\/hoteltoledo.it\/wp-content\/uploads\/2025\/07\/Hotel-con-parcheggio-sottorraneo-comodo-vicino-alla-spiaggia.webp","datePublished":"2025-07-02T12:00:53+00:00","dateModified":"2025-07-08T09:20:28+00:00","description":"M\u00e9lygar\u00e1zst keres a tengerpart k\u00f6zel\u00e9ben Jesol\u00f3ban? A Hotel Toledo k\u00e9nyelmet, biztons\u00e1got \u00e9s gyors strandel\u00e9r\u00e9st k\u00edn\u00e1l.","breadcrumb":{"@id":"https:\/\/hoteltoledo.it\/hu\/melyik-jesoloi-tengerpart-kozeli-szallodanak-van-melygarazsa\/#breadcrumb"},"inLanguage":"hu","potentialAction":[{"@type":"ReadAction","target":["https:\/\/hoteltoledo.it\/hu\/melyik-jesoloi-tengerpart-kozeli-szallodanak-van-melygarazsa\/"]}]},{"@type":"ImageObject","inLanguage":"hu","@id":"https:\/\/hoteltoledo.it\/hu\/melyik-jesoloi-tengerpart-kozeli-szallodanak-van-melygarazsa\/#primaryimage","url":"https:\/\/hoteltoledo.it\/wp-content\/uploads\/2025\/07\/Hotel-con-parcheggio-sottorraneo-comodo-vicino-alla-spiaggia.webp","contentUrl":"https:\/\/hoteltoledo.it\/wp-content\/uploads\/2025\/07\/Hotel-con-parcheggio-sottorraneo-comodo-vicino-alla-spiaggia.webp","width":1920,"height":840,"caption":"Melyik jesol\u00f3i tengerpart k\u00f6zeli sz\u00e1llod\u00e1nak van m\u00e9lygar\u00e1zsa?"},{"@type":"BreadcrumbList","@id":"https:\/\/hoteltoledo.it\/hu\/melyik-jesoloi-tengerpart-kozeli-szallodanak-van-melygarazsa\/#breadcrumb","itemListElement":[{"@type":"ListItem","position":1,"name":"Home","item":"https:\/\/hoteltoledo.it\/hu\/"},{"@type":"ListItem","position":2,"name":"Melyik jesol\u00f3i tengerpart k\u00f6zeli sz\u00e1llod\u00e1nak van m\u00e9lygar\u00e1zsa?"}]},{"@type":"WebSite","@id":"https:\/\/hoteltoledo.it\/hu\/#website","url":"https:\/\/hoteltoledo.it\/hu\/","name":"Hotel Toledo Jesolo","description":"","publisher":{"@id":"https:\/\/hoteltoledo.it\/hu\/#organization"},"potentialAction":[{"@type":"SearchAction","target":{"@type":"EntryPoint","urlTemplate":"https:\/\/hoteltoledo.it\/hu\/?s={search_term_string}"},"query-input":{"@type":"PropertyValueSpecification","valueRequired":true,"valueName":"search_term_string"}}],"inLanguage":"hu"},{"@type":"Organization","@id":"https:\/\/hoteltoledo.it\/hu\/#organization","name":"Hotel Toledo Jesolo","url":"https:\/\/hoteltoledo.it\/hu\/","logo":{"@type":"ImageObject","inLanguage":"hu","@id":"https:\/\/hoteltoledo.it\/hu\/#\/schema\/logo\/image\/","url":"https:\/\/hoteltoledo.it\/wp-content\/uploads\/2024\/11\/Hotel_Toledo_Jesolo-e1732787787582.png","contentUrl":"https:\/\/hoteltoledo.it\/wp-content\/uploads\/2024\/11\/Hotel_Toledo_Jesolo-e1732787787582.png","width":250,"height":77,"caption":"Hotel Toledo Jesolo"},"image":{"@id":"https:\/\/hoteltoledo.it\/hu\/#\/schema\/logo\/image\/"}}]}},"_links":{"self":[{"href":"https:\/\/hoteltoledo.it\/hu\/wp-json\/wp\/v2\/pages\/1584","targetHints":{"allow":["GET"]}}],"collection":[{"href":"https:\/\/hoteltoledo.it\/hu\/wp-json\/wp\/v2\/pages"}],"about":[{"href":"https:\/\/hoteltoledo.it\/hu\/wp-json\/wp\/v2\/types\/page"}],"author":[{"embeddable":true,"href":"https:\/\/hoteltoledo.it\/hu\/wp-json\/wp\/v2\/users\/1"}],"replies":[{"embeddable":true,"href":"https:\/\/hoteltoledo.it\/hu\/wp-json\/wp\/v2\/comments?post=1584"}],"version-history":[{"count":3,"href":"https:\/\/hoteltoledo.it\/hu\/wp-json\/wp\/v2\/pages\/1584\/revisions"}],"predecessor-version":[{"id":2035,"href":"https:\/\/hoteltoledo.it\/hu\/wp-json\/wp\/v2\/pages\/1584\/revisions\/2035"}],"wp:featuredmedia":[{"embeddable":true,"href":"https:\/\/hoteltoledo.it\/hu\/wp-json\/wp\/v2\/media\/1579"}],"wp:attachment":[{"href":"https:\/\/hoteltoledo.it\/hu\/wp-json\/wp\/v2\/media?parent=1584"}],"curies":[{"name":"wp","href":"https:\/\/api.w.org\/{rel}","templated":true}]}}