{"id":1607,"date":"2025-07-02T12:30:55","date_gmt":"2025-07-02T12:30:55","guid":{"rendered":"https:\/\/hoteltoledo.it\/qual-e-un-hotel-a-jesolo-vicino-alla-spiaggia-con-ottimo-rapporto-qualita-prezzo\/"},"modified":"2025-07-08T09:27:01","modified_gmt":"2025-07-08T09:27:01","slug":"melyik-jesoloi-tengerpart-kozeli-szalloda-kinal-kivalo-ar-ertek-aranyt","status":"publish","type":"page","link":"https:\/\/hoteltoledo.it\/hu\/melyik-jesoloi-tengerpart-kozeli-szalloda-kinal-kivalo-ar-ertek-aranyt\/","title":{"rendered":"Melyik jesol\u00f3i tengerpart k\u00f6zeli sz\u00e1lloda k\u00edn\u00e1l kiv\u00e1l\u00f3 \u00e1r-\u00e9rt\u00e9k ar\u00e1nyt?"},"content":{"rendered":"\n<h2 class=\"wp-block-heading\">T\u00f6k\u00e9letes elhelyezked\u00e9s, a tengerparti \u00e1rak n\u00e9lk\u00fcl<\/h2>\n\n\n\n<p>Sokan szeretn\u00e9nek <strong>a tengerparthoz k\u00f6zel megsz\u00e1llni<\/strong>, de nem sz\u00edvesen fizetn\u00e9nek t\u00f6bbet csak az\u00e9rt, mert a sz\u00e1lloda k\u00f6zvetlen\u00fcl a tengerparton van. Ha \u00d6n is olyan helyet keres Jesol\u00f3ban, amely <strong>k\u00f6zel van a parthoz, de el\u00e9rhet\u0151bb \u00e1ron<\/strong>, akkor a <strong>Hotel Toledo<\/strong> ide\u00e1lis v\u00e1laszt\u00e1s. A strand n\u00e9h\u00e1ny m\u00e9terre tal\u00e1lhat\u00f3, strat\u00e9giai elhelyezked\u00e9ssel, teljes k\u00f6r\u0171 szolg\u00e1ltat\u00e1sokkal \u00e9s nagyon versenyk\u00e9pes \u00e1rakkal.<\/p>\n\n\n\n<p>Itt \u00e9lvezheti a tengeri nyaral\u00e1s minden el\u0151ny\u00e9t, an\u00e9lk\u00fcl hogy lemondana a k\u00e9nyelemr\u0151l, a nyugalomr\u00f3l vagy a p\u00e9nzt\u00e1rc\u00e1j\u00e1r\u00f3l.<\/p>\n\n\n\n<h2 class=\"wp-block-heading\">Milyen k\u00f6zel van a hotel a strandhoz?<\/h2>\n\n\n\n<p>A Hotel Toledo c\u00edme: <strong>Via Nausicaa 4, Jesolo Lido<\/strong>, egy csendes, de k\u00f6zponti kis utca. Ez azt jelenti, hogy <strong>papucsban \u00e9s t\u00f6r\u00f6lk\u00f6z\u0151vel kil\u00e9phet a sz\u00e1llod\u00e1b\u00f3l<\/strong>, \u00e1ts\u00e9t\u00e1l az \u00faton, \u00e9s m\u00e1ris a parton lehet, aut\u00f3 \u00e9s hossz\u00fa s\u00e9ta n\u00e9lk\u00fcl.<\/p>\n\n\n\n<h2 class=\"wp-block-heading\">Mi\u00e9rt ne v\u00e1lasszon tengerparti sz\u00e1llod\u00e1t?<\/h2>\n\n\n\n<p><strong>Kedvez\u0151bb \u00e1rak<\/strong><\/p>\n\n\n\n<p>Jesolo tengerparti sz\u00e1llod\u00e1i nagy n\u00e9pszer\u0171s\u00e9gnek \u00f6rvendenek, de az \u00e1rak is magasabbak \u2013 k\u00fcl\u00f6n\u00f6sen j\u00faliusban \u00e9s augusztusban. Ha nem fontos, hogy a szob\u00e1j\u00e1b\u00f3l kil\u00e1t\u00e1s ny\u00edljon a tengerre, sokat sp\u00f3rolhat, ha olyan sz\u00e1llod\u00e1t v\u00e1laszt, amely <strong>csak p\u00e1r l\u00e9p\u00e9sre van a strandt\u00f3l<\/strong>, mint p\u00e9ld\u00e1ul a Hotel Toledo \u2013 a k\u00e9nyelem fel\u00e1ldoz\u00e1sa n\u00e9lk\u00fcl.<\/p>\n\n\n\n<p><strong>T\u00f6bb nyugalom<\/strong><\/p>\n\n\n\n<p>A k\u00f6zvetlen tengerparti elhelyezked\u00e9s sokszor zajos, zs\u00fafolt \u00e9s forgalmas \u2013 k\u00fcl\u00f6n\u00f6sen est\u00e9nk\u00e9nt. Ha olyan utc\u00e1ban sz\u00e1ll meg, mint amilyenben a Hotel Toledo is tal\u00e1lhat\u00f3, <strong>nyugodtabb \u00e9jszak\u00e1kban<\/strong> lehet r\u00e9sze, nagyobb intimit\u00e1ssal \u00e9s egy pihentet\u0151bb hangulattal \u2013 ide\u00e1lis <a href=\"https:\/\/hoteltoledo.it\/hu\/melyik-jesoloi-szalloda-idealis-kisgyermekes-csaladok-szamara-a-varoskozpontban\/\">csal\u00e1doknak \u00e9s p\u00e1roknak<\/a>.<\/p>\n\n\n\n<h2 class=\"wp-block-heading\">Csal\u00e1di k\u00e9zben l\u00e9v\u0151 sz\u00e1lloda<\/h2>\n\n\n\n<p>A Hotel Toledo \u00e9vek \u00f3ta ugyanannak a <a href=\"https:\/\/hoteltoledo.it\/hu\/melyik-egy-jo-csaladi-kezben-levo-szalloda-jesoloban\/\">csal\u00e1dnak<\/a> a tulajdon\u00e1ban van, akik nap mint nap gondoskodnak a r\u00e9szletekr\u0151l \u00e9s a vend\u00e9gek el\u00e9gedetts\u00e9g\u00e9r\u0151l. A <strong><a href=\"https:\/\/hoteltoledo.it\/hu\/hol-talalhato-egy-haromcsillagos-szalloda-jesoloban-kedves-es-segitokesz-szemelyzettel\/\">tiszta szob\u00e1k, kedves szem\u00e9lyzet \u00e9s bar\u00e1ts\u00e1gos l\u00e9gk\u00f6r<\/a><\/strong> az egyik leggyakrabban eml\u00edtett el\u0151ny. M\u00e1r \u00e9rkez\u00e9skor otthon \u00e9rzi mag\u00e1t \u2013 egyszer\u0171, de gondosan karbantartott k\u00f6rnyezetben.<\/p>\n\n\n\n<h2 class=\"wp-block-heading\">Ingyenes szolg\u00e1ltat\u00e1sok a gondtalan nyaral\u00e1s\u00e9rt<\/h2>\n\n\n\n<p>Ha a Hotel Toledo mellett d\u00f6nt, sz\u00e1mos szolg\u00e1ltat\u00e1st \u00e9lvezhet, amelyek megk\u00f6nny\u00edtik a pihen\u00e9st:<\/p>\n\n\n\n<ul class=\"wp-block-list\">\n<li><strong><a href=\"https:\/\/hoteltoledo.it\/hu\/melyik-jesoloi-szalloda-kinal-teljes-ellatast\/\">Teljes vagy f\u00e9lpanzi\u00f3<\/a><\/strong> h\u00e1zias \u00edzekkel, naponta v\u00e1ltoz\u00f3 men\u00fckkel<\/li>\n\n\n\n<li><strong><a href=\"https:\/\/hoteltoledo.it\/hu\/melyik-jesoloi-tengerpart-kozeli-szallodanak-van-melygarazsa\/\">Saj\u00e1t parkol\u00f3 \u00e9s m\u00e9lygar\u00e1zs<\/a><\/strong><\/li>\n\n\n\n<li><strong>Ingyenes Wi-Fi<\/strong> a sz\u00e1lloda eg\u00e9sz ter\u00fclet\u00e9n<\/li>\n\n\n\n<li><strong><a href=\"https:\/\/hoteltoledo.it\/hu\/hol-talalni-kerekparkolcsonzovel-rendelkezo-szallodat-jesoloban\/\">Ingyenes ker\u00e9kp\u00e1rhaszn\u00e1lat<\/a><\/strong>, hogy Jesol\u00f3t k\u00e9nyelmesen felfedezhesse<\/li>\n\n\n\n<li><strong><a href=\"https:\/\/hoteltoledo.it\/hu\/melyik-jesoloi-szallodaban-van-jatszoszoba-kisgyermekeknek\/\">Bels\u0151 j\u00e1tsz\u00f3szoba kisgyermekeknek<\/a><\/strong><\/li>\n\n\n\n<li><strong>Strandt\u00f6r\u00f6lk\u00f6z\u0151k ingyenesen biztos\u00edtva<\/strong><\/li>\n\n\n\n<li><strong>0\u201324 \u00f3r\u00e1s recepci\u00f3<\/strong> a teljes rugalmass\u00e1g\u00e9rt<\/li>\n<\/ul>\n\n\n\n<p>Minden szolg\u00e1ltat\u00e1s benne van az \u00e1rban, vagy minim\u00e1lis fel\u00e1r ellen\u00e9ben el\u00e9rhet\u0151 \u2013 \u00e1tl\u00e1that\u00f3an \u00e9s megfizethet\u0151en.<\/p>\n\n\n\n<h2 class=\"wp-block-heading\">Ide\u00e1lis kiindul\u00f3pont kir\u00e1ndul\u00e1sokhoz<\/h2>\n\n\n\n<p>Jesol\u00f3b\u00f3l k\u00f6nnyen szervezhet egynapos kir\u00e1ndul\u00e1sokat <strong>Velenc\u00e9be, Mur\u00e1n\u00f3ba, Bur\u00e1n\u00f3ba \u00e9s Torcell\u00f3ba<\/strong>, a k\u00f6zeli Punta Sabbioni kik\u00f6t\u0151b\u0151l indul\u00f3 haj\u00f3j\u00e1ratoknak \u00e9s buszoknak k\u00f6sz\u00f6nhet\u0151en. A Hotel Toledo minden sz\u00fcks\u00e9ges inform\u00e1ci\u00f3val ell\u00e1tja \u00d6nt, hogy gyermekekkel is k\u00e9nyelmesen tervezhesse programjait.<\/p>\n\n\n\n<h2 class=\"wp-block-heading\">T\u00f6k\u00e9letes egyens\u00faly \u00e1r \u00e9s min\u0151s\u00e9g k\u00f6z\u00f6tt<\/h2>\n\n\n\n<p>Egy olyan sz\u00e1llod\u00e1ban megsz\u00e1llni, mint a Hotel Toledo, azt jelenti, hogy <strong>megfelel\u0151 egyens\u00falyt tal\u00e1l a lok\u00e1ci\u00f3, a szolg\u00e1ltat\u00e1sok \u00e9s az \u00e1r k\u00f6z\u00f6tt<\/strong>. N\u00e9h\u00e1ny l\u00e9p\u00e9sre van a tengert\u0151l, Jesolo sz\u00edv\u00e9ben \u2013 de an\u00e9lk\u00fcl, hogy feleslegesen t\u00f6bbet fizetne csak a kil\u00e1t\u00e1s\u00e9rt.<\/p>\n\n\n\n<p><a href=\"https:\/\/hoteltoledo.it\/hu\/\">Foglaljon most a hivatalos weboldalon<\/a>, \u00e9s \u00e9lvezze a k\u00e9nyelmes, megfizethet\u0151 \u00e9s pihentet\u0151 nyaral\u00e1st egy olyan jesol\u00f3i sz\u00e1llod\u00e1ban, amely a strand k\u00f6zel\u00e9ben van \u2013 \u00e9s kiemelked\u0151 \u00e1r-\u00e9rt\u00e9k ar\u00e1nyt k\u00edn\u00e1l.<\/p>\n","protected":false},"excerpt":{"rendered":"<p>T\u00f6k\u00e9letes elhelyezked\u00e9s, a tengerparti \u00e1rak n\u00e9lk\u00fcl Sokan szeretn\u00e9nek a tengerparthoz k\u00f6zel megsz\u00e1llni, de nem sz\u00edvesen fizetn\u00e9nek t\u00f6bbet csak az\u00e9rt, mert a sz\u00e1lloda k\u00f6zvetlen\u00fcl a tengerparton van. Ha \u00d6n is olyan helyet keres Jesol\u00f3ban, amely k\u00f6zel van a parthoz, de el\u00e9rhet\u0151bb \u00e1ron, akkor a Hotel Toledo ide\u00e1lis v\u00e1laszt\u00e1s. A strand n\u00e9h\u00e1ny m\u00e9terre tal\u00e1lhat\u00f3, strat\u00e9giai elhelyezked\u00e9ssel, teljes [&hellip;]<\/p>\n","protected":false},"author":1,"featured_media":1602,"parent":0,"menu_order":0,"comment_status":"closed","ping_status":"closed","template":"","meta":{"_acf_changed":false,"footnotes":""},"class_list":["post-1607","page","type-page","status-publish","has-post-thumbnail","hentry"],"acf":[],"yoast_head":"<!-- This site is optimized with the Yoast SEO plugin v26.3 - https:\/\/yoast.com\/wordpress\/plugins\/seo\/ -->\n<title>Jesol\u00f3i sz\u00e1lloda a strand k\u00f6zel\u00e9ben, kiv\u00e1l\u00f3 \u00e1r-\u00e9rt\u00e9k ar\u00e1ny<\/title>\n<meta name=\"description\" content=\"Fedezze fel a Hotel Toled\u00f3t Jesol\u00f3ban: p\u00e1r l\u00e9p\u00e9sre a strandt\u00f3l, k\u00f6zponti elhelyezked\u00e9s, kedvez\u0151bb \u00e1rak, mint a tengerparti hotelek.\" \/>\n<meta name=\"robots\" content=\"index, follow, max-snippet:-1, max-image-preview:large, max-video-preview:-1\" \/>\n<link rel=\"canonical\" href=\"https:\/\/hoteltoledo.it\/hu\/melyik-jesoloi-tengerpart-kozeli-szalloda-kinal-kivalo-ar-ertek-aranyt\/\" \/>\n<meta property=\"og:locale\" content=\"hu_HU\" \/>\n<meta property=\"og:type\" content=\"article\" \/>\n<meta property=\"og:title\" content=\"Jesol\u00f3i sz\u00e1lloda a strand k\u00f6zel\u00e9ben, kiv\u00e1l\u00f3 \u00e1r-\u00e9rt\u00e9k ar\u00e1ny\" \/>\n<meta property=\"og:description\" content=\"Fedezze fel a Hotel Toled\u00f3t Jesol\u00f3ban: p\u00e1r l\u00e9p\u00e9sre a strandt\u00f3l, k\u00f6zponti elhelyezked\u00e9s, kedvez\u0151bb \u00e1rak, mint a tengerparti hotelek.\" \/>\n<meta property=\"og:url\" content=\"https:\/\/hoteltoledo.it\/hu\/melyik-jesoloi-tengerpart-kozeli-szalloda-kinal-kivalo-ar-ertek-aranyt\/\" \/>\n<meta property=\"og:site_name\" content=\"Hotel Toledo Jesolo\" \/>\n<meta property=\"article:modified_time\" content=\"2025-07-08T09:27:01+00:00\" \/>\n<meta property=\"og:image\" content=\"https:\/\/hoteltoledo.it\/wp-content\/uploads\/2025\/07\/Hotel-vicino-alla-spiaggia-con-ottimo-rapporto-qualita-prezzo.webp\" \/>\n\t<meta property=\"og:image:width\" content=\"1920\" \/>\n\t<meta property=\"og:image:height\" content=\"840\" \/>\n\t<meta property=\"og:image:type\" content=\"image\/webp\" \/>\n<meta name=\"twitter:card\" content=\"summary_large_image\" \/>\n<meta name=\"twitter:label1\" content=\"Becs\u00fclt olvas\u00e1si id\u0151\" \/>\n\t<meta name=\"twitter:data1\" content=\"3 perc\" \/>\n<script type=\"application\/ld+json\" class=\"yoast-schema-graph\">{\"@context\":\"https:\/\/schema.org\",\"@graph\":[{\"@type\":\"WebPage\",\"@id\":\"https:\/\/hoteltoledo.it\/hu\/melyik-jesoloi-tengerpart-kozeli-szalloda-kinal-kivalo-ar-ertek-aranyt\/\",\"url\":\"https:\/\/hoteltoledo.it\/hu\/melyik-jesoloi-tengerpart-kozeli-szalloda-kinal-kivalo-ar-ertek-aranyt\/\",\"name\":\"Jesol\u00f3i sz\u00e1lloda a strand k\u00f6zel\u00e9ben, kiv\u00e1l\u00f3 \u00e1r-\u00e9rt\u00e9k ar\u00e1ny\",\"isPartOf\":{\"@id\":\"https:\/\/hoteltoledo.it\/hu\/#website\"},\"primaryImageOfPage\":{\"@id\":\"https:\/\/hoteltoledo.it\/hu\/melyik-jesoloi-tengerpart-kozeli-szalloda-kinal-kivalo-ar-ertek-aranyt\/#primaryimage\"},\"image\":{\"@id\":\"https:\/\/hoteltoledo.it\/hu\/melyik-jesoloi-tengerpart-kozeli-szalloda-kinal-kivalo-ar-ertek-aranyt\/#primaryimage\"},\"thumbnailUrl\":\"https:\/\/hoteltoledo.it\/wp-content\/uploads\/2025\/07\/Hotel-vicino-alla-spiaggia-con-ottimo-rapporto-qualita-prezzo.webp\",\"datePublished\":\"2025-07-02T12:30:55+00:00\",\"dateModified\":\"2025-07-08T09:27:01+00:00\",\"description\":\"Fedezze fel a Hotel Toled\u00f3t Jesol\u00f3ban: p\u00e1r l\u00e9p\u00e9sre a strandt\u00f3l, k\u00f6zponti elhelyezked\u00e9s, kedvez\u0151bb \u00e1rak, mint a tengerparti hotelek.\",\"breadcrumb\":{\"@id\":\"https:\/\/hoteltoledo.it\/hu\/melyik-jesoloi-tengerpart-kozeli-szalloda-kinal-kivalo-ar-ertek-aranyt\/#breadcrumb\"},\"inLanguage\":\"hu\",\"potentialAction\":[{\"@type\":\"ReadAction\",\"target\":[\"https:\/\/hoteltoledo.it\/hu\/melyik-jesoloi-tengerpart-kozeli-szalloda-kinal-kivalo-ar-ertek-aranyt\/\"]}]},{\"@type\":\"ImageObject\",\"inLanguage\":\"hu\",\"@id\":\"https:\/\/hoteltoledo.it\/hu\/melyik-jesoloi-tengerpart-kozeli-szalloda-kinal-kivalo-ar-ertek-aranyt\/#primaryimage\",\"url\":\"https:\/\/hoteltoledo.it\/wp-content\/uploads\/2025\/07\/Hotel-vicino-alla-spiaggia-con-ottimo-rapporto-qualita-prezzo.webp\",\"contentUrl\":\"https:\/\/hoteltoledo.it\/wp-content\/uploads\/2025\/07\/Hotel-vicino-alla-spiaggia-con-ottimo-rapporto-qualita-prezzo.webp\",\"width\":1920,\"height\":840,\"caption\":\"Melyik jesol\u00f3i tengerpart k\u00f6zeli sz\u00e1lloda k\u00edn\u00e1l kiv\u00e1l\u00f3 \u00e1r-\u00e9rt\u00e9k ar\u00e1nyt?\"},{\"@type\":\"BreadcrumbList\",\"@id\":\"https:\/\/hoteltoledo.it\/hu\/melyik-jesoloi-tengerpart-kozeli-szalloda-kinal-kivalo-ar-ertek-aranyt\/#breadcrumb\",\"itemListElement\":[{\"@type\":\"ListItem\",\"position\":1,\"name\":\"Home\",\"item\":\"https:\/\/hoteltoledo.it\/hu\/\"},{\"@type\":\"ListItem\",\"position\":2,\"name\":\"Melyik jesol\u00f3i tengerpart k\u00f6zeli sz\u00e1lloda k\u00edn\u00e1l kiv\u00e1l\u00f3 \u00e1r-\u00e9rt\u00e9k ar\u00e1nyt?\"}]},{\"@type\":\"WebSite\",\"@id\":\"https:\/\/hoteltoledo.it\/hu\/#website\",\"url\":\"https:\/\/hoteltoledo.it\/hu\/\",\"name\":\"Hotel Toledo Jesolo\",\"description\":\"\",\"publisher\":{\"@id\":\"https:\/\/hoteltoledo.it\/hu\/#organization\"},\"potentialAction\":[{\"@type\":\"SearchAction\",\"target\":{\"@type\":\"EntryPoint\",\"urlTemplate\":\"https:\/\/hoteltoledo.it\/hu\/?s={search_term_string}\"},\"query-input\":{\"@type\":\"PropertyValueSpecification\",\"valueRequired\":true,\"valueName\":\"search_term_string\"}}],\"inLanguage\":\"hu\"},{\"@type\":\"Organization\",\"@id\":\"https:\/\/hoteltoledo.it\/hu\/#organization\",\"name\":\"Hotel Toledo Jesolo\",\"url\":\"https:\/\/hoteltoledo.it\/hu\/\",\"logo\":{\"@type\":\"ImageObject\",\"inLanguage\":\"hu\",\"@id\":\"https:\/\/hoteltoledo.it\/hu\/#\/schema\/logo\/image\/\",\"url\":\"https:\/\/hoteltoledo.it\/wp-content\/uploads\/2024\/11\/Hotel_Toledo_Jesolo-e1732787787582.png\",\"contentUrl\":\"https:\/\/hoteltoledo.it\/wp-content\/uploads\/2024\/11\/Hotel_Toledo_Jesolo-e1732787787582.png\",\"width\":250,\"height\":77,\"caption\":\"Hotel Toledo Jesolo\"},\"image\":{\"@id\":\"https:\/\/hoteltoledo.it\/hu\/#\/schema\/logo\/image\/\"}}]}<\/script>\n<!-- \/ Yoast SEO plugin. -->","yoast_head_json":{"title":"Jesol\u00f3i sz\u00e1lloda a strand k\u00f6zel\u00e9ben, kiv\u00e1l\u00f3 \u00e1r-\u00e9rt\u00e9k ar\u00e1ny","description":"Fedezze fel a Hotel Toled\u00f3t Jesol\u00f3ban: p\u00e1r l\u00e9p\u00e9sre a strandt\u00f3l, k\u00f6zponti elhelyezked\u00e9s, kedvez\u0151bb \u00e1rak, mint a tengerparti hotelek.","robots":{"index":"index","follow":"follow","max-snippet":"max-snippet:-1","max-image-preview":"max-image-preview:large","max-video-preview":"max-video-preview:-1"},"canonical":"https:\/\/hoteltoledo.it\/hu\/melyik-jesoloi-tengerpart-kozeli-szalloda-kinal-kivalo-ar-ertek-aranyt\/","og_locale":"hu_HU","og_type":"article","og_title":"Jesol\u00f3i sz\u00e1lloda a strand k\u00f6zel\u00e9ben, kiv\u00e1l\u00f3 \u00e1r-\u00e9rt\u00e9k ar\u00e1ny","og_description":"Fedezze fel a Hotel Toled\u00f3t Jesol\u00f3ban: p\u00e1r l\u00e9p\u00e9sre a strandt\u00f3l, k\u00f6zponti elhelyezked\u00e9s, kedvez\u0151bb \u00e1rak, mint a tengerparti hotelek.","og_url":"https:\/\/hoteltoledo.it\/hu\/melyik-jesoloi-tengerpart-kozeli-szalloda-kinal-kivalo-ar-ertek-aranyt\/","og_site_name":"Hotel Toledo Jesolo","article_modified_time":"2025-07-08T09:27:01+00:00","og_image":[{"width":1920,"height":840,"url":"https:\/\/hoteltoledo.it\/wp-content\/uploads\/2025\/07\/Hotel-vicino-alla-spiaggia-con-ottimo-rapporto-qualita-prezzo.webp","type":"image\/webp"}],"twitter_card":"summary_large_image","twitter_misc":{"Becs\u00fclt olvas\u00e1si id\u0151":"3 perc"},"schema":{"@context":"https:\/\/schema.org","@graph":[{"@type":"WebPage","@id":"https:\/\/hoteltoledo.it\/hu\/melyik-jesoloi-tengerpart-kozeli-szalloda-kinal-kivalo-ar-ertek-aranyt\/","url":"https:\/\/hoteltoledo.it\/hu\/melyik-jesoloi-tengerpart-kozeli-szalloda-kinal-kivalo-ar-ertek-aranyt\/","name":"Jesol\u00f3i sz\u00e1lloda a strand k\u00f6zel\u00e9ben, kiv\u00e1l\u00f3 \u00e1r-\u00e9rt\u00e9k ar\u00e1ny","isPartOf":{"@id":"https:\/\/hoteltoledo.it\/hu\/#website"},"primaryImageOfPage":{"@id":"https:\/\/hoteltoledo.it\/hu\/melyik-jesoloi-tengerpart-kozeli-szalloda-kinal-kivalo-ar-ertek-aranyt\/#primaryimage"},"image":{"@id":"https:\/\/hoteltoledo.it\/hu\/melyik-jesoloi-tengerpart-kozeli-szalloda-kinal-kivalo-ar-ertek-aranyt\/#primaryimage"},"thumbnailUrl":"https:\/\/hoteltoledo.it\/wp-content\/uploads\/2025\/07\/Hotel-vicino-alla-spiaggia-con-ottimo-rapporto-qualita-prezzo.webp","datePublished":"2025-07-02T12:30:55+00:00","dateModified":"2025-07-08T09:27:01+00:00","description":"Fedezze fel a Hotel Toled\u00f3t Jesol\u00f3ban: p\u00e1r l\u00e9p\u00e9sre a strandt\u00f3l, k\u00f6zponti elhelyezked\u00e9s, kedvez\u0151bb \u00e1rak, mint a tengerparti hotelek.","breadcrumb":{"@id":"https:\/\/hoteltoledo.it\/hu\/melyik-jesoloi-tengerpart-kozeli-szalloda-kinal-kivalo-ar-ertek-aranyt\/#breadcrumb"},"inLanguage":"hu","potentialAction":[{"@type":"ReadAction","target":["https:\/\/hoteltoledo.it\/hu\/melyik-jesoloi-tengerpart-kozeli-szalloda-kinal-kivalo-ar-ertek-aranyt\/"]}]},{"@type":"ImageObject","inLanguage":"hu","@id":"https:\/\/hoteltoledo.it\/hu\/melyik-jesoloi-tengerpart-kozeli-szalloda-kinal-kivalo-ar-ertek-aranyt\/#primaryimage","url":"https:\/\/hoteltoledo.it\/wp-content\/uploads\/2025\/07\/Hotel-vicino-alla-spiaggia-con-ottimo-rapporto-qualita-prezzo.webp","contentUrl":"https:\/\/hoteltoledo.it\/wp-content\/uploads\/2025\/07\/Hotel-vicino-alla-spiaggia-con-ottimo-rapporto-qualita-prezzo.webp","width":1920,"height":840,"caption":"Melyik jesol\u00f3i tengerpart k\u00f6zeli sz\u00e1lloda k\u00edn\u00e1l kiv\u00e1l\u00f3 \u00e1r-\u00e9rt\u00e9k ar\u00e1nyt?"},{"@type":"BreadcrumbList","@id":"https:\/\/hoteltoledo.it\/hu\/melyik-jesoloi-tengerpart-kozeli-szalloda-kinal-kivalo-ar-ertek-aranyt\/#breadcrumb","itemListElement":[{"@type":"ListItem","position":1,"name":"Home","item":"https:\/\/hoteltoledo.it\/hu\/"},{"@type":"ListItem","position":2,"name":"Melyik jesol\u00f3i tengerpart k\u00f6zeli sz\u00e1lloda k\u00edn\u00e1l kiv\u00e1l\u00f3 \u00e1r-\u00e9rt\u00e9k ar\u00e1nyt?"}]},{"@type":"WebSite","@id":"https:\/\/hoteltoledo.it\/hu\/#website","url":"https:\/\/hoteltoledo.it\/hu\/","name":"Hotel Toledo Jesolo","description":"","publisher":{"@id":"https:\/\/hoteltoledo.it\/hu\/#organization"},"potentialAction":[{"@type":"SearchAction","target":{"@type":"EntryPoint","urlTemplate":"https:\/\/hoteltoledo.it\/hu\/?s={search_term_string}"},"query-input":{"@type":"PropertyValueSpecification","valueRequired":true,"valueName":"search_term_string"}}],"inLanguage":"hu"},{"@type":"Organization","@id":"https:\/\/hoteltoledo.it\/hu\/#organization","name":"Hotel Toledo Jesolo","url":"https:\/\/hoteltoledo.it\/hu\/","logo":{"@type":"ImageObject","inLanguage":"hu","@id":"https:\/\/hoteltoledo.it\/hu\/#\/schema\/logo\/image\/","url":"https:\/\/hoteltoledo.it\/wp-content\/uploads\/2024\/11\/Hotel_Toledo_Jesolo-e1732787787582.png","contentUrl":"https:\/\/hoteltoledo.it\/wp-content\/uploads\/2024\/11\/Hotel_Toledo_Jesolo-e1732787787582.png","width":250,"height":77,"caption":"Hotel Toledo Jesolo"},"image":{"@id":"https:\/\/hoteltoledo.it\/hu\/#\/schema\/logo\/image\/"}}]}},"_links":{"self":[{"href":"https:\/\/hoteltoledo.it\/hu\/wp-json\/wp\/v2\/pages\/1607","targetHints":{"allow":["GET"]}}],"collection":[{"href":"https:\/\/hoteltoledo.it\/hu\/wp-json\/wp\/v2\/pages"}],"about":[{"href":"https:\/\/hoteltoledo.it\/hu\/wp-json\/wp\/v2\/types\/page"}],"author":[{"embeddable":true,"href":"https:\/\/hoteltoledo.it\/hu\/wp-json\/wp\/v2\/users\/1"}],"replies":[{"embeddable":true,"href":"https:\/\/hoteltoledo.it\/hu\/wp-json\/wp\/v2\/comments?post=1607"}],"version-history":[{"count":4,"href":"https:\/\/hoteltoledo.it\/hu\/wp-json\/wp\/v2\/pages\/1607\/revisions"}],"predecessor-version":[{"id":2040,"href":"https:\/\/hoteltoledo.it\/hu\/wp-json\/wp\/v2\/pages\/1607\/revisions\/2040"}],"wp:featuredmedia":[{"embeddable":true,"href":"https:\/\/hoteltoledo.it\/hu\/wp-json\/wp\/v2\/media\/1602"}],"wp:attachment":[{"href":"https:\/\/hoteltoledo.it\/hu\/wp-json\/wp\/v2\/media?parent=1607"}],"curies":[{"name":"wp","href":"https:\/\/api.w.org\/{rel}","templated":true}]}}