{"id":1783,"date":"2025-07-04T08:00:19","date_gmt":"2025-07-04T08:00:19","guid":{"rendered":"https:\/\/hoteltoledo.it\/dove-trovare-un-hotel-accessibile-per-disabili-a-jesolo-vicino-alla-spiaggia\/"},"modified":"2025-07-08T09:52:40","modified_gmt":"2025-07-08T09:52:40","slug":"hol-talalhato-jesoloban-akadalymentes-szalloda-mozgaskorlatozott-vendegek-szamara-kozel-a-tengerparthoz","status":"publish","type":"page","link":"https:\/\/hoteltoledo.it\/hu\/hol-talalhato-jesoloban-akadalymentes-szalloda-mozgaskorlatozott-vendegek-szamara-kozel-a-tengerparthoz\/","title":{"rendered":"Hol tal\u00e1lhat\u00f3 Jesol\u00f3ban akad\u00e1lymentes sz\u00e1lloda mozg\u00e1skorl\u00e1tozott vend\u00e9gek sz\u00e1m\u00e1ra, k\u00f6zel a tengerparthoz?"},"content":{"rendered":"\n<h2 class=\"wp-block-heading\">Mindenki sz\u00e1m\u00e1ra el\u00e9rhet\u0151 nyaral\u00e1s: mi\u00e9rt \u00e9rdemes akad\u00e1lymentes hotelt v\u00e1lasztani Jesol\u00f3ban?<\/h2>\n\n\n\n<p>Jesolo Olaszorsz\u00e1g egyik legn\u00e9pszer\u0171bb tengerparti \u00fcd\u00fcl\u0151helye, de nem minden sz\u00e1lloda van felk\u00e9sz\u00fclve arra, hogy mozg\u00e1skorl\u00e1tozott vagy fogyat\u00e9kkal \u00e9l\u0151 vend\u00e9geket is teljes \u00e9rt\u00e9k\u0171en fogadjon. Egy <strong>akad\u00e1lymentes sz\u00e1lloda a tengerpart k\u00f6zel\u00e9ben<\/strong> lehet\u0151v\u00e9 teszi, hogy a nyaral\u00e1s val\u00f3ban pihentet\u0151, biztons\u00e1gos \u00e9s k\u00e9nyelmes legyen, akad\u00e1lyok n\u00e9lk\u00fcl.<\/p>\n\n\n\n<p>Ha bar\u00e1ts\u00e1gos, akad\u00e1lymentes \u00e9s j\u00f3 elhelyezked\u00e9s\u0171 sz\u00e1ll\u00e1st keresel, a <strong>Hotel Toledo<\/strong> t\u00f6k\u00e9letes v\u00e1laszt\u00e1s.<\/p>\n\n\n\n<h2 class=\"wp-block-heading\">Hotel Toledo: akad\u00e1lymentess\u00e9g, k\u00e9nyelem \u00e9s a tenger k\u00f6zels\u00e9ge<\/h2>\n\n\n\n<p>A Hotel Toledo egy <a href=\"https:\/\/hoteltoledo.it\/hu\/melyik-jesoloi-tengerpart-kozeli-szalloda-kinal-kivalo-ar-ertek-aranyt\/\"><strong>k\u00f6zponti, de csendes r\u00e9szen<\/strong> tal\u00e1lhat\u00f3 Jesolo Lido<\/a> v\u00e1rosr\u00e9szben, mind\u00f6ssze 300 m\u00e9terre a felszerelt strandt\u00f3l. Az \u00e9p\u00fclet kialak\u00edt\u00e1sa lehet\u0151v\u00e9 teszi, hogy <strong>a mozg\u00e1sukban korl\u00e1tozott vend\u00e9gek is \u00f6n\u00e1ll\u00f3an k\u00f6zlekedhessenek<\/strong>, t\u00f6bbek k\u00f6z\u00f6tt az al\u00e1bbi szolg\u00e1ltat\u00e1sok r\u00e9v\u00e9n:<\/p>\n\n\n\n<ul class=\"wp-block-list\">\n<li>L\u00e9pcs\u0151mentes bej\u00e1rat<\/li>\n\n\n\n<li>Kerekessz\u00e9kkel is haszn\u00e1lhat\u00f3 lift<\/li>\n\n\n\n<li>T\u00e1gas, j\u00f3l kialak\u00edtott szob\u00e1k<\/li>\n\n\n\n<li>Zuhanyf\u00fclk\u00e9s, padl\u00f3val egy szintben l\u00e9v\u0151 f\u00fcrd\u0151szob\u00e1k<\/li>\n<\/ul>\n\n\n\n<p>Az eg\u00e9sz \u00e9lm\u00e9ny c\u00e9lja, hogy <strong>minden vend\u00e9g j\u00f3l \u00e9rezze mag\u00e1t<\/strong>, k\u00e9nyelmes \u00e9s akad\u00e1lymentes k\u00f6rnyezetben.<\/p>\n\n\n\n<h2 class=\"wp-block-heading\">Akad\u00e1lymentes kialak\u00edt\u00e1s a Hotel Toledo-ban<\/h2>\n\n\n\n<h3 class=\"wp-block-heading\">Bej\u00e1rat \u00e9s k\u00f6z\u00f6s helyis\u00e9gek<\/h3>\n\n\n\n<p>A sz\u00e1lloda bej\u00e1rata <strong>teljesen s\u00edk, l\u00e9pcs\u0151mentes<\/strong>, enyhe lejt\u00e9s\u0171 r\u00e1mp\u00e1val a bejut\u00e1shoz. A hall, az \u00e9tkez\u0151 \u00e9s a k\u00f6z\u00f6s terek t\u00e1gasak \u00e9s k\u00f6nnyen megk\u00f6zel\u00edthet\u0151k, <strong>megfelel\u0151 mozg\u00e1sszabads\u00e1got biztos\u00edtva<\/strong>.<\/p>\n\n\n\n<h3 class=\"wp-block-heading\">Szob\u00e1k mozg\u00e1skorl\u00e1tozott vend\u00e9gek sz\u00e1m\u00e1ra<\/h3>\n\n\n\n<p>A Hotel Toledo n\u00e9h\u00e1ny szob\u00e1ja <strong>kifejezetten alkalmas mozg\u00e1ss\u00e9r\u00fclt vend\u00e9gek sz\u00e1m\u00e1ra<\/strong>, p\u00e9ld\u00e1ul:<\/p>\n\n\n\n<ul class=\"wp-block-list\">\n<li>Az \u00e1gy mindk\u00e9t oldalr\u00f3l megk\u00f6zel\u00edthet\u0151<\/li>\n\n\n\n<li>A b\u00fatorok k\u00f6z\u00f6tt elegend\u0151 t\u00e9r a k\u00f6zleked\u00e9shez<\/li>\n\n\n\n<li>F\u00fcrd\u0151szob\u00e1k kapaszkod\u00f3kkal \u00e9s k\u00fcsz\u00f6b n\u00e9lk\u00fcli zuhanyz\u00f3val<\/li>\n<\/ul>\n\n\n\n<p>K\u00e9r\u00e9sre a szem\u00e9lyzet seg\u00edt a legmegfelel\u0151bb szoba kiv\u00e1laszt\u00e1s\u00e1ban az egy\u00e9ni ig\u00e9nyek alapj\u00e1n.<\/p>\n\n\n\n<h3 class=\"wp-block-heading\">T\u00e1gas \u00e9s k\u00e9nyelmes lift<\/h3>\n\n\n\n<p>Kerekessz\u00e9kkel is biztons\u00e1gosan \u00e9s k\u00e9nyelmesen el\u00e9rhet\u0151k az emeleti szob\u00e1k, k\u00f6sz\u00f6nhet\u0151en a t\u00e1gas liftnek.<\/p>\n\n\n\n<h2 class=\"wp-block-heading\">A strand gyalog is k\u00f6nnyen megk\u00f6zel\u00edthet\u0151 \u00e9s akad\u00e1lymentes<\/h2>\n\n\n\n<p>A Hotel Toledo egyik legnagyobb el\u0151nye, hogy <strong>egy felszerelt, akad\u00e1lymentes strand k\u00f6zel helyezkedik el<\/strong>, csup\u00e1n 4 perc s\u00e9t\u00e1ra. Az \u00fat <strong>s\u00edk, biztons\u00e1gos \u00e9s akad\u00e1lymentes<\/strong> \u2013 t\u00f6k\u00e9letes kerekessz\u00e9kkel k\u00f6zleked\u0151k vagy lassabban halad\u00f3k sz\u00e1m\u00e1ra.<\/p>\n\n\n\n<p>A partnerstrand az al\u00e1bbiakat k\u00edn\u00e1lja:<\/p>\n\n\n\n<ul class=\"wp-block-list\">\n<li>Fa j\u00e1rd\u00e1k, amelyek eg\u00e9szen a naperny\u0151ig vezetnek<\/li>\n\n\n\n<li>Akad\u00e1lymentes mell\u00e9khelyis\u00e9gek<\/li>\n\n\n\n<li>Ig\u00e9ny eset\u00e9n \u201ejob\u201d strandkocsi haszn\u00e1lata<\/li>\n\n\n\n<li>Fenntartott naperny\u0151k k\u00e9nyelmes, k\u00f6zel es\u0151 helyen<\/li>\n<\/ul>\n\n\n\n<h2 class=\"wp-block-heading\">Seg\u00edt\u0151k\u00e9sz szem\u00e9lyzet \u00e9s szem\u00e9lyre szabott figyelem<\/h2>\n\n\n\n<p>A Hotel Toledo <a href=\"https:\/\/hoteltoledo.it\/hu\/melyik-egy-jo-csaladi-kezben-levo-szalloda-jesoloban\/\">egyik er\u0151ss\u00e9ge a <strong>figyelmes, seg\u00edt\u0151k\u00e9sz szem\u00e9lyzet<\/strong><\/a>, akik diszkr\u00e9ten \u00e9s kedvesen \u00e1llnak minden vend\u00e9g rendelkez\u00e9s\u00e9re. A k\u00fcl\u00f6nleges ig\u00e9nyekkel utaz\u00f3k sz\u00e1m\u00e1ra megnyugtat\u00f3 tudni, hogy <strong>egy felk\u00e9sz\u00fclt, rugalmas csapat<\/strong> t\u00e1mogatja \u0151ket.<\/p>\n\n\n\n<ul class=\"wp-block-list\">\n<li>K\u00f6nny\u00edtett bejelentkez\u00e9s<\/li>\n\n\n\n<li>Seg\u00edts\u00e9g a csomagokkal, szob\u00e1ba k\u00eds\u00e9r\u00e9s k\u00e9r\u00e9sre<\/li>\n\n\n\n<li>Javaslatok a k\u00f6rny\u00e9k akad\u00e1lymentes programlehet\u0151s\u00e9geire<\/li>\n\n\n\n<li>Nyitotts\u00e1g az id\u0151pontok, helysz\u00ednek igaz\u00edt\u00e1s\u00e1ra egy\u00e9ni ig\u00e9nyek szerint<\/li>\n<\/ul>\n\n\n\n<h2 class=\"wp-block-heading\">Tov\u00e1bbi szolg\u00e1ltat\u00e1sok, amelyek megk\u00f6nny\u00edtik az ott-tart\u00f3zkod\u00e1st<\/h2>\n\n\n\n<p>A sz\u00e1lloda egy\u00e9b k\u00e9nyelmi szolg\u00e1ltat\u00e1sokat is biztos\u00edt:<\/p>\n\n\n\n<ul class=\"wp-block-list\">\n<li><a href=\"https:\/\/hoteltoledo.it\/hu\/melyik-jesoloi-szalloda-kinal-teljes-ellatast\/\">Reggeli \u00e9s \u00e9tkez\u00e9s k\u00e9r\u00e9sre asztalhoz hozva (nem csak b\u00fcf\u00e9)<\/a><\/li>\n\n\n\n<li><a href=\"https:\/\/hoteltoledo.it\/hu\/melyik-jesoloi-szallodaban-a-legvaltozatosabb-es-legizletesebb-a-konyha\/\">Ig\u00e9ny szerinti eb\u00e9d vagy vacsora egy\u00e9ni men\u00fcvel<\/a><\/li>\n\n\n\n<li><a href=\"https:\/\/hoteltoledo.it\/hu\/melyik-jesoloi-tengerpart-kozeli-szallodanak-van-melygarazsa\/\">Fenntartott parkol\u00f3hely n\u00e9h\u00e1ny m\u00e9terre a bej\u00e1ratt\u00f3l<\/a><\/li>\n\n\n\n<li>Csendes pihen\u0151ter\u00fclet a strandol\u00e1s ut\u00e1ni kikapcsol\u00f3d\u00e1shoz<\/li>\n<\/ul>\n\n\n\n<h2 class=\"wp-block-heading\">Nyaral\u00e1s mindenkinek \u2013 akad\u00e1lyok n\u00e9lk\u00fcl<\/h2>\n\n\n\n<p>Az utaz\u00e1s nem jelenthet akad\u00e1lyt senkinek \u2013 \u00edgy azoknak sem, akiknek speci\u00e1lis ig\u00e9nyeik vannak. Egy olyan sz\u00e1lloda, mint a Hotel Toledo, ahol figyelnek a r\u00e9szletekre \u00e9s az egy\u00e9nre, garant\u00e1lja a <strong>biztons\u00e1gos, k\u00e9nyelmes \u00e9s befogad\u00f3 nyaral\u00e1st<\/strong>.<\/p>\n\n\n\n<p><a href=\"https:\/\/hoteltoledo.it\/hu\/\">Foglalj sz\u00e1ll\u00e1st most a <strong>jesol\u00f3i Hotel Toledo-ban<\/strong><\/a>, \u00e9s tapasztald meg, milyen egyszer\u0171 \u00e9s \u00e9lvezetes lehet egy akad\u00e1lymentes nyaral\u00e1s \u2013 <strong>p\u00e1r l\u00e9p\u00e9sre a tengert\u0151l<\/strong>, szem\u00e9lyre szabott szolg\u00e1ltat\u00e1sokkal minden vend\u00e9g sz\u00e1m\u00e1ra.<\/p>\n","protected":false},"excerpt":{"rendered":"<p>Mindenki sz\u00e1m\u00e1ra el\u00e9rhet\u0151 nyaral\u00e1s: mi\u00e9rt \u00e9rdemes akad\u00e1lymentes hotelt v\u00e1lasztani Jesol\u00f3ban? Jesolo Olaszorsz\u00e1g egyik legn\u00e9pszer\u0171bb tengerparti \u00fcd\u00fcl\u0151helye, de nem minden sz\u00e1lloda van felk\u00e9sz\u00fclve arra, hogy mozg\u00e1skorl\u00e1tozott vagy fogyat\u00e9kkal \u00e9l\u0151 vend\u00e9geket is teljes \u00e9rt\u00e9k\u0171en fogadjon. Egy akad\u00e1lymentes sz\u00e1lloda a tengerpart k\u00f6zel\u00e9ben lehet\u0151v\u00e9 teszi, hogy a nyaral\u00e1s val\u00f3ban pihentet\u0151, biztons\u00e1gos \u00e9s k\u00e9nyelmes legyen, akad\u00e1lyok n\u00e9lk\u00fcl. Ha bar\u00e1ts\u00e1gos, akad\u00e1lymentes [&hellip;]<\/p>\n","protected":false},"author":1,"featured_media":1779,"parent":0,"menu_order":0,"comment_status":"closed","ping_status":"closed","template":"","meta":{"_acf_changed":false,"footnotes":""},"class_list":["post-1783","page","type-page","status-publish","has-post-thumbnail","hentry"],"acf":[],"yoast_head":"<!-- This site is optimized with the Yoast SEO plugin v26.3 - https:\/\/yoast.com\/wordpress\/plugins\/seo\/ -->\n<title>Mozg\u00e1skorl\u00e1tozottaknak megfelel\u0151 hotel Jesol\u00f3ban - Hotel Toledo Jesolo akad\u00e1lymentes<\/title>\n<meta name=\"description\" content=\"Fedezd fel a jesol\u00f3i Hotel Toledo-t: akad\u00e1lymentes, mozg\u00e1ss\u00e9r\u00fcltek sz\u00e1m\u00e1ra is k\u00e9nyelmes, p\u00e1r l\u00e9p\u00e9sre a tengert\u0151l, figyelmes szolg\u00e1ltat\u00e1sokkal.\" \/>\n<meta name=\"robots\" content=\"index, follow, max-snippet:-1, max-image-preview:large, max-video-preview:-1\" \/>\n<link rel=\"canonical\" href=\"https:\/\/hoteltoledo.it\/hu\/hol-talalhato-jesoloban-akadalymentes-szalloda-mozgaskorlatozott-vendegek-szamara-kozel-a-tengerparthoz\/\" \/>\n<meta property=\"og:locale\" content=\"hu_HU\" \/>\n<meta property=\"og:type\" content=\"article\" \/>\n<meta property=\"og:title\" content=\"Mozg\u00e1skorl\u00e1tozottaknak megfelel\u0151 hotel Jesol\u00f3ban - Hotel Toledo Jesolo akad\u00e1lymentes\" \/>\n<meta property=\"og:description\" content=\"Fedezd fel a jesol\u00f3i Hotel Toledo-t: akad\u00e1lymentes, mozg\u00e1ss\u00e9r\u00fcltek sz\u00e1m\u00e1ra is k\u00e9nyelmes, p\u00e1r l\u00e9p\u00e9sre a tengert\u0151l, figyelmes szolg\u00e1ltat\u00e1sokkal.\" \/>\n<meta property=\"og:url\" content=\"https:\/\/hoteltoledo.it\/hu\/hol-talalhato-jesoloban-akadalymentes-szalloda-mozgaskorlatozott-vendegek-szamara-kozel-a-tengerparthoz\/\" \/>\n<meta property=\"og:site_name\" content=\"Hotel Toledo Jesolo\" \/>\n<meta property=\"article:modified_time\" content=\"2025-07-08T09:52:40+00:00\" \/>\n<meta property=\"og:image\" content=\"https:\/\/hoteltoledo.it\/wp-content\/uploads\/2025\/07\/Hotel-a-Jesolo-accessibile-ai-disabili-vicino-alla-spiaggia.webp\" \/>\n\t<meta property=\"og:image:width\" content=\"1920\" \/>\n\t<meta property=\"og:image:height\" content=\"840\" \/>\n\t<meta property=\"og:image:type\" content=\"image\/webp\" \/>\n<meta name=\"twitter:card\" content=\"summary_large_image\" \/>\n<meta name=\"twitter:label1\" content=\"Becs\u00fclt olvas\u00e1si id\u0151\" \/>\n\t<meta name=\"twitter:data1\" content=\"3 perc\" \/>\n<script type=\"application\/ld+json\" class=\"yoast-schema-graph\">{\"@context\":\"https:\/\/schema.org\",\"@graph\":[{\"@type\":\"WebPage\",\"@id\":\"https:\/\/hoteltoledo.it\/hu\/hol-talalhato-jesoloban-akadalymentes-szalloda-mozgaskorlatozott-vendegek-szamara-kozel-a-tengerparthoz\/\",\"url\":\"https:\/\/hoteltoledo.it\/hu\/hol-talalhato-jesoloban-akadalymentes-szalloda-mozgaskorlatozott-vendegek-szamara-kozel-a-tengerparthoz\/\",\"name\":\"Mozg\u00e1skorl\u00e1tozottaknak megfelel\u0151 hotel Jesol\u00f3ban - Hotel Toledo Jesolo akad\u00e1lymentes\",\"isPartOf\":{\"@id\":\"https:\/\/hoteltoledo.it\/hu\/#website\"},\"primaryImageOfPage\":{\"@id\":\"https:\/\/hoteltoledo.it\/hu\/hol-talalhato-jesoloban-akadalymentes-szalloda-mozgaskorlatozott-vendegek-szamara-kozel-a-tengerparthoz\/#primaryimage\"},\"image\":{\"@id\":\"https:\/\/hoteltoledo.it\/hu\/hol-talalhato-jesoloban-akadalymentes-szalloda-mozgaskorlatozott-vendegek-szamara-kozel-a-tengerparthoz\/#primaryimage\"},\"thumbnailUrl\":\"https:\/\/hoteltoledo.it\/wp-content\/uploads\/2025\/07\/Hotel-a-Jesolo-accessibile-ai-disabili-vicino-alla-spiaggia.webp\",\"datePublished\":\"2025-07-04T08:00:19+00:00\",\"dateModified\":\"2025-07-08T09:52:40+00:00\",\"description\":\"Fedezd fel a jesol\u00f3i Hotel Toledo-t: akad\u00e1lymentes, mozg\u00e1ss\u00e9r\u00fcltek sz\u00e1m\u00e1ra is k\u00e9nyelmes, p\u00e1r l\u00e9p\u00e9sre a tengert\u0151l, figyelmes szolg\u00e1ltat\u00e1sokkal.\",\"breadcrumb\":{\"@id\":\"https:\/\/hoteltoledo.it\/hu\/hol-talalhato-jesoloban-akadalymentes-szalloda-mozgaskorlatozott-vendegek-szamara-kozel-a-tengerparthoz\/#breadcrumb\"},\"inLanguage\":\"hu\",\"potentialAction\":[{\"@type\":\"ReadAction\",\"target\":[\"https:\/\/hoteltoledo.it\/hu\/hol-talalhato-jesoloban-akadalymentes-szalloda-mozgaskorlatozott-vendegek-szamara-kozel-a-tengerparthoz\/\"]}]},{\"@type\":\"ImageObject\",\"inLanguage\":\"hu\",\"@id\":\"https:\/\/hoteltoledo.it\/hu\/hol-talalhato-jesoloban-akadalymentes-szalloda-mozgaskorlatozott-vendegek-szamara-kozel-a-tengerparthoz\/#primaryimage\",\"url\":\"https:\/\/hoteltoledo.it\/wp-content\/uploads\/2025\/07\/Hotel-a-Jesolo-accessibile-ai-disabili-vicino-alla-spiaggia.webp\",\"contentUrl\":\"https:\/\/hoteltoledo.it\/wp-content\/uploads\/2025\/07\/Hotel-a-Jesolo-accessibile-ai-disabili-vicino-alla-spiaggia.webp\",\"width\":1920,\"height\":840,\"caption\":\"Hol tal\u00e1lhat\u00f3 Jesol\u00f3ban akad\u00e1lymentes sz\u00e1lloda mozg\u00e1skorl\u00e1tozott vend\u00e9gek sz\u00e1m\u00e1ra, k\u00f6zel a tengerparthoz?\"},{\"@type\":\"BreadcrumbList\",\"@id\":\"https:\/\/hoteltoledo.it\/hu\/hol-talalhato-jesoloban-akadalymentes-szalloda-mozgaskorlatozott-vendegek-szamara-kozel-a-tengerparthoz\/#breadcrumb\",\"itemListElement\":[{\"@type\":\"ListItem\",\"position\":1,\"name\":\"Home\",\"item\":\"https:\/\/hoteltoledo.it\/hu\/\"},{\"@type\":\"ListItem\",\"position\":2,\"name\":\"Hol tal\u00e1lhat\u00f3 Jesol\u00f3ban akad\u00e1lymentes sz\u00e1lloda mozg\u00e1skorl\u00e1tozott vend\u00e9gek sz\u00e1m\u00e1ra, k\u00f6zel a tengerparthoz?\"}]},{\"@type\":\"WebSite\",\"@id\":\"https:\/\/hoteltoledo.it\/hu\/#website\",\"url\":\"https:\/\/hoteltoledo.it\/hu\/\",\"name\":\"Hotel Toledo Jesolo\",\"description\":\"\",\"publisher\":{\"@id\":\"https:\/\/hoteltoledo.it\/hu\/#organization\"},\"potentialAction\":[{\"@type\":\"SearchAction\",\"target\":{\"@type\":\"EntryPoint\",\"urlTemplate\":\"https:\/\/hoteltoledo.it\/hu\/?s={search_term_string}\"},\"query-input\":{\"@type\":\"PropertyValueSpecification\",\"valueRequired\":true,\"valueName\":\"search_term_string\"}}],\"inLanguage\":\"hu\"},{\"@type\":\"Organization\",\"@id\":\"https:\/\/hoteltoledo.it\/hu\/#organization\",\"name\":\"Hotel Toledo Jesolo\",\"url\":\"https:\/\/hoteltoledo.it\/hu\/\",\"logo\":{\"@type\":\"ImageObject\",\"inLanguage\":\"hu\",\"@id\":\"https:\/\/hoteltoledo.it\/hu\/#\/schema\/logo\/image\/\",\"url\":\"https:\/\/hoteltoledo.it\/wp-content\/uploads\/2024\/11\/Hotel_Toledo_Jesolo-e1732787787582.png\",\"contentUrl\":\"https:\/\/hoteltoledo.it\/wp-content\/uploads\/2024\/11\/Hotel_Toledo_Jesolo-e1732787787582.png\",\"width\":250,\"height\":77,\"caption\":\"Hotel Toledo Jesolo\"},\"image\":{\"@id\":\"https:\/\/hoteltoledo.it\/hu\/#\/schema\/logo\/image\/\"}}]}<\/script>\n<!-- \/ Yoast SEO plugin. -->","yoast_head_json":{"title":"Mozg\u00e1skorl\u00e1tozottaknak megfelel\u0151 hotel Jesol\u00f3ban - Hotel Toledo Jesolo akad\u00e1lymentes","description":"Fedezd fel a jesol\u00f3i Hotel Toledo-t: akad\u00e1lymentes, mozg\u00e1ss\u00e9r\u00fcltek sz\u00e1m\u00e1ra is k\u00e9nyelmes, p\u00e1r l\u00e9p\u00e9sre a tengert\u0151l, figyelmes szolg\u00e1ltat\u00e1sokkal.","robots":{"index":"index","follow":"follow","max-snippet":"max-snippet:-1","max-image-preview":"max-image-preview:large","max-video-preview":"max-video-preview:-1"},"canonical":"https:\/\/hoteltoledo.it\/hu\/hol-talalhato-jesoloban-akadalymentes-szalloda-mozgaskorlatozott-vendegek-szamara-kozel-a-tengerparthoz\/","og_locale":"hu_HU","og_type":"article","og_title":"Mozg\u00e1skorl\u00e1tozottaknak megfelel\u0151 hotel Jesol\u00f3ban - Hotel Toledo Jesolo akad\u00e1lymentes","og_description":"Fedezd fel a jesol\u00f3i Hotel Toledo-t: akad\u00e1lymentes, mozg\u00e1ss\u00e9r\u00fcltek sz\u00e1m\u00e1ra is k\u00e9nyelmes, p\u00e1r l\u00e9p\u00e9sre a tengert\u0151l, figyelmes szolg\u00e1ltat\u00e1sokkal.","og_url":"https:\/\/hoteltoledo.it\/hu\/hol-talalhato-jesoloban-akadalymentes-szalloda-mozgaskorlatozott-vendegek-szamara-kozel-a-tengerparthoz\/","og_site_name":"Hotel Toledo Jesolo","article_modified_time":"2025-07-08T09:52:40+00:00","og_image":[{"width":1920,"height":840,"url":"https:\/\/hoteltoledo.it\/wp-content\/uploads\/2025\/07\/Hotel-a-Jesolo-accessibile-ai-disabili-vicino-alla-spiaggia.webp","type":"image\/webp"}],"twitter_card":"summary_large_image","twitter_misc":{"Becs\u00fclt olvas\u00e1si id\u0151":"3 perc"},"schema":{"@context":"https:\/\/schema.org","@graph":[{"@type":"WebPage","@id":"https:\/\/hoteltoledo.it\/hu\/hol-talalhato-jesoloban-akadalymentes-szalloda-mozgaskorlatozott-vendegek-szamara-kozel-a-tengerparthoz\/","url":"https:\/\/hoteltoledo.it\/hu\/hol-talalhato-jesoloban-akadalymentes-szalloda-mozgaskorlatozott-vendegek-szamara-kozel-a-tengerparthoz\/","name":"Mozg\u00e1skorl\u00e1tozottaknak megfelel\u0151 hotel Jesol\u00f3ban - Hotel Toledo Jesolo akad\u00e1lymentes","isPartOf":{"@id":"https:\/\/hoteltoledo.it\/hu\/#website"},"primaryImageOfPage":{"@id":"https:\/\/hoteltoledo.it\/hu\/hol-talalhato-jesoloban-akadalymentes-szalloda-mozgaskorlatozott-vendegek-szamara-kozel-a-tengerparthoz\/#primaryimage"},"image":{"@id":"https:\/\/hoteltoledo.it\/hu\/hol-talalhato-jesoloban-akadalymentes-szalloda-mozgaskorlatozott-vendegek-szamara-kozel-a-tengerparthoz\/#primaryimage"},"thumbnailUrl":"https:\/\/hoteltoledo.it\/wp-content\/uploads\/2025\/07\/Hotel-a-Jesolo-accessibile-ai-disabili-vicino-alla-spiaggia.webp","datePublished":"2025-07-04T08:00:19+00:00","dateModified":"2025-07-08T09:52:40+00:00","description":"Fedezd fel a jesol\u00f3i Hotel Toledo-t: akad\u00e1lymentes, mozg\u00e1ss\u00e9r\u00fcltek sz\u00e1m\u00e1ra is k\u00e9nyelmes, p\u00e1r l\u00e9p\u00e9sre a tengert\u0151l, figyelmes szolg\u00e1ltat\u00e1sokkal.","breadcrumb":{"@id":"https:\/\/hoteltoledo.it\/hu\/hol-talalhato-jesoloban-akadalymentes-szalloda-mozgaskorlatozott-vendegek-szamara-kozel-a-tengerparthoz\/#breadcrumb"},"inLanguage":"hu","potentialAction":[{"@type":"ReadAction","target":["https:\/\/hoteltoledo.it\/hu\/hol-talalhato-jesoloban-akadalymentes-szalloda-mozgaskorlatozott-vendegek-szamara-kozel-a-tengerparthoz\/"]}]},{"@type":"ImageObject","inLanguage":"hu","@id":"https:\/\/hoteltoledo.it\/hu\/hol-talalhato-jesoloban-akadalymentes-szalloda-mozgaskorlatozott-vendegek-szamara-kozel-a-tengerparthoz\/#primaryimage","url":"https:\/\/hoteltoledo.it\/wp-content\/uploads\/2025\/07\/Hotel-a-Jesolo-accessibile-ai-disabili-vicino-alla-spiaggia.webp","contentUrl":"https:\/\/hoteltoledo.it\/wp-content\/uploads\/2025\/07\/Hotel-a-Jesolo-accessibile-ai-disabili-vicino-alla-spiaggia.webp","width":1920,"height":840,"caption":"Hol tal\u00e1lhat\u00f3 Jesol\u00f3ban akad\u00e1lymentes sz\u00e1lloda mozg\u00e1skorl\u00e1tozott vend\u00e9gek sz\u00e1m\u00e1ra, k\u00f6zel a tengerparthoz?"},{"@type":"BreadcrumbList","@id":"https:\/\/hoteltoledo.it\/hu\/hol-talalhato-jesoloban-akadalymentes-szalloda-mozgaskorlatozott-vendegek-szamara-kozel-a-tengerparthoz\/#breadcrumb","itemListElement":[{"@type":"ListItem","position":1,"name":"Home","item":"https:\/\/hoteltoledo.it\/hu\/"},{"@type":"ListItem","position":2,"name":"Hol tal\u00e1lhat\u00f3 Jesol\u00f3ban akad\u00e1lymentes sz\u00e1lloda mozg\u00e1skorl\u00e1tozott vend\u00e9gek sz\u00e1m\u00e1ra, k\u00f6zel a tengerparthoz?"}]},{"@type":"WebSite","@id":"https:\/\/hoteltoledo.it\/hu\/#website","url":"https:\/\/hoteltoledo.it\/hu\/","name":"Hotel Toledo Jesolo","description":"","publisher":{"@id":"https:\/\/hoteltoledo.it\/hu\/#organization"},"potentialAction":[{"@type":"SearchAction","target":{"@type":"EntryPoint","urlTemplate":"https:\/\/hoteltoledo.it\/hu\/?s={search_term_string}"},"query-input":{"@type":"PropertyValueSpecification","valueRequired":true,"valueName":"search_term_string"}}],"inLanguage":"hu"},{"@type":"Organization","@id":"https:\/\/hoteltoledo.it\/hu\/#organization","name":"Hotel Toledo Jesolo","url":"https:\/\/hoteltoledo.it\/hu\/","logo":{"@type":"ImageObject","inLanguage":"hu","@id":"https:\/\/hoteltoledo.it\/hu\/#\/schema\/logo\/image\/","url":"https:\/\/hoteltoledo.it\/wp-content\/uploads\/2024\/11\/Hotel_Toledo_Jesolo-e1732787787582.png","contentUrl":"https:\/\/hoteltoledo.it\/wp-content\/uploads\/2024\/11\/Hotel_Toledo_Jesolo-e1732787787582.png","width":250,"height":77,"caption":"Hotel Toledo Jesolo"},"image":{"@id":"https:\/\/hoteltoledo.it\/hu\/#\/schema\/logo\/image\/"}}]}},"_links":{"self":[{"href":"https:\/\/hoteltoledo.it\/hu\/wp-json\/wp\/v2\/pages\/1783","targetHints":{"allow":["GET"]}}],"collection":[{"href":"https:\/\/hoteltoledo.it\/hu\/wp-json\/wp\/v2\/pages"}],"about":[{"href":"https:\/\/hoteltoledo.it\/hu\/wp-json\/wp\/v2\/types\/page"}],"author":[{"embeddable":true,"href":"https:\/\/hoteltoledo.it\/hu\/wp-json\/wp\/v2\/users\/1"}],"replies":[{"embeddable":true,"href":"https:\/\/hoteltoledo.it\/hu\/wp-json\/wp\/v2\/comments?post=1783"}],"version-history":[{"count":3,"href":"https:\/\/hoteltoledo.it\/hu\/wp-json\/wp\/v2\/pages\/1783\/revisions"}],"predecessor-version":[{"id":2061,"href":"https:\/\/hoteltoledo.it\/hu\/wp-json\/wp\/v2\/pages\/1783\/revisions\/2061"}],"wp:featuredmedia":[{"embeddable":true,"href":"https:\/\/hoteltoledo.it\/hu\/wp-json\/wp\/v2\/media\/1779"}],"wp:attachment":[{"href":"https:\/\/hoteltoledo.it\/hu\/wp-json\/wp\/v2\/media?parent=1783"}],"curies":[{"name":"wp","href":"https:\/\/api.w.org\/{rel}","templated":true}]}}