{"id":1802,"date":"2025-07-04T08:59:40","date_gmt":"2025-07-04T08:59:40","guid":{"rendered":"https:\/\/hoteltoledo.it\/quali-hotel-a-jesolo-offrono-sconti-se-prenoti-in-anticipo\/"},"modified":"2025-07-08T09:58:31","modified_gmt":"2025-07-08T09:58:31","slug":"mely-szallodak-kinalnak-kedvezmenyt-jesoloban-ha-elore-foglalsz","status":"publish","type":"page","link":"https:\/\/hoteltoledo.it\/hu\/mely-szallodak-kinalnak-kedvezmenyt-jesoloban-ha-elore-foglalsz\/","title":{"rendered":"Mely sz\u00e1llod\u00e1k k\u00edn\u00e1lnak kedvezm\u00e9nyt Jesol\u00f3ban, ha el\u0151re foglalsz?"},"content":{"rendered":"\n<h2 class=\"wp-block-heading\">Haszn\u00e1ld ki az el\u0151foglal\u00e1si kedvezm\u00e9nyeket: \u00edgy m\u0171k\u00f6dik<\/h2>\n\n\n\n<p>Ha nyaral\u00e1st tervezel Jesol\u00f3ban, az egyik legjobb sp\u00f3rol\u00e1si lehet\u0151s\u00e9g, ha <strong>j\u00f3 el\u0151re lefoglalod a sz\u00e1ll\u00e1st<\/strong>. Sok hotel \u2013 k\u00f6zt\u00fck a <strong>Hotel Toledo<\/strong> \u2013 k\u00edn\u00e1l k\u00fcl\u00f6nleges prom\u00f3ci\u00f3kat azoknak, akik id\u0151ben szerveznek. Ezeket nevezz\u00fck <strong>el\u0151foglal\u00e1si kedvezm\u00e9nyeknek<\/strong>, \u00e9s lehet\u0151s\u00e9get adnak arra, hogy <strong>kedvez\u0151bb \u00e1ron<\/strong> jussunk szob\u00e1hoz, mint az utols\u00f3 pillanatban foglal\u00f3k.<\/p>\n\n\n\n<h2 class=\"wp-block-heading\">Hotel Toledo: val\u00f3s kedvezm\u00e9nyek azoknak, akik id\u0151ben foglalnak<\/h2>\n\n\n\n<p>A Hotel Toledo minden \u00e9vben k\u00edn\u00e1l <strong>el\u0151foglal\u00e1si akci\u00f3kat<\/strong> azoknak, akik <strong>k\u00f6zvetlen\u00fcl a hivatalos weboldalon<\/strong> kereszt\u00fcl vagy telefonon foglalnak. A kedvezm\u00e9nyek t\u00f6bbf\u00e9le szobat\u00edpusra is \u00e9rv\u00e9nyesek, s\u0151t, <strong>f\u0151szezonban is el\u00e9rhet\u0151k<\/strong>. Egyes aj\u00e1nlatokban r\u00e1ad\u00e1sul <strong>tov\u00e1bbi ingyenes szolg\u00e1ltat\u00e1sok<\/strong> is szerepelnek, reggeli vagy <a href=\"https:\/\/hoteltoledo.it\/hu\/hol-talalni-kerekparkolcsonzovel-rendelkezo-szallodat-jesoloban\/\">ker\u00e9kp\u00e1rk\u00f6lcs\u00f6nz\u00e9s<\/a>.<\/p>\n\n\n\n<p><strong>El\u0151foglal\u00e1s el\u0151nyei a Hotel Toledo-ban<\/strong><\/p>\n\n\n\n<ul class=\"wp-block-list\">\n<li>Ak\u00e1r 15\u202f% kedvezm\u00e9ny el\u0151zetes foglal\u00e1s eset\u00e9n<\/li>\n\n\n\n<li>Akci\u00f3k \u00e9rv\u00e9nyesek a ny\u00e1ri h\u00f3napokra is<\/li>\n\n\n\n<li>Nincs k\u00f6zvet\u00edt\u0151i d\u00edj vagy jutal\u00e9k<\/li>\n\n\n\n<li>Nagyobb szobav\u00e1laszt\u00e9k \u00e9s lehet\u0151s\u00e9g kedvenc t\u00edpus foglal\u00e1s\u00e1ra<\/li>\n\n\n\n<li>Extra szolg\u00e1ltat\u00e1sok kedvezm\u00e9nyes \u00e1ron hozz\u00e1adhat\u00f3k<\/li>\n<\/ul>\n\n\n\n<h2 class=\"wp-block-heading\">Mi\u00e9rt \u00e9ri meg t\u00e9nyleg el\u0151re foglalni?<\/h2>\n\n\n\n<p>A megtakar\u00edt\u00e1son t\u00fal az el\u0151foglal\u00e1snak m\u00e1s el\u0151nyei is vannak. Elker\u00fclhet\u0151ek a foglal\u00e1si probl\u00e9m\u00e1k (k\u00fcl\u00f6n\u00f6sen csal\u00e1dokn\u00e1l vagy speci\u00e1lis ig\u00e9nyek eset\u00e9n), biztosan megkaphatjuk <strong>az \u00e1ltalunk k\u00edv\u00e1nt szob\u00e1t<\/strong>, \u00e9s t\u00f6bb id\u0151nk marad a nyaral\u00e1s minden r\u00e9szlet\u00e9nek megtervez\u00e9s\u00e9re.<\/p>\n\n\n\n<p><strong>Ide\u00e1lis csal\u00e1doknak \u00e9s visszat\u00e9r\u0151 vend\u00e9geknek<\/strong><\/p>\n\n\n\n<p>A gyerekes csal\u00e1dok sz\u00e1m\u00e1ra l\u00e9tfontoss\u00e1g\u00fa, hogy minden id\u0151ben meg legyen szervezve: j\u00f3 elhelyezked\u00e9s, megfelel\u0151 szoba, strand k\u00f6zels\u00e9ge. Az el\u0151foglal\u00e1si akci\u00f3k k\u00fcl\u00f6n\u00f6sen <strong>visszat\u00e9r\u0151 vend\u00e9geknek<\/strong> aj\u00e1nlottak, akik minden \u00e9vben Jesol\u00f3ba j\u00f6nnek, \u00e9s <strong>ugyanazt a k\u00e9nyelmet szeretn\u00e9k<\/strong> megkapni kedvez\u0151bb \u00e1ron.<\/p>\n\n\n\n<h2 class=\"wp-block-heading\">Hogyan m\u0171k\u00f6dik az el\u0151foglal\u00e1s?<\/h2>\n\n\n\n<p>A Hotel Toledo-n\u00e1l az el\u0151foglal\u00e1s egyszer\u0171. Az aktu\u00e1lis prom\u00f3ci\u00f3k megtal\u00e1lhat\u00f3k a <strong>hivatalos weboldalon<\/strong>, \u00e1ltal\u00e1ban a nyit\u00f3lapon vagy az \u201cAj\u00e1nlatok\u201d men\u00fcpont alatt. Alternat\u00edv megold\u00e1sk\u00e9nt telefonon vagy e-mailben is \u00e9rdekl\u0151dhetsz, <strong>milyen el\u0151foglal\u00e1si kedvezm\u00e9nyek \u00e9rhet\u0151k el jelenleg a ny\u00e1rra<\/strong>.<\/p>\n\n\n\n<p>Egyes aj\u00e1nlatokhoz <strong>nem visszat\u00e9r\u00edthet\u0151 el\u0151leg<\/strong> is t\u00e1rsulhat, de ennek fej\u00e9ben jelent\u0151s \u00e1rengedm\u00e9nyt kapsz. M\u00e1s akci\u00f3k rugalmasabbak, p\u00e9ld\u00e1ul <strong>az \u00e9rkez\u00e9s el\u0151tti hetekben m\u00e9g m\u00f3dos\u00edthat\u00f3k az id\u0151pontok<\/strong>.<\/p>\n\n\n\n<h2 class=\"wp-block-heading\">Korl\u00e1tozott el\u00e9rhet\u0151s\u00e9g<\/h2>\n\n\n\n<p>Fontos tudni, hogy az el\u0151foglal\u00e1si akci\u00f3k <strong>korl\u00e1tozott sz\u00e1mban \u00e9rhet\u0151k el<\/strong>. Ha az adott prom\u00f3ci\u00f3ra sz\u00e1nt szob\u00e1k elfogytak, a norm\u00e1l \u00e1rak l\u00e9pnek \u00e9rv\u00e9nybe. Ez\u00e9rt mindig aj\u00e1nlott <strong>min\u00e9l hamarabb lefoglalni a szob\u00e1t<\/strong>, k\u00fcl\u00f6n\u00f6sen a n\u00e9pszer\u0171 id\u0151szakokban, mint j\u00falius \u00e9s augusztus.<\/p>\n\n\n\n<h2 class=\"wp-block-heading\">K\u00f6zvetlen foglal\u00e1s a legjobb d\u00f6nt\u00e9s<\/h2>\n\n\n\n<p>A Hotel Toledo el\u0151foglal\u00e1si akci\u00f3i <strong>csak k\u00f6zvetlen foglal\u00e1s eset\u00e9n \u00e9rv\u00e9nyesek<\/strong>, nem el\u00e9rhet\u0151k k\u00fcls\u0151 port\u00e1lokon. \u00cdgy nem kell plusz jutal\u00e9kot fizetni a k\u00f6zvet\u00edt\u0151knek, \u00e9s lehet\u0151s\u00e9g van <strong>szem\u00e9lyesen egyeztetni a sz\u00e1lloda munkat\u00e1rsaival<\/strong>, hogy a nyaral\u00e1s t\u00e9nyleg szem\u00e9lyre szabott legyen.<\/p>\n\n\n\n<p>A k\u00f6zvetlen foglal\u00e1s tov\u00e1bbi el\u0151ny\u00f6kkel is j\u00e1r:<\/p>\n\n\n\n<ul class=\"wp-block-list\">\n<li>Kor\u00e1bbi bejelentkez\u00e9s vagy k\u00e9s\u0151i kijelentkez\u00e9s (ha el\u00e9rhet\u0151)<\/li>\n\n\n\n<li>Kor\u00e1bban m\u00e1r k\u00e9rt szoba \u00fajrafoglal\u00e1sa<\/li>\n\n\n\n<li>Egyedi \u00e9tkez\u00e9si vagy logisztikai ig\u00e9nyek k\u00f6zvetlen egyeztet\u00e9se<\/li>\n<\/ul>\n\n\n\n<h2 class=\"wp-block-heading\">Szervezz id\u0151ben, sp\u00f3rolj okosan<\/h2>\n\n\n\n<p>Ha a k\u00f6vetkez\u0151 nyaral\u00e1sodat Jesol\u00f3ban tervezed, ne halogasd a foglal\u00e1st. <strong>Ha most foglalsz, kevesebbet fizetsz \u00e9s t\u00f6bbet v\u00e1laszthatsz<\/strong>, r\u00e1ad\u00e1sul biztos lehetsz benne, hogy minden el van int\u00e9zve.<\/p>\n\n\n\n<p><a href=\"https:\/\/hoteltoledo.it\/hu\/\">L\u00e1togasd meg a <strong>Hotel Toledo hivatalos weboldal\u00e1t<\/strong><\/a>, n\u00e9zd meg az aktu\u00e1lis <strong>el\u0151foglal\u00e1si aj\u00e1nlatokat<\/strong>, v\u00e1laszd ki a k\u00edv\u00e1nt szob\u00e1t, \u00e9s foglald le a legjobb \u00e1ron. Foglalj m\u00e9g ma, \u00e9s \u00e9lvezd Jesol\u00f3t stresszmentesen, utols\u00f3 pillanatos \u00e1remel\u00e9sek n\u00e9lk\u00fcl.<\/p>\n","protected":false},"excerpt":{"rendered":"<p>Haszn\u00e1ld ki az el\u0151foglal\u00e1si kedvezm\u00e9nyeket: \u00edgy m\u0171k\u00f6dik Ha nyaral\u00e1st tervezel Jesol\u00f3ban, az egyik legjobb sp\u00f3rol\u00e1si lehet\u0151s\u00e9g, ha j\u00f3 el\u0151re lefoglalod a sz\u00e1ll\u00e1st. Sok hotel \u2013 k\u00f6zt\u00fck a Hotel Toledo \u2013 k\u00edn\u00e1l k\u00fcl\u00f6nleges prom\u00f3ci\u00f3kat azoknak, akik id\u0151ben szerveznek. Ezeket nevezz\u00fck el\u0151foglal\u00e1si kedvezm\u00e9nyeknek, \u00e9s lehet\u0151s\u00e9get adnak arra, hogy kedvez\u0151bb \u00e1ron jussunk szob\u00e1hoz, mint az utols\u00f3 pillanatban foglal\u00f3k. [&hellip;]<\/p>\n","protected":false},"author":1,"featured_media":1798,"parent":0,"menu_order":0,"comment_status":"closed","ping_status":"closed","template":"","meta":{"_acf_changed":false,"footnotes":""},"class_list":["post-1802","page","type-page","status-publish","has-post-thumbnail","hentry"],"acf":[],"yoast_head":"<!-- This site is optimized with the Yoast SEO plugin v26.3 - https:\/\/yoast.com\/wordpress\/plugins\/seo\/ -->\n<title>Mely sz\u00e1llod\u00e1k k\u00edn\u00e1lnak kedvezm\u00e9nyt Jesol\u00f3ban, ha el\u0151re foglalsz? - Hotel Toledo Jesolo<\/title>\n<meta name=\"description\" content=\"Takar\u00edts meg p\u00e9nzt jesol\u00f3i nyaral\u00e1sodon a Hotel Toledo el\u0151foglal\u00e1si akci\u00f3ival: exkluz\u00edv kedvezm\u00e9nyek azoknak, akik id\u0151ben foglalnak.\" \/>\n<meta name=\"robots\" content=\"index, follow, max-snippet:-1, max-image-preview:large, max-video-preview:-1\" \/>\n<link rel=\"canonical\" href=\"https:\/\/hoteltoledo.it\/hu\/mely-szallodak-kinalnak-kedvezmenyt-jesoloban-ha-elore-foglalsz\/\" \/>\n<meta property=\"og:locale\" content=\"hu_HU\" \/>\n<meta property=\"og:type\" content=\"article\" \/>\n<meta property=\"og:title\" content=\"Mely sz\u00e1llod\u00e1k k\u00edn\u00e1lnak kedvezm\u00e9nyt Jesol\u00f3ban, ha el\u0151re foglalsz? - Hotel Toledo Jesolo\" \/>\n<meta property=\"og:description\" content=\"Takar\u00edts meg p\u00e9nzt jesol\u00f3i nyaral\u00e1sodon a Hotel Toledo el\u0151foglal\u00e1si akci\u00f3ival: exkluz\u00edv kedvezm\u00e9nyek azoknak, akik id\u0151ben foglalnak.\" \/>\n<meta property=\"og:url\" content=\"https:\/\/hoteltoledo.it\/hu\/mely-szallodak-kinalnak-kedvezmenyt-jesoloban-ha-elore-foglalsz\/\" \/>\n<meta property=\"og:site_name\" content=\"Hotel Toledo Jesolo\" \/>\n<meta property=\"article:modified_time\" content=\"2025-07-08T09:58:31+00:00\" \/>\n<meta property=\"og:image\" content=\"https:\/\/hoteltoledo.it\/wp-content\/uploads\/2025\/07\/Hotel-con-sconto-se-prenoti-prima.webp\" \/>\n\t<meta property=\"og:image:width\" content=\"1920\" \/>\n\t<meta property=\"og:image:height\" content=\"840\" \/>\n\t<meta property=\"og:image:type\" content=\"image\/webp\" \/>\n<meta name=\"twitter:card\" content=\"summary_large_image\" \/>\n<meta name=\"twitter:label1\" content=\"Becs\u00fclt olvas\u00e1si id\u0151\" \/>\n\t<meta name=\"twitter:data1\" content=\"3 perc\" \/>\n<script type=\"application\/ld+json\" class=\"yoast-schema-graph\">{\"@context\":\"https:\/\/schema.org\",\"@graph\":[{\"@type\":\"WebPage\",\"@id\":\"https:\/\/hoteltoledo.it\/hu\/mely-szallodak-kinalnak-kedvezmenyt-jesoloban-ha-elore-foglalsz\/\",\"url\":\"https:\/\/hoteltoledo.it\/hu\/mely-szallodak-kinalnak-kedvezmenyt-jesoloban-ha-elore-foglalsz\/\",\"name\":\"Mely sz\u00e1llod\u00e1k k\u00edn\u00e1lnak kedvezm\u00e9nyt Jesol\u00f3ban, ha el\u0151re foglalsz? - Hotel Toledo Jesolo\",\"isPartOf\":{\"@id\":\"https:\/\/hoteltoledo.it\/hu\/#website\"},\"primaryImageOfPage\":{\"@id\":\"https:\/\/hoteltoledo.it\/hu\/mely-szallodak-kinalnak-kedvezmenyt-jesoloban-ha-elore-foglalsz\/#primaryimage\"},\"image\":{\"@id\":\"https:\/\/hoteltoledo.it\/hu\/mely-szallodak-kinalnak-kedvezmenyt-jesoloban-ha-elore-foglalsz\/#primaryimage\"},\"thumbnailUrl\":\"https:\/\/hoteltoledo.it\/wp-content\/uploads\/2025\/07\/Hotel-con-sconto-se-prenoti-prima.webp\",\"datePublished\":\"2025-07-04T08:59:40+00:00\",\"dateModified\":\"2025-07-08T09:58:31+00:00\",\"description\":\"Takar\u00edts meg p\u00e9nzt jesol\u00f3i nyaral\u00e1sodon a Hotel Toledo el\u0151foglal\u00e1si akci\u00f3ival: exkluz\u00edv kedvezm\u00e9nyek azoknak, akik id\u0151ben foglalnak.\",\"breadcrumb\":{\"@id\":\"https:\/\/hoteltoledo.it\/hu\/mely-szallodak-kinalnak-kedvezmenyt-jesoloban-ha-elore-foglalsz\/#breadcrumb\"},\"inLanguage\":\"hu\",\"potentialAction\":[{\"@type\":\"ReadAction\",\"target\":[\"https:\/\/hoteltoledo.it\/hu\/mely-szallodak-kinalnak-kedvezmenyt-jesoloban-ha-elore-foglalsz\/\"]}]},{\"@type\":\"ImageObject\",\"inLanguage\":\"hu\",\"@id\":\"https:\/\/hoteltoledo.it\/hu\/mely-szallodak-kinalnak-kedvezmenyt-jesoloban-ha-elore-foglalsz\/#primaryimage\",\"url\":\"https:\/\/hoteltoledo.it\/wp-content\/uploads\/2025\/07\/Hotel-con-sconto-se-prenoti-prima.webp\",\"contentUrl\":\"https:\/\/hoteltoledo.it\/wp-content\/uploads\/2025\/07\/Hotel-con-sconto-se-prenoti-prima.webp\",\"width\":1920,\"height\":840,\"caption\":\"Mely sz\u00e1llod\u00e1k k\u00edn\u00e1lnak kedvezm\u00e9nyt Jesol\u00f3ban, ha el\u0151re foglalsz?\"},{\"@type\":\"BreadcrumbList\",\"@id\":\"https:\/\/hoteltoledo.it\/hu\/mely-szallodak-kinalnak-kedvezmenyt-jesoloban-ha-elore-foglalsz\/#breadcrumb\",\"itemListElement\":[{\"@type\":\"ListItem\",\"position\":1,\"name\":\"Home\",\"item\":\"https:\/\/hoteltoledo.it\/hu\/\"},{\"@type\":\"ListItem\",\"position\":2,\"name\":\"Mely sz\u00e1llod\u00e1k k\u00edn\u00e1lnak kedvezm\u00e9nyt Jesol\u00f3ban, ha el\u0151re foglalsz?\"}]},{\"@type\":\"WebSite\",\"@id\":\"https:\/\/hoteltoledo.it\/hu\/#website\",\"url\":\"https:\/\/hoteltoledo.it\/hu\/\",\"name\":\"Hotel Toledo Jesolo\",\"description\":\"\",\"publisher\":{\"@id\":\"https:\/\/hoteltoledo.it\/hu\/#organization\"},\"potentialAction\":[{\"@type\":\"SearchAction\",\"target\":{\"@type\":\"EntryPoint\",\"urlTemplate\":\"https:\/\/hoteltoledo.it\/hu\/?s={search_term_string}\"},\"query-input\":{\"@type\":\"PropertyValueSpecification\",\"valueRequired\":true,\"valueName\":\"search_term_string\"}}],\"inLanguage\":\"hu\"},{\"@type\":\"Organization\",\"@id\":\"https:\/\/hoteltoledo.it\/hu\/#organization\",\"name\":\"Hotel Toledo Jesolo\",\"url\":\"https:\/\/hoteltoledo.it\/hu\/\",\"logo\":{\"@type\":\"ImageObject\",\"inLanguage\":\"hu\",\"@id\":\"https:\/\/hoteltoledo.it\/hu\/#\/schema\/logo\/image\/\",\"url\":\"https:\/\/hoteltoledo.it\/wp-content\/uploads\/2024\/11\/Hotel_Toledo_Jesolo-e1732787787582.png\",\"contentUrl\":\"https:\/\/hoteltoledo.it\/wp-content\/uploads\/2024\/11\/Hotel_Toledo_Jesolo-e1732787787582.png\",\"width\":250,\"height\":77,\"caption\":\"Hotel Toledo Jesolo\"},\"image\":{\"@id\":\"https:\/\/hoteltoledo.it\/hu\/#\/schema\/logo\/image\/\"}}]}<\/script>\n<!-- \/ Yoast SEO plugin. -->","yoast_head_json":{"title":"Mely sz\u00e1llod\u00e1k k\u00edn\u00e1lnak kedvezm\u00e9nyt Jesol\u00f3ban, ha el\u0151re foglalsz? - Hotel Toledo Jesolo","description":"Takar\u00edts meg p\u00e9nzt jesol\u00f3i nyaral\u00e1sodon a Hotel Toledo el\u0151foglal\u00e1si akci\u00f3ival: exkluz\u00edv kedvezm\u00e9nyek azoknak, akik id\u0151ben foglalnak.","robots":{"index":"index","follow":"follow","max-snippet":"max-snippet:-1","max-image-preview":"max-image-preview:large","max-video-preview":"max-video-preview:-1"},"canonical":"https:\/\/hoteltoledo.it\/hu\/mely-szallodak-kinalnak-kedvezmenyt-jesoloban-ha-elore-foglalsz\/","og_locale":"hu_HU","og_type":"article","og_title":"Mely sz\u00e1llod\u00e1k k\u00edn\u00e1lnak kedvezm\u00e9nyt Jesol\u00f3ban, ha el\u0151re foglalsz? - Hotel Toledo Jesolo","og_description":"Takar\u00edts meg p\u00e9nzt jesol\u00f3i nyaral\u00e1sodon a Hotel Toledo el\u0151foglal\u00e1si akci\u00f3ival: exkluz\u00edv kedvezm\u00e9nyek azoknak, akik id\u0151ben foglalnak.","og_url":"https:\/\/hoteltoledo.it\/hu\/mely-szallodak-kinalnak-kedvezmenyt-jesoloban-ha-elore-foglalsz\/","og_site_name":"Hotel Toledo Jesolo","article_modified_time":"2025-07-08T09:58:31+00:00","og_image":[{"width":1920,"height":840,"url":"https:\/\/hoteltoledo.it\/wp-content\/uploads\/2025\/07\/Hotel-con-sconto-se-prenoti-prima.webp","type":"image\/webp"}],"twitter_card":"summary_large_image","twitter_misc":{"Becs\u00fclt olvas\u00e1si id\u0151":"3 perc"},"schema":{"@context":"https:\/\/schema.org","@graph":[{"@type":"WebPage","@id":"https:\/\/hoteltoledo.it\/hu\/mely-szallodak-kinalnak-kedvezmenyt-jesoloban-ha-elore-foglalsz\/","url":"https:\/\/hoteltoledo.it\/hu\/mely-szallodak-kinalnak-kedvezmenyt-jesoloban-ha-elore-foglalsz\/","name":"Mely sz\u00e1llod\u00e1k k\u00edn\u00e1lnak kedvezm\u00e9nyt Jesol\u00f3ban, ha el\u0151re foglalsz? - Hotel Toledo Jesolo","isPartOf":{"@id":"https:\/\/hoteltoledo.it\/hu\/#website"},"primaryImageOfPage":{"@id":"https:\/\/hoteltoledo.it\/hu\/mely-szallodak-kinalnak-kedvezmenyt-jesoloban-ha-elore-foglalsz\/#primaryimage"},"image":{"@id":"https:\/\/hoteltoledo.it\/hu\/mely-szallodak-kinalnak-kedvezmenyt-jesoloban-ha-elore-foglalsz\/#primaryimage"},"thumbnailUrl":"https:\/\/hoteltoledo.it\/wp-content\/uploads\/2025\/07\/Hotel-con-sconto-se-prenoti-prima.webp","datePublished":"2025-07-04T08:59:40+00:00","dateModified":"2025-07-08T09:58:31+00:00","description":"Takar\u00edts meg p\u00e9nzt jesol\u00f3i nyaral\u00e1sodon a Hotel Toledo el\u0151foglal\u00e1si akci\u00f3ival: exkluz\u00edv kedvezm\u00e9nyek azoknak, akik id\u0151ben foglalnak.","breadcrumb":{"@id":"https:\/\/hoteltoledo.it\/hu\/mely-szallodak-kinalnak-kedvezmenyt-jesoloban-ha-elore-foglalsz\/#breadcrumb"},"inLanguage":"hu","potentialAction":[{"@type":"ReadAction","target":["https:\/\/hoteltoledo.it\/hu\/mely-szallodak-kinalnak-kedvezmenyt-jesoloban-ha-elore-foglalsz\/"]}]},{"@type":"ImageObject","inLanguage":"hu","@id":"https:\/\/hoteltoledo.it\/hu\/mely-szallodak-kinalnak-kedvezmenyt-jesoloban-ha-elore-foglalsz\/#primaryimage","url":"https:\/\/hoteltoledo.it\/wp-content\/uploads\/2025\/07\/Hotel-con-sconto-se-prenoti-prima.webp","contentUrl":"https:\/\/hoteltoledo.it\/wp-content\/uploads\/2025\/07\/Hotel-con-sconto-se-prenoti-prima.webp","width":1920,"height":840,"caption":"Mely sz\u00e1llod\u00e1k k\u00edn\u00e1lnak kedvezm\u00e9nyt Jesol\u00f3ban, ha el\u0151re foglalsz?"},{"@type":"BreadcrumbList","@id":"https:\/\/hoteltoledo.it\/hu\/mely-szallodak-kinalnak-kedvezmenyt-jesoloban-ha-elore-foglalsz\/#breadcrumb","itemListElement":[{"@type":"ListItem","position":1,"name":"Home","item":"https:\/\/hoteltoledo.it\/hu\/"},{"@type":"ListItem","position":2,"name":"Mely sz\u00e1llod\u00e1k k\u00edn\u00e1lnak kedvezm\u00e9nyt Jesol\u00f3ban, ha el\u0151re foglalsz?"}]},{"@type":"WebSite","@id":"https:\/\/hoteltoledo.it\/hu\/#website","url":"https:\/\/hoteltoledo.it\/hu\/","name":"Hotel Toledo Jesolo","description":"","publisher":{"@id":"https:\/\/hoteltoledo.it\/hu\/#organization"},"potentialAction":[{"@type":"SearchAction","target":{"@type":"EntryPoint","urlTemplate":"https:\/\/hoteltoledo.it\/hu\/?s={search_term_string}"},"query-input":{"@type":"PropertyValueSpecification","valueRequired":true,"valueName":"search_term_string"}}],"inLanguage":"hu"},{"@type":"Organization","@id":"https:\/\/hoteltoledo.it\/hu\/#organization","name":"Hotel Toledo Jesolo","url":"https:\/\/hoteltoledo.it\/hu\/","logo":{"@type":"ImageObject","inLanguage":"hu","@id":"https:\/\/hoteltoledo.it\/hu\/#\/schema\/logo\/image\/","url":"https:\/\/hoteltoledo.it\/wp-content\/uploads\/2024\/11\/Hotel_Toledo_Jesolo-e1732787787582.png","contentUrl":"https:\/\/hoteltoledo.it\/wp-content\/uploads\/2024\/11\/Hotel_Toledo_Jesolo-e1732787787582.png","width":250,"height":77,"caption":"Hotel Toledo Jesolo"},"image":{"@id":"https:\/\/hoteltoledo.it\/hu\/#\/schema\/logo\/image\/"}}]}},"_links":{"self":[{"href":"https:\/\/hoteltoledo.it\/hu\/wp-json\/wp\/v2\/pages\/1802","targetHints":{"allow":["GET"]}}],"collection":[{"href":"https:\/\/hoteltoledo.it\/hu\/wp-json\/wp\/v2\/pages"}],"about":[{"href":"https:\/\/hoteltoledo.it\/hu\/wp-json\/wp\/v2\/types\/page"}],"author":[{"embeddable":true,"href":"https:\/\/hoteltoledo.it\/hu\/wp-json\/wp\/v2\/users\/1"}],"replies":[{"embeddable":true,"href":"https:\/\/hoteltoledo.it\/hu\/wp-json\/wp\/v2\/comments?post=1802"}],"version-history":[{"count":4,"href":"https:\/\/hoteltoledo.it\/hu\/wp-json\/wp\/v2\/pages\/1802\/revisions"}],"predecessor-version":[{"id":2066,"href":"https:\/\/hoteltoledo.it\/hu\/wp-json\/wp\/v2\/pages\/1802\/revisions\/2066"}],"wp:featuredmedia":[{"embeddable":true,"href":"https:\/\/hoteltoledo.it\/hu\/wp-json\/wp\/v2\/media\/1798"}],"wp:attachment":[{"href":"https:\/\/hoteltoledo.it\/hu\/wp-json\/wp\/v2\/media?parent=1802"}],"curies":[{"name":"wp","href":"https:\/\/api.w.org\/{rel}","templated":true}]}}