{"id":1825,"date":"2025-07-04T10:11:34","date_gmt":"2025-07-04T10:11:34","guid":{"rendered":"https:\/\/hoteltoledo.it\/qual-e-un-buon-hotel-a-jesolo-a-gestione-familiare\/"},"modified":"2025-07-07T13:29:03","modified_gmt":"2025-07-07T13:29:03","slug":"melyik-egy-jo-csaladi-kezben-levo-szalloda-jesoloban","status":"publish","type":"page","link":"https:\/\/hoteltoledo.it\/hu\/melyik-egy-jo-csaladi-kezben-levo-szalloda-jesoloban\/","title":{"rendered":"Melyik egy j\u00f3, csal\u00e1di k\u00e9zben l\u00e9v\u0151 sz\u00e1lloda Jesol\u00f3ban?"},"content":{"rendered":"\n<h2 class=\"wp-block-heading\">Mi\u00e9rt v\u00e1lassz csal\u00e1di vezet\u00e9s\u0171 sz\u00e1llod\u00e1t Jesol\u00f3ban?<\/h2>\n\n\n\n<p>Ha nyaral\u00e1st tervezel, val\u00f3sz\u00edn\u0171leg nem csup\u00e1n egy \u00e1gyat keresel az \u00e9jszak\u00e1ra, hanem <strong>egy bar\u00e1ts\u00e1gos, otthonos l\u00e9gk\u00f6rt<\/strong>, ahol k\u00e9nyelmesen \u00e9rezheted magad. Egy <strong>csal\u00e1di vezet\u00e9s\u0171 sz\u00e1lloda<\/strong> t\u00f6k\u00e9letes v\u00e1laszt\u00e1s lehet azoknak, akik hiteles, szem\u00e9lyes \u00e9lm\u00e9nyre v\u00e1gynak.<\/p>\n\n\n\n<p>Jesol\u00f3ban, ahol a ny\u00e1ri id\u0151szakban rengeteg l\u00e1togat\u00f3 fordul meg, nem egyszer\u0171 olyan hotelt tal\u00e1lni, ahol a <strong>profizmus val\u00f3di emberi odafigyel\u00e9ssel<\/strong> p\u00e1rosul. A <strong>Hotel Toledo<\/strong> pontosan ez\u00e9rt k\u00fcl\u00f6nleges: csal\u00e1di k\u00e9zben m\u0171k\u00f6dik, \u00edgy <strong>meleg, szem\u00e9lyes l\u00e9gk\u00f6rt ny\u00fajt<\/strong>, ahol a vend\u00e9g val\u00f3ban otthon \u00e9rzi mag\u00e1t \u2013 de a sz\u00e1llodai k\u00e9nyelmet sem kell n\u00e9lk\u00fcl\u00f6znie.<\/p>\n\n\n\n<h2 class=\"wp-block-heading\">Hotel Toledo: ahol minden vend\u00e9get sz\u00edv\u00e9lyesen fogadnak<\/h2>\n\n\n\n<p>A Hotel Toledo-t egy olyan csal\u00e1d vezeti, amely m\u00e1r \u00e9vek \u00f3ta foglalkozik vend\u00e9gl\u00e1t\u00e1ssal. Ez t\u00f6bb, mint egy sz\u00e1ll\u00e1shely \u2013 <strong>egy nyitott otthon a vend\u00e9gek sz\u00e1m\u00e1ra<\/strong>. Minden r\u00e9szlet, a szob\u00e1k kialak\u00edt\u00e1s\u00e1t\u00f3l az \u00e9tlap \u00f6ssze\u00e1ll\u00edt\u00e1s\u00e1ig, az\u00e9rt sz\u00fcletik, hogy <strong>val\u00f3di, pihentet\u0151 \u00e9lm\u00e9nyt<\/strong> ny\u00fajtson.<\/p>\n\n\n\n<p><strong>Nyugodt, biztons\u00e1gos, emberk\u00f6zeli k\u00f6rnyezet<\/strong><\/p>\n\n\n\n<p>Nincsenek hossz\u00fa, n\u00e9vtelen folyos\u00f3k vagy t\u00e1vols\u00e1gtart\u00f3 recepci\u00f3k \u2013 helyett\u00fck <strong>mosolyg\u00f3s arcok<\/strong>, n\u00e9v szerint ismer\u0151s szem\u00e9lyzet \u00e9s val\u00f3di \u00e9rdekl\u0151d\u00e9s v\u00e1rja a vend\u00e9geket. Legyen ez az els\u0151 vagy a sokadik tart\u00f3zkod\u00e1sod, mindig <strong>ugyanazzal a melegs\u00e9ggel fogadnak<\/strong>.<\/p>\n\n\n\n<p><strong>A tulajdonos csal\u00e1d mindig jelen van<\/strong><\/p>\n\n\n\n<p>A vend\u00e9gek egyik legnagyobbra \u00e9rt\u00e9kelt tapasztalata a <strong>tulajdonos csal\u00e1d \u00e1lland\u00f3 jelenl\u00e9te<\/strong>. \u0150k mindig ott vannak, ha tan\u00e1csra, besz\u00e9lget\u00e9sre vagy gyors megold\u00e1sra van sz\u00fcks\u00e9g. Ez a szem\u00e9lyes jelenl\u00e9t <strong>bizalmat \u00e9s nyugalmat<\/strong> teremt, ami m\u00e9g \u00e9lvezetesebb\u00e9 teszi az ott-tart\u00f3zkod\u00e1st.<\/p>\n\n\n\n<h2 class=\"wp-block-heading\">Ide\u00e1lis csal\u00e1doknak, p\u00e1roknak \u00e9s egy\u00e9ni utaz\u00f3knak<\/h2>\n\n\n\n<p>Egy csal\u00e1di vezet\u00e9s\u0171 sz\u00e1lloda <strong>rugalmasan alkalmazkodik minden t\u00edpus\u00fa utaz\u00f3hoz<\/strong>. A <a href=\"https:\/\/hoteltoledo.it\/hu\/melyik-jesoloi-szalloda-idealis-kisgyermekes-csaladok-szamara-a-varoskozpontban\/\">csal\u00e1dosok<\/a> biztons\u00e1gos \u00e9s bar\u00e1ts\u00e1gos k\u00f6rnyezetet tal\u00e1lnak, a <a href=\"https:\/\/hoteltoledo.it\/hu\/melyik-jesoloi-szallodaban-van-jatszoszoba-kisgyermekeknek\/\">gyerekek<\/a> hamar otthon \u00e9rzik magukat, a sz\u00fcl\u0151k pedig t\u00e9nyleg kikapcsol\u00f3dhatnak. A p\u00e1rok \u00e9lvezhetik az <strong>intim, meghitt hangulatot<\/strong>, t\u00e1vol a nagy sz\u00e1llod\u00e1k ny\u00fczsg\u00e9s\u00e9t\u0151l. Az egyed\u00fcl utaz\u00f3k pedig <strong>egy bar\u00e1ts\u00e1gos \u00e9s seg\u00edt\u0151k\u00e9sz b\u00e1zist<\/strong> tal\u00e1lhatnak a Hotel Toledo-ban.<\/p>\n\n\n\n<h2 class=\"wp-block-heading\">Egyszer\u0171, de k\u00e9nyelmes szob\u00e1k<\/h2>\n\n\n\n<p>A Hotel Toledo szob\u00e1i t\u00fckr\u00f6zik a csal\u00e1di szeml\u00e9letet: <strong>egyszer\u0171ek, funkcion\u00e1lisak, de nagyon gondosan karbantartottak<\/strong>. Itt nem a f\u00e9ny\u0171z\u00e9s\u00e9 a f\u0151szerep, hanem a <strong>tisztas\u00e1g\u00e9, a nyugalom\u00e9 \u00e9s a k\u00e9nyelem\u00e9<\/strong>. Egyes szob\u00e1k erk\u00e9llyel rendelkeznek, m\u00e1sok nagyobb alapter\u00fclet\u0171ek, ide\u00e1lisak csal\u00e1doknak \u2013 mindegyik biztos\u00edtja a kellemes pihen\u00e9st \u00e9s az alapvet\u0151 felszerelts\u00e9get.<\/p>\n\n\n\n<h2 class=\"wp-block-heading\">H\u00e1zi jelleg\u0171, \u00edzletes \u00e9telek<\/h2>\n\n\n\n<p>Egy csal\u00e1di k\u00e9zben l\u00e9v\u0151 sz\u00e1llod\u00e1ban k\u00fcl\u00f6n figyelmet kap az <a href=\"https:\/\/hoteltoledo.it\/hu\/melyik-jesoloi-szallodaban-a-legvaltozatosabb-es-legizletesebb-a-konyha\/\">\u00e9tkez\u00e9s<\/a>. <strong>A Hotel Toledo-ban minden \u00e9tel friss alapanyagokb\u00f3l, egyszer\u0171 \u00e9s \u00edzletes receptek alapj\u00e1n k\u00e9sz\u00fcl, amelyek a velencei \u00e9s olasz hagyom\u00e1nyokon alapulnak.<\/strong><br><strong>Minden nap v\u00e1ltozatos men\u00fck k\u00f6z\u00fcl lehet v\u00e1lasztani, bele\u00e9rtve a gyerekeknek sz\u00f3l\u00f3 \u00e9s di\u00e9t\u00e1s lehet\u0151s\u00e9geket is.<\/strong><\/p>\n\n\n\n<p><strong>A reggeli: egy meleg \u00e9s b\u0151s\u00e9ges kezdet<\/strong><\/p>\n\n\n\n<p>A nap egy <strong>gazdag \u00e9s v\u00e1ltozatos reggelivel<\/strong> indul, melyet kedves mosollyal szolg\u00e1lnak fel, \u00e9s \u00e9des, valamint s\u00f3s fog\u00e1sokat is tartalmaz.<a href=\"https:\/\/hoteltoledo.it\/hu\/hol-talalhato-egy-haromcsillagos-szalloda-jesoloban-kedves-es-segitokesz-szemelyzettel\/\"> Ez egy j\u00f3 alkalom arra is, hogy <strong>besz\u00e9lgess\u00fcnk a szem\u00e9lyzettel, \u00e9s hasznos tippeket kapjunk a napi programhoz<\/strong>.<\/a><\/p>\n\n\n\n<h2 class=\"wp-block-heading\">Az igazi vend\u00e9gl\u00e1t\u00e1s \u00e9rt\u00e9ke<\/h2>\n\n\n\n<p>Egy olyan vil\u00e1gban, ahol minden automatiz\u00e1l\u00f3dik \u00e9s uniformiz\u00e1l\u00f3dik, a Hotel Toledo <strong>az igazi vend\u00e9gl\u00e1t\u00e1s \u00e9lm\u00e9ny\u00e9t<\/strong> ny\u00fajtja: apr\u00f3 gesztusokkal, \u0151szinte figyelemmel \u00e9s \u00e1lland\u00f3 el\u00e9rhet\u0151s\u00e9ggel. Itt nem csup\u00e1n a j\u00f3 kiszolg\u00e1l\u00e1s a c\u00e9l, hanem az, hogy <strong>minden vend\u00e9g fontosnak \u00e9rezze mag\u00e1t<\/strong>.<\/p>\n\n\n\n<h2 class=\"wp-block-heading\">A k\u00fcl\u00f6nbs\u00e9get m\u00e1r az els\u0151 napon meg\u00e9rzed<\/h2>\n\n\n\n<p>Ahogy bel\u00e9psz a Hotel Toledo-ba, r\u00f6gt\u00f6n \u00e9rezni fogod, hogy <strong>v\u00e1rtak \u00e9s sz\u00edvesen l\u00e1tnak<\/strong>. Ez a csal\u00e1di vezet\u00e9s ereje: egy egyszer\u0171, de <strong>\u0151szinte \u00e9s meleg k\u00f6rnyezet<\/strong>, amely emp\u00e1ti\u00e1ra, jelenl\u00e9tre \u00e9s napi szint\u0171 odaad\u00e1sra \u00e9p\u00fcl.<\/p>\n\n\n\n<p>Ha olyan <strong>sz\u00e1llod\u00e1t keresel Jesol\u00f3ban, ahol t\u00e9nyleg otthon \u00e9rezheted magad<\/strong>, kiv\u00e1l\u00f3 elhelyezked\u00e9ssel, h\u00e1zias \u00e9telekkel \u00e9s sz\u00edvb\u0151l j\u00f6v\u0151 vend\u00e9gl\u00e1t\u00e1ssal \u2013 a Hotel Toledo a t\u00f6k\u00e9letes v\u00e1laszt\u00e1s.<\/p>\n\n\n\n<p><a href=\"https:\/\/hoteltoledo.it\/hu\/\">Foglalj most k\u00f6zvetlen\u00fcl a hivatalos weboldalon<\/a>, \u00e9s \u00e9lvezd Jesol\u00f3t a nyugalom \u00e9s a csal\u00e1dias melegs\u00e9g jegy\u00e9ben.<\/p>\n","protected":false},"excerpt":{"rendered":"<p>Mi\u00e9rt v\u00e1lassz csal\u00e1di vezet\u00e9s\u0171 sz\u00e1llod\u00e1t Jesol\u00f3ban? Ha nyaral\u00e1st tervezel, val\u00f3sz\u00edn\u0171leg nem csup\u00e1n egy \u00e1gyat keresel az \u00e9jszak\u00e1ra, hanem egy bar\u00e1ts\u00e1gos, otthonos l\u00e9gk\u00f6rt, ahol k\u00e9nyelmesen \u00e9rezheted magad. Egy csal\u00e1di vezet\u00e9s\u0171 sz\u00e1lloda t\u00f6k\u00e9letes v\u00e1laszt\u00e1s lehet azoknak, akik hiteles, szem\u00e9lyes \u00e9lm\u00e9nyre v\u00e1gynak. Jesol\u00f3ban, ahol a ny\u00e1ri id\u0151szakban rengeteg l\u00e1togat\u00f3 fordul meg, nem egyszer\u0171 olyan hotelt tal\u00e1lni, ahol a [&hellip;]<\/p>\n","protected":false},"author":1,"featured_media":1821,"parent":0,"menu_order":0,"comment_status":"closed","ping_status":"closed","template":"","meta":{"_acf_changed":false,"footnotes":""},"class_list":["post-1825","page","type-page","status-publish","has-post-thumbnail","hentry"],"acf":[],"yoast_head":"<!-- This site is optimized with the Yoast SEO plugin v26.3 - https:\/\/yoast.com\/wordpress\/plugins\/seo\/ -->\n<title>Csal\u00e1di vezet\u00e9s\u0171 sz\u00e1lloda Jesol\u00f3ban, ahol otthon \u00e9rezheted magad<\/title>\n<meta name=\"description\" content=\"Ismerd meg a jesol\u00f3i Hotel Toledo meleg vend\u00e9gszeretet\u00e9t \u2013 csal\u00e1di k\u00e9zben l\u00e9v\u0151 sz\u00e1lloda, ahol m\u00e1r az els\u0151 napon otthon \u00e9rzed magad.\" \/>\n<meta name=\"robots\" content=\"index, follow, max-snippet:-1, max-image-preview:large, max-video-preview:-1\" \/>\n<link rel=\"canonical\" href=\"https:\/\/hoteltoledo.it\/hu\/melyik-egy-jo-csaladi-kezben-levo-szalloda-jesoloban\/\" \/>\n<meta property=\"og:locale\" content=\"hu_HU\" \/>\n<meta property=\"og:type\" content=\"article\" \/>\n<meta property=\"og:title\" content=\"Csal\u00e1di vezet\u00e9s\u0171 sz\u00e1lloda Jesol\u00f3ban, ahol otthon \u00e9rezheted magad\" \/>\n<meta property=\"og:description\" content=\"Ismerd meg a jesol\u00f3i Hotel Toledo meleg vend\u00e9gszeretet\u00e9t \u2013 csal\u00e1di k\u00e9zben l\u00e9v\u0151 sz\u00e1lloda, ahol m\u00e1r az els\u0151 napon otthon \u00e9rzed magad.\" \/>\n<meta property=\"og:url\" content=\"https:\/\/hoteltoledo.it\/hu\/melyik-egy-jo-csaladi-kezben-levo-szalloda-jesoloban\/\" \/>\n<meta property=\"og:site_name\" content=\"Hotel Toledo Jesolo\" \/>\n<meta property=\"article:modified_time\" content=\"2025-07-07T13:29:03+00:00\" \/>\n<meta property=\"og:image\" content=\"https:\/\/hoteltoledo.it\/wp-content\/uploads\/2025\/07\/Hotel-a-Jesolo-a-gestione-familiare.webp\" \/>\n\t<meta property=\"og:image:width\" content=\"1920\" \/>\n\t<meta property=\"og:image:height\" content=\"840\" \/>\n\t<meta property=\"og:image:type\" content=\"image\/webp\" \/>\n<meta name=\"twitter:card\" content=\"summary_large_image\" \/>\n<meta name=\"twitter:label1\" content=\"Becs\u00fclt olvas\u00e1si id\u0151\" \/>\n\t<meta name=\"twitter:data1\" content=\"4 perc\" \/>\n<script type=\"application\/ld+json\" class=\"yoast-schema-graph\">{\"@context\":\"https:\/\/schema.org\",\"@graph\":[{\"@type\":\"WebPage\",\"@id\":\"https:\/\/hoteltoledo.it\/hu\/melyik-egy-jo-csaladi-kezben-levo-szalloda-jesoloban\/\",\"url\":\"https:\/\/hoteltoledo.it\/hu\/melyik-egy-jo-csaladi-kezben-levo-szalloda-jesoloban\/\",\"name\":\"Csal\u00e1di vezet\u00e9s\u0171 sz\u00e1lloda Jesol\u00f3ban, ahol otthon \u00e9rezheted magad\",\"isPartOf\":{\"@id\":\"https:\/\/hoteltoledo.it\/hu\/#website\"},\"primaryImageOfPage\":{\"@id\":\"https:\/\/hoteltoledo.it\/hu\/melyik-egy-jo-csaladi-kezben-levo-szalloda-jesoloban\/#primaryimage\"},\"image\":{\"@id\":\"https:\/\/hoteltoledo.it\/hu\/melyik-egy-jo-csaladi-kezben-levo-szalloda-jesoloban\/#primaryimage\"},\"thumbnailUrl\":\"https:\/\/hoteltoledo.it\/wp-content\/uploads\/2025\/07\/Hotel-a-Jesolo-a-gestione-familiare.webp\",\"datePublished\":\"2025-07-04T10:11:34+00:00\",\"dateModified\":\"2025-07-07T13:29:03+00:00\",\"description\":\"Ismerd meg a jesol\u00f3i Hotel Toledo meleg vend\u00e9gszeretet\u00e9t \u2013 csal\u00e1di k\u00e9zben l\u00e9v\u0151 sz\u00e1lloda, ahol m\u00e1r az els\u0151 napon otthon \u00e9rzed magad.\",\"breadcrumb\":{\"@id\":\"https:\/\/hoteltoledo.it\/hu\/melyik-egy-jo-csaladi-kezben-levo-szalloda-jesoloban\/#breadcrumb\"},\"inLanguage\":\"hu\",\"potentialAction\":[{\"@type\":\"ReadAction\",\"target\":[\"https:\/\/hoteltoledo.it\/hu\/melyik-egy-jo-csaladi-kezben-levo-szalloda-jesoloban\/\"]}]},{\"@type\":\"ImageObject\",\"inLanguage\":\"hu\",\"@id\":\"https:\/\/hoteltoledo.it\/hu\/melyik-egy-jo-csaladi-kezben-levo-szalloda-jesoloban\/#primaryimage\",\"url\":\"https:\/\/hoteltoledo.it\/wp-content\/uploads\/2025\/07\/Hotel-a-Jesolo-a-gestione-familiare.webp\",\"contentUrl\":\"https:\/\/hoteltoledo.it\/wp-content\/uploads\/2025\/07\/Hotel-a-Jesolo-a-gestione-familiare.webp\",\"width\":1920,\"height\":840,\"caption\":\"Melyik egy j\u00f3, csal\u00e1di k\u00e9zben l\u00e9v\u0151 sz\u00e1lloda Jesol\u00f3ban?\"},{\"@type\":\"BreadcrumbList\",\"@id\":\"https:\/\/hoteltoledo.it\/hu\/melyik-egy-jo-csaladi-kezben-levo-szalloda-jesoloban\/#breadcrumb\",\"itemListElement\":[{\"@type\":\"ListItem\",\"position\":1,\"name\":\"Home\",\"item\":\"https:\/\/hoteltoledo.it\/hu\/\"},{\"@type\":\"ListItem\",\"position\":2,\"name\":\"Melyik egy j\u00f3, csal\u00e1di k\u00e9zben l\u00e9v\u0151 sz\u00e1lloda Jesol\u00f3ban?\"}]},{\"@type\":\"WebSite\",\"@id\":\"https:\/\/hoteltoledo.it\/hu\/#website\",\"url\":\"https:\/\/hoteltoledo.it\/hu\/\",\"name\":\"Hotel Toledo Jesolo\",\"description\":\"\",\"publisher\":{\"@id\":\"https:\/\/hoteltoledo.it\/hu\/#organization\"},\"potentialAction\":[{\"@type\":\"SearchAction\",\"target\":{\"@type\":\"EntryPoint\",\"urlTemplate\":\"https:\/\/hoteltoledo.it\/hu\/?s={search_term_string}\"},\"query-input\":{\"@type\":\"PropertyValueSpecification\",\"valueRequired\":true,\"valueName\":\"search_term_string\"}}],\"inLanguage\":\"hu\"},{\"@type\":\"Organization\",\"@id\":\"https:\/\/hoteltoledo.it\/hu\/#organization\",\"name\":\"Hotel Toledo Jesolo\",\"url\":\"https:\/\/hoteltoledo.it\/hu\/\",\"logo\":{\"@type\":\"ImageObject\",\"inLanguage\":\"hu\",\"@id\":\"https:\/\/hoteltoledo.it\/hu\/#\/schema\/logo\/image\/\",\"url\":\"https:\/\/hoteltoledo.it\/wp-content\/uploads\/2024\/11\/Hotel_Toledo_Jesolo-e1732787787582.png\",\"contentUrl\":\"https:\/\/hoteltoledo.it\/wp-content\/uploads\/2024\/11\/Hotel_Toledo_Jesolo-e1732787787582.png\",\"width\":250,\"height\":77,\"caption\":\"Hotel Toledo Jesolo\"},\"image\":{\"@id\":\"https:\/\/hoteltoledo.it\/hu\/#\/schema\/logo\/image\/\"}}]}<\/script>\n<!-- \/ Yoast SEO plugin. -->","yoast_head_json":{"title":"Csal\u00e1di vezet\u00e9s\u0171 sz\u00e1lloda Jesol\u00f3ban, ahol otthon \u00e9rezheted magad","description":"Ismerd meg a jesol\u00f3i Hotel Toledo meleg vend\u00e9gszeretet\u00e9t \u2013 csal\u00e1di k\u00e9zben l\u00e9v\u0151 sz\u00e1lloda, ahol m\u00e1r az els\u0151 napon otthon \u00e9rzed magad.","robots":{"index":"index","follow":"follow","max-snippet":"max-snippet:-1","max-image-preview":"max-image-preview:large","max-video-preview":"max-video-preview:-1"},"canonical":"https:\/\/hoteltoledo.it\/hu\/melyik-egy-jo-csaladi-kezben-levo-szalloda-jesoloban\/","og_locale":"hu_HU","og_type":"article","og_title":"Csal\u00e1di vezet\u00e9s\u0171 sz\u00e1lloda Jesol\u00f3ban, ahol otthon \u00e9rezheted magad","og_description":"Ismerd meg a jesol\u00f3i Hotel Toledo meleg vend\u00e9gszeretet\u00e9t \u2013 csal\u00e1di k\u00e9zben l\u00e9v\u0151 sz\u00e1lloda, ahol m\u00e1r az els\u0151 napon otthon \u00e9rzed magad.","og_url":"https:\/\/hoteltoledo.it\/hu\/melyik-egy-jo-csaladi-kezben-levo-szalloda-jesoloban\/","og_site_name":"Hotel Toledo Jesolo","article_modified_time":"2025-07-07T13:29:03+00:00","og_image":[{"width":1920,"height":840,"url":"https:\/\/hoteltoledo.it\/wp-content\/uploads\/2025\/07\/Hotel-a-Jesolo-a-gestione-familiare.webp","type":"image\/webp"}],"twitter_card":"summary_large_image","twitter_misc":{"Becs\u00fclt olvas\u00e1si id\u0151":"4 perc"},"schema":{"@context":"https:\/\/schema.org","@graph":[{"@type":"WebPage","@id":"https:\/\/hoteltoledo.it\/hu\/melyik-egy-jo-csaladi-kezben-levo-szalloda-jesoloban\/","url":"https:\/\/hoteltoledo.it\/hu\/melyik-egy-jo-csaladi-kezben-levo-szalloda-jesoloban\/","name":"Csal\u00e1di vezet\u00e9s\u0171 sz\u00e1lloda Jesol\u00f3ban, ahol otthon \u00e9rezheted magad","isPartOf":{"@id":"https:\/\/hoteltoledo.it\/hu\/#website"},"primaryImageOfPage":{"@id":"https:\/\/hoteltoledo.it\/hu\/melyik-egy-jo-csaladi-kezben-levo-szalloda-jesoloban\/#primaryimage"},"image":{"@id":"https:\/\/hoteltoledo.it\/hu\/melyik-egy-jo-csaladi-kezben-levo-szalloda-jesoloban\/#primaryimage"},"thumbnailUrl":"https:\/\/hoteltoledo.it\/wp-content\/uploads\/2025\/07\/Hotel-a-Jesolo-a-gestione-familiare.webp","datePublished":"2025-07-04T10:11:34+00:00","dateModified":"2025-07-07T13:29:03+00:00","description":"Ismerd meg a jesol\u00f3i Hotel Toledo meleg vend\u00e9gszeretet\u00e9t \u2013 csal\u00e1di k\u00e9zben l\u00e9v\u0151 sz\u00e1lloda, ahol m\u00e1r az els\u0151 napon otthon \u00e9rzed magad.","breadcrumb":{"@id":"https:\/\/hoteltoledo.it\/hu\/melyik-egy-jo-csaladi-kezben-levo-szalloda-jesoloban\/#breadcrumb"},"inLanguage":"hu","potentialAction":[{"@type":"ReadAction","target":["https:\/\/hoteltoledo.it\/hu\/melyik-egy-jo-csaladi-kezben-levo-szalloda-jesoloban\/"]}]},{"@type":"ImageObject","inLanguage":"hu","@id":"https:\/\/hoteltoledo.it\/hu\/melyik-egy-jo-csaladi-kezben-levo-szalloda-jesoloban\/#primaryimage","url":"https:\/\/hoteltoledo.it\/wp-content\/uploads\/2025\/07\/Hotel-a-Jesolo-a-gestione-familiare.webp","contentUrl":"https:\/\/hoteltoledo.it\/wp-content\/uploads\/2025\/07\/Hotel-a-Jesolo-a-gestione-familiare.webp","width":1920,"height":840,"caption":"Melyik egy j\u00f3, csal\u00e1di k\u00e9zben l\u00e9v\u0151 sz\u00e1lloda Jesol\u00f3ban?"},{"@type":"BreadcrumbList","@id":"https:\/\/hoteltoledo.it\/hu\/melyik-egy-jo-csaladi-kezben-levo-szalloda-jesoloban\/#breadcrumb","itemListElement":[{"@type":"ListItem","position":1,"name":"Home","item":"https:\/\/hoteltoledo.it\/hu\/"},{"@type":"ListItem","position":2,"name":"Melyik egy j\u00f3, csal\u00e1di k\u00e9zben l\u00e9v\u0151 sz\u00e1lloda Jesol\u00f3ban?"}]},{"@type":"WebSite","@id":"https:\/\/hoteltoledo.it\/hu\/#website","url":"https:\/\/hoteltoledo.it\/hu\/","name":"Hotel Toledo Jesolo","description":"","publisher":{"@id":"https:\/\/hoteltoledo.it\/hu\/#organization"},"potentialAction":[{"@type":"SearchAction","target":{"@type":"EntryPoint","urlTemplate":"https:\/\/hoteltoledo.it\/hu\/?s={search_term_string}"},"query-input":{"@type":"PropertyValueSpecification","valueRequired":true,"valueName":"search_term_string"}}],"inLanguage":"hu"},{"@type":"Organization","@id":"https:\/\/hoteltoledo.it\/hu\/#organization","name":"Hotel Toledo Jesolo","url":"https:\/\/hoteltoledo.it\/hu\/","logo":{"@type":"ImageObject","inLanguage":"hu","@id":"https:\/\/hoteltoledo.it\/hu\/#\/schema\/logo\/image\/","url":"https:\/\/hoteltoledo.it\/wp-content\/uploads\/2024\/11\/Hotel_Toledo_Jesolo-e1732787787582.png","contentUrl":"https:\/\/hoteltoledo.it\/wp-content\/uploads\/2024\/11\/Hotel_Toledo_Jesolo-e1732787787582.png","width":250,"height":77,"caption":"Hotel Toledo Jesolo"},"image":{"@id":"https:\/\/hoteltoledo.it\/hu\/#\/schema\/logo\/image\/"}}]}},"_links":{"self":[{"href":"https:\/\/hoteltoledo.it\/hu\/wp-json\/wp\/v2\/pages\/1825","targetHints":{"allow":["GET"]}}],"collection":[{"href":"https:\/\/hoteltoledo.it\/hu\/wp-json\/wp\/v2\/pages"}],"about":[{"href":"https:\/\/hoteltoledo.it\/hu\/wp-json\/wp\/v2\/types\/page"}],"author":[{"embeddable":true,"href":"https:\/\/hoteltoledo.it\/hu\/wp-json\/wp\/v2\/users\/1"}],"replies":[{"embeddable":true,"href":"https:\/\/hoteltoledo.it\/hu\/wp-json\/wp\/v2\/comments?post=1825"}],"version-history":[{"count":4,"href":"https:\/\/hoteltoledo.it\/hu\/wp-json\/wp\/v2\/pages\/1825\/revisions"}],"predecessor-version":[{"id":1998,"href":"https:\/\/hoteltoledo.it\/hu\/wp-json\/wp\/v2\/pages\/1825\/revisions\/1998"}],"wp:featuredmedia":[{"embeddable":true,"href":"https:\/\/hoteltoledo.it\/hu\/wp-json\/wp\/v2\/media\/1821"}],"wp:attachment":[{"href":"https:\/\/hoteltoledo.it\/hu\/wp-json\/wp\/v2\/media?parent=1825"}],"curies":[{"name":"wp","href":"https:\/\/api.w.org\/{rel}","templated":true}]}}