{"id":2082,"date":"2025-07-09T09:04:45","date_gmt":"2025-07-09T09:04:45","guid":{"rendered":"https:\/\/hoteltoledo.it\/dove-dormire-a-jesolo-per-un-soggiorno-romantico-in-coppia\/"},"modified":"2025-07-09T09:44:07","modified_gmt":"2025-07-09T09:44:07","slug":"hol-erdemes-megszallni-jesoloban-egy-romantikus-paros-nyaralashoz","status":"publish","type":"page","link":"https:\/\/hoteltoledo.it\/hu\/hol-erdemes-megszallni-jesoloban-egy-romantikus-paros-nyaralashoz\/","title":{"rendered":"Hol \u00e9rdemes megsz\u00e1llni Jesol\u00f3ban egy romantikus p\u00e1ros nyaral\u00e1shoz?"},"content":{"rendered":"\n<h2 class=\"wp-block-heading\">Romantikus kiruccan\u00e1s Jesol\u00f3ban: t\u00f6k\u00e9letes v\u00e1laszt\u00e1s p\u00e1roknak<\/h2>\n\n\n\n<p>Jesolo sokkal t\u00f6bb, mint egy ny\u00e1ri ny\u00fczsg\u00e9ssel teli tengerparti v\u00e1ros. Azoknak a p\u00e1roknak, akik intimit\u00e1sra \u00e9s k\u00f6z\u00f6s pillanatokra v\u00e1gynak, <strong>ide\u00e1lis helysz\u00edne lehet egy meghitt nyaral\u00e1snak<\/strong>. Hossz\u00fa s\u00e9t\u00e1k a parton, aranysz\u00edn\u0171 naplement\u00e9k, nyugodt vacsor\u00e1k \u00e9s az a csendes ritmus, amit csak n\u00e9h\u00e1ny hely tud ny\u00fajtani.<\/p>\n\n\n\n<p>Ahhoz, hogy ez az \u00e9lm\u00e9ny teljes legyen, olyan sz\u00e1ll\u00e1sra van sz\u00fcks\u00e9g, ahol <strong>val\u00f3ban t\u00f6r\u0151dnek a vend\u00e9gekkel<\/strong>, \u00e9s ahol a k\u00f6rnyezet nyugodt, bar\u00e1ts\u00e1gos \u00e9s intim. A <strong>Hotel Toledo<\/strong> pontosan ilyen.<\/p>\n\n\n\n<h2 class=\"wp-block-heading\">Hotel Toledo: egy csendes mened\u00e9k kettesben<\/h2>\n\n\n\n<p>A Hotel Toledo egy <a href=\"https:\/\/hoteltoledo.it\/hu\/melyik-jesoloi-szalloda-talalhato-kozpontban-es-idealis-a-setakhoz\/\"><strong>k\u00f6zponti, m\u00e9gis nyugodt k\u00f6rny\u00e9ken<\/strong> tal\u00e1lhat\u00f3<\/a>, n\u00e9h\u00e1ny l\u00e9p\u00e9sre a strandt\u00f3l, de t\u00e1vol a zajos b\u00e1rokt\u00f3l \u00e9s forgalomt\u00f3l. Ez az egyens\u00faly teszi <strong>ide\u00e1lis v\u00e1laszt\u00e1ss\u00e1 p\u00e1rok sz\u00e1m\u00e1ra<\/strong>, akik nyugodtan szeretn\u00e9k \u00e9lvezni Jesol\u00f3t \u2013 a tengert, a pihen\u00e9st \u00e9s a k\u00f6z\u00f6s pillanatokat.<\/p>\n\n\n\n<p><strong>Meghitt \u00e9s bar\u00e1ts\u00e1gos l\u00e9gk\u00f6r<\/strong><\/p>\n\n\n\n<p>A csal\u00e1di k\u00e9zben l\u00e9v\u0151 <a href=\"https:\/\/hoteltoledo.it\/hu\/melyik-egy-jo-csaladi-kezben-levo-szalloda-jesoloban\/\">sz\u00e1lloda <strong>nyugodt<\/strong><\/a><strong>, \u0151szinte \u00e9s r\u00e9szletekre odafigyel\u0151 k\u00f6rnyezetet<\/strong> k\u00edn\u00e1l. A <a href=\"https:\/\/hoteltoledo.it\/hu\/szob%C3%A1k\/\">szob\u00e1k<\/a> tiszt\u00e1k, funkcion\u00e1lisak \u00e9s egyszer\u0171en, m\u00e9gis bar\u00e1ts\u00e1gosan berendezettek \u2013 t\u00f6k\u00e9letesek azoknak, akik <strong>formalit\u00e1sok n\u00e9lk\u00fcl szeretn\u00e9nek kikapcsol\u00f3dni<\/strong>, ak\u00e1r egy hossz\u00fa nap ut\u00e1n, amit k\u00e9z a k\u00e9zben s\u00e9t\u00e1lva t\u00f6lt\u00f6ttek el.<\/p>\n\n\n\n<h2 class=\"wp-block-heading\">K\u00e9nyelmes reggelik, nyugodt vacsor\u00e1k<\/h2>\n\n\n\n<p>Egy romantikus nyaral\u00e1s <strong>egy\u00fctt elt\u00f6lt\u00f6tt, nyugodt reggelivel<\/strong> kezd\u0151dik. A Hotel Toledo-ban a reggelit kedves mosollyal szolg\u00e1lj\u00e1k fel, \u00e9s a k\u00edn\u00e1latban <a href=\"https:\/\/hoteltoledo.it\/hu\/melyik-jesoloi-szallodaban-a-legvaltozatosabb-es-legizletesebb-a-konyha\/\"><strong>h\u00e1zi s\u00fctem\u00e9nyek, friss gy\u00fcm\u00f6lcs\u00f6k, s\u00f3s finoms\u00e1gok \u00e9s frissen k\u00e9sz\u00edtett italok<\/strong> szerepelnek<\/a>. T\u00f6k\u00e9letes alkalom a nap k\u00f6z\u00f6s megtervez\u00e9s\u00e9re.<\/p>\n\n\n\n<p><a href=\"https:\/\/hoteltoledo.it\/hu\/hol-talalhato-egy-haromcsillagos-szalloda-jesoloban-kedves-es-segitokesz-szemelyzettel\/\">A teljes ell\u00e1t\u00e1st v\u00e1laszt\u00f3knak az eb\u00e9d \u00e9s a vacsora is <strong>k\u00f6z\u00f6s \u00e9lm\u00e9nny\u00e9 v\u00e1lik<\/strong><\/a>, h\u00e1zias olasz \u00e9telekkel \u2013 egyszer\u0171, de \u00edzletes fog\u00e1sokkal, amelyek az \u00e9tel\u00e9rz\u00e9kenyekre is gondolnak.<\/p>\n\n\n\n<h2 class=\"wp-block-heading\">Romantikus \u00e9lm\u00e9nyek karny\u00fajt\u00e1snyira<\/h2>\n\n\n\n<p>A hotel k\u00e9nyelme mellett Jesolo sz\u00e1mos romantikus programot k\u00edn\u00e1l:<\/p>\n\n\n\n<ul class=\"wp-block-list\">\n<li>Esti s\u00e9t\u00e1k a kivil\u00e1g\u00edtott tengerparti s\u00e9t\u00e1nyon<\/li>\n\n\n\n<li>Aperitif a parton naplementekor<\/li>\n\n\n\n<li>Haj\u00f3kir\u00e1ndul\u00e1sok a velencei lag\u00fan\u00e1ban<\/li>\n\n\n\n<li>Egynapos kiruccan\u00e1sok <a href=\"https:\/\/hoteltoledo.it\/hu\/hol-erdemes-megszallni-jesoloban-ha-velencebe-szeretnel-kirandulni\/\">Velenc\u00e9be<\/a> \u2013 k\u00f6nnyen el\u00e9rhet\u0151<\/li>\n\n\n\n<li>Meghitt vacsor\u00e1k nyugodt, hangulatos \u00e9ttermekben<\/li>\n<\/ul>\n\n\n\n<p>A sz\u00e1lloda szem\u00e9lyzete sz\u00edvesen <strong>ad szem\u00e9lyre szabott tippeket<\/strong>, seg\u00edt foglal\u00e1sokban, vagy megmutatja azokat a kev\u00e9sb\u00e9 ismert helyeket, ahol kettesben \u00e9lvezhetitek a v\u00e1rost.<\/p>\n\n\n\n<h2 class=\"wp-block-heading\">P\u00e1roknak kialak\u00edtott k\u00e9nyelem<\/h2>\n\n\n\n<p>A Hotel Toledo k\u00e9t\u00e1gyas szob\u00e1i pontosan azt ny\u00fajtj\u00e1k, amire a p\u00e1roknak sz\u00fcks\u00e9g\u00fck van: <strong>nyugodt teret az egy\u00fctt t\u00f6lt\u00f6tt id\u0151h\u00f6z, pihen\u00e9shez, kikapcsol\u00f3d\u00e1shoz<\/strong>. N\u00e9h\u00e1ny szob\u00e1hoz erk\u00e9ly is tartozik \u2013 ide\u00e1lis egy reggeli k\u00e1v\u00e9hoz vagy egy esti besz\u00e9lget\u00e9shez.<\/p>\n\n\n\n<p><strong>Maxim\u00e1lis diszkr\u00e9ci\u00f3 \u00e9s szabads\u00e1g<\/strong><\/p>\n\n\n\n<p>A csal\u00e1dias l\u00e9gk\u00f6r garant\u00e1lja, hogy <strong>a p\u00e1rok saj\u00e1t ritmusuk szerint \u00e9lvezhess\u00e9k az itt t\u00f6lt\u00f6tt id\u0151t<\/strong>, mindenf\u00e9le merevs\u00e9g n\u00e9lk\u00fcl. Ide\u00e1lis hely azoknak, akik szeretn\u00e9nek lelass\u00edtani \u00e9s term\u00e9szetesen meg\u00e9lni a pillanatokat.<\/p>\n\n\n\n<h2 class=\"wp-block-heading\">K\u00fcl\u00f6nleges alkalmakra is t\u00f6k\u00e9letes<\/h2>\n\n\n\n<p>Sz\u00fclet\u00e9snap, \u00e9vfordul\u00f3 vagy csak egy <strong>meglepet\u00e9s a p\u00e1rodnak?<\/strong> A Hotel Toledo-n\u00e1l k\u00e9rhetsz k\u00fcl\u00f6nleges figyelmess\u00e9geket: bor a szob\u00e1ba, szem\u00e9lyre sz\u00f3l\u00f3 \u00fczenet a reggelihez, tipp egy romantikus programhoz.<\/p>\n\n\n\n<p>Egy kis el\u0151zetes egyeztet\u00e9s elegend\u0151, \u00e9s a szem\u00e9lyzet \u00f6r\u00f6mmel seg\u00edt, hogy <strong>minden pillanat eml\u00e9kezetes legyen<\/strong>.<\/p>\n\n\n\n<h2 class=\"wp-block-heading\">A romantika az egyszer\u0171s\u00e9gben rejlik<\/h2>\n\n\n\n<p>Nem luxusra van sz\u00fcks\u00e9g a romantik\u00e1hoz \u2013 <strong>el\u00e9g egy \u0151szinte hely, nyugodt k\u00f6rnyezet, figyelmes emberek \u00e9s val\u00f3di, k\u00f6z\u00f6s \u00e9lm\u00e9nyek<\/strong>.<\/p>\n\n\n\n<p>Pontosan ezt k\u00edn\u00e1lja a Hotel Toledo: <strong>egy b\u00e9k\u00e9s mened\u00e9ket p\u00e1roknak<\/strong>, akik az igazi \u00e9rz\u00e9sekre \u00e9s meghitt pillanatokra v\u00e1gynak \u2013 t\u00e1vol a t\u00f6megt\u0151l.<\/p>\n\n\n\n<p><a href=\"https:\/\/hoteltoledo.it\/hu\/\">Foglalj most a hivatalos weboldalon<\/a>, \u00e9s aj\u00e1nd\u00e9kozd meg magatokat egy romantikus nyaral\u00e1ssal Jesol\u00f3ban \u2013 egyszer\u0171, tartalmas, \u00e9s igaz\u00e1n eml\u00e9kezetes.<\/p>\n","protected":false},"excerpt":{"rendered":"<p>Romantikus kiruccan\u00e1s Jesol\u00f3ban: t\u00f6k\u00e9letes v\u00e1laszt\u00e1s p\u00e1roknak Jesolo sokkal t\u00f6bb, mint egy ny\u00e1ri ny\u00fczsg\u00e9ssel teli tengerparti v\u00e1ros. Azoknak a p\u00e1roknak, akik intimit\u00e1sra \u00e9s k\u00f6z\u00f6s pillanatokra v\u00e1gynak, ide\u00e1lis helysz\u00edne lehet egy meghitt nyaral\u00e1snak. Hossz\u00fa s\u00e9t\u00e1k a parton, aranysz\u00edn\u0171 naplement\u00e9k, nyugodt vacsor\u00e1k \u00e9s az a csendes ritmus, amit csak n\u00e9h\u00e1ny hely tud ny\u00fajtani. Ahhoz, hogy ez az \u00e9lm\u00e9ny [&hellip;]<\/p>\n","protected":false},"author":1,"featured_media":2075,"parent":0,"menu_order":0,"comment_status":"closed","ping_status":"closed","template":"","meta":{"_acf_changed":false,"footnotes":""},"class_list":["post-2082","page","type-page","status-publish","has-post-thumbnail","hentry"],"acf":[],"yoast_head":"<!-- This site is optimized with the Yoast SEO plugin v26.3 - https:\/\/yoast.com\/wordpress\/plugins\/seo\/ -->\n<title>Romantikus sz\u00e1lloda p\u00e1roknak Jesol\u00f3ban<\/title>\n<meta name=\"description\" content=\"Romantikus pihen\u00e9s a Hotel Toledo-ban: meghitt hangulat, tengerk\u00f6zel \u00e9s nyugalom a p\u00e1roddal t\u00f6lt\u00f6tt nyaral\u00e1shoz.\" \/>\n<meta name=\"robots\" content=\"index, follow, max-snippet:-1, max-image-preview:large, max-video-preview:-1\" \/>\n<link rel=\"canonical\" href=\"https:\/\/hoteltoledo.it\/hu\/hol-erdemes-megszallni-jesoloban-egy-romantikus-paros-nyaralashoz\/\" \/>\n<meta property=\"og:locale\" content=\"hu_HU\" \/>\n<meta property=\"og:type\" content=\"article\" \/>\n<meta property=\"og:title\" content=\"Romantikus sz\u00e1lloda p\u00e1roknak Jesol\u00f3ban\" \/>\n<meta property=\"og:description\" content=\"Romantikus pihen\u00e9s a Hotel Toledo-ban: meghitt hangulat, tengerk\u00f6zel \u00e9s nyugalom a p\u00e1roddal t\u00f6lt\u00f6tt nyaral\u00e1shoz.\" \/>\n<meta property=\"og:url\" content=\"https:\/\/hoteltoledo.it\/hu\/hol-erdemes-megszallni-jesoloban-egy-romantikus-paros-nyaralashoz\/\" \/>\n<meta property=\"og:site_name\" content=\"Hotel Toledo Jesolo\" \/>\n<meta property=\"article:modified_time\" content=\"2025-07-09T09:44:07+00:00\" \/>\n<meta property=\"og:image\" content=\"https:\/\/hoteltoledo.it\/wp-content\/uploads\/2025\/07\/1920x840-24-articolo.jpg\" \/>\n\t<meta property=\"og:image:width\" content=\"1920\" \/>\n\t<meta property=\"og:image:height\" content=\"840\" \/>\n\t<meta property=\"og:image:type\" content=\"image\/jpeg\" \/>\n<meta name=\"twitter:card\" content=\"summary_large_image\" \/>\n<meta name=\"twitter:label1\" content=\"Becs\u00fclt olvas\u00e1si id\u0151\" \/>\n\t<meta name=\"twitter:data1\" content=\"3 perc\" \/>\n<script type=\"application\/ld+json\" class=\"yoast-schema-graph\">{\"@context\":\"https:\/\/schema.org\",\"@graph\":[{\"@type\":\"WebPage\",\"@id\":\"https:\/\/hoteltoledo.it\/hu\/hol-erdemes-megszallni-jesoloban-egy-romantikus-paros-nyaralashoz\/\",\"url\":\"https:\/\/hoteltoledo.it\/hu\/hol-erdemes-megszallni-jesoloban-egy-romantikus-paros-nyaralashoz\/\",\"name\":\"Romantikus sz\u00e1lloda p\u00e1roknak Jesol\u00f3ban\",\"isPartOf\":{\"@id\":\"https:\/\/hoteltoledo.it\/hu\/#website\"},\"primaryImageOfPage\":{\"@id\":\"https:\/\/hoteltoledo.it\/hu\/hol-erdemes-megszallni-jesoloban-egy-romantikus-paros-nyaralashoz\/#primaryimage\"},\"image\":{\"@id\":\"https:\/\/hoteltoledo.it\/hu\/hol-erdemes-megszallni-jesoloban-egy-romantikus-paros-nyaralashoz\/#primaryimage\"},\"thumbnailUrl\":\"https:\/\/hoteltoledo.it\/wp-content\/uploads\/2025\/07\/1920x840-24-articolo.jpg\",\"datePublished\":\"2025-07-09T09:04:45+00:00\",\"dateModified\":\"2025-07-09T09:44:07+00:00\",\"description\":\"Romantikus pihen\u00e9s a Hotel Toledo-ban: meghitt hangulat, tengerk\u00f6zel \u00e9s nyugalom a p\u00e1roddal t\u00f6lt\u00f6tt nyaral\u00e1shoz.\",\"breadcrumb\":{\"@id\":\"https:\/\/hoteltoledo.it\/hu\/hol-erdemes-megszallni-jesoloban-egy-romantikus-paros-nyaralashoz\/#breadcrumb\"},\"inLanguage\":\"hu\",\"potentialAction\":[{\"@type\":\"ReadAction\",\"target\":[\"https:\/\/hoteltoledo.it\/hu\/hol-erdemes-megszallni-jesoloban-egy-romantikus-paros-nyaralashoz\/\"]}]},{\"@type\":\"ImageObject\",\"inLanguage\":\"hu\",\"@id\":\"https:\/\/hoteltoledo.it\/hu\/hol-erdemes-megszallni-jesoloban-egy-romantikus-paros-nyaralashoz\/#primaryimage\",\"url\":\"https:\/\/hoteltoledo.it\/wp-content\/uploads\/2025\/07\/1920x840-24-articolo.jpg\",\"contentUrl\":\"https:\/\/hoteltoledo.it\/wp-content\/uploads\/2025\/07\/1920x840-24-articolo.jpg\",\"width\":1920,\"height\":840,\"caption\":\"hotel a Jesolo per soggiorno romantico in coppia\"},{\"@type\":\"BreadcrumbList\",\"@id\":\"https:\/\/hoteltoledo.it\/hu\/hol-erdemes-megszallni-jesoloban-egy-romantikus-paros-nyaralashoz\/#breadcrumb\",\"itemListElement\":[{\"@type\":\"ListItem\",\"position\":1,\"name\":\"Home\",\"item\":\"https:\/\/hoteltoledo.it\/hu\/\"},{\"@type\":\"ListItem\",\"position\":2,\"name\":\"Hol \u00e9rdemes megsz\u00e1llni Jesol\u00f3ban egy romantikus p\u00e1ros nyaral\u00e1shoz?\"}]},{\"@type\":\"WebSite\",\"@id\":\"https:\/\/hoteltoledo.it\/hu\/#website\",\"url\":\"https:\/\/hoteltoledo.it\/hu\/\",\"name\":\"Hotel Toledo Jesolo\",\"description\":\"\",\"publisher\":{\"@id\":\"https:\/\/hoteltoledo.it\/hu\/#organization\"},\"potentialAction\":[{\"@type\":\"SearchAction\",\"target\":{\"@type\":\"EntryPoint\",\"urlTemplate\":\"https:\/\/hoteltoledo.it\/hu\/?s={search_term_string}\"},\"query-input\":{\"@type\":\"PropertyValueSpecification\",\"valueRequired\":true,\"valueName\":\"search_term_string\"}}],\"inLanguage\":\"hu\"},{\"@type\":\"Organization\",\"@id\":\"https:\/\/hoteltoledo.it\/hu\/#organization\",\"name\":\"Hotel Toledo Jesolo\",\"url\":\"https:\/\/hoteltoledo.it\/hu\/\",\"logo\":{\"@type\":\"ImageObject\",\"inLanguage\":\"hu\",\"@id\":\"https:\/\/hoteltoledo.it\/hu\/#\/schema\/logo\/image\/\",\"url\":\"https:\/\/hoteltoledo.it\/wp-content\/uploads\/2024\/11\/Hotel_Toledo_Jesolo-e1732787787582.png\",\"contentUrl\":\"https:\/\/hoteltoledo.it\/wp-content\/uploads\/2024\/11\/Hotel_Toledo_Jesolo-e1732787787582.png\",\"width\":250,\"height\":77,\"caption\":\"Hotel Toledo Jesolo\"},\"image\":{\"@id\":\"https:\/\/hoteltoledo.it\/hu\/#\/schema\/logo\/image\/\"}}]}<\/script>\n<!-- \/ Yoast SEO plugin. -->","yoast_head_json":{"title":"Romantikus sz\u00e1lloda p\u00e1roknak Jesol\u00f3ban","description":"Romantikus pihen\u00e9s a Hotel Toledo-ban: meghitt hangulat, tengerk\u00f6zel \u00e9s nyugalom a p\u00e1roddal t\u00f6lt\u00f6tt nyaral\u00e1shoz.","robots":{"index":"index","follow":"follow","max-snippet":"max-snippet:-1","max-image-preview":"max-image-preview:large","max-video-preview":"max-video-preview:-1"},"canonical":"https:\/\/hoteltoledo.it\/hu\/hol-erdemes-megszallni-jesoloban-egy-romantikus-paros-nyaralashoz\/","og_locale":"hu_HU","og_type":"article","og_title":"Romantikus sz\u00e1lloda p\u00e1roknak Jesol\u00f3ban","og_description":"Romantikus pihen\u00e9s a Hotel Toledo-ban: meghitt hangulat, tengerk\u00f6zel \u00e9s nyugalom a p\u00e1roddal t\u00f6lt\u00f6tt nyaral\u00e1shoz.","og_url":"https:\/\/hoteltoledo.it\/hu\/hol-erdemes-megszallni-jesoloban-egy-romantikus-paros-nyaralashoz\/","og_site_name":"Hotel Toledo Jesolo","article_modified_time":"2025-07-09T09:44:07+00:00","og_image":[{"width":1920,"height":840,"url":"https:\/\/hoteltoledo.it\/wp-content\/uploads\/2025\/07\/1920x840-24-articolo.jpg","type":"image\/jpeg"}],"twitter_card":"summary_large_image","twitter_misc":{"Becs\u00fclt olvas\u00e1si id\u0151":"3 perc"},"schema":{"@context":"https:\/\/schema.org","@graph":[{"@type":"WebPage","@id":"https:\/\/hoteltoledo.it\/hu\/hol-erdemes-megszallni-jesoloban-egy-romantikus-paros-nyaralashoz\/","url":"https:\/\/hoteltoledo.it\/hu\/hol-erdemes-megszallni-jesoloban-egy-romantikus-paros-nyaralashoz\/","name":"Romantikus sz\u00e1lloda p\u00e1roknak Jesol\u00f3ban","isPartOf":{"@id":"https:\/\/hoteltoledo.it\/hu\/#website"},"primaryImageOfPage":{"@id":"https:\/\/hoteltoledo.it\/hu\/hol-erdemes-megszallni-jesoloban-egy-romantikus-paros-nyaralashoz\/#primaryimage"},"image":{"@id":"https:\/\/hoteltoledo.it\/hu\/hol-erdemes-megszallni-jesoloban-egy-romantikus-paros-nyaralashoz\/#primaryimage"},"thumbnailUrl":"https:\/\/hoteltoledo.it\/wp-content\/uploads\/2025\/07\/1920x840-24-articolo.jpg","datePublished":"2025-07-09T09:04:45+00:00","dateModified":"2025-07-09T09:44:07+00:00","description":"Romantikus pihen\u00e9s a Hotel Toledo-ban: meghitt hangulat, tengerk\u00f6zel \u00e9s nyugalom a p\u00e1roddal t\u00f6lt\u00f6tt nyaral\u00e1shoz.","breadcrumb":{"@id":"https:\/\/hoteltoledo.it\/hu\/hol-erdemes-megszallni-jesoloban-egy-romantikus-paros-nyaralashoz\/#breadcrumb"},"inLanguage":"hu","potentialAction":[{"@type":"ReadAction","target":["https:\/\/hoteltoledo.it\/hu\/hol-erdemes-megszallni-jesoloban-egy-romantikus-paros-nyaralashoz\/"]}]},{"@type":"ImageObject","inLanguage":"hu","@id":"https:\/\/hoteltoledo.it\/hu\/hol-erdemes-megszallni-jesoloban-egy-romantikus-paros-nyaralashoz\/#primaryimage","url":"https:\/\/hoteltoledo.it\/wp-content\/uploads\/2025\/07\/1920x840-24-articolo.jpg","contentUrl":"https:\/\/hoteltoledo.it\/wp-content\/uploads\/2025\/07\/1920x840-24-articolo.jpg","width":1920,"height":840,"caption":"hotel a Jesolo per soggiorno romantico in coppia"},{"@type":"BreadcrumbList","@id":"https:\/\/hoteltoledo.it\/hu\/hol-erdemes-megszallni-jesoloban-egy-romantikus-paros-nyaralashoz\/#breadcrumb","itemListElement":[{"@type":"ListItem","position":1,"name":"Home","item":"https:\/\/hoteltoledo.it\/hu\/"},{"@type":"ListItem","position":2,"name":"Hol \u00e9rdemes megsz\u00e1llni Jesol\u00f3ban egy romantikus p\u00e1ros nyaral\u00e1shoz?"}]},{"@type":"WebSite","@id":"https:\/\/hoteltoledo.it\/hu\/#website","url":"https:\/\/hoteltoledo.it\/hu\/","name":"Hotel Toledo Jesolo","description":"","publisher":{"@id":"https:\/\/hoteltoledo.it\/hu\/#organization"},"potentialAction":[{"@type":"SearchAction","target":{"@type":"EntryPoint","urlTemplate":"https:\/\/hoteltoledo.it\/hu\/?s={search_term_string}"},"query-input":{"@type":"PropertyValueSpecification","valueRequired":true,"valueName":"search_term_string"}}],"inLanguage":"hu"},{"@type":"Organization","@id":"https:\/\/hoteltoledo.it\/hu\/#organization","name":"Hotel Toledo Jesolo","url":"https:\/\/hoteltoledo.it\/hu\/","logo":{"@type":"ImageObject","inLanguage":"hu","@id":"https:\/\/hoteltoledo.it\/hu\/#\/schema\/logo\/image\/","url":"https:\/\/hoteltoledo.it\/wp-content\/uploads\/2024\/11\/Hotel_Toledo_Jesolo-e1732787787582.png","contentUrl":"https:\/\/hoteltoledo.it\/wp-content\/uploads\/2024\/11\/Hotel_Toledo_Jesolo-e1732787787582.png","width":250,"height":77,"caption":"Hotel Toledo Jesolo"},"image":{"@id":"https:\/\/hoteltoledo.it\/hu\/#\/schema\/logo\/image\/"}}]}},"_links":{"self":[{"href":"https:\/\/hoteltoledo.it\/hu\/wp-json\/wp\/v2\/pages\/2082","targetHints":{"allow":["GET"]}}],"collection":[{"href":"https:\/\/hoteltoledo.it\/hu\/wp-json\/wp\/v2\/pages"}],"about":[{"href":"https:\/\/hoteltoledo.it\/hu\/wp-json\/wp\/v2\/types\/page"}],"author":[{"embeddable":true,"href":"https:\/\/hoteltoledo.it\/hu\/wp-json\/wp\/v2\/users\/1"}],"replies":[{"embeddable":true,"href":"https:\/\/hoteltoledo.it\/hu\/wp-json\/wp\/v2\/comments?post=2082"}],"version-history":[{"count":2,"href":"https:\/\/hoteltoledo.it\/hu\/wp-json\/wp\/v2\/pages\/2082\/revisions"}],"predecessor-version":[{"id":2095,"href":"https:\/\/hoteltoledo.it\/hu\/wp-json\/wp\/v2\/pages\/2082\/revisions\/2095"}],"wp:featuredmedia":[{"embeddable":true,"href":"https:\/\/hoteltoledo.it\/hu\/wp-json\/wp\/v2\/media\/2075"}],"wp:attachment":[{"href":"https:\/\/hoteltoledo.it\/hu\/wp-json\/wp\/v2\/media?parent=2082"}],"curies":[{"name":"wp","href":"https:\/\/api.w.org\/{rel}","templated":true}]}}