{"id":2254,"date":"2026-03-11T10:50:41","date_gmt":"2026-03-11T10:50:41","guid":{"rendered":"https:\/\/hoteltoledo.it\/a-tutta-bici\/"},"modified":"2026-03-23T08:55:55","modified_gmt":"2026-03-23T08:55:55","slug":"a-tutta-bici","status":"publish","type":"page","link":"https:\/\/hoteltoledo.it\/hu\/a-tutta-bici\/","title":{"rendered":"BRING\u00c1RA FEL!"},"content":{"rendered":"<h2 class=\"p1\">\u00a0<\/h2>\n<h2 class=\"p1\"><b>Ingyenes ker\u00e9kp\u00e1rk\u00f6lcs\u00f6nz\u00e9s az eg\u00e9sz csal\u00e1dnak<\/b><b><\/b><\/h2>\n<p class=\"p3\">A <b>Hotel Toled\u00f3ban<\/b> a <b>ker\u00e9kp\u00e1rk\u00f6lcs\u00f6nz\u00e9s benne van a sz\u00e1ll\u00e1s \u00e1r\u00e1ban<\/b>, tov\u00e1bbi d\u00edjat nem sz\u00e1m\u00edtunk fel. A vend\u00e9gek sz\u00e1m\u00e1ra <b>feln\u0151tt v\u00e1rosi ker\u00e9kp\u00e1rokat<\/b>, <b>gyermekker\u00e9kp\u00e1rokat, <\/b>a legkisebbek sz\u00e1m\u00e1ra pedig gyermek\u00fcl\u00e9seket \u00e9s buk\u00f3sisakot biztos\u00edtunk.<\/p>\n<p class=\"p3\">Ezt a szolg\u00e1ltat\u00e1st \u00fagy alak\u00edtottuk ki, hogy k\u00f6nnyed\u00e9n, gondtalanul \u00e9s a parkol\u00e1ssal j\u00e1r\u00f3 idegess\u00e9g n\u00e9lk\u00fcl k\u00f6zlekedhessen a <b>strand<\/b>, <b>Jesolo Lido k\u00f6zpontja<\/b> \u00e9s a k\u00f6rny\u00e9k sz\u00e1mos <b>ker\u00e9kp\u00e1r\u00fatja<\/b> k\u00f6z\u00f6tt. Ide\u00e1lis <b>csal\u00e1dok<\/b>, p\u00e1rok \u00e9s egyed\u00fcl utaz\u00f3k sz\u00e1m\u00e1ra, akik a tengerparti nyaral\u00e1s fenntarthat\u00f3 \u00e9s kellemes m\u00f3dj\u00e1t v\u00e1lasztj\u00e1k.<\/p>\n<h2 class=\"p1\"><b>Biztons\u00e1gos, z\u00e1rt ker\u00e9kp\u00e1rt\u00e1rol\u00f3, amely a vend\u00e9gek sz\u00e1m\u00e1ra ingyenes<\/b><b><\/b><\/h2>\n<p class=\"p3\">A Hotel Toledo <b>saj\u00e1t ker\u00e9kp\u00e1rt\u00e1rol\u00f3val rendelkezik<\/b>, ahov\u00e1 kiz\u00e1r\u00f3lag a vend\u00e9gek l\u00e9phetnek be a szobak\u00e1rty\u00e1jukkal. <b>Egy biztons\u00e1gos \u00e9s k\u00fcl\u00f6n erre a c\u00e9lra kialak\u00edtott hely<\/b> azoknak, akik saj\u00e1t ker\u00e9kp\u00e1rral utaznak, \u00e9s biztons\u00e1gban szeretn\u00e9k azt elhelyezni.<\/p>\n<ul class=\"ul1\">\n<li class=\"li4\">\u2022 Elektromos ker\u00e9kp\u00e1r \u00e9s e-bike <b>t\u00f6lt\u0151\u00e1llom\u00e1sok<\/b><b><\/b><\/li>\n<li class=\"li4\">\u2022 Karbantart\u00e1sra \u00e9s kisebb jav\u00edt\u00e1sokra <b>felszerelt munkapad<\/b><b><\/b><\/li>\n<li class=\"li4\"><b>\u2022 Kompresszor nyom\u00e1sm\u00e9r\u0151vel<\/b> a gumiabroncsok felf\u00faj\u00e1s\u00e1hoz<\/li>\n<li class=\"li4\"><b>\u2022 Bel\u00e9p\u00e9s <\/b> szobak\u00e1rty\u00e1val, csak enged\u00e9llyel rendelkez\u0151 vend\u00e9gek sz\u00e1m\u00e1ra<\/li>\n<li class=\"li4\"><b>\u2022 Z\u00e1rt \u00e9s v\u00e9dett hely<\/b>, ahol a ker\u00e9kp\u00e1rt teljes biztons\u00e1gban t\u00e1rolhatja<\/li>\n<\/ul>\n<p class=\"p3\">Ezt a szolg\u00e1ltat\u00e1st k\u00fcl\u00f6n\u00f6sen a <b>ker\u00e9kp\u00e1ros turist\u00e1k<\/b>, az <b>e-bike-rajong\u00f3k<\/b>, valamint a <b>N\u00e9metorsz\u00e1gb\u00f3l \u00e9s \u00c9szak-Eur\u00f3p\u00e1b\u00f3l<\/b> \u00e9rkez\u0151 vend\u00e9gek kedvelik, ahol a ker\u00e9kp\u00e1ros turizmus az utaz\u00e1si kult\u00fara szerves r\u00e9sze. Ha <b> biztons\u00e1gos ker\u00e9kp\u00e1rt\u00e1rol\u00f3val rendelkez\u0151 sz\u00e1llod\u00e1t keres Jesol\u00f3ban<\/b>, a Hotel Toledo teljes k\u00f6r\u0171 \u00e9s profi megold\u00e1st k\u00edn\u00e1l.<\/p>\n<p class=\"p1\"><b>2026-os \u00fajdons\u00e1g: e-bike \u00e9s vezetett t\u00far\u00e1k<\/b><b><\/b><\/p>\n<p class=\"p3\"><b>2026 nyar\u00e1t\u00f3l<\/b> a sz\u00e1lloda szakemberekkel egy\u00fcttm\u0171k\u00f6dve tov\u00e1bb gazdag\u00edtja a nyaral\u00e1si \u00e9lm\u00e9ny\u00e9t.<span class=\"Apple-converted-space\">\u00a0 <\/span><b>El\u0151zetes foglal\u00e1ssal<\/b> kiv\u00e1l\u00f3 min\u0151s\u00e9g\u0171 <b>elektromos ker\u00e9kp\u00e1rokat<\/b> b\u00e9relhet, valamint <b> vezetett t\u00far\u00e1kon<\/b> vehet r\u00e9szt a <a href=\"https:\/\/lagunaebike.it\/\"><span class=\"s1\">Laguna E-Bike<\/span><\/a> szakk\u00e9pzett k\u00eds\u00e9r\u0151ivel a tenger, a term\u00e9szet \u00e9s a lag\u00fana k\u00f6z\u00f6tt kialak\u00edtott egy\u00e9ni \u00fatvonalakon.<\/p>\n<p class=\"p3\">Az \u00fatvonalak <b>Jesolo<\/b>, a <b>Velencei-lag\u00fana<\/b> \u00e9s <b>Velence k\u00f6rny\u00e9k\u00e9nek<\/b> legszebb t\u00e1jain haladnak \u00e1t, \u00edgy akt\u00edv, autentikus nyaral\u00e1st k\u00edn\u00e1lnak, t\u00e1vol a t\u00f6meges turisztikai \u00fatvonalakt\u00f3l.<\/p>\n<p class=\"p3\">K\u00e9rjen kedvezm\u00e9nyk\u00f3dot, amellyel kiz\u00e1r\u00f3lag vend\u00e9geink sz\u00e1m\u00e1ra el\u00e9rhet\u0151 kedvezm\u00e9nyes \u00e1ron vehet ig\u00e9nybe k\u00f6lcs\u00f6nz\u00e9si szolg\u00e1ltat\u00e1sokat \u00e9s kir\u00e1ndul\u00e1sokat.<\/p>\n\n\n<p><\/p>\n","protected":false},"excerpt":{"rendered":"<p>\u00a0 Ingyenes ker\u00e9kp\u00e1rk\u00f6lcs\u00f6nz\u00e9s az eg\u00e9sz csal\u00e1dnak A Hotel Toled\u00f3ban a ker\u00e9kp\u00e1rk\u00f6lcs\u00f6nz\u00e9s benne van a sz\u00e1ll\u00e1s \u00e1r\u00e1ban, tov\u00e1bbi d\u00edjat nem sz\u00e1m\u00edtunk fel. A vend\u00e9gek sz\u00e1m\u00e1ra feln\u0151tt v\u00e1rosi ker\u00e9kp\u00e1rokat, gyermekker\u00e9kp\u00e1rokat, a legkisebbek sz\u00e1m\u00e1ra pedig gyermek\u00fcl\u00e9seket \u00e9s buk\u00f3sisakot biztos\u00edtunk. Ezt a szolg\u00e1ltat\u00e1st \u00fagy alak\u00edtottuk ki, hogy k\u00f6nnyed\u00e9n, gondtalanul \u00e9s a parkol\u00e1ssal j\u00e1r\u00f3 idegess\u00e9g n\u00e9lk\u00fcl k\u00f6zlekedhessen a strand, Jesolo [&hellip;]<\/p>\n","protected":false},"author":2,"featured_media":0,"parent":0,"menu_order":0,"comment_status":"closed","ping_status":"closed","template":"","meta":{"_acf_changed":false,"footnotes":""},"class_list":["post-2254","page","type-page","status-publish","hentry"],"acf":[],"yoast_head":"<!-- This site is optimized with the Yoast SEO plugin v26.3 - https:\/\/yoast.com\/wordpress\/plugins\/seo\/ -->\n<title>BRING\u00c1RA FEL! - Hotel Toledo Jesolo<\/title>\n<meta name=\"description\" content=\"Hotel Toledo a Jesolo Lido: il tuo bike hotel ideale con noleggio gratuito di biciclette, servizi dedicati ai ciclisti e vacanze indimenticabili nel cuore della citt\u00e0.\" \/>\n<meta name=\"robots\" content=\"index, follow, max-snippet:-1, max-image-preview:large, max-video-preview:-1\" \/>\n<link rel=\"canonical\" href=\"https:\/\/hoteltoledo.it\/hu\/a-tutta-bici\/\" \/>\n<meta property=\"og:locale\" content=\"hu_HU\" \/>\n<meta property=\"og:type\" content=\"article\" \/>\n<meta property=\"og:title\" content=\"BRING\u00c1RA FEL! - Hotel Toledo Jesolo\" \/>\n<meta property=\"og:description\" content=\"Hotel Toledo a Jesolo Lido: il tuo bike hotel ideale con noleggio gratuito di biciclette, servizi dedicati ai ciclisti e vacanze indimenticabili nel cuore della citt\u00e0.\" \/>\n<meta property=\"og:url\" content=\"https:\/\/hoteltoledo.it\/hu\/a-tutta-bici\/\" \/>\n<meta property=\"og:site_name\" content=\"Hotel Toledo Jesolo\" \/>\n<meta property=\"article:modified_time\" content=\"2026-03-23T08:55:55+00:00\" \/>\n<meta name=\"twitter:card\" content=\"summary_large_image\" \/>\n<meta name=\"twitter:label1\" content=\"Becs\u00fclt olvas\u00e1si id\u0151\" \/>\n\t<meta name=\"twitter:data1\" content=\"2 perc\" \/>\n<script type=\"application\/ld+json\" class=\"yoast-schema-graph\">{\"@context\":\"https:\/\/schema.org\",\"@graph\":[{\"@type\":\"WebPage\",\"@id\":\"https:\/\/hoteltoledo.it\/hu\/a-tutta-bici\/\",\"url\":\"https:\/\/hoteltoledo.it\/hu\/a-tutta-bici\/\",\"name\":\"BRING\u00c1RA FEL! - Hotel Toledo Jesolo\",\"isPartOf\":{\"@id\":\"https:\/\/hoteltoledo.it\/hu\/#website\"},\"datePublished\":\"2026-03-11T10:50:41+00:00\",\"dateModified\":\"2026-03-23T08:55:55+00:00\",\"description\":\"Hotel Toledo a Jesolo Lido: il tuo bike hotel ideale con noleggio gratuito di biciclette, servizi dedicati ai ciclisti e vacanze indimenticabili nel cuore della citt\u00e0.\",\"breadcrumb\":{\"@id\":\"https:\/\/hoteltoledo.it\/hu\/a-tutta-bici\/#breadcrumb\"},\"inLanguage\":\"hu\",\"potentialAction\":[{\"@type\":\"ReadAction\",\"target\":[\"https:\/\/hoteltoledo.it\/hu\/a-tutta-bici\/\"]}]},{\"@type\":\"BreadcrumbList\",\"@id\":\"https:\/\/hoteltoledo.it\/hu\/a-tutta-bici\/#breadcrumb\",\"itemListElement\":[{\"@type\":\"ListItem\",\"position\":1,\"name\":\"Home\",\"item\":\"https:\/\/hoteltoledo.it\/hu\/\"},{\"@type\":\"ListItem\",\"position\":2,\"name\":\"BRING\u00c1RA FEL!\"}]},{\"@type\":\"WebSite\",\"@id\":\"https:\/\/hoteltoledo.it\/hu\/#website\",\"url\":\"https:\/\/hoteltoledo.it\/hu\/\",\"name\":\"Hotel Toledo Jesolo\",\"description\":\"\",\"publisher\":{\"@id\":\"https:\/\/hoteltoledo.it\/hu\/#organization\"},\"potentialAction\":[{\"@type\":\"SearchAction\",\"target\":{\"@type\":\"EntryPoint\",\"urlTemplate\":\"https:\/\/hoteltoledo.it\/hu\/?s={search_term_string}\"},\"query-input\":{\"@type\":\"PropertyValueSpecification\",\"valueRequired\":true,\"valueName\":\"search_term_string\"}}],\"inLanguage\":\"hu\"},{\"@type\":\"Organization\",\"@id\":\"https:\/\/hoteltoledo.it\/hu\/#organization\",\"name\":\"Hotel Toledo Jesolo\",\"url\":\"https:\/\/hoteltoledo.it\/hu\/\",\"logo\":{\"@type\":\"ImageObject\",\"inLanguage\":\"hu\",\"@id\":\"https:\/\/hoteltoledo.it\/hu\/#\/schema\/logo\/image\/\",\"url\":\"https:\/\/hoteltoledo.it\/wp-content\/uploads\/2024\/11\/Hotel_Toledo_Jesolo-e1732787787582.png\",\"contentUrl\":\"https:\/\/hoteltoledo.it\/wp-content\/uploads\/2024\/11\/Hotel_Toledo_Jesolo-e1732787787582.png\",\"width\":250,\"height\":77,\"caption\":\"Hotel Toledo Jesolo\"},\"image\":{\"@id\":\"https:\/\/hoteltoledo.it\/hu\/#\/schema\/logo\/image\/\"}}]}<\/script>\n<!-- \/ Yoast SEO plugin. -->","yoast_head_json":{"title":"BRING\u00c1RA FEL! - Hotel Toledo Jesolo","description":"Hotel Toledo a Jesolo Lido: il tuo bike hotel ideale con noleggio gratuito di biciclette, servizi dedicati ai ciclisti e vacanze indimenticabili nel cuore della citt\u00e0.","robots":{"index":"index","follow":"follow","max-snippet":"max-snippet:-1","max-image-preview":"max-image-preview:large","max-video-preview":"max-video-preview:-1"},"canonical":"https:\/\/hoteltoledo.it\/hu\/a-tutta-bici\/","og_locale":"hu_HU","og_type":"article","og_title":"BRING\u00c1RA FEL! - Hotel Toledo Jesolo","og_description":"Hotel Toledo a Jesolo Lido: il tuo bike hotel ideale con noleggio gratuito di biciclette, servizi dedicati ai ciclisti e vacanze indimenticabili nel cuore della citt\u00e0.","og_url":"https:\/\/hoteltoledo.it\/hu\/a-tutta-bici\/","og_site_name":"Hotel Toledo Jesolo","article_modified_time":"2026-03-23T08:55:55+00:00","twitter_card":"summary_large_image","twitter_misc":{"Becs\u00fclt olvas\u00e1si id\u0151":"2 perc"},"schema":{"@context":"https:\/\/schema.org","@graph":[{"@type":"WebPage","@id":"https:\/\/hoteltoledo.it\/hu\/a-tutta-bici\/","url":"https:\/\/hoteltoledo.it\/hu\/a-tutta-bici\/","name":"BRING\u00c1RA FEL! - Hotel Toledo Jesolo","isPartOf":{"@id":"https:\/\/hoteltoledo.it\/hu\/#website"},"datePublished":"2026-03-11T10:50:41+00:00","dateModified":"2026-03-23T08:55:55+00:00","description":"Hotel Toledo a Jesolo Lido: il tuo bike hotel ideale con noleggio gratuito di biciclette, servizi dedicati ai ciclisti e vacanze indimenticabili nel cuore della citt\u00e0.","breadcrumb":{"@id":"https:\/\/hoteltoledo.it\/hu\/a-tutta-bici\/#breadcrumb"},"inLanguage":"hu","potentialAction":[{"@type":"ReadAction","target":["https:\/\/hoteltoledo.it\/hu\/a-tutta-bici\/"]}]},{"@type":"BreadcrumbList","@id":"https:\/\/hoteltoledo.it\/hu\/a-tutta-bici\/#breadcrumb","itemListElement":[{"@type":"ListItem","position":1,"name":"Home","item":"https:\/\/hoteltoledo.it\/hu\/"},{"@type":"ListItem","position":2,"name":"BRING\u00c1RA FEL!"}]},{"@type":"WebSite","@id":"https:\/\/hoteltoledo.it\/hu\/#website","url":"https:\/\/hoteltoledo.it\/hu\/","name":"Hotel Toledo Jesolo","description":"","publisher":{"@id":"https:\/\/hoteltoledo.it\/hu\/#organization"},"potentialAction":[{"@type":"SearchAction","target":{"@type":"EntryPoint","urlTemplate":"https:\/\/hoteltoledo.it\/hu\/?s={search_term_string}"},"query-input":{"@type":"PropertyValueSpecification","valueRequired":true,"valueName":"search_term_string"}}],"inLanguage":"hu"},{"@type":"Organization","@id":"https:\/\/hoteltoledo.it\/hu\/#organization","name":"Hotel Toledo Jesolo","url":"https:\/\/hoteltoledo.it\/hu\/","logo":{"@type":"ImageObject","inLanguage":"hu","@id":"https:\/\/hoteltoledo.it\/hu\/#\/schema\/logo\/image\/","url":"https:\/\/hoteltoledo.it\/wp-content\/uploads\/2024\/11\/Hotel_Toledo_Jesolo-e1732787787582.png","contentUrl":"https:\/\/hoteltoledo.it\/wp-content\/uploads\/2024\/11\/Hotel_Toledo_Jesolo-e1732787787582.png","width":250,"height":77,"caption":"Hotel Toledo Jesolo"},"image":{"@id":"https:\/\/hoteltoledo.it\/hu\/#\/schema\/logo\/image\/"}}]}},"_links":{"self":[{"href":"https:\/\/hoteltoledo.it\/hu\/wp-json\/wp\/v2\/pages\/2254","targetHints":{"allow":["GET"]}}],"collection":[{"href":"https:\/\/hoteltoledo.it\/hu\/wp-json\/wp\/v2\/pages"}],"about":[{"href":"https:\/\/hoteltoledo.it\/hu\/wp-json\/wp\/v2\/types\/page"}],"author":[{"embeddable":true,"href":"https:\/\/hoteltoledo.it\/hu\/wp-json\/wp\/v2\/users\/2"}],"replies":[{"embeddable":true,"href":"https:\/\/hoteltoledo.it\/hu\/wp-json\/wp\/v2\/comments?post=2254"}],"version-history":[{"count":1,"href":"https:\/\/hoteltoledo.it\/hu\/wp-json\/wp\/v2\/pages\/2254\/revisions"}],"predecessor-version":[{"id":2260,"href":"https:\/\/hoteltoledo.it\/hu\/wp-json\/wp\/v2\/pages\/2254\/revisions\/2260"}],"wp:attachment":[{"href":"https:\/\/hoteltoledo.it\/hu\/wp-json\/wp\/v2\/media?parent=2254"}],"curies":[{"name":"wp","href":"https:\/\/api.w.org\/{rel}","templated":true}]}}